{"id":943,"date":"2024-09-15T13:14:32","date_gmt":"2024-09-15T13:14:32","guid":{"rendered":"https:\/\/ensude.com\/?page_id=943"},"modified":"2024-10-19T20:50:00","modified_gmt":"2024-10-19T20:50:00","slug":"hareket-sistemleri","status":"publish","type":"page","link":"https:\/\/ensude.com\/index.php\/hareket-sistemleri\/","title":{"rendered":"Hareket Sistemleri"},"content":{"rendered":"<div class='breakdance'><section class=\"bde-section-943-140 bde-section\">\n  \n\t\n\n\n\n<div class=\"section-container\"><div class=\"bde-image-943-145 bde-image\">\n<figure class=\"breakdance-image breakdance-image--2384\">\n\t<div class=\"breakdance-image-container\">\n\t\t<div class=\"breakdance-image-clip\"><img loading=\"lazy\" decoding=\"async\" class=\"breakdance-image-object\" src=\"https:\/\/ensude.com\/wp-content\/uploads\/2024\/10\/2cbanner.png\" width=\"1920\" height=\"600\" srcset=\"https:\/\/ensude.com\/wp-content\/uploads\/2024\/10\/2cbanner.png 1920w, https:\/\/ensude.com\/wp-content\/uploads\/2024\/10\/2cbanner-640x200.png 640w, https:\/\/ensude.com\/wp-content\/uploads\/2024\/10\/2cbanner-1280x400.png 1280w, https:\/\/ensude.com\/wp-content\/uploads\/2024\/10\/2cbanner-768x240.png 768w, https:\/\/ensude.com\/wp-content\/uploads\/2024\/10\/2cbanner-1536x480.png 1536w\" sizes=\"auto, (max-width: 1920px) 100vw, 1920px\"><\/div>\n\t<\/div><\/figure>\n\n<\/div><\/div>\n<\/section><section class=\"bde-section-943-100 bde-section\">\n  \n\t\n\n\n\n<div class=\"section-container\"><h1 class=\"bde-heading-943-128 bde-heading\">\nHAREKET S\u0130STEMLER\u0130\n<\/h1><div class=\"bde-accordion-943-101 bde-accordion bde-accordion--bordered\"><div class=\"bde-accordion__content-wrapper-943-102 bde-accordion__content-wrapper\">\n<h3 class=\"bde-accordion__title-tag\">\n  <button type=\"button\" class=\"bde-accordion__button\" id=\"accordion-button-102\" aria-controls=\"accordion-panel-102\" aria-expanded=\"false\">\n     <span class=\"bde-accordion__title\" >Tsubaki<\/span>\n     <span class=\"bde-accordion__icon bde-accordion__icon--default\"><\/span>\n     <span class=\"bde-accordion__icon bde-accordion__icon--active\"><\/span>\n  <\/button>\n<\/h3>\n\n<div role=\"region\" class=\"bde-accordion__panel\" id=\"accordion-panel-102\" aria-labelledby=\"accordion-button-102\" hidden>\n   <div class=\"bde-image-943-105 bde-image\">\n<figure class=\"breakdance-image breakdance-image--947\">\n\t<div class=\"breakdance-image-container\">\n\t\t<div class=\"breakdance-image-clip\"><img loading=\"lazy\" decoding=\"async\" class=\"breakdance-image-object\" src=\"https:\/\/ensude.com\/wp-content\/uploads\/2024\/08\/tsubaki-logo-e1723126242977.png\" width=\"500\" height=\"106\" sizes=\"auto, (max-width: 500px) 100vw, 500px\"><\/div>\n\t<\/div><\/figure>\n\n<\/div><div class=\"bde-rich-text-943-127 bde-rich-text breakdance-rich-text-styles\">\n<p><a href=\"https:\/\/ensude.com\/?page_id=1040\" data-wplink-edit=\"true\">Zincir Akt\u00fcat\u00f6r (Zip Chain)<\/a><br \/><a href=\"https:\/\/ensude.com\/?page_id=1720\">Lineer Akt\u00fcat\u00f6r<\/a><br \/><a href=\"https:\/\/ensude.com\/?page_id=1780\">LiniSpeed Jack<\/a><br \/><a href=\"https:\/\/ensude.com\/?page_id=1795\">Pin Gear Drive<\/a><\/p>\n<\/div>\n<\/div>\n\n\n\n<\/div><div class=\"bde-accordion__content-wrapper-943-112 bde-accordion__content-wrapper\">\n<h3 class=\"bde-accordion__title-tag\">\n  <button type=\"button\" class=\"bde-accordion__button\" id=\"accordion-button-112\" aria-controls=\"accordion-panel-112\" aria-expanded=\"false\">\n     <span class=\"bde-accordion__title\" >2C Motion<\/span>\n     <span class=\"bde-accordion__icon bde-accordion__icon--default\"><\/span>\n     <span class=\"bde-accordion__icon bde-accordion__icon--active\"><\/span>\n  <\/button>\n<\/h3>\n\n<div role=\"region\" class=\"bde-accordion__panel\" id=\"accordion-panel-112\" aria-labelledby=\"accordion-button-112\" hidden>\n   <div class=\"bde-image-943-113 bde-image\">\n<figure class=\"breakdance-image breakdance-image--1803\">\n\t<div class=\"breakdance-image-container\">\n\t\t<div class=\"breakdance-image-clip\"><img loading=\"lazy\" decoding=\"async\" class=\"breakdance-image-object\" src=\"https:\/\/ensude.com\/wp-content\/uploads\/2024\/09\/2cmotion.png\" width=\"300\" height=\"159\" sizes=\"auto, (max-width: 300px) 100vw, 300px\"><\/div>\n\t<\/div><\/figure>\n\n<\/div><div class=\"bde-rich-text-943-134 bde-rich-text breakdance-rich-text-styles\">\n<p class=\"elementor-heading-title elementor-size-default\"><a href=\"https:\/\/ensude.com\/?page_id=1805\">Screw Jack Vidal\u0131 Kriko ve Y\u00f6n De\u011fi\u015ftirici<\/a><\/p>\n<\/div>\n<\/div>\n\n\n\n<\/div><div class=\"bde-accordion__content-wrapper-943-131 bde-accordion__content-wrapper\">\n<h3 class=\"bde-accordion__title-tag\">\n  <button type=\"button\" class=\"bde-accordion__button\" id=\"accordion-button-131\" aria-controls=\"accordion-panel-131\" aria-expanded=\"false\">\n     <span class=\"bde-accordion__title\" >SKK Motion<\/span>\n     <span class=\"bde-accordion__icon bde-accordion__icon--default\"><\/span>\n     <span class=\"bde-accordion__icon bde-accordion__icon--active\"><\/span>\n  <\/button>\n<\/h3>\n\n<div role=\"region\" class=\"bde-accordion__panel\" id=\"accordion-panel-131\" aria-labelledby=\"accordion-button-131\" hidden>\n   <div class=\"bde-image-943-132 bde-image\">\n<figure class=\"breakdance-image breakdance-image--952\">\n\t<div class=\"breakdance-image-container\">\n\t\t<div class=\"breakdance-image-clip\"><img loading=\"lazy\" decoding=\"async\" class=\"breakdance-image-object\" src=\"https:\/\/ensude.com\/wp-content\/uploads\/2024\/08\/SKK-.png\" width=\"308\" height=\"166\" sizes=\"auto, (max-width: 308px) 100vw, 308px\"><\/div>\n\t<\/div><\/figure>\n\n<\/div><div class=\"bde-rich-text-943-135 bde-rich-text breakdance-rich-text-styles\">\n<p><a href=\"https:\/\/ensude.com\/?page_id=1815\">Planetary Roller Screws<\/a><\/p>\n<\/div>\n<\/div>\n\n\n\n<\/div><div class=\"bde-accordion__content-wrapper-943-115 bde-accordion__content-wrapper\">\n<h3 class=\"bde-accordion__title-tag\">\n  <button type=\"button\" class=\"bde-accordion__button\" id=\"accordion-button-115\" aria-controls=\"accordion-panel-115\" aria-expanded=\"false\">\n     <span class=\"bde-accordion__title\" >Evo-Tech<\/span>\n     <span class=\"bde-accordion__icon bde-accordion__icon--default\"><\/span>\n     <span class=\"bde-accordion__icon bde-accordion__icon--active\"><\/span>\n  <\/button>\n<\/h3>\n\n<div role=\"region\" class=\"bde-accordion__panel\" id=\"accordion-panel-115\" aria-labelledby=\"accordion-button-115\" hidden>\n   <div class=\"bde-image-943-116 bde-image\">\n<figure class=\"breakdance-image breakdance-image--953\">\n\t<div class=\"breakdance-image-container\">\n\t\t<div class=\"breakdance-image-clip\"><img loading=\"lazy\" decoding=\"async\" class=\"breakdance-image-object\" src=\"https:\/\/ensude.com\/wp-content\/uploads\/2024\/08\/evotech-300.png\" width=\"300\" height=\"136\"><\/div>\n\t<\/div><\/figure>\n\n<\/div><div class=\"bde-rich-text-943-136 bde-rich-text breakdance-rich-text-styles\">\n<p><a href=\"https:\/\/ensude.com\/?page_id=1825\" data-wplink-edit=\"true\">Machinery Zincir Lift<\/a><\/p>\n<\/div>\n<\/div>\n\n\n\n<\/div><div class=\"bde-accordion__content-wrapper-943-118 bde-accordion__content-wrapper\">\n<h3 class=\"bde-accordion__title-tag\">\n  <button type=\"button\" class=\"bde-accordion__button\" id=\"accordion-button-118\" aria-controls=\"accordion-panel-118\" aria-expanded=\"false\">\n     <span class=\"bde-accordion__title\" >Limoss<\/span>\n     <span class=\"bde-accordion__icon bde-accordion__icon--default\"><\/span>\n     <span class=\"bde-accordion__icon bde-accordion__icon--active\"><\/span>\n  <\/button>\n<\/h3>\n\n<div role=\"region\" class=\"bde-accordion__panel\" id=\"accordion-panel-118\" aria-labelledby=\"accordion-button-118\" hidden>\n   <div class=\"bde-image-943-119 bde-image\">\n<figure class=\"breakdance-image breakdance-image--954\">\n\t<div class=\"breakdance-image-container\">\n\t\t<div class=\"breakdance-image-clip\"><img loading=\"lazy\" decoding=\"async\" class=\"breakdance-image-object\" src=\"https:\/\/ensude.com\/wp-content\/uploads\/2024\/08\/limoss.png\" width=\"308\" height=\"166\" sizes=\"auto, (max-width: 308px) 100vw, 308px\"><\/div>\n\t<\/div><\/figure>\n\n<\/div><div class=\"bde-rich-text-943-137 bde-rich-text breakdance-rich-text-styles\">\n<p><a href=\"https:\/\/ensude.com\/?page_id=1834\">Tek Akt\u00fcat\u00f6r<\/a><br \/><a href=\"https:\/\/ensude.com\/?page_id=1870\">El Kontrolleri<\/a><br \/><a href=\"https:\/\/ensude.com\/?page_id=1943\">Piller<\/a><br \/><a href=\"https:\/\/ensude.com\/?page_id=1970\">Aksesuarlar<\/a><br \/><a href=\"https:\/\/ensude.com\/?page_id=1989\">\u00c7ift Akt\u00fcat\u00f6r<\/a><br \/><a href=\"https:\/\/ensude.com\/?page_id=1999\">Motor Kontrolleri<\/a><br \/><a href=\"https:\/\/ensude.com\/?page_id=2014\" data-wplink-edit=\"true\">G\u00fc\u00e7 Kaynaklar\u0131<\/a><\/p>\n<\/div>\n<\/div>\n\n\n\n<\/div><div class=\"bde-accordion__content-wrapper-943-121 bde-accordion__content-wrapper\">\n<h3 class=\"bde-accordion__title-tag\">\n  <button type=\"button\" class=\"bde-accordion__button\" id=\"accordion-button-121\" aria-controls=\"accordion-panel-121\" aria-expanded=\"false\">\n     <span class=\"bde-accordion__title\" >Conti<\/span>\n     <span class=\"bde-accordion__icon bde-accordion__icon--default\"><\/span>\n     <span class=\"bde-accordion__icon bde-accordion__icon--active\"><\/span>\n  <\/button>\n<\/h3>\n\n<div role=\"region\" class=\"bde-accordion__panel\" id=\"accordion-panel-121\" aria-labelledby=\"accordion-button-121\" hidden>\n   <div class=\"bde-image-943-122 bde-image\">\n<figure class=\"breakdance-image breakdance-image--955\">\n\t<div class=\"breakdance-image-container\">\n\t\t<div class=\"breakdance-image-clip\"><img loading=\"lazy\" decoding=\"async\" class=\"breakdance-image-object\" src=\"https:\/\/ensude.com\/wp-content\/uploads\/2024\/08\/conti.png\" width=\"277\" height=\"49\" sizes=\"auto, (max-width: 277px) 100vw, 277px\"><\/div>\n\t<\/div><\/figure>\n\n<\/div><div class=\"bde-rich-text-943-138 bde-rich-text breakdance-rich-text-styles\">\n<p><a href=\"https:\/\/ensude.com\/?page_id=2026\" data-wplink-edit=\"true\">Trapez Mil ve Somun<\/a><\/p>\n<\/div>\n<\/div>\n\n\n\n<\/div><div class=\"bde-accordion__content-wrapper-943-124 bde-accordion__content-wrapper\">\n<h3 class=\"bde-accordion__title-tag\">\n  <button type=\"button\" class=\"bde-accordion__button\" id=\"accordion-button-124\" aria-controls=\"accordion-panel-124\" aria-expanded=\"false\">\n     <span class=\"bde-accordion__title\" >Reach<\/span>\n     <span class=\"bde-accordion__icon bde-accordion__icon--default\"><\/span>\n     <span class=\"bde-accordion__icon bde-accordion__icon--active\"><\/span>\n  <\/button>\n<\/h3>\n\n<div role=\"region\" class=\"bde-accordion__panel\" id=\"accordion-panel-124\" aria-labelledby=\"accordion-button-124\" hidden>\n   <div class=\"bde-image-943-125 bde-image\">\n<figure class=\"breakdance-image breakdance-image--956\">\n\t<div class=\"breakdance-image-container\">\n\t\t<div class=\"breakdance-image-clip\"><img loading=\"lazy\" decoding=\"async\" class=\"breakdance-image-object\" src=\"https:\/\/ensude.com\/wp-content\/uploads\/2024\/08\/reach.png\" width=\"199\" height=\"120\" sizes=\"auto, (max-width: 199px) 100vw, 199px\"><\/div>\n\t<\/div><\/figure>\n\n<\/div><div class=\"bde-rich-text-943-139 bde-rich-text breakdance-rich-text-styles\">\n<p><a href=\"https:\/\/ensude.com\/?page_id=2032\">Kaplinler<\/a><\/p>\n<\/div>\n<\/div>\n\n\n\n<\/div>\r\n\r\n<\/div><\/div>\n<\/section><\/div>","protected":false},"excerpt":{"rendered":"<p>HAREKET S\u0130STEMLER\u0130 Tsubaki Zincir Akt\u00fcat\u00f6r (Zip Chain)Lineer Akt\u00fcat\u00f6rLiniSpeed JackPin Gear Drive 2C Motion Screw Jack Vidal\u0131 Kriko ve Y\u00f6n De\u011fi\u015ftirici SKK Motion Planetary Roller Screws Evo-Tech Machinery Zincir Lift Limoss Tek Akt\u00fcat\u00f6rEl KontrolleriPillerAksesuarlar\u00c7ift Akt\u00fcat\u00f6rMotor KontrolleriG\u00fc\u00e7 Kaynaklar\u0131 Conti Trapez Mil ve Somun Reach Kaplinler<\/p>\n","protected":false},"author":1,"featured_media":0,"parent":0,"menu_order":0,"comment_status":"closed","ping_status":"closed","template":"","meta":{"_acf_changed":false,"_breakdance_hide_in_design_set":false,"_breakdance_tags":"","footnotes":""},"class_list":["post-943","page","type-page","status-publish","hentry"],"acf":[],"_links":{"self":[{"href":"https:\/\/ensude.com\/index.php\/wp-json\/wp\/v2\/pages\/943","targetHints":{"allow":["GET"]}}],"collection":[{"href":"https:\/\/ensude.com\/index.php\/wp-json\/wp\/v2\/pages"}],"about":[{"href":"https:\/\/ensude.com\/index.php\/wp-json\/wp\/v2\/types\/page"}],"author":[{"embeddable":true,"href":"https:\/\/ensude.com\/index.php\/wp-json\/wp\/v2\/users\/1"}],"replies":[{"embeddable":true,"href":"https:\/\/ensude.com\/index.php\/wp-json\/wp\/v2\/comments?post=943"}],"version-history":[{"count":45,"href":"https:\/\/ensude.com\/index.php\/wp-json\/wp\/v2\/pages\/943\/revisions"}],"predecessor-version":[{"id":2404,"href":"https:\/\/ensude.com\/index.php\/wp-json\/wp\/v2\/pages\/943\/revisions\/2404"}],"wp:attachment":[{"href":"https:\/\/ensude.com\/index.php\/wp-json\/wp\/v2\/media?parent=943"}],"curies":[{"name":"wp","href":"https:\/\/api.w.org\/{rel}","templated":true}]}}