{"id":782,"date":"2024-09-15T12:26:41","date_gmt":"2024-09-15T12:26:41","guid":{"rendered":"https:\/\/ensude.com\/?page_id=782"},"modified":"2025-03-23T19:34:11","modified_gmt":"2025-03-23T19:34:11","slug":"dataloggerli-kompakt-debimetreler","status":"publish","type":"page","link":"https:\/\/ensude.com\/index.php\/dataloggerli-kompakt-debimetreler\/","title":{"rendered":"Dataloggerli Kompakt Debimetreler"},"content":{"rendered":"<div class='breakdance'><section class=\"bde-section-782-100 bde-section\">\n  \n\t\n\n\n\n<div class=\"section-container\"><h1 class=\"bde-heading-782-153 bde-heading\">\nS415 (Eco) - S418 (Pro) Yeni Kompakt Debimetreler\u00a0\n<\/h1><div class=\"bde-columns-782-161 bde-columns\"><div class=\"bde-column-782-163 bde-column\">\n  \n\t\n\n\n\n<div class=\"bde-image-782-155 bde-image\">\n<figure class=\"breakdance-image breakdance-image--786 breakdance-image--caption-below\">\n\t<div class=\"breakdance-image-container\">\n\t\t<div class=\"breakdance-image-clip\"><img loading=\"lazy\" decoding=\"async\" class=\"breakdance-image-object\" src=\"https:\/\/ensude.com\/wp-content\/uploads\/2024\/08\/S415Debimetre.png\" width=\"231\" height=\"222\" sizes=\"auto, (max-width: 231px) 100vw, 231px\"><\/div>\n\t<\/div><figcaption class=\"breakdance-image__caption\">Dataloggerl\u0131 Flow Meter<\/figcaption><\/figure>\n\n<\/div>\n<\/div><div class=\"bde-column-782-164 bde-column\">\n  \n\t\n\n\n\n<div class=\"bde-rich-text-782-154 bde-rich-text breakdance-rich-text-styles\">\n<p class=\"font_8 wixui-rich-text__text\"><span class=\"wixui-rich-text__text\">Yeni \u00fcr\u00fcn SUTO S415 ve S418 debi sens\u00f6rleri ile anl\u0131k debi ve toplam t\u00fcketim \u00f6l\u00e7\u00fcmlerini yapabilirsiniz.<\/span><\/p>\n<p class=\"font_8 wixui-rich-text__text\"><span class=\"wixui-rich-text__text\">Bu olduk\u00e7a ekonomik \u00fcr\u00fcnler sistemi verimlilik a\u00e7\u0131s\u0131ndan geli\u015ftirmenize ve bas\u0131n\u00e7l\u0131 hava kullan\u0131m\u0131n\u0131 azaltman\u0131z\u0131 sa\u011flayarak i\u015fletme maliyetlerini d\u00fc\u015f\u00fcrmenize yard\u0131mc\u0131 olacakt\u0131r.<\/span><span class=\"wixui-rich-text__text\">\u00a0<\/span><\/p>\n<ul>\n<li class=\"font_8 wixui-rich-text__text\"><span class=\"wixui-rich-text__text\">Bu kompakt sens\u00f6rler ile Bas\u0131n\u00e7l\u0131 hava, Azot (N2), Karbondioksit (CO2), Argon (Ar), Oksijen (O2), Hidrojen (H), Do\u011falgaz, Biyogaz, Propan, Butan, LPG gibi gazlar\u0131n \u00f6l\u00e7\u00fcmlerini yapabilirsiniz.<\/span><\/li>\n<li class=\"font_8 wixui-rich-text__text\"><span class=\"wixui-rich-text__text\">Anl\u0131k debi ve toplam t\u00fcketimi g\u00f6steren entegre dijital ekran,<\/span><\/li>\n<li class=\"font_8 wixui-rich-text__text\"><span class=\"wixui-rich-text__text\">4...20 mA Ananog + Pulse \u00e7\u0131k\u0131\u015f\u0131, RS 485, Modbus RTU Haberle\u015fme deste\u011fi,<\/span><\/li>\n<li class=\"font_8 wixui-rich-text__text\"><span class=\"wixui-rich-text__text\">DN8, DN15, DN20, DN25 ve DN32 den olu\u015fan be\u015f farkl\u0131 di\u015f ba\u011flant\u0131 boyutlar\u0131,<\/span><\/li>\n<li class=\"font_8 wixui-rich-text__text\"><span class=\"wixui-rich-text__text\">Her iki s\u00fcr\u00fcmde de kullan\u0131c\u0131n\u0131n kablosuz olarak debimetre \u00f6l\u00e7\u00fcm sonu\u00e7lar\u0131n\u0131 h\u0131zl\u0131 ve kolay bir \u015fekilde kontrol etmesine olanak sa\u011flayan 'Bluetooth Service Application' standart olarak mevcuttur.<\/span><\/li>\n<li class=\"font_8 wixui-rich-text__text\"><span class=\"wixui-rich-text__text\">SUTO debimetre uygulamas\u0131 ile \u00fcr\u00fcne uzaktan ba\u011flan\u0131n ve \u00fcr\u00fcn ayarlar\u0131n\u0131 oturdu\u011funuz yerden yap\u0131p t\u00fcketimleri tabletten veya telefondan izleyin. Bu tip yenilik\u00e7i \u00e7\u00f6z\u00fcmlerle rakiplerinden ayr\u0131lan SUTO \u00fcr\u00fcnleri kullan\u0131c\u0131lar\u0131na sahada b\u00fcy\u00fck kolayl\u0131klar sunmaktad\u0131r.\u00a0<\/span><\/li>\n<li class=\"font_8 wixui-rich-text__text\"><span class=\"wixui-rich-text__text\">S415, d\u00fc\u015f\u00fck maliyetli olan genel i\u015flemler i\u00e7in en uygunudur.<\/span><\/li>\n<li class=\"font_8 wixui-rich-text__text\"><span class=\"wixui-rich-text__text\">S418 ise dahili veri kay\u0131t cihaz\u0131 ile y\u00fcksek hassasiyet i\u00e7in idealdir.<\/span><\/li>\n<li class=\"font_8 wixui-rich-text__text\"><span class=\"wixui-rich-text__text\">S418 sens\u00f6r\u00fcne opsiyonel olarak bas\u0131n\u00e7 alg\u0131lama sens\u00f6r\u00fc eklenebilir.<\/span><\/li>\n<\/ul>\n<p class=\"font_8 wixui-rich-text__text\"><span class=\"wixui-rich-text__text\">Detayl\u0131 teknik veriler i\u00e7in a\u015fa\u011f\u0131daki ilgili d\u00f6k\u00fcmanlar\u0131 inceleyebilir veya bizlere ula\u015fabilirsiniz.<\/span><\/p>\n<\/div>\n<\/div><\/div><div class=\"bde-columns-782-112 bde-columns\"><div class=\"bde-column-782-113 bde-column\">\n  \n\t\n\n\n\n<div class=\"bde-icon-782-117 bde-icon\">\n\n    \n                    \n            \n            \n\n    \n    \n    \n    \n    \n    <a class=\"breakdance-link bde-icon-icon breakdance-icon-atom\" href=\"https:\/\/ensude.com\/wp-content\/uploads\/2024\/07\/SUTO_S415_FLOW-METER-CATALOG.pdf\" target=\"_blank\" data-type=\"url\"  >\n\n    \n                    <svg xmlns=\"http:\/\/www.w3.org\/2000\/svg\" viewBox=\"0 0 512 512\"><!--! Font Awesome Free 6.5.1 by @fontawesome - https:\/\/fontawesome.com License - https:\/\/fontawesome.com\/license\/free (Icons: CC BY 4.0, Fonts: SIL OFL 1.1, Code: MIT License) Copyright 2023 Fonticons, Inc. --><path d=\"M64 464l48 0 0 48-48 0c-35.3 0-64-28.7-64-64L0 64C0 28.7 28.7 0 64 0L229.5 0c17 0 33.3 6.7 45.3 18.7l90.5 90.5c12 12 18.7 28.3 18.7 45.3L384 304l-48 0 0-144-80 0c-17.7 0-32-14.3-32-32l0-80L64 48c-8.8 0-16 7.2-16 16l0 384c0 8.8 7.2 16 16 16zM176 352l32 0c30.9 0 56 25.1 56 56s-25.1 56-56 56l-16 0 0 32c0 8.8-7.2 16-16 16s-16-7.2-16-16l0-48 0-80c0-8.8 7.2-16 16-16zm32 80c13.3 0 24-10.7 24-24s-10.7-24-24-24l-16 0 0 48 16 0zm96-80l32 0c26.5 0 48 21.5 48 48l0 64c0 26.5-21.5 48-48 48l-32 0c-8.8 0-16-7.2-16-16l0-128c0-8.8 7.2-16 16-16zm32 128c8.8 0 16-7.2 16-16l0-64c0-8.8-7.2-16-16-16l-16 0 0 96 16 0zm80-112c0-8.8 7.2-16 16-16l48 0c8.8 0 16 7.2 16 16s-7.2 16-16 16l-32 0 0 32 32 0c8.8 0 16 7.2 16 16s-7.2 16-16 16l-32 0 0 48c0 8.8-7.2 16-16 16s-16-7.2-16-16l0-64 0-64z\"\/><\/svg>\n        \n        \n        \n                <\/a>\n\n    \n\n\n<\/div><a class=\"bde-text-link-782-143 bde-text-link breakdance-link\" href=\"https:\/\/ensude.com\/wp-content\/uploads\/2024\/07\/SUTO_S415_FLOW-METER-CATALOG.pdf\" target=\"_blank\" data-type=\"url\">\n  S415 Debimetre Bro\u015f\u00fcr\u00fc\n\n<\/a>\n<\/div><div class=\"bde-column-782-144 bde-column\">\n  \n\t\n\n\n\n<div class=\"bde-icon-782-145 bde-icon\">\n\n    \n                    \n            \n            \n\n    \n    \n    \n    \n    \n    <a class=\"breakdance-link bde-icon-icon breakdance-icon-atom\" href=\"https:\/\/ensude.com\/wp-content\/uploads\/2024\/07\/S415_Manuel.pdf\" target=\"_blank\" data-type=\"url\"  >\n\n    \n                    <svg xmlns=\"http:\/\/www.w3.org\/2000\/svg\" viewBox=\"0 0 512 512\"><!--! Font Awesome Free 6.5.1 by @fontawesome - https:\/\/fontawesome.com License - https:\/\/fontawesome.com\/license\/free (Icons: CC BY 4.0, Fonts: SIL OFL 1.1, Code: MIT License) Copyright 2023 Fonticons, Inc. --><path d=\"M64 464l48 0 0 48-48 0c-35.3 0-64-28.7-64-64L0 64C0 28.7 28.7 0 64 0L229.5 0c17 0 33.3 6.7 45.3 18.7l90.5 90.5c12 12 18.7 28.3 18.7 45.3L384 304l-48 0 0-144-80 0c-17.7 0-32-14.3-32-32l0-80L64 48c-8.8 0-16 7.2-16 16l0 384c0 8.8 7.2 16 16 16zM176 352l32 0c30.9 0 56 25.1 56 56s-25.1 56-56 56l-16 0 0 32c0 8.8-7.2 16-16 16s-16-7.2-16-16l0-48 0-80c0-8.8 7.2-16 16-16zm32 80c13.3 0 24-10.7 24-24s-10.7-24-24-24l-16 0 0 48 16 0zm96-80l32 0c26.5 0 48 21.5 48 48l0 64c0 26.5-21.5 48-48 48l-32 0c-8.8 0-16-7.2-16-16l0-128c0-8.8 7.2-16 16-16zm32 128c8.8 0 16-7.2 16-16l0-64c0-8.8-7.2-16-16-16l-16 0 0 96 16 0zm80-112c0-8.8 7.2-16 16-16l48 0c8.8 0 16 7.2 16 16s-7.2 16-16 16l-32 0 0 32 32 0c8.8 0 16 7.2 16 16s-7.2 16-16 16l-32 0 0 48c0 8.8-7.2 16-16 16s-16-7.2-16-16l0-64 0-64z\"\/><\/svg>\n        \n        \n        \n                <\/a>\n\n    \n\n\n<\/div><a class=\"bde-text-link-782-146 bde-text-link breakdance-link\" href=\"https:\/\/ensude.com\/wp-content\/uploads\/2024\/07\/S415_Manuel.pdf\" target=\"_blank\" data-type=\"url\">\n  S415 User Manual (Eng)\n\n<\/a>\n<\/div><div class=\"bde-column-782-147 bde-column\">\n  \n\t\n\n\n\n<div class=\"bde-icon-782-148 bde-icon\">\n\n    \n                    \n            \n            \n\n    \n    \n    \n    \n    \n    <a class=\"breakdance-link bde-icon-icon breakdance-icon-atom\" href=\"https:\/\/ensude.com\/wp-content\/uploads\/2024\/07\/SUTO_S418_FLOW-METER-CATALOG.pdf\" target=\"_blank\" data-type=\"url\"  >\n\n    \n                    <svg xmlns=\"http:\/\/www.w3.org\/2000\/svg\" viewBox=\"0 0 512 512\"><!--! Font Awesome Free 6.5.1 by @fontawesome - https:\/\/fontawesome.com License - https:\/\/fontawesome.com\/license\/free (Icons: CC BY 4.0, Fonts: SIL OFL 1.1, Code: MIT License) Copyright 2023 Fonticons, Inc. --><path d=\"M64 464l48 0 0 48-48 0c-35.3 0-64-28.7-64-64L0 64C0 28.7 28.7 0 64 0L229.5 0c17 0 33.3 6.7 45.3 18.7l90.5 90.5c12 12 18.7 28.3 18.7 45.3L384 304l-48 0 0-144-80 0c-17.7 0-32-14.3-32-32l0-80L64 48c-8.8 0-16 7.2-16 16l0 384c0 8.8 7.2 16 16 16zM176 352l32 0c30.9 0 56 25.1 56 56s-25.1 56-56 56l-16 0 0 32c0 8.8-7.2 16-16 16s-16-7.2-16-16l0-48 0-80c0-8.8 7.2-16 16-16zm32 80c13.3 0 24-10.7 24-24s-10.7-24-24-24l-16 0 0 48 16 0zm96-80l32 0c26.5 0 48 21.5 48 48l0 64c0 26.5-21.5 48-48 48l-32 0c-8.8 0-16-7.2-16-16l0-128c0-8.8 7.2-16 16-16zm32 128c8.8 0 16-7.2 16-16l0-64c0-8.8-7.2-16-16-16l-16 0 0 96 16 0zm80-112c0-8.8 7.2-16 16-16l48 0c8.8 0 16 7.2 16 16s-7.2 16-16 16l-32 0 0 32 32 0c8.8 0 16 7.2 16 16s-7.2 16-16 16l-32 0 0 48c0 8.8-7.2 16-16 16s-16-7.2-16-16l0-64 0-64z\"\/><\/svg>\n        \n        \n        \n                <\/a>\n\n    \n\n\n<\/div><a class=\"bde-text-link-782-149 bde-text-link breakdance-link\" href=\"https:\/\/ensude.com\/wp-content\/uploads\/2024\/07\/SUTO_S418_FLOW-METER-CATALOG.pdf\" target=\"_blank\" data-type=\"url\">\n  S418 Debimetre Br\u00f6\u015f\u00fcr\u00fc\n\n<\/a>\n<\/div><div class=\"bde-column-782-150 bde-column\">\n  \n\t\n\n\n\n<div class=\"bde-icon-782-151 bde-icon\">\n\n    \n                    \n            \n            \n\n    \n    \n    \n    \n    \n    <a class=\"breakdance-link bde-icon-icon breakdance-icon-atom\" href=\"https:\/\/ensude.com\/wp-content\/uploads\/2024\/07\/S418_im_MANUEL.pdf\" target=\"_blank\" data-type=\"url\"  >\n\n    \n                    <svg xmlns=\"http:\/\/www.w3.org\/2000\/svg\" viewBox=\"0 0 512 512\"><!--! Font Awesome Free 6.5.1 by @fontawesome - https:\/\/fontawesome.com License - https:\/\/fontawesome.com\/license\/free (Icons: CC BY 4.0, Fonts: SIL OFL 1.1, Code: MIT License) Copyright 2023 Fonticons, Inc. --><path d=\"M64 464l48 0 0 48-48 0c-35.3 0-64-28.7-64-64L0 64C0 28.7 28.7 0 64 0L229.5 0c17 0 33.3 6.7 45.3 18.7l90.5 90.5c12 12 18.7 28.3 18.7 45.3L384 304l-48 0 0-144-80 0c-17.7 0-32-14.3-32-32l0-80L64 48c-8.8 0-16 7.2-16 16l0 384c0 8.8 7.2 16 16 16zM176 352l32 0c30.9 0 56 25.1 56 56s-25.1 56-56 56l-16 0 0 32c0 8.8-7.2 16-16 16s-16-7.2-16-16l0-48 0-80c0-8.8 7.2-16 16-16zm32 80c13.3 0 24-10.7 24-24s-10.7-24-24-24l-16 0 0 48 16 0zm96-80l32 0c26.5 0 48 21.5 48 48l0 64c0 26.5-21.5 48-48 48l-32 0c-8.8 0-16-7.2-16-16l0-128c0-8.8 7.2-16 16-16zm32 128c8.8 0 16-7.2 16-16l0-64c0-8.8-7.2-16-16-16l-16 0 0 96 16 0zm80-112c0-8.8 7.2-16 16-16l48 0c8.8 0 16 7.2 16 16s-7.2 16-16 16l-32 0 0 32 32 0c8.8 0 16 7.2 16 16s-7.2 16-16 16l-32 0 0 48c0 8.8-7.2 16-16 16s-16-7.2-16-16l0-64 0-64z\"\/><\/svg>\n        \n        \n        \n                <\/a>\n\n    \n\n\n<\/div><a class=\"bde-text-link-782-152 bde-text-link breakdance-link\" href=\"https:\/\/ensude.com\/wp-content\/uploads\/2024\/07\/S418_im_MANUEL.pdf\" target=\"_blank\" data-type=\"url\">\n  S418 User Manual (Eng)\n\n<\/a>\n<\/div><\/div><div class=\"bde-columns-782-167 bde-columns\"><div class=\"bde-column-782-168 bde-column\">\n  \n\t\n\n\n\n<div class=\"bde-image-782-170 bde-image\">\n<figure class=\"breakdance-image breakdance-image--787\">\n\t<div class=\"breakdance-image-container\">\n\t\t<div class=\"breakdance-image-clip\"><img loading=\"lazy\" decoding=\"async\" class=\"breakdance-image-object\" src=\"https:\/\/ensude.com\/wp-content\/uploads\/2024\/08\/S4C-FS-News.png\" width=\"570\" height=\"375\" sizes=\"auto, (max-width: 570px) 100vw, 570px\"><\/div>\n\t<\/div><\/figure>\n\n<\/div>\n<\/div><div class=\"bde-column-782-169 bde-column\">\n  \n\t\n\n\n\n<div class=\"bde-image-782-171 bde-image\">\n<figure class=\"breakdance-image breakdance-image--788\">\n\t<div class=\"breakdance-image-container\">\n\t\t<div class=\"breakdance-image-clip\"><img loading=\"lazy\" decoding=\"async\" class=\"breakdance-image-object\" src=\"https:\/\/ensude.com\/wp-content\/uploads\/2024\/08\/S4C-FS.webp\" width=\"353\" height=\"440\" sizes=\"auto, (max-width: 353px) 100vw, 353px\"><\/div>\n\t<\/div><\/figure>\n\n<\/div>\n<\/div><\/div><div class=\"bde-video-782-172 bde-video\">\n<div class=\"ee-video-container\">\n                                                                        \n                <lite-youtube\n                        videoid=\"1_zW1o6dPnE\"\n                                                style=\"background-image: url(https:\/\/i.ytimg.com\/vi\/1_zW1o6dPnE\/maxresdefault.jpg); \"\n                        class=\"ee-video\"\n                        title=\"\"\n                        params=\"&playsinline=0&rel=0&enablejsapi=1\"\n                >\n                <\/lite-youtube>\n                    \n        \n            \n    <\/div>\n\n<\/div><h1 class=\"bde-heading-782-173 bde-heading\">\nS418-V Vakum Debimetre + Bas\u0131n\u00e7 Sens\u00f6r\u00fc (Vacuum Flow Meter)\n<\/h1><div class=\"bde-columns-782-189 bde-columns\"><div class=\"bde-column-782-190 bde-column\">\n  \n\t\n\n\n\n\n<\/div><div class=\"bde-column-782-191 bde-column\">\n  \n\t\n\n\n\n<div class=\"bde-image-782-193 bde-image\">\n<figure class=\"breakdance-image breakdance-image--794\">\n\t<div class=\"breakdance-image-container\">\n\t\t<div class=\"breakdance-image-clip\"><img loading=\"lazy\" decoding=\"async\" class=\"breakdance-image-object\" src=\"https:\/\/ensude.com\/wp-content\/uploads\/2024\/08\/Vakum-debimetresi.png\" width=\"218\" height=\"180\" sizes=\"auto, (max-width: 218px) 100vw, 218px\"><\/div>\n\t<\/div><\/figure>\n\n<\/div>\n<\/div><div class=\"bde-column-782-192 bde-column\">\n  \n\t\n\n\n\n\n<\/div><\/div><div class=\"bde-rich-text-782-188 bde-rich-text breakdance-rich-text-styles\">\n<p>\u00d6zellikler:<br \/><br \/>S418V vakum inf\u00fczyon uygulamalar\u0131nda vakum ka\u00e7aklar\u0131n\u0131 tespit etmek i\u00e7in tasarlanm\u0131\u015f bir debimetredir.<br \/><br \/>Yeni S418V vakum debimetresi a\u015fa\u011f\u0131daki de\u011ferleri \u00f6l\u00e7ebilir;<\/p>\n<div id=\"comp-k13wjccy\" class=\"HcOXKn SxM0TO QxJLC3 comp-k13wjccy wixui-rich-text\" data-testid=\"richTextElement\">\n<ul>\n<li><span class=\"wixui-rich-text__text\">Mutlak hacimsel ak\u0131\u015f\u0131 ve toplam t\u00fcketimini,<\/span><\/li>\n<li><span class=\"wixui-rich-text__text\">Ak\u0131\u015fkan\u0131n s\u0131cakl\u0131\u011f\u0131,<\/span><\/li>\n<li><span class=\"wixui-rich-text__text\">Mutlak bas\u0131nc\u0131,<\/span><\/li>\n<li><span class=\"wixui-rich-text__text\">G tipi d\u00f6rt farkl\u0131 di\u015f ba\u011flant\u0131 se\u00e7ene\u011fi; DN8, DN15, DN20 ve DN25 <\/span><\/li>\n<li><span class=\"wixui-rich-text__text\">H\u0131zl\u0131 tepki s\u00fcresi: 0,1 sn<\/span><\/li>\n<li><span class=\"wixui-rich-text__text\">Ger\u00e7ek hacimsel ak\u0131\u015f\u0131 ve mutlak bas\u0131n\u00e7 de\u011ferini g\u00f6steren entegre ekran,<\/span><\/li>\n<li><span class=\"wixui-rich-text__text\">Analog 4\u2026 20 mA ve Pulse \u00e7\u0131k\u0131\u015f\u0131, Modbus RTU veya M-Bus haberle\u015fme se\u00e7ene\u011fi,<\/span><\/li>\n<li><span class=\"wixui-rich-text__text\">Uzaktan kablosuz sens\u00f6r ayarlar\u0131 i\u00e7in telefon veya tablet uygulamas\u0131 sens\u00f6re dahildir.<\/span><\/li>\n<li><span class=\"wixui-rich-text__text\">Saniyede 1 veri kayd\u0131 ile 8 milyon \u00f6l\u00e7\u00fcm \u00f6rne\u011fini kaydedebilen dahili veri kaydediciye sahiptir.<\/span>\u200b<\/li>\n<\/ul>\n<p class=\"font_8 wixui-rich-text__text\"><span class=\"wixui-rich-text__text\">Detayl\u0131 teknik veriler i\u00e7in a\u015fa\u011f\u0131daki \u00fcr\u00fcn d\u00f6k\u00fcman\u0131n\u0131 inceleyebilir veya bizlere ula\u015fabilirsiniz.<\/span><\/p>\n<\/div>\n<\/div><div class=\"bde-columns-782-174 bde-columns\"><div class=\"bde-column-782-175 bde-column\">\n  \n\t\n\n\n\n<div class=\"bde-icon-782-176 bde-icon\">\n\n    \n                    \n            \n            \n\n    \n    \n    \n    \n    \n    <a class=\"breakdance-link bde-icon-icon breakdance-icon-atom\" href=\"https:\/\/ensude.com\/wp-content\/uploads\/2024\/07\/SUTO_S418-V_VACUUM-FLOW-METER-CATALOG.pdf\" target=\"_blank\" data-type=\"url\"  >\n\n    \n                    <svg xmlns=\"http:\/\/www.w3.org\/2000\/svg\" viewBox=\"0 0 512 512\"><!--! Font Awesome Free 6.5.1 by @fontawesome - https:\/\/fontawesome.com License - https:\/\/fontawesome.com\/license\/free (Icons: CC BY 4.0, Fonts: SIL OFL 1.1, Code: MIT License) Copyright 2023 Fonticons, Inc. --><path d=\"M64 464l48 0 0 48-48 0c-35.3 0-64-28.7-64-64L0 64C0 28.7 28.7 0 64 0L229.5 0c17 0 33.3 6.7 45.3 18.7l90.5 90.5c12 12 18.7 28.3 18.7 45.3L384 304l-48 0 0-144-80 0c-17.7 0-32-14.3-32-32l0-80L64 48c-8.8 0-16 7.2-16 16l0 384c0 8.8 7.2 16 16 16zM176 352l32 0c30.9 0 56 25.1 56 56s-25.1 56-56 56l-16 0 0 32c0 8.8-7.2 16-16 16s-16-7.2-16-16l0-48 0-80c0-8.8 7.2-16 16-16zm32 80c13.3 0 24-10.7 24-24s-10.7-24-24-24l-16 0 0 48 16 0zm96-80l32 0c26.5 0 48 21.5 48 48l0 64c0 26.5-21.5 48-48 48l-32 0c-8.8 0-16-7.2-16-16l0-128c0-8.8 7.2-16 16-16zm32 128c8.8 0 16-7.2 16-16l0-64c0-8.8-7.2-16-16-16l-16 0 0 96 16 0zm80-112c0-8.8 7.2-16 16-16l48 0c8.8 0 16 7.2 16 16s-7.2 16-16 16l-32 0 0 32 32 0c8.8 0 16 7.2 16 16s-7.2 16-16 16l-32 0 0 48c0 8.8-7.2 16-16 16s-16-7.2-16-16l0-64 0-64z\"\/><\/svg>\n        \n        \n        \n                <\/a>\n\n    \n\n\n<\/div><a class=\"bde-text-link-782-177 bde-text-link breakdance-link\" href=\"https:\/\/ensude.com\/wp-content\/uploads\/2024\/07\/SUTO_S418-V_VACUUM-FLOW-METER-CATALOG.pdf\" target=\"_blank\" data-type=\"url\">\n  S415 Debimetre Bro\u015f\u00fcr\u00fc\n\n<\/a>\n<\/div><div class=\"bde-column-782-178 bde-column\">\n  \n\t\n\n\n\n<div class=\"bde-icon-782-179 bde-icon\">\n\n    \n                    \n            \n            \n\n    \n    \n    \n    \n    \n    <a class=\"breakdance-link bde-icon-icon breakdance-icon-atom\" href=\"https:\/\/ensude.com\/wp-content\/uploads\/2024\/07\/S418-V_MANUAL.pdf\" target=\"_blank\" data-type=\"url\"  >\n\n    \n                    <svg xmlns=\"http:\/\/www.w3.org\/2000\/svg\" viewBox=\"0 0 512 512\"><!--! Font Awesome Free 6.5.1 by @fontawesome - https:\/\/fontawesome.com License - https:\/\/fontawesome.com\/license\/free (Icons: CC BY 4.0, Fonts: SIL OFL 1.1, Code: MIT License) Copyright 2023 Fonticons, Inc. --><path d=\"M64 464l48 0 0 48-48 0c-35.3 0-64-28.7-64-64L0 64C0 28.7 28.7 0 64 0L229.5 0c17 0 33.3 6.7 45.3 18.7l90.5 90.5c12 12 18.7 28.3 18.7 45.3L384 304l-48 0 0-144-80 0c-17.7 0-32-14.3-32-32l0-80L64 48c-8.8 0-16 7.2-16 16l0 384c0 8.8 7.2 16 16 16zM176 352l32 0c30.9 0 56 25.1 56 56s-25.1 56-56 56l-16 0 0 32c0 8.8-7.2 16-16 16s-16-7.2-16-16l0-48 0-80c0-8.8 7.2-16 16-16zm32 80c13.3 0 24-10.7 24-24s-10.7-24-24-24l-16 0 0 48 16 0zm96-80l32 0c26.5 0 48 21.5 48 48l0 64c0 26.5-21.5 48-48 48l-32 0c-8.8 0-16-7.2-16-16l0-128c0-8.8 7.2-16 16-16zm32 128c8.8 0 16-7.2 16-16l0-64c0-8.8-7.2-16-16-16l-16 0 0 96 16 0zm80-112c0-8.8 7.2-16 16-16l48 0c8.8 0 16 7.2 16 16s-7.2 16-16 16l-32 0 0 32 32 0c8.8 0 16 7.2 16 16s-7.2 16-16 16l-32 0 0 48c0 8.8-7.2 16-16 16s-16-7.2-16-16l0-64 0-64z\"\/><\/svg>\n        \n        \n        \n                <\/a>\n\n    \n\n\n<\/div><a class=\"bde-text-link-782-180 bde-text-link breakdance-link\" href=\"https:\/\/ensude.com\/wp-content\/uploads\/2024\/07\/S418-V_MANUAL.pdf\" target=\"_blank\" data-type=\"url\">\n  S415 User Manual (Eng)\n\n<\/a>\n<\/div><\/div><\/div>\n<\/section><\/div>","protected":false},"excerpt":{"rendered":"<p>S415 (Eco) &#8211; S418 (Pro) Yeni Kompakt Debimetreler\u00a0 Dataloggerl\u0131 Flow Meter Yeni \u00fcr\u00fcn SUTO S415 ve S418 debi sens\u00f6rleri ile anl\u0131k debi ve toplam t\u00fcketim \u00f6l\u00e7\u00fcmlerini yapabilirsiniz. Bu olduk\u00e7a ekonomik \u00fcr\u00fcnler sistemi verimlilik a\u00e7\u0131s\u0131ndan geli\u015ftirmenize ve bas\u0131n\u00e7l\u0131 hava kullan\u0131m\u0131n\u0131 azaltman\u0131z\u0131 sa\u011flayarak i\u015fletme maliyetlerini d\u00fc\u015f\u00fcrmenize yard\u0131mc\u0131 olacakt\u0131r.\u00a0 Bu kompakt sens\u00f6rler ile Bas\u0131n\u00e7l\u0131 hava, Azot (N2), Karbondioksit [&hellip;]<\/p>\n","protected":false},"author":1,"featured_media":0,"parent":0,"menu_order":0,"comment_status":"closed","ping_status":"closed","template":"","meta":{"_acf_changed":false,"_breakdance_hide_in_design_set":false,"_breakdance_tags":"","footnotes":""},"class_list":["post-782","page","type-page","status-publish","hentry"],"acf":[],"_links":{"self":[{"href":"https:\/\/ensude.com\/index.php\/wp-json\/wp\/v2\/pages\/782","targetHints":{"allow":["GET"]}}],"collection":[{"href":"https:\/\/ensude.com\/index.php\/wp-json\/wp\/v2\/pages"}],"about":[{"href":"https:\/\/ensude.com\/index.php\/wp-json\/wp\/v2\/types\/page"}],"author":[{"embeddable":true,"href":"https:\/\/ensude.com\/index.php\/wp-json\/wp\/v2\/users\/1"}],"replies":[{"embeddable":true,"href":"https:\/\/ensude.com\/index.php\/wp-json\/wp\/v2\/comments?post=782"}],"version-history":[{"count":8,"href":"https:\/\/ensude.com\/index.php\/wp-json\/wp\/v2\/pages\/782\/revisions"}],"predecessor-version":[{"id":3188,"href":"https:\/\/ensude.com\/index.php\/wp-json\/wp\/v2\/pages\/782\/revisions\/3188"}],"wp:attachment":[{"href":"https:\/\/ensude.com\/index.php\/wp-json\/wp\/v2\/media?parent=782"}],"curies":[{"name":"wp","href":"https:\/\/api.w.org\/{rel}","templated":true}]}}