{"id":620,"date":"2024-07-31T21:42:04","date_gmt":"2024-07-31T21:42:04","guid":{"rendered":"https:\/\/ensude.com\/?page_id=620"},"modified":"2025-10-27T10:11:15","modified_gmt":"2025-10-27T10:11:15","slug":"ana-sayfa","status":"publish","type":"page","link":"https:\/\/ensude.com\/","title":{"rendered":"Ana Sayfa"},"content":{"rendered":"<div class='breakdance'><section class=\"bde-section-620-146 bde-section\" data-entrance=\"zoomIn\">\n              \n  \n\t\n\n  <div class=\"section-background-overlay\"><\/div>\n\n\n<div class=\"section-container\"><div class=\"bde-columns-620-181 bde-columns\"><div class=\"bde-column-620-182 bde-column\">\n  \n\t\n\n\n\n<div class=\"bde-rich-text-620-148 bde-rich-text breakdance-rich-text-styles\">\n<h4><span style=\"color: #000000;\"><strong>EnSuDe, s<\/strong><\/span><span style=\"color: #000000;\">ekt\u00f6rde 25 y\u0131ll\u0131k deneyime ve b\u00fcy\u00fck bir tedarik zincirine sahip olan, Yal\u0131n \u00dcretim Sistemleri, FMEA ve Optimize Edilmi\u015f Proses Ak\u0131\u015f\u0131'n\u0131 dikkate alarak fikst\u00fcr tasar\u0131m\u0131ndan otomatikle\u015ftirilmi\u015f \u00f6zel makinelere kadar tedarik sa\u011flayabilir.<\/span><\/h4>\n<\/div>\n<\/div><\/div><\/div>\n<\/section><section class=\"bde-section-620-116 bde-section\">\n  \n\t\n\n\n\n<div class=\"section-container\"><h1 class=\"bde-heading-620-127 bde-heading\">\nH\u0130ZMETLER\u0130M\u0130Z\n<\/h1><div class=\"bde-columns-620-165 bde-columns\"><div class=\"bde-column-620-166 bde-column\">\n  \n\t\n\n\n\n<div class=\"bde-image-box-620-129 bde-image-box\">\n<div class=\"ee-imagebox-image\">\n  <img loading=\"lazy\" decoding=\"async\" class=\"breakdance-image-object\" src=\"https:\/\/ensude.com\/wp-content\/uploads\/2024\/07\/eng.png\" width=\"1160\" height=\"772\" srcset=\"https:\/\/ensude.com\/wp-content\/uploads\/2024\/07\/eng.png 1160w, https:\/\/ensude.com\/wp-content\/uploads\/2024\/07\/eng-640x426.png 640w, https:\/\/ensude.com\/wp-content\/uploads\/2024\/07\/eng-768x511.png 768w, https:\/\/ensude.com\/wp-content\/uploads\/2024\/07\/eng-600x399.png 600w\" sizes=\"auto, (max-width: 1160px) 100vw, 1160px\">\n<\/div>\n<div class=\"ee-imagebox-content\">\n      <p class=\"ee-imagebox-title bde-h3\" >PROJELEND\u0130RME<\/p>\n    \n      <div class=\"ee-imagebox-text\" >\u0130\u015fletmenizin ihtiya\u00e7lar\u0131na \u00f6zel \u00e7\u00f6z\u00fcmler<\/div>\n    \n          \n                                    \n    \n    \n    \n    \n            \n                    \n            \n            \n\n    \n    \n    \n    \n    \n    <a class=\"breakdance-link button-atom button-atom--primary ee-imagebox-button\" href=\"https:\/\/ensude.com\/?page_id=1497\" target=\"_self\" data-type=\"url\"  >\n\n    \n        <span class=\"button-atom__text\">B\u0130LG\u0130 AL<\/span>\n\n        \n        \n                <\/a>\n\n    \n\n  <\/div>\n\n<\/div>\n<\/div><div class=\"bde-column-620-167 bde-column\">\n  \n\t\n\n\n\n<div class=\"bde-image-box-620-134 bde-image-box\">\n<div class=\"ee-imagebox-image\">\n  <img loading=\"lazy\" decoding=\"async\" class=\"breakdance-image-object\" src=\"https:\/\/ensude.com\/wp-content\/uploads\/2024\/07\/tas_.png\" width=\"1160\" height=\"772\" srcset=\"https:\/\/ensude.com\/wp-content\/uploads\/2024\/07\/tas_.png 1160w, https:\/\/ensude.com\/wp-content\/uploads\/2024\/07\/tas_-640x426.png 640w, https:\/\/ensude.com\/wp-content\/uploads\/2024\/07\/tas_-768x511.png 768w, https:\/\/ensude.com\/wp-content\/uploads\/2024\/07\/tas_-600x399.png 600w\" sizes=\"auto, (max-width: 1160px) 100vw, 1160px\">\n<\/div>\n<div class=\"ee-imagebox-content\">\n      <p class=\"ee-imagebox-title bde-h3\" >TASARIM<\/p>\n    \n      <div class=\"ee-imagebox-text\" >Gerekli olan\u0131 sizin i\u00e7in ara\u015ft\u0131ral\u0131m<\/div>\n    \n          \n                                    \n    \n    \n    \n    \n            \n                    \n            \n            \n\n    \n    \n    \n    \n    \n    <a class=\"breakdance-link button-atom button-atom--primary ee-imagebox-button\" href=\"https:\/\/ensude.com\/?page_id=2116\" target=\"_self\" data-type=\"url\"  >\n\n    \n        <span class=\"button-atom__text\">B\u0130LG\u0130 AL<\/span>\n\n        \n        \n                <\/a>\n\n    \n\n  <\/div>\n\n<\/div>\n<\/div><div class=\"bde-column-620-168 bde-column\">\n  \n\t\n\n\n\n<div class=\"bde-image-box-620-135 bde-image-box\">\n<div class=\"ee-imagebox-image\">\n  <img loading=\"lazy\" decoding=\"async\" class=\"breakdance-image-object\" src=\"https:\/\/ensude.com\/wp-content\/uploads\/2024\/07\/3d.png\" width=\"1160\" height=\"772\" srcset=\"https:\/\/ensude.com\/wp-content\/uploads\/2024\/07\/3d.png 1160w, https:\/\/ensude.com\/wp-content\/uploads\/2024\/07\/3d-640x426.png 640w, https:\/\/ensude.com\/wp-content\/uploads\/2024\/07\/3d-768x511.png 768w, https:\/\/ensude.com\/wp-content\/uploads\/2024\/07\/3d-600x399.png 600w\" sizes=\"auto, (max-width: 1160px) 100vw, 1160px\">\n<\/div>\n<div class=\"ee-imagebox-content\">\n      <p class=\"ee-imagebox-title bde-h3\" >3d BASKI<\/p>\n    \n      <div class=\"ee-imagebox-text\" >\u00dcretim \u00f6ncesi prototip ve <br>nihai \u00fcr\u00fcnler<\/div>\n    \n          \n                                    \n    \n    \n    \n    \n            \n                    \n            \n            \n\n    \n    \n    \n    \n    \n    <a class=\"breakdance-link button-atom button-atom--primary ee-imagebox-button\" href=\"https:\/\/ensude.com\/?page_id=2124\" target=\"_self\" data-type=\"url\"  >\n\n    \n        <span class=\"button-atom__text\">B\u0130LG\u0130 AL<\/span>\n\n        \n        \n                <\/a>\n\n    \n\n  <\/div>\n\n<\/div>\n<\/div><div class=\"bde-column-620-169 bde-column\">\n  \n\t\n\n\n\n<div class=\"bde-image-box-620-151 bde-image-box\">\n<div class=\"ee-imagebox-image\">\n  <img loading=\"lazy\" decoding=\"async\" class=\"breakdance-image-object\" src=\"https:\/\/ensude.com\/wp-content\/uploads\/2024\/09\/egitim.png\" width=\"1160\" height=\"772\" srcset=\"https:\/\/ensude.com\/wp-content\/uploads\/2024\/09\/egitim.png 1160w, https:\/\/ensude.com\/wp-content\/uploads\/2024\/09\/egitim-640x426.png 640w, https:\/\/ensude.com\/wp-content\/uploads\/2024\/09\/egitim-768x511.png 768w, https:\/\/ensude.com\/wp-content\/uploads\/2024\/09\/egitim-600x399.png 600w\" sizes=\"auto, (max-width: 1160px) 100vw, 1160px\">\n<\/div>\n<div class=\"ee-imagebox-content\">\n      <p class=\"ee-imagebox-title bde-h3\" >E\u011fitim<\/p>\n    \n      <div class=\"ee-imagebox-text\" >Makina \u0130malat, Tasar\u0131m, Hidrolik\/Pn\u00f6matik Alan\u0131nda \u0130htiya\u00e7 duyabilece\u011finiz e\u011fitimler<\/div>\n    \n          \n                                    \n    \n    \n    \n    \n            \n                    \n            \n            \n\n    \n    \n    \n    \n    \n    <a class=\"breakdance-link button-atom button-atom--primary ee-imagebox-button\" href=\"https:\/\/ensude.com\/?page_id=2130\" target=\"_self\" data-type=\"url\"  >\n\n    \n        <span class=\"button-atom__text\">B\u0130LG\u0130 AL<\/span>\n\n        \n        \n                <\/a>\n\n    \n\n  <\/div>\n\n<\/div>\n<\/div><\/div><h1 class=\"bde-heading-620-150 bde-heading\">\n\u00dcR\u00dcNLER\n<\/h1><div class=\"bde-columns-620-170 bde-columns\"><div class=\"bde-column-620-171 bde-column\">\n  \n\t\n\n\n\n<div class=\"bde-image-box-620-164 bde-image-box\">\n<div class=\"ee-imagebox-image\">\n  <img loading=\"lazy\" decoding=\"async\" class=\"breakdance-image-object\" src=\"https:\/\/ensude.com\/wp-content\/uploads\/2024\/07\/neska.png\" width=\"822\" height=\"611\" srcset=\"https:\/\/ensude.com\/wp-content\/uploads\/2024\/07\/neska.png 822w, https:\/\/ensude.com\/wp-content\/uploads\/2024\/07\/neska-640x476.png 640w, https:\/\/ensude.com\/wp-content\/uploads\/2024\/07\/neska-768x571.png 768w, https:\/\/ensude.com\/wp-content\/uploads\/2024\/07\/neska-600x446.png 600w\" sizes=\"auto, (max-width: 822px) 100vw, 822px\">\n<\/div>\n<div class=\"ee-imagebox-content\">\n      <p class=\"ee-imagebox-title bde-h3\" >Bas\u0131n\u00e7l\u0131 Hava \u00d6l\u00e7\u00fcm ve Analiz Sistemleri<\/p>\n    \n      <div class=\"ee-imagebox-text\" >Bas\u0131n\u00e7l\u0131 hava ve gaz \u00f6l\u00e7\u00fcm alan\u0131nda Almanya merkezli\u00a0SUTO markas\u0131n\u0131n, \u0130ngiltere merkezli\u00a0SolvAir, \u0130talya merkezli Tierre ve Kanada merkezli NEX FLOW tedarik, teknik destek, projeleri yerinde inceleme, uygun \u00fcr\u00fcn se\u00e7imi ve teknik analizleri i\u00e7in her zaman bizlere ula\u015fabilirsiniz.<\/div>\n    \n          \n                                    \n    \n    \n    \n    \n            \n                    \n            \n            \n\n    \n    \n    \n    \n    \n    <a class=\"breakdance-link button-atom button-atom--primary ee-imagebox-button\" href=\"https:\/\/ensude.com\/?page_id=723\" target=\"_self\" data-type=\"url\"  >\n\n    \n        <span class=\"button-atom__text\">\u00dcR\u00dcNLER<\/span>\n\n        \n        \n                <\/a>\n\n    \n\n  <\/div>\n\n<\/div>\n<\/div><div class=\"bde-column-620-172 bde-column\">\n  \n\t\n\n\n\n<div class=\"bde-image-box-620-124 bde-image-box\">\n<div class=\"ee-imagebox-image\">\n  <img loading=\"lazy\" decoding=\"async\" class=\"breakdance-image-object\" src=\"https:\/\/ensude.com\/wp-content\/uploads\/2025\/08\/bhas01.png\" width=\"309\" height=\"342\" sizes=\"auto, (max-width: 309px) 100vw, 309px\">\n<\/div>\n<div class=\"ee-imagebox-content\">\n      <p class=\"ee-imagebox-title bde-h3\" >Ak\u0131\u015fkan \u00d6l\u00e7\u00fcm ve Analiz Sistemleri<\/p>\n    \n      <div class=\"ee-imagebox-text\" >Elektrik, do\u011falgaz, bas\u0131n\u00e7l\u0131 hava, su t\u00fcketimlerini, s\u0131cakl\u0131k ve nemi anl\u0131k olarak izleyebilir, ge\u00e7mi\u015fe d\u00f6n\u00fck \u0131-aporla\u00admalar ger\u00e7ekle\u015ftirebilirsiniz. <\/div>\n    \n          \n                                    \n    \n    \n    \n    \n            \n                    \n            \n            \n\n    \n    \n    \n    \n    \n    <a class=\"breakdance-link button-atom button-atom--primary ee-imagebox-button\" href=\"https:\/\/ensude.com\/?page_id=3445\" target=\"_self\" data-type=\"url\"  >\n\n    \n        <span class=\"button-atom__text\">\u00dcR\u00dcNLER<\/span>\n\n        \n        \n                <\/a>\n\n    \n\n  <\/div>\n\n<\/div>\n<\/div><div class=\"bde-column-620-173 bde-column\">\n  \n\t\n\n\n\n<div class=\"bde-image-box-620-123 bde-image-box\">\n<div class=\"ee-imagebox-image\">\n  <img loading=\"lazy\" decoding=\"async\" class=\"breakdance-image-object\" src=\"https:\/\/ensude.com\/wp-content\/uploads\/2025\/03\/qk000.png\" width=\"619\" height=\"513\" sizes=\"auto, (max-width: 619px) 100vw, 619px\">\n<\/div>\n<div class=\"ee-imagebox-content\">\n      <p class=\"ee-imagebox-title bde-h3\" >QUICK KAPL\u0130NLER<\/p>\n    \n      <div class=\"ee-imagebox-text\" >Quick kaplinler, ak\u0131\u015fkan kullanan t\u00fcm sistemlerde h\u0131zl\u0131, g\u00fcvenilir ba\u011flant\u0131 sunar; kolay tak-\u00e7\u0131kar \u00f6zelli\u011fiyle zaman tasarrufu sa\u011flar, s\u0131zd\u0131rmazl\u0131k ve dayan\u0131kl\u0131l\u0131k sunarak end\u00fcstriyel uygulamalarda verimlili\u011fi art\u0131r\u0131r.<\/div>\n    \n          \n                                    \n    \n    \n    \n    \n            \n                    \n            \n            \n\n    \n    \n    \n    \n    \n    <a class=\"breakdance-link button-atom button-atom--primary ee-imagebox-button\" href=\"https:\/\/ensude.com\/?page_id=2815\" target=\"_self\" data-type=\"url\"  >\n\n    \n        <span class=\"button-atom__text\">\u00dcR\u00dcNLER<\/span>\n\n        \n        \n                <\/a>\n\n    \n\n  <\/div>\n\n<\/div>\n<\/div><\/div><div class=\"bde-columns-620-174 bde-columns\"><div class=\"bde-column-620-175 bde-column\">\n  \n\t\n\n\n\n<div class=\"bde-image-box-620-180 bde-image-box\">\n<div class=\"ee-imagebox-image\">\n  <img loading=\"lazy\" decoding=\"async\" class=\"breakdance-image-object\" src=\"https:\/\/ensude.com\/wp-content\/uploads\/2024\/07\/imt-640x640.webp\" width=\"640\" height=\"640\" srcset=\"https:\/\/ensude.com\/wp-content\/uploads\/2024\/07\/imt-640x640.webp 640w, https:\/\/ensude.com\/wp-content\/uploads\/2024\/07\/imt-1280x1280.webp 1280w, https:\/\/ensude.com\/wp-content\/uploads\/2024\/07\/imt-160x160.webp 160w, https:\/\/ensude.com\/wp-content\/uploads\/2024\/07\/imt-768x768.webp 768w, https:\/\/ensude.com\/wp-content\/uploads\/2024\/07\/imt-1536x1536.webp 1536w, https:\/\/ensude.com\/wp-content\/uploads\/2024\/07\/imt-300x300.webp 300w, https:\/\/ensude.com\/wp-content\/uploads\/2024\/07\/imt-600x600.webp 600w, https:\/\/ensude.com\/wp-content\/uploads\/2024\/07\/imt.webp 1920w\" sizes=\"auto, (max-width: 640px) 100vw, 640px\">\n<\/div>\n<div class=\"ee-imagebox-content\">\n      <p class=\"ee-imagebox-title bde-h3\" >ELEKTR\u0130KL\u0130 S\u0130L\u0130ND\u0130RLER<\/p>\n    \n      <div class=\"ee-imagebox-text\" >Elektrikli silindirlerimiz, hassas hareket kontrol\u00fc ve g\u00fc\u00e7l\u00fc performans ile \u00fcretim tesislerinizin verimlili\u011fini art\u0131rmak i\u00e7in tasarlanm\u0131\u015ft\u0131r.<\/div>\n    \n          \n                                    \n    \n    \n    \n    \n            \n                    \n            \n            \n\n    \n    \n    \n    \n    \n    <a class=\"breakdance-link button-atom button-atom--primary ee-imagebox-button\" href=\"https:\/\/ensude.com\/?page_id=775\" target=\"_self\" data-type=\"url\"  >\n\n    \n        <span class=\"button-atom__text\">\u00dcR\u00dcNLER<\/span>\n\n        \n        \n                <\/a>\n\n    \n\n  <\/div>\n\n<\/div>\n<\/div><div class=\"bde-column-620-176 bde-column\">\n  \n\t\n\n\n\n<div class=\"bde-image-box-620-178 bde-image-box\">\n<div class=\"ee-imagebox-image\">\n  <img loading=\"lazy\" decoding=\"async\" class=\"breakdance-image-object\" src=\"https:\/\/ensude.com\/wp-content\/uploads\/2025\/06\/statik00.png\" width=\"822\" height=\"611\" srcset=\"https:\/\/ensude.com\/wp-content\/uploads\/2025\/06\/statik00.png 822w, https:\/\/ensude.com\/wp-content\/uploads\/2025\/06\/statik00-640x476.png 640w, https:\/\/ensude.com\/wp-content\/uploads\/2025\/06\/statik00-768x571.png 768w\" sizes=\"auto, (max-width: 822px) 100vw, 822px\">\n<\/div>\n<div class=\"ee-imagebox-content\">\n      <p class=\"ee-imagebox-title bde-h3\" >STAT\u0130K ELEKTR\u0130K \u00d6NLEY\u0130C\u0130LER<\/p>\n    \n      <div class=\"ee-imagebox-text\" >Plastik, ambalaj, matbaa, tekstil, medikal ve elektronik sekt\u00f6r\u00fc gibi bir\u00e7ok sekt\u00f6re hizmet veren \u00fcr\u00fcn yelpazemizle hizmetinizdeyiz.<\/div>\n    \n          \n                                    \n    \n    \n    \n    \n            \n                    \n            \n            \n\n    \n    \n    \n    \n    \n    <a class=\"breakdance-link button-atom button-atom--primary ee-imagebox-button\" href=\"https:\/\/ensude.com\/index.php\/statik-elektrik-onleyiciler\/\" target=\"_self\" data-type=\"url\"  >\n\n    \n        <span class=\"button-atom__text\">\u00dcr\u00fcnler<\/span>\n\n        \n        \n                <\/a>\n\n    \n\n  <\/div>\n\n<\/div>\n<\/div><div class=\"bde-column-620-177 bde-column\">\n  \n\t\n\n\n\n<div class=\"bde-image-box-620-125 bde-image-box\">\n<div class=\"ee-imagebox-image\">\n  <img loading=\"lazy\" decoding=\"async\" class=\"breakdance-image-object\" src=\"https:\/\/ensude.com\/wp-content\/uploads\/2024\/07\/2c.png\" width=\"822\" height=\"611\" srcset=\"https:\/\/ensude.com\/wp-content\/uploads\/2024\/07\/2c.png 822w, https:\/\/ensude.com\/wp-content\/uploads\/2024\/07\/2c-640x476.png 640w, https:\/\/ensude.com\/wp-content\/uploads\/2024\/07\/2c-768x571.png 768w, https:\/\/ensude.com\/wp-content\/uploads\/2024\/07\/2c-600x446.png 600w\" sizes=\"auto, (max-width: 822px) 100vw, 822px\">\n<\/div>\n<div class=\"ee-imagebox-content\">\n      <p class=\"ee-imagebox-title bde-h3\" >HAREKET S\u0130STEMLER\u0130<\/p>\n    \n      <div class=\"ee-imagebox-text\" >Tsubaki, SKK Planetary Roller Screws, Limoss, Cont, Evo-Tech, Reach Machinery \u00fcr\u00fcnleri ile ihtiyac\u0131n\u0131za \u00f6zel \u00e7\u00f6z\u00fcmler sunuyoruz.<\/div>\n    \n          \n                                    \n    \n    \n    \n    \n            \n                    \n            \n            \n\n    \n    \n    \n    \n    \n    <a class=\"breakdance-link button-atom button-atom--primary ee-imagebox-button\" href=\"https:\/\/ensude.com\/?page_id=943\" target=\"_self\" data-type=\"url\"  >\n\n    \n        <span class=\"button-atom__text\">\u00dcr\u00fcnler<\/span>\n\n        \n        \n                <\/a>\n\n    \n\n  <\/div>\n\n<\/div>\n<\/div><\/div><div class=\"bde-image-box-620-179 bde-image-box\">\n<div class=\"ee-imagebox-image\">\n  <img loading=\"lazy\" decoding=\"async\" class=\"breakdance-image-object\" src=\"https:\/\/ensude.com\/wp-content\/uploads\/2024\/07\/lineer__.png\" width=\"743\" height=\"611\" srcset=\"https:\/\/ensude.com\/wp-content\/uploads\/2024\/07\/lineer__.png 743w, https:\/\/ensude.com\/wp-content\/uploads\/2024\/07\/lineer__-640x526.png 640w, https:\/\/ensude.com\/wp-content\/uploads\/2024\/07\/lineer__-600x493.png 600w\" sizes=\"auto, (max-width: 743px) 100vw, 743px\">\n<\/div>\n<div class=\"ee-imagebox-content\">\n      <p class=\"ee-imagebox-title bde-h3\" >L\u0130NEER MOD\u00dcLLER<\/p>\n    \n      <div class=\"ee-imagebox-text\" >Y\u00fcksek h\u0131z, d\u00fc\u015f\u00fck maliyet ve temiz \u00e7al\u0131\u015fma ortam\u0131 gerektiren uygulamalar<\/div>\n    \n          \n                                    \n    \n    \n    \n    \n            \n                    \n            \n            \n\n    \n    \n    \n    \n    \n    <a class=\"breakdance-link button-atom button-atom--primary ee-imagebox-button\" href=\"https:\/\/ensude.com\/?page_id=895\" target=\"_self\" data-type=\"url\"  >\n\n    \n        <span class=\"button-atom__text\">\u00dcR\u00dcNLER<\/span>\n\n        \n        \n                <\/a>\n\n    \n\n  <\/div>\n\n<\/div><\/div>\n<\/section><\/div>","protected":false},"excerpt":{"rendered":"<p>EnSuDe, sekt\u00f6rde 25 y\u0131ll\u0131k deneyime ve b\u00fcy\u00fck bir tedarik zincirine sahip olan, Yal\u0131n \u00dcretim Sistemleri, FMEA ve Optimize Edilmi\u015f Proses Ak\u0131\u015f\u0131&#8217;n\u0131 dikkate alarak fikst\u00fcr tasar\u0131m\u0131ndan otomatikle\u015ftirilmi\u015f \u00f6zel makinelere kadar tedarik sa\u011flayabilir. H\u0130ZMETLER\u0130M\u0130Z PROJELEND\u0130RME \u0130\u015fletmenizin ihtiya\u00e7lar\u0131na \u00f6zel \u00e7\u00f6z\u00fcmler B\u0130LG\u0130 AL TASARIM Gerekli olan\u0131 sizin i\u00e7in ara\u015ft\u0131ral\u0131m B\u0130LG\u0130 AL 3d BASKI \u00dcretim \u00f6ncesi prototip ve nihai \u00fcr\u00fcnler [&hellip;]<\/p>\n","protected":false},"author":1,"featured_media":0,"parent":0,"menu_order":0,"comment_status":"closed","ping_status":"closed","template":"","meta":{"_acf_changed":false,"_breakdance_hide_in_design_set":false,"_breakdance_tags":"","footnotes":""},"class_list":["post-620","page","type-page","status-publish","hentry"],"acf":[],"_links":{"self":[{"href":"https:\/\/ensude.com\/index.php\/wp-json\/wp\/v2\/pages\/620","targetHints":{"allow":["GET"]}}],"collection":[{"href":"https:\/\/ensude.com\/index.php\/wp-json\/wp\/v2\/pages"}],"about":[{"href":"https:\/\/ensude.com\/index.php\/wp-json\/wp\/v2\/types\/page"}],"author":[{"embeddable":true,"href":"https:\/\/ensude.com\/index.php\/wp-json\/wp\/v2\/users\/1"}],"replies":[{"embeddable":true,"href":"https:\/\/ensude.com\/index.php\/wp-json\/wp\/v2\/comments?post=620"}],"version-history":[{"count":45,"href":"https:\/\/ensude.com\/index.php\/wp-json\/wp\/v2\/pages\/620\/revisions"}],"predecessor-version":[{"id":3606,"href":"https:\/\/ensude.com\/index.php\/wp-json\/wp\/v2\/pages\/620\/revisions\/3606"}],"wp:attachment":[{"href":"https:\/\/ensude.com\/index.php\/wp-json\/wp\/v2\/media?parent=620"}],"curies":[{"name":"wp","href":"https:\/\/api.w.org\/{rel}","templated":true}]}}