{"id":3375,"date":"2025-06-11T21:15:30","date_gmt":"2025-06-11T21:15:30","guid":{"rendered":"https:\/\/ensude.com\/?page_id=3375"},"modified":"2025-06-11T21:15:30","modified_gmt":"2025-06-11T21:15:30","slug":"antistatik-firca","status":"publish","type":"page","link":"https:\/\/ensude.com\/index.php\/antistatik-firca\/","title":{"rendered":"Antistatik F\u0131r\u00e7a"},"content":{"rendered":"<div class='breakdance'><section class=\"bde-section-3375-100 bde-section\">\n  \n\t\n\n\n\n<div class=\"section-container\"><h1 class=\"bde-heading-3375-101 bde-heading\">\nAntistatik F\u0131r\u00e7a\n<\/h1><div class=\"bde-columns-3375-102 bde-columns\"><div class=\"bde-column-3375-103 bde-column\">\n  \n\t\n\n\n\n<div class=\"bde-image-3375-104 bde-image\">\n<figure class=\"breakdance-image breakdance-image--3378\">\n\t<div class=\"breakdance-image-container\">\n\t\t<div class=\"breakdance-image-clip\"><img loading=\"lazy\" decoding=\"async\" class=\"breakdance-image-object\" src=\"https:\/\/ensude.com\/wp-content\/uploads\/2025\/06\/statik007.png\" width=\"1201\" height=\"483\" srcset=\"https:\/\/ensude.com\/wp-content\/uploads\/2025\/06\/statik007.png 1201w, https:\/\/ensude.com\/wp-content\/uploads\/2025\/06\/statik007-640x257.png 640w, https:\/\/ensude.com\/wp-content\/uploads\/2025\/06\/statik007-768x309.png 768w\" sizes=\"auto, (max-width: 1201px) 100vw, 1201px\"><\/div>\n\t<\/div><\/figure>\n\n<\/div>\n<\/div><\/div><div class=\"bde-image-3375-106 bde-image\">\n<figure class=\"breakdance-image breakdance-image--3380\">\n\t<div class=\"breakdance-image-container\">\n\t\t<div class=\"breakdance-image-clip\"><img loading=\"lazy\" decoding=\"async\" class=\"breakdance-image-object\" src=\"https:\/\/ensude.com\/wp-content\/uploads\/2025\/06\/statik007_00.webp\" width=\"1200\" height=\"160\" srcset=\"https:\/\/ensude.com\/wp-content\/uploads\/2025\/06\/statik007_00.webp 1200w, https:\/\/ensude.com\/wp-content\/uploads\/2025\/06\/statik007_00-640x85.webp 640w, https:\/\/ensude.com\/wp-content\/uploads\/2025\/06\/statik007_00-768x102.webp 768w\" sizes=\"auto, (max-width: 1200px) 100vw, 1200px\"><\/div>\n\t<\/div><\/figure>\n\n<\/div><div class=\"bde-rich-text-3375-105 bde-rich-text breakdance-rich-text-styles\">\n<p><strong>Anti Statik Al\u0131c\u0131 Karbon F\u0131r\u00e7a<\/strong><\/p>\n<p>Statik elektrik al\u0131c\u0131 Antistatik Karbon F\u0131r\u00e7alar, sa\u011flam, uzun \u00f6m\u00fcrl\u00fc, bak\u0131m ve g\u00fc\u00e7 kayna\u011f\u0131 gerektirmeyen, ekonomik, temass\u0131z kullan\u0131m ve kolay montaj\u0131 ile \u00fcst\u00fcn \u00f6zelliklere sahiptir.<\/p>\n<p>Matbaa, paketleme, tekstil ve ambalaj sekt\u00f6r\u00fcnde yo\u011fun \u015fekilde kullan\u0131lan Antistatik \u00e7ubuk f\u0131r\u00e7alar statik elektrik problemine \u00e7o\u011fu zaman kesin ve en ekonomik \u00e7\u00f6z\u00fcmleri sunar.<\/p>\n<p>Statik elektri\u011fi n\u00f6t\u00fcrlemek i\u00e7in f\u0131r\u00e7a k\u0131llar\u0131n\u0131n hedef y\u00fczeye temas etmesine gerek yoktur. 10mm mesafeye kadar statik elektri\u011fi alabilir. Tipik kullan\u0131m\u0131 \u00fcr\u00fcne 2-3mm mesafede ba\u011flanacak \u015fekildedir.<\/p>\n<p>Antistatik f\u0131r\u00e7alarda tek yap\u0131lmas\u0131 gereken g\u00f6vdenin topra\u011fa ba\u011flanmas\u0131d\u0131r.<\/p>\n<p>Antistatik f\u0131r\u00e7alar karbon fiber malzemeden \u00fcretildi\u011fi i\u00e7in yanmaz, alev almaz. Patlay\u0131c\u0131-yan\u0131c\u0131 ortamlarda rahat\u00e7a kullan\u0131labilir.<\/p>\n<ul>\n<li><strong>Uygulamaya g\u00f6re g\u00f6vde \u00e7e\u015fitleri<\/strong><\/li>\n<li><strong>G\u00fc\u00e7 Kayna\u011f\u0131 ve Elektrik sarfiyat\u0131 yok<\/strong><\/li>\n<li><strong>Uzun \u00f6m\u00fcrl\u00fc, g\u00fcvenli ve sorunsuz<\/strong><\/li>\n<li><strong>Yo\u011fun yerle\u015ftirilmi\u015f Karbon Fiber K\u0131llar<\/strong><\/li>\n<li><strong>Statik Elektri\u011fe en ekonomik \u00e7\u00f6z\u00fcm<\/strong><\/li>\n<li><strong>3m boya kadar \u00fcretim<\/strong><\/li>\n<li><strong>80mm boya kadar k\u0131l uzunlu\u011fu<\/strong><\/li>\n<\/ul>\n<p><img loading=\"lazy\" decoding=\"async\" class=\"alignright size-full wp-image-3379\" src=\"https:\/\/ensude.com\/wp-content\/uploads\/2024\/07\/statik007_01.png\" alt=\"\" width=\"1200\" height=\"492\" srcset=\"https:\/\/ensude.com\/wp-content\/uploads\/2024\/07\/statik007_01.png 1200w, https:\/\/ensude.com\/wp-content\/uploads\/2024\/07\/statik007_01-640x262.png 640w, https:\/\/ensude.com\/wp-content\/uploads\/2024\/07\/statik007_01-768x315.png 768w\" sizes=\"auto, (max-width: 1200px) 100vw, 1200px\" \/><\/p>\n<table dir=\"ltr\" border=\"1\" width=\"100%\" cellspacing=\"0\" cellpadding=\"10\" align=\"center\"><caption>\n<h3>\u00d6zellikler<\/h3>\n<\/caption>\n<thead><\/thead>\n<tbody>\n<tr>\n<th scope=\"row\">\n<p>G\u00f6vde<\/p>\n<\/th>\n<td>\n<p>2mm kal\u0131nl\u0131\u011f\u0131nda aluminyum profil<br \/>3m\u2019ye kadar \u00fcretim<\/p>\n<\/td>\n<\/tr>\n<tr>\n<th scope=\"row\">\n<p>Filament \u00d6zelli\u011fi<\/p>\n<\/th>\n<td>\n<p>Filament \u00c7ap\u0131: 5\/7 \u00b5m<br \/>74000 filament\/cm<br \/>20, 30, 40, 50, 30, 70, 80mm uzunluklarda f\u0131r\u00e7a k\u0131l\u0131. Standart boy 20mm.<\/p>\n<\/td>\n<\/tr>\n<tr>\n<th scope=\"row\">\n<p>Elektriksel Ba\u011flant\u0131\u00a0<\/p>\n<\/th>\n<td>\n<p>Aluminyum g\u00f6vde topra\u011fa ba\u011flanmal\u0131, ba\u015fka herhangi bir kayna\u011fa veya ba\u011flant\u0131ya gerek yoktur<\/p>\n<\/td>\n<\/tr>\n<\/tbody>\n<\/table>\n<p>\u00a0<\/p>\n<\/div><\/div>\n<\/section><\/div>","protected":false},"excerpt":{"rendered":"<p>Antistatik F\u0131r\u00e7a Anti Statik Al\u0131c\u0131 Karbon F\u0131r\u00e7a Statik elektrik al\u0131c\u0131 Antistatik Karbon F\u0131r\u00e7alar, sa\u011flam, uzun \u00f6m\u00fcrl\u00fc, bak\u0131m ve g\u00fc\u00e7 kayna\u011f\u0131 gerektirmeyen, ekonomik, temass\u0131z kullan\u0131m ve kolay montaj\u0131 ile \u00fcst\u00fcn \u00f6zelliklere sahiptir. Matbaa, paketleme, tekstil ve ambalaj sekt\u00f6r\u00fcnde yo\u011fun \u015fekilde kullan\u0131lan Antistatik \u00e7ubuk f\u0131r\u00e7alar statik elektrik problemine \u00e7o\u011fu zaman kesin ve en ekonomik \u00e7\u00f6z\u00fcmleri sunar. Statik [&hellip;]<\/p>\n","protected":false},"author":1,"featured_media":0,"parent":0,"menu_order":0,"comment_status":"closed","ping_status":"closed","template":"","meta":{"_acf_changed":false,"_breakdance_hide_in_design_set":false,"_breakdance_tags":"","footnotes":""},"class_list":["post-3375","page","type-page","status-publish","hentry"],"acf":[],"_links":{"self":[{"href":"https:\/\/ensude.com\/index.php\/wp-json\/wp\/v2\/pages\/3375","targetHints":{"allow":["GET"]}}],"collection":[{"href":"https:\/\/ensude.com\/index.php\/wp-json\/wp\/v2\/pages"}],"about":[{"href":"https:\/\/ensude.com\/index.php\/wp-json\/wp\/v2\/types\/page"}],"author":[{"embeddable":true,"href":"https:\/\/ensude.com\/index.php\/wp-json\/wp\/v2\/users\/1"}],"replies":[{"embeddable":true,"href":"https:\/\/ensude.com\/index.php\/wp-json\/wp\/v2\/comments?post=3375"}],"version-history":[{"count":3,"href":"https:\/\/ensude.com\/index.php\/wp-json\/wp\/v2\/pages\/3375\/revisions"}],"predecessor-version":[{"id":3381,"href":"https:\/\/ensude.com\/index.php\/wp-json\/wp\/v2\/pages\/3375\/revisions\/3381"}],"wp:attachment":[{"href":"https:\/\/ensude.com\/index.php\/wp-json\/wp\/v2\/media?parent=3375"}],"curies":[{"name":"wp","href":"https:\/\/api.w.org\/{rel}","templated":true}]}}