{"id":3369,"date":"2025-06-11T21:16:02","date_gmt":"2025-06-11T21:16:02","guid":{"rendered":"https:\/\/ensude.com\/?page_id=3369"},"modified":"2025-06-11T21:16:02","modified_gmt":"2025-06-11T21:16:02","slug":"anti-statik-hava-tabancasi","status":"publish","type":"page","link":"https:\/\/ensude.com\/index.php\/anti-statik-hava-tabancasi\/","title":{"rendered":"Anti Statik Hava Tabancas\u0131"},"content":{"rendered":"<div class='breakdance'><section class=\"bde-section-3369-100 bde-section\">\n  \n\t\n\n\n\n<div class=\"section-container\"><h1 class=\"bde-heading-3369-101 bde-heading\">\nAnti Statik Hava Tabancas\u0131\n<\/h1><div class=\"bde-columns-3369-102 bde-columns\"><div class=\"bde-column-3369-103 bde-column\">\n  \n\t\n\n\n\n<div class=\"bde-image-3369-104 bde-image\">\n<figure class=\"breakdance-image breakdance-image--3372\">\n\t<div class=\"breakdance-image-container\">\n\t\t<div class=\"breakdance-image-clip\"><img loading=\"lazy\" decoding=\"async\" class=\"breakdance-image-object\" src=\"https:\/\/ensude.com\/wp-content\/uploads\/2025\/06\/statik006.png\" width=\"1201\" height=\"501\" srcset=\"https:\/\/ensude.com\/wp-content\/uploads\/2025\/06\/statik006.png 1201w, https:\/\/ensude.com\/wp-content\/uploads\/2025\/06\/statik006-640x267.png 640w, https:\/\/ensude.com\/wp-content\/uploads\/2025\/06\/statik006-768x320.png 768w\" sizes=\"auto, (max-width: 1201px) 100vw, 1201px\"><\/div>\n\t<\/div><\/figure>\n\n<\/div>\n<\/div><\/div><div class=\"bde-rich-text-3369-105 bde-rich-text breakdance-rich-text-styles\">\n<p><strong>Antistatik Haval\u0131 Ion Tabancas\u0131<\/strong><\/p>\n<p>\u00dcretim s\u00fcre\u00e7lerinde elektrostatik y\u00fckler s\u0131kl\u0131kla kesintiye neden olur ve hem i\u015flem h\u0131z\u0131n\u0131 hem de \u00fcr\u00fcn kalitesini d\u00fc\u015f\u00fcr\u00fcr.<\/p>\n<p>Antistatik Hava Tabancas\u0131, statik y\u00fck\u00fc n\u00f6tralize etmek ve toz-kir ve di\u011fer kontaminantlar\u0131 y\u00fczeyden ay\u0131rmak i\u00e7in tasarlanm\u0131\u015f bir hava tabancas\u0131d\u0131r. Havay\u0131 efektif kullanarak y\u00fcksek h\u0131z ve hava tasarrufu sa\u011flayan \u00fcst\u00fcn performansl\u0131 nozulu ve ergonomik yap\u0131s\u0131 ile etkili bir \u00e7al\u0131\u015fma elde edilir.<\/p>\n<p>\u00d6zellikle boyama ve plastik enjeksiyon \u00f6ncesi, toz-kir par\u00e7ac\u0131klar\u0131n\u0131 \u00e7eken statik y\u00fckl\u00fc y\u00fczeylerin bir sonraki i\u015fleme ge\u00e7meden \u00f6nce statik y\u00fck\u00fc al\u0131nd\u0131\u011f\u0131 gibi tozsuz kalmas\u0131n\u0131 da sa\u011flayarak etkin bir temizlik sunar.<\/p>\n<p>G\u00fc\u00e7l\u00fc hava \u00fcflemesi ile desteklenen uzun de\u015farj mesafesi, statik tozlar\u0131 temizledi\u011fi gibi \u00fc\u00e7 boyutlu statik iyonizasyon sa\u011flar.<\/p>\n<ul>\n<li><strong>Kompakt ve k\u00fc\u00e7\u00fck yap\u0131<\/strong><\/li>\n<li><strong>Tak-\u00c7al\u0131\u015ft\u0131r: Konnekt\u00f6rl\u00fc ba\u011flant\u0131<\/strong><\/li>\n<li><strong>Kolay montaj ve elektriksel ba\u011flant\u0131<\/strong><\/li>\n<li><strong>Uzun \u00f6m\u00fcrl\u00fc, g\u00fcvenli ve sorunsuz<\/strong><\/li>\n<li><strong>Operat\u00f6r g\u00fcvenli\u011fi i\u00e7in \u00e7\u0131k\u0131\u015f ak\u0131m\u0131 s\u0131n\u0131rlamas\u0131<\/strong><\/li>\n<li><strong>\u00c7\u0131k\u0131\u015f i\u00e7in k\u0131sa devre korumas\u0131<\/strong><\/li>\n<li><strong>Stati\u011fi \u00f6nler, tozlar\u0131 uzakla\u015ft\u0131r\u0131r<\/strong><\/li>\n<li><strong>10m\u2019ye kadar kablo se\u00e7ene\u011fi<\/strong><\/li>\n<\/ul>\n<h3>\u00a0<\/h3>\n<h3><img loading=\"lazy\" decoding=\"async\" class=\"alignright size-full wp-image-3373\" src=\"https:\/\/ensude.com\/wp-content\/uploads\/2024\/07\/statik006_01.png\" alt=\"\" width=\"1200\" height=\"487\" srcset=\"https:\/\/ensude.com\/wp-content\/uploads\/2024\/07\/statik006_01.png 1200w, https:\/\/ensude.com\/wp-content\/uploads\/2024\/07\/statik006_01-640x260.png 640w, https:\/\/ensude.com\/wp-content\/uploads\/2024\/07\/statik006_01-768x312.png 768w\" sizes=\"auto, (max-width: 1200px) 100vw, 1200px\" \/><\/h3>\n<p><strong>Nas\u0131l \u00c7al\u0131\u015f\u0131r<\/strong><\/p>\n<p>Tetik \u00e7ekildi\u011finde, nozuldan \u00e7\u0131kan hava, iyonizasyon ba\u015fl\u0131\u011f\u0131 taraf\u0131ndan \u00fcretilen iyonize edilmi\u015f havay\u0131 da alarak y\u00fcksek h\u0131zda yol al\u0131r ve iyonize olmu\u015f hava hedefe ula\u015f\u0131r. \u0130yonizasyon, malzeme y\u00fczeyindeki statik elektri\u011fi n\u00f6t\u00fcrle\u015ftirerek tozun at\u0131lmas\u0131n\u0131 sa\u011flar. Hem malzeme hem de at\u0131lan toz statik i\u00e7ermedi\u011fi i\u00e7in malzeme y\u00fczeyi tekrar tozlanmaz.<\/p>\n<div>\n<table dir=\"ltr\" border=\"1\" width=\"100%\" cellspacing=\"0\" cellpadding=\"10\" align=\"center\"><caption>\n<h3>\u00d6zellikler<\/h3>\n<\/caption>\n<thead><\/thead>\n<tbody>\n<tr>\n<th scope=\"row\">\n<p>Yap\u0131<\/p>\n<\/th>\n<td>\n<p><strong>\u0130yonizer:<\/strong>\u00a0Eloksal boyal\u0131 aluminyum ve PVC profil. Epoksi dolgu ve paslanmaz \u00e7elik sertle\u015ftirilmi\u015f pinler<br \/><strong>Nozul:<\/strong>\u00a0Windjet ABS y\u00fcksek performans yuvarlak nozul veya mini hava tara\u011f\u0131<br \/><strong>Tabanca:<\/strong>\u00a0Aluminyum G\u00f6vde<\/p>\n<\/td>\n<\/tr>\n<tr>\n<th scope=\"row\">\n<p>Kablo<\/p>\n<\/th>\n<td>\n<p>Esnek, y\u00fcksek voltaj dayan\u0131ml\u0131 kablo.<br \/>Minimum b\u00fck\u00fcm yar\u0131 \u00e7ap\u0131 60mm.<br \/>Standart kablo boyu 3 metredir. (\u0130ste\u011fe g\u00f6re daha uzun boylarda da \u00fcretilebilir).<\/p>\n<\/td>\n<\/tr>\n<tr>\n<th scope=\"row\">\n<p>Ortam<\/p>\n<\/th>\n<td>\n<p>60\u00b0C Max. \u00e7al\u0131\u015fma s\u0131cakl\u0131\u011f\u0131, 70% rH Max. nem oran\u0131.<br \/>Ortam kuru ve ya\u011fs\u0131z olmal\u0131.<\/p>\n<\/td>\n<\/tr>\n<tr>\n<th scope=\"row\">\n<p>G\u00fcvenlik<\/p>\n<\/th>\n<td>\n<p>G\u00fc\u00e7 \u00fcnitesinde maksimum 5mA ak\u0131m s\u0131n\u0131rlamas\u0131.<br \/>Pinlerdeki (i\u011fneler) ak\u0131m miktar\u0131 \u00e7al\u0131\u015fan g\u00fcvenli\u011fi i\u00e7in max 50\u00b5A olacak \u015fekilde s\u0131n\u0131rland\u0131r\u0131lm\u0131\u015ft\u0131r.<br \/>\u0130\u011fneleri elektrik \u00e7arpmaz.<\/p>\n<\/td>\n<\/tr>\n<tr>\n<th scope=\"row\">\n<p>G\u00fc\u00e7 Kayna\u011f\u0131\u00a0<\/p>\n<\/th>\n<td>\n<p>\u00a0 AC G\u00fc\u00e7 Kayna\u011f\u0131 |\u00a0 4 \u00c7\u0131k\u0131\u015fl\u0131 7-8kV<\/p>\n<\/td>\n<\/tr>\n<tr>\n<th scope=\"row\">\n<p>Sertifika<\/p>\n<\/th>\n<td>\n<p>CE<\/p>\n<\/td>\n<\/tr>\n<\/tbody>\n<\/table>\n<\/div>\n<\/div><\/div>\n<\/section><\/div>","protected":false},"excerpt":{"rendered":"<p>Anti Statik Hava Tabancas\u0131 Antistatik Haval\u0131 Ion Tabancas\u0131 \u00dcretim s\u00fcre\u00e7lerinde elektrostatik y\u00fckler s\u0131kl\u0131kla kesintiye neden olur ve hem i\u015flem h\u0131z\u0131n\u0131 hem de \u00fcr\u00fcn kalitesini d\u00fc\u015f\u00fcr\u00fcr. Antistatik Hava Tabancas\u0131, statik y\u00fck\u00fc n\u00f6tralize etmek ve toz-kir ve di\u011fer kontaminantlar\u0131 y\u00fczeyden ay\u0131rmak i\u00e7in tasarlanm\u0131\u015f bir hava tabancas\u0131d\u0131r. Havay\u0131 efektif kullanarak y\u00fcksek h\u0131z ve hava tasarrufu sa\u011flayan \u00fcst\u00fcn performansl\u0131 [&hellip;]<\/p>\n","protected":false},"author":1,"featured_media":0,"parent":0,"menu_order":0,"comment_status":"closed","ping_status":"closed","template":"","meta":{"_acf_changed":false,"_breakdance_hide_in_design_set":false,"_breakdance_tags":"","footnotes":""},"class_list":["post-3369","page","type-page","status-publish","hentry"],"acf":[],"_links":{"self":[{"href":"https:\/\/ensude.com\/index.php\/wp-json\/wp\/v2\/pages\/3369","targetHints":{"allow":["GET"]}}],"collection":[{"href":"https:\/\/ensude.com\/index.php\/wp-json\/wp\/v2\/pages"}],"about":[{"href":"https:\/\/ensude.com\/index.php\/wp-json\/wp\/v2\/types\/page"}],"author":[{"embeddable":true,"href":"https:\/\/ensude.com\/index.php\/wp-json\/wp\/v2\/users\/1"}],"replies":[{"embeddable":true,"href":"https:\/\/ensude.com\/index.php\/wp-json\/wp\/v2\/comments?post=3369"}],"version-history":[{"count":5,"href":"https:\/\/ensude.com\/index.php\/wp-json\/wp\/v2\/pages\/3369\/revisions"}],"predecessor-version":[{"id":3407,"href":"https:\/\/ensude.com\/index.php\/wp-json\/wp\/v2\/pages\/3369\/revisions\/3407"}],"wp:attachment":[{"href":"https:\/\/ensude.com\/index.php\/wp-json\/wp\/v2\/media?parent=3369"}],"curies":[{"name":"wp","href":"https:\/\/api.w.org\/{rel}","templated":true}]}}