{"id":3363,"date":"2025-06-11T21:15:20","date_gmt":"2025-06-11T21:15:20","guid":{"rendered":"https:\/\/ensude.com\/?page_id=3363"},"modified":"2025-06-11T21:15:20","modified_gmt":"2025-06-11T21:15:20","slug":"anti-statik-kontrol-nozulu","status":"publish","type":"page","link":"https:\/\/ensude.com\/index.php\/anti-statik-kontrol-nozulu\/","title":{"rendered":"Anti Statik Kontrol Nozulu"},"content":{"rendered":"<div class='breakdance'><section class=\"bde-section-3363-100 bde-section\">\n  \n\t\n\n\n\n<div class=\"section-container\"><h1 class=\"bde-heading-3363-101 bde-heading\">\nAnti Statik Kontrol Nozulu\n<\/h1><div class=\"bde-columns-3363-102 bde-columns\"><div class=\"bde-column-3363-103 bde-column\">\n  \n\t\n\n\n\n<div class=\"bde-image-3363-104 bde-image\">\n<figure class=\"breakdance-image breakdance-image--3366\">\n\t<div class=\"breakdance-image-container\">\n\t\t<div class=\"breakdance-image-clip\"><img loading=\"lazy\" decoding=\"async\" class=\"breakdance-image-object\" src=\"https:\/\/ensude.com\/wp-content\/uploads\/2025\/06\/statik005.png\" width=\"1201\" height=\"431\" srcset=\"https:\/\/ensude.com\/wp-content\/uploads\/2025\/06\/statik005.png 1201w, https:\/\/ensude.com\/wp-content\/uploads\/2025\/06\/statik005-640x230.png 640w, https:\/\/ensude.com\/wp-content\/uploads\/2025\/06\/statik005-768x276.png 768w\" sizes=\"auto, (max-width: 1201px) 100vw, 1201px\"><\/div>\n\t<\/div><\/figure>\n\n<\/div>\n<\/div><\/div><div class=\"bde-rich-text-3363-105 bde-rich-text breakdance-rich-text-styles\">\n<p><strong>Nozul Tip Statik Eliminat\u00f6r<\/strong><\/p>\n<p>\u00dcretim s\u00fcre\u00e7lerinde elektrostatik y\u00fckler s\u0131kl\u0131kla kesintiye neden olur ve hem i\u015flem h\u0131z\u0131n\u0131 hem de \u00fcr\u00fcn kalitesini d\u00fc\u015f\u00fcr\u00fcr.<\/p>\n<p>Noktasal Tip Nozullu Statik Al\u0131c\u0131lar, statik y\u00fck\u00fc n\u00f6tralize etmek ve toz-kir ve di\u011fer kontaminantlar\u0131 y\u00fczeyden ay\u0131rmak i\u00e7in tasarlanm\u0131\u015f hava \u00fcflemeli iyonizerlerdir. Antistatik Nozul, havay\u0131 efektif kullanarak y\u00fcksek h\u0131z ve hava tasarrufu sa\u011flayan \u00fcst\u00fcn performansl\u0131 nozulu ve ergonomik yap\u0131s\u0131 ile etkili statik n\u00f6tralizasyon sunar.<\/p>\n<p>\u0130yonize Hava Jetleri, uzun mesafeli statik n\u00f6tralizasyon, toz giderme ve temizleme, tabaka ay\u0131rma dahil bir\u00e7ok uygulamada kullan\u0131l\u0131r. G\u00fc\u00e7l\u00fc hava \u00fcflemesi ile desteklenen uzun de\u015farj mesafesi, statik tozlar\u0131 temizledi\u011fi gibi \u00fc\u00e7 boyutlu statik iyonizasyon sa\u011flar.<\/p>\n<p>Noktasal tip iyonizerler k\u00fc\u00e7\u00fck boyutlardaki \u00fcr\u00fcnlerde toz temizleme ve statik y\u00fck\u00fcn n\u00f6tralize edilmesi i\u00e7in idealdir. Ayn\u0131 zamanda ince fakat geni\u015f hava ak\u0131\u015f\u0131n\u0131n tabakalar\u0131 ay\u0131rmada ve onlar\u0131 bir arada tutan statik y\u00fck\u00fcn n\u00f6tralize edilmesinde etkili oldu\u011fu levha ay\u0131rma i\u00e7in de kullan\u0131l\u0131r.<\/p>\n<ul>\n<li><strong>Kompakt ve k\u00fc\u00e7\u00fck yap\u0131<\/strong><\/li>\n<li><strong>Tak-\u00c7al\u0131\u015ft\u0131r: Konnekt\u00f6rl\u00fc ba\u011flant\u0131<\/strong><\/li>\n<li><strong>Kolay montaj ve elektriksel ba\u011flant\u0131<\/strong><\/li>\n<li><strong>Uzun \u00f6m\u00fcrl\u00fc, g\u00fcvenli ve sorunsuz<\/strong><\/li>\n<li><strong>Operat\u00f6r g\u00fcvenli\u011fi i\u00e7in \u00e7\u0131k\u0131\u015f ak\u0131m\u0131 s\u0131n\u0131rlamas\u0131<\/strong><\/li>\n<li><strong>\u00c7\u0131k\u0131\u015f i\u00e7in k\u0131sa devre korumas\u0131<\/strong><\/li>\n<li><strong>Y\u00fcksek voltaja ra\u011fmen tamamen \u015foksuz \u00e7al\u0131\u015fma sa\u011flayan, \u00e7arp\u0131lma \u00f6nleyici devre.<\/strong><\/li>\n<li><strong>Stati\u011fi \u00f6nler, tozlar\u0131 uzakla\u015ft\u0131r\u0131r<\/strong><\/li>\n<li><strong>10m\u2019ye kadar kablo se\u00e7ene\u011fi<\/strong><\/li>\n<li><strong>Y\u0131kanabilen ve kolay temizlenebilen, tamamen izole edilmi\u015f g\u00f6vde<\/strong><\/li>\n<li><strong>G\u0131da, medikal, ila\u00e7 sekt\u00f6r\u00fc ve bir \u00e7ok temiz oda uygulamalar\u0131 i\u00e7in ideal<\/strong><\/li>\n<\/ul>\n<p><strong>Nas\u0131l \u00c7al\u0131\u015f\u0131r<\/strong><\/p>\n<p>Nozuldan \u00e7\u0131kan hava, iyonizasyon ba\u015fl\u0131\u011f\u0131 taraf\u0131ndan \u00fcretilen iyonize edilmi\u015f havay\u0131 da alarak y\u00fcksek h\u0131zda yol al\u0131r ve iyonize olmu\u015f hava hedefe ula\u015f\u0131r. \u0130yonizasyon, malzeme y\u00fczeyindeki statik elektri\u011fi n\u00f6t\u00fcrle\u015ftirerek statik y\u00fckl\u00fc toz ve di\u011fer kontaminantlar\u0131 y\u00fczeyden uzakla\u015ft\u0131r\u0131r.<\/p>\n<div>\n<div>\n<table dir=\"ltr\" border=\"1\" width=\"100%\" cellspacing=\"0\" cellpadding=\"10\" align=\"center\"><caption>\n<h3>\u00d6zellikler<\/h3>\n<\/caption>\n<thead><\/thead>\n<tbody>\n<tr>\n<th scope=\"row\">\n<p>Yap\u0131<\/p>\n<\/th>\n<td>\n<p><strong>\u0130yonizer<\/strong>: Eloksal boyal\u0131 aluminyum ve PVC profil. Epoksi dolgu ve paslanmaz \u00e7elik sertle\u015ftirilmi\u015f pinler<br \/><strong>Nozul<\/strong>: Windjet ABS y\u00fcksek performans yuvarlak nozul veya mini hava tara\u011f\u0131<\/p>\n<\/td>\n<\/tr>\n<tr>\n<th scope=\"row\">\n<p>Kablo<\/p>\n<\/th>\n<td>\n<p>Esnek, y\u00fcksek voltaj dayan\u0131ml\u0131 kablo.<br \/>Minimum b\u00fck\u00fcm yar\u0131 \u00e7ap\u0131 60mm.<br \/>Standart kablo boyu 2 metredir. (\u0130ste\u011fe g\u00f6re daha uzun boylarda da \u00fcretilebilir).<\/p>\n<\/td>\n<\/tr>\n<tr>\n<th scope=\"row\">\n<p>Ortam<\/p>\n<\/th>\n<td>\n<p>60\u00b0C Max. \u00e7al\u0131\u015fma s\u0131cakl\u0131\u011f\u0131, 70% rH Max. nem oran\u0131.<br \/>Ortam kuru ve ya\u011fs\u0131z olmal\u0131.<\/p>\n<\/td>\n<\/tr>\n<tr>\n<th scope=\"row\">\n<p>G\u00fcvenlik<\/p>\n<\/th>\n<td>\n<p>G\u00fc\u00e7 \u00fcnitesinde maksimum 5mA ak\u0131m s\u0131n\u0131rlamas\u0131.<br \/>Pinlerdeki (i\u011fneler) ak\u0131m miktar\u0131 \u00e7al\u0131\u015fan g\u00fcvenli\u011fi i\u00e7in max 50\u00b5A olacak \u015fekilde s\u0131n\u0131rland\u0131r\u0131lm\u0131\u015ft\u0131r.<br \/>\u0130\u011fneleri elektrik \u00e7arpmaz.<\/p>\n<\/td>\n<\/tr>\n<tr>\n<th scope=\"row\">\n<p>G\u00fc\u00e7 Kayna\u011f\u0131\u00a0<\/p>\n<\/th>\n<td>\n<p>AC G\u00fc\u00e7 Kayna\u011f\u0131 |\u00a0 4 \u00c7\u0131k\u0131\u015fl\u0131 7-8kV<\/p>\n<\/td>\n<\/tr>\n<tr>\n<th scope=\"row\">\n<p>Sertifika<\/p>\n<\/th>\n<td>\n<p>CE<\/p>\n<\/td>\n<\/tr>\n<\/tbody>\n<\/table>\n<\/div>\n<\/div>\n<\/div><\/div>\n<\/section><\/div>","protected":false},"excerpt":{"rendered":"<p>Anti Statik Kontrol Nozulu Nozul Tip Statik Eliminat\u00f6r \u00dcretim s\u00fcre\u00e7lerinde elektrostatik y\u00fckler s\u0131kl\u0131kla kesintiye neden olur ve hem i\u015flem h\u0131z\u0131n\u0131 hem de \u00fcr\u00fcn kalitesini d\u00fc\u015f\u00fcr\u00fcr. Noktasal Tip Nozullu Statik Al\u0131c\u0131lar, statik y\u00fck\u00fc n\u00f6tralize etmek ve toz-kir ve di\u011fer kontaminantlar\u0131 y\u00fczeyden ay\u0131rmak i\u00e7in tasarlanm\u0131\u015f hava \u00fcflemeli iyonizerlerdir. Antistatik Nozul, havay\u0131 efektif kullanarak y\u00fcksek h\u0131z ve hava [&hellip;]<\/p>\n","protected":false},"author":1,"featured_media":0,"parent":0,"menu_order":0,"comment_status":"closed","ping_status":"closed","template":"","meta":{"_acf_changed":false,"_breakdance_hide_in_design_set":false,"_breakdance_tags":"","footnotes":""},"class_list":["post-3363","page","type-page","status-publish","hentry"],"acf":[],"_links":{"self":[{"href":"https:\/\/ensude.com\/index.php\/wp-json\/wp\/v2\/pages\/3363","targetHints":{"allow":["GET"]}}],"collection":[{"href":"https:\/\/ensude.com\/index.php\/wp-json\/wp\/v2\/pages"}],"about":[{"href":"https:\/\/ensude.com\/index.php\/wp-json\/wp\/v2\/types\/page"}],"author":[{"embeddable":true,"href":"https:\/\/ensude.com\/index.php\/wp-json\/wp\/v2\/users\/1"}],"replies":[{"embeddable":true,"href":"https:\/\/ensude.com\/index.php\/wp-json\/wp\/v2\/comments?post=3363"}],"version-history":[{"count":3,"href":"https:\/\/ensude.com\/index.php\/wp-json\/wp\/v2\/pages\/3363\/revisions"}],"predecessor-version":[{"id":3367,"href":"https:\/\/ensude.com\/index.php\/wp-json\/wp\/v2\/pages\/3363\/revisions\/3367"}],"wp:attachment":[{"href":"https:\/\/ensude.com\/index.php\/wp-json\/wp\/v2\/media?parent=3363"}],"curies":[{"name":"wp","href":"https:\/\/api.w.org\/{rel}","templated":true}]}}