{"id":3350,"date":"2025-06-11T21:15:10","date_gmt":"2025-06-11T21:15:10","guid":{"rendered":"https:\/\/ensude.com\/?page_id=3350"},"modified":"2025-06-11T21:15:10","modified_gmt":"2025-06-11T21:15:10","slug":"hava-nozullu-anti-statik-bar-cubuk","status":"publish","type":"page","link":"https:\/\/ensude.com\/index.php\/hava-nozullu-anti-statik-bar-cubuk\/","title":{"rendered":"Hava Nozullu Anti Statik Bar &#8211; \u00c7ubuk"},"content":{"rendered":"<div class='breakdance'><section class=\"bde-section-3350-100 bde-section\">\n  \n\t\n\n\n\n<div class=\"section-container\"><h1 class=\"bde-heading-3350-101 bde-heading\">\nHava Nozullu Anti Statik Bar - \u00c7ubuk\n<\/h1><div class=\"bde-columns-3350-102 bde-columns\"><div class=\"bde-column-3350-103 bde-column\">\n  \n\t\n\n\n\n<div class=\"bde-image-3350-104 bde-image\">\n<figure class=\"breakdance-image breakdance-image--3353\">\n\t<div class=\"breakdance-image-container\">\n\t\t<div class=\"breakdance-image-clip\"><img loading=\"lazy\" decoding=\"async\" class=\"breakdance-image-object\" src=\"https:\/\/ensude.com\/wp-content\/uploads\/2025\/06\/statik004.png\" width=\"1202\" height=\"470\" srcset=\"https:\/\/ensude.com\/wp-content\/uploads\/2025\/06\/statik004.png 1202w, https:\/\/ensude.com\/wp-content\/uploads\/2025\/06\/statik004-640x250.png 640w, https:\/\/ensude.com\/wp-content\/uploads\/2025\/06\/statik004-768x300.png 768w\" sizes=\"auto, (max-width: 1202px) 100vw, 1202px\"><\/div>\n\t<\/div><\/figure>\n\n<\/div>\n<\/div><\/div><div class=\"bde-image-3350-106 bde-image\">\n<figure class=\"breakdance-image breakdance-image--3355\">\n\t<div class=\"breakdance-image-container\">\n\t\t<div class=\"breakdance-image-clip\"><img loading=\"lazy\" decoding=\"async\" class=\"breakdance-image-object\" src=\"https:\/\/ensude.com\/wp-content\/uploads\/2025\/06\/statik004_00.webp\" width=\"1200\" height=\"161\" srcset=\"https:\/\/ensude.com\/wp-content\/uploads\/2025\/06\/statik004_00.webp 1200w, https:\/\/ensude.com\/wp-content\/uploads\/2025\/06\/statik004_00-640x86.webp 640w, https:\/\/ensude.com\/wp-content\/uploads\/2025\/06\/statik004_00-768x103.webp 768w\" sizes=\"auto, (max-width: 1200px) 100vw, 1200px\"><\/div>\n\t<\/div><\/figure>\n\n<\/div><div class=\"bde-rich-text-3350-105 bde-rich-text breakdance-rich-text-styles\">\n<p><strong>Nozul Tip Statik Eliminat\u00f6r Bar<\/strong><\/p>\n<p>Model 240 Hava Beslemeli Nozullu Antistatik Barlar, Model 200 Antistatik Barlar\u0131n nozul tip hava \u00fcflemeli modelidir. Kompres\u00f6r havas\u0131n\u0131 kullanarak bar\u0131n efektif statik iyonizasyon mesafesini 1000mm\u2019ye kadar artt\u0131rmaktad\u0131r.<\/p>\n<p>Uzun mesafe iyonizasyon yapmas\u0131n\u0131n yan\u0131nda havan\u0131n yay\u0131larak ilerlemesi ile \u00fcr\u00fcn \u00fczerinde \u00fc\u00e7 boyutlu iyonizasyon sa\u011flar. Film \u015feklinde olmayan \u00fc\u00e7 boyutlu \u00fcr\u00fcnlerde ula\u015f\u0131lmas\u0131 zor b\u00f6lgelere uzun mesafelerden kolayca ula\u015fabilir.<\/p>\n<p>Y\u00fcksek h\u0131zda hava ak\u0131\u015f\u0131 sa\u011flayan kompres\u00f6r beslemeli nozullara sahip antistatik nozul barlar statik n\u00f6t\u00fcrleme ile beraber toz temizleme ve \u00f6nleme i\u015flevi g\u00f6r\u00fcr.<\/p>\n<p>Kal\u0131plarda, plastik levhalarda, konvey\u00f6rlerde ve \u00e7e\u015fitli ebatlara sahip \u00fc\u00e7 boyutlu par\u00e7alarda statik n\u00f6t\u00fcrleme ile beraber toz temizleme i\u015flevi i\u00e7in de kullan\u0131l\u0131r.<\/p>\n<p><img loading=\"lazy\" decoding=\"async\" class=\"alignright size-full wp-image-3354\" src=\"https:\/\/ensude.com\/wp-content\/uploads\/2024\/07\/statik004_01.png\" alt=\"\" width=\"1052\" height=\"1042\" srcset=\"https:\/\/ensude.com\/wp-content\/uploads\/2024\/07\/statik004_01.png 1052w, https:\/\/ensude.com\/wp-content\/uploads\/2024\/07\/statik004_01-640x634.png 640w, https:\/\/ensude.com\/wp-content\/uploads\/2024\/07\/statik004_01-768x761.png 768w\" sizes=\"auto, (max-width: 1052px) 100vw, 1052px\" \/><\/p>\n<p><strong>Hava \u00dcflemeli Anti Statik Al\u0131c\u0131 Bar Nas\u0131l \u00c7al\u0131\u015f\u0131r<\/strong><\/p>\n<p>Anti statik iyonizer barlar, pinlerin \u00e7evresindeki havay\u0131 iyonize eder. \u0130yonize hava, k\u0131sa bir s\u00fcre i\u00e7erisinde normal havaya d\u00f6n\u00fc\u015f\u00fcr. Ortam\u0131n \u015fartlar\u0131na g\u00f6re iyonize hava, normal havaya d\u00f6nmeden max 150-200mm ileriye ta\u015f\u0131nabilir.<\/p>\n<p>Model 240 Hava Nozullu Antistatik Barlar, iyonize olmu\u015f havay\u0131 s\u0131k\u0131\u015ft\u0131r\u0131lm\u0131\u015f kompres\u00f6r havas\u0131n\u0131 kullanarak uzak mesafelere k\u0131sa s\u00fcrede ta\u015f\u0131yabilmektedir. \u00d6rne\u011fin 1-2 bar hava bas\u0131nc\u0131 ile 600mm\u2019ye kadar n\u00f6t\u00fcrleme yapabilirken, 3-4 bar hava bas\u0131nc\u0131 ile 1m\u2019 ye kadar n\u00f6t\u00fcrleme yap\u0131labilir. Bas\u0131n\u00e7 artt\u0131k\u00e7a hava ak\u0131\u015f h\u0131z\u0131 ve n\u00f6t\u00fcrleme mesafesi de artacakt\u0131r.<\/p>\n<p>Temizleme uygulamalar\u0131 i\u00e7in tipik \u00e7al\u0131\u015fma mesafesi 5 bar bas\u0131n\u00e7ta 100-200 mm aras\u0131ndad\u0131r. Daha etkili statik eliminasyon i\u00e7in Blower Tip Statik Al\u0131c\u0131lar\u0131m\u0131z\u0131 da inceleyiniz. \u0130yonize hava, bar\u0131n pinlerine 20\u00b0 a\u00e7\u0131 ile ileriye iletilir.<\/p>\n<div>\n<div>\n<table dir=\"ltr\" border=\"1\" width=\"100%\" cellspacing=\"0\" cellpadding=\"10\" align=\"center\"><caption>\n<h3>\u00d6zellikler<\/h3>\n<\/caption>\n<tbody>\n<tr>\n<th scope=\"row\">\n<p>Yap\u0131<\/p>\n<\/th>\n<td>\n<p><strong>\u0130yonizer<\/strong>: Eloksal boyal\u0131 aluminyum ve PVC profil. Epoksi dolgu ve paslanmaz \u00e7elik sertle\u015ftirilmi\u015f pinler<br \/><strong>Nozul<\/strong>: Windjet ABS y\u00fcksek performans yuvarlak nozul veya mini hava tara\u011f\u0131<\/p>\n<\/td>\n<\/tr>\n<tr>\n<th scope=\"row\">\n<p>Boy<\/p>\n<\/th>\n<td>\n<p>\u0130stenilen boyda \u00fcretilebilir (120mm - 2000mm)<\/p>\n<\/td>\n<\/tr>\n<tr>\n<th scope=\"row\">\n<p>Kablo<\/p>\n<\/th>\n<td>\n<p>Esnek, y\u00fcksek voltaj dayan\u0131ml\u0131 kablo.<br \/>Minimum b\u00fck\u00fcm yar\u0131 \u00e7ap\u0131 60mm.<br \/>Standart kablo boyu 2 metredir. (\u0130ste\u011fe g\u00f6re daha uzun boylarda da \u00fcretilebilir).<br \/>Ara kablolar ile seri halinde \u00fcretim yap\u0131labilir.<br \/>90\u00b0 Kablo \u00e7\u0131k\u0131\u015f opsiyonu.<\/p>\n<\/td>\n<\/tr>\n<tr>\n<th scope=\"row\">\n<p>Ortam<\/p>\n<\/th>\n<td>\n<p>60\u00b0C Max. \u00e7al\u0131\u015fma s\u0131cakl\u0131\u011f\u0131, 70% rH Max. nem oran\u0131.<br \/>Ortam kuru ve ya\u011fs\u0131z olmal\u0131.<\/p>\n<\/td>\n<\/tr>\n<tr>\n<th scope=\"row\">\n<p>G\u00fcvenlik<\/p>\n<\/th>\n<td>\n<p>G\u00fc\u00e7 \u00fcnitesinde maksimum 5mA ak\u0131m s\u0131n\u0131rlamas\u0131.<br \/>Pinlerdeki (i\u011fneler) ak\u0131m miktar\u0131 \u00e7al\u0131\u015fan g\u00fcvenli\u011fi i\u00e7in max 50\u00b5A olacak \u015fekilde s\u0131n\u0131rland\u0131r\u0131lm\u0131\u015ft\u0131r.<br \/>\u0130\u011fneleri elektrik \u00e7arpmaz.<\/p>\n<\/td>\n<\/tr>\n<tr>\n<th scope=\"row\">\n<p>G\u00fc\u00e7 \u00dcnitesi\u00a0<\/p>\n<\/th>\n<td>\n<p>AC G\u00fc\u00e7 \u00dcnitesi |\u00a0 4 \u00c7\u0131k\u0131\u015fl\u0131 7-8kV<\/p>\n<\/td>\n<\/tr>\n<tr>\n<th scope=\"row\">\n<p>Sertifika<\/p>\n<\/th>\n<td>\n<p>CE<\/p>\n<\/td>\n<\/tr>\n<\/tbody>\n<\/table>\n<\/div>\n<\/div>\n<\/div><\/div>\n<\/section><\/div>","protected":false},"excerpt":{"rendered":"<p>Hava Nozullu Anti Statik Bar &#8211; \u00c7ubuk Nozul Tip Statik Eliminat\u00f6r Bar Model 240 Hava Beslemeli Nozullu Antistatik Barlar, Model 200 Antistatik Barlar\u0131n nozul tip hava \u00fcflemeli modelidir. Kompres\u00f6r havas\u0131n\u0131 kullanarak bar\u0131n efektif statik iyonizasyon mesafesini 1000mm\u2019ye kadar artt\u0131rmaktad\u0131r. Uzun mesafe iyonizasyon yapmas\u0131n\u0131n yan\u0131nda havan\u0131n yay\u0131larak ilerlemesi ile \u00fcr\u00fcn \u00fczerinde \u00fc\u00e7 boyutlu iyonizasyon sa\u011flar. Film [&hellip;]<\/p>\n","protected":false},"author":1,"featured_media":0,"parent":0,"menu_order":0,"comment_status":"closed","ping_status":"closed","template":"","meta":{"_acf_changed":false,"_breakdance_hide_in_design_set":false,"_breakdance_tags":"","footnotes":""},"class_list":["post-3350","page","type-page","status-publish","hentry"],"acf":[],"_links":{"self":[{"href":"https:\/\/ensude.com\/index.php\/wp-json\/wp\/v2\/pages\/3350","targetHints":{"allow":["GET"]}}],"collection":[{"href":"https:\/\/ensude.com\/index.php\/wp-json\/wp\/v2\/pages"}],"about":[{"href":"https:\/\/ensude.com\/index.php\/wp-json\/wp\/v2\/types\/page"}],"author":[{"embeddable":true,"href":"https:\/\/ensude.com\/index.php\/wp-json\/wp\/v2\/users\/1"}],"replies":[{"embeddable":true,"href":"https:\/\/ensude.com\/index.php\/wp-json\/wp\/v2\/comments?post=3350"}],"version-history":[{"count":4,"href":"https:\/\/ensude.com\/index.php\/wp-json\/wp\/v2\/pages\/3350\/revisions"}],"predecessor-version":[{"id":3357,"href":"https:\/\/ensude.com\/index.php\/wp-json\/wp\/v2\/pages\/3350\/revisions\/3357"}],"wp:attachment":[{"href":"https:\/\/ensude.com\/index.php\/wp-json\/wp\/v2\/media?parent=3350"}],"curies":[{"name":"wp","href":"https:\/\/api.w.org\/{rel}","templated":true}]}}