{"id":3337,"date":"2025-06-11T21:15:57","date_gmt":"2025-06-11T21:15:57","guid":{"rendered":"https:\/\/ensude.com\/?page_id=3337"},"modified":"2025-06-11T21:15:57","modified_gmt":"2025-06-11T21:15:57","slug":"havali-anti-statik-bar","status":"publish","type":"page","link":"https:\/\/ensude.com\/index.php\/havali-anti-statik-bar\/","title":{"rendered":"Haval\u0131 Anti Statik Bar"},"content":{"rendered":"<div class='breakdance'><section class=\"bde-section-3337-100 bde-section\">\n  \n\t\n\n\n\n<div class=\"section-container\"><h1 class=\"bde-heading-3337-101 bde-heading\">\nHaval\u0131 Anti Statik Bar\n<\/h1><div class=\"bde-columns-3337-102 bde-columns\"><div class=\"bde-column-3337-103 bde-column\">\n  \n\t\n\n\n\n<div class=\"bde-image-3337-104 bde-image\">\n<figure class=\"breakdance-image breakdance-image--3341\">\n\t<div class=\"breakdance-image-container\">\n\t\t<div class=\"breakdance-image-clip\"><img loading=\"lazy\" decoding=\"async\" class=\"breakdance-image-object\" src=\"https:\/\/ensude.com\/wp-content\/uploads\/2025\/06\/statik003.png\" width=\"1201\" height=\"413\" srcset=\"https:\/\/ensude.com\/wp-content\/uploads\/2025\/06\/statik003.png 1201w, https:\/\/ensude.com\/wp-content\/uploads\/2025\/06\/statik003-640x220.png 640w, https:\/\/ensude.com\/wp-content\/uploads\/2025\/06\/statik003-768x264.png 768w\" sizes=\"auto, (max-width: 1201px) 100vw, 1201px\"><\/div>\n\t<\/div><\/figure>\n\n<\/div>\n<\/div><\/div><div class=\"bde-image-3337-106 bde-image\">\n<figure class=\"breakdance-image breakdance-image--3358\">\n\t<div class=\"breakdance-image-container\">\n\t\t<div class=\"breakdance-image-clip\"><img loading=\"lazy\" decoding=\"async\" class=\"breakdance-image-object\" src=\"https:\/\/ensude.com\/wp-content\/uploads\/2025\/06\/statik003_00.webp\" width=\"1200\" height=\"161\" srcset=\"https:\/\/ensude.com\/wp-content\/uploads\/2025\/06\/statik003_00.webp 1200w, https:\/\/ensude.com\/wp-content\/uploads\/2025\/06\/statik003_00-640x86.webp 640w, https:\/\/ensude.com\/wp-content\/uploads\/2025\/06\/statik003_00-768x103.webp 768w\" sizes=\"auto, (max-width: 1200px) 100vw, 1200px\"><\/div>\n\t<\/div><\/figure>\n\n<\/div><div class=\"bde-rich-text-3337-105 bde-rich-text breakdance-rich-text-styles\">\n<p><strong>Hava \u00dcflemeli Anti Statik Al\u0131c\u0131 Bar - \u00c7ubuk<\/strong><\/p>\n<p>Model 220 Hava \u00dcflemeli Statik Elektrik Al\u0131c\u0131 Bar, Model 200 Anti-statik Bar\u0131n hava beslemeli boru tip hava \u00fcflemeli modelidir. Kompres\u00f6r havas\u0131n\u0131 kullanarak bar\u0131n efektif statik iyonizasyon mesafesini 500mm\u2019ye kadar artt\u0131rmaktad\u0131r.<\/p>\n<p>Hava \u00fcflemeli statik elektrik al\u0131c\u0131lar, uzun mesafeden statik alma yapmas\u0131n\u0131n yan\u0131nda havan\u0131n yay\u0131larak ilerlemesi ile \u00fcr\u00fcn \u00fczerinde \u00fc\u00e7 boyutlu iyonizasyon sa\u011flar. Film \u015feklinde olmayan \u00fc\u00e7 boyutlu \u00fcr\u00fcnlerde ula\u015f\u0131lmas\u0131 zor b\u00f6lgelere uzun mesafelerden kolayca ula\u015fabilir.<\/p>\n<p><img loading=\"lazy\" decoding=\"async\" class=\"alignright size-full wp-image-3345\" src=\"https:\/\/ensude.com\/wp-content\/uploads\/2024\/07\/statik003_01.png\" alt=\"\" width=\"1132\" height=\"1002\" srcset=\"https:\/\/ensude.com\/wp-content\/uploads\/2024\/07\/statik003_01.png 1132w, https:\/\/ensude.com\/wp-content\/uploads\/2024\/07\/statik003_01-640x567.png 640w, https:\/\/ensude.com\/wp-content\/uploads\/2024\/07\/statik003_01-768x680.png 768w\" sizes=\"auto, (max-width: 1132px) 100vw, 1132px\" \/><\/p>\n<p><strong>Hava Beslemeli Anti Statik \u00d6nleyici Bar Nas\u0131l \u00c7al\u0131\u015f\u0131r<\/strong><\/p>\n<p>Anti statik iyonizer barlar, pinlerin \u00e7evresindeki havay\u0131 iyonize eder. \u0130yonize hava, k\u0131sa bir s\u00fcre i\u00e7erisinde normal havaya d\u00f6n\u00fc\u015f\u00fcr. Ortam\u0131n \u015fartlar\u0131na g\u00f6re iyonize hava, normal havaya d\u00f6nmeden max 150-200mm ileriye ta\u015f\u0131nabilir.<\/p>\n<p>Model 220 Hava Beslemeli Statik \u00d6nleyici Barlar, iyonize olmu\u015f havay\u0131 s\u0131k\u0131\u015ft\u0131r\u0131lm\u0131\u015f kompres\u00f6r havas\u0131n\u0131 kullanarak uzak mesafelere k\u0131sa s\u00fcrede ta\u015f\u0131yabilmektedir.<\/p>\n<p>\u0130yonize hava, bar\u0131n pinlerine 45\u00ba a\u00e7\u0131l\u0131 olarak ileriye iletilir.<\/p>\n<table dir=\"ltr\" border=\"1\" width=\"100%\" cellspacing=\"0\" cellpadding=\"10\" align=\"center\"><caption>\n<h3>\u00d6zellikler<\/h3>\n<\/caption>\n<thead><\/thead>\n<tbody>\n<tr>\n<th scope=\"row\">\n<p>Yap\u0131<\/p>\n<\/th>\n<td>\n<p>\u00a0 Eloksal boyal\u0131 Aluminyum ve PVC profil. Epoksi dolgu ve paslanmaz \u00e7elik sertle\u015ftirilmi\u015f pinler<\/p>\n<\/td>\n<\/tr>\n<tr>\n<th scope=\"row\">\n<p>Boy<\/p>\n<\/th>\n<td>\n<p>\u00a0 \u0130stenilen boyda \u00fcretilebilir (80mm - 6000mm)<\/p>\n<\/td>\n<\/tr>\n<tr>\n<th scope=\"row\">\n<p>Kablo<\/p>\n<\/th>\n<td>\n<p>Esnek, y\u00fcksek voltaj dayan\u0131ml\u0131 kablo.<br \/>Minimum b\u00fck\u00fcm yar\u0131 \u00e7ap\u0131 60mm.<br \/>Standart kablo boyu 2 metredir. (\u0130ste\u011fe g\u00f6re daha uzun boylarda da \u00fcretilebilir).<br \/>Ara kablolar ile seri halinde \u00fcretim yap\u0131labilir.<br \/>90\u00b0 Kablo \u00e7\u0131k\u0131\u015f opsiyonu.<\/p>\n<\/td>\n<\/tr>\n<tr>\n<th scope=\"row\">\n<p>Ortam<\/p>\n<\/th>\n<td>\n<p>60\u00b0C Max. \u00e7al\u0131\u015fma s\u0131cakl\u0131\u011f\u0131, 70% rH Max. nem oran\u0131.<br \/>Ortam kuru ve ya\u011fs\u0131z olmal\u0131.<\/p>\n<\/td>\n<\/tr>\n<tr>\n<th scope=\"row\">\n<p>G\u00fcvenlik<\/p>\n<\/th>\n<td>\n<p>G\u00fc\u00e7 \u00fcnitesinde maksimum 5mA ak\u0131m s\u0131n\u0131rlamas\u0131.<br \/>Pinlerdeki (i\u011fneler) ak\u0131m miktar\u0131 \u00e7al\u0131\u015fan g\u00fcvenli\u011fi i\u00e7in max 50\u00b5A olacak \u015fekilde s\u0131n\u0131rland\u0131r\u0131lm\u0131\u015ft\u0131r.<br \/>\u0130\u011fneleri elektrik \u00e7arpmaz.<\/p>\n<\/td>\n<\/tr>\n<tr>\n<th scope=\"row\">\n<p>G\u00fc\u00e7 \u00dcnitesi\u00a0<\/p>\n<\/th>\n<td>\n<p>AC G\u00fc\u00e7 \u00dcnitesi |\u00a0 4 \u00c7\u0131k\u0131\u015fl\u0131 7-8kV<\/p>\n<\/td>\n<\/tr>\n<tr>\n<th scope=\"row\">\n<p>Sertifika<\/p>\n<\/th>\n<td>\n<p>CE<\/p>\n<\/td>\n<\/tr>\n<\/tbody>\n<\/table>\n<div id=\"ctl00_cph1_ctl00_ctl01_panel_alan_4\">\u00a0<\/div>\n<\/div><\/div>\n<\/section><\/div>","protected":false},"excerpt":{"rendered":"<p>Haval\u0131 Anti Statik Bar Hava \u00dcflemeli Anti Statik Al\u0131c\u0131 Bar &#8211; \u00c7ubuk Model 220 Hava \u00dcflemeli Statik Elektrik Al\u0131c\u0131 Bar, Model 200 Anti-statik Bar\u0131n hava beslemeli boru tip hava \u00fcflemeli modelidir. Kompres\u00f6r havas\u0131n\u0131 kullanarak bar\u0131n efektif statik iyonizasyon mesafesini 500mm\u2019ye kadar artt\u0131rmaktad\u0131r. Hava \u00fcflemeli statik elektrik al\u0131c\u0131lar, uzun mesafeden statik alma yapmas\u0131n\u0131n yan\u0131nda havan\u0131n yay\u0131larak [&hellip;]<\/p>\n","protected":false},"author":1,"featured_media":0,"parent":0,"menu_order":0,"comment_status":"closed","ping_status":"closed","template":"","meta":{"_acf_changed":false,"_breakdance_hide_in_design_set":false,"_breakdance_tags":"","footnotes":""},"class_list":["post-3337","page","type-page","status-publish","hentry"],"acf":[],"_links":{"self":[{"href":"https:\/\/ensude.com\/index.php\/wp-json\/wp\/v2\/pages\/3337","targetHints":{"allow":["GET"]}}],"collection":[{"href":"https:\/\/ensude.com\/index.php\/wp-json\/wp\/v2\/pages"}],"about":[{"href":"https:\/\/ensude.com\/index.php\/wp-json\/wp\/v2\/types\/page"}],"author":[{"embeddable":true,"href":"https:\/\/ensude.com\/index.php\/wp-json\/wp\/v2\/users\/1"}],"replies":[{"embeddable":true,"href":"https:\/\/ensude.com\/index.php\/wp-json\/wp\/v2\/comments?post=3337"}],"version-history":[{"count":6,"href":"https:\/\/ensude.com\/index.php\/wp-json\/wp\/v2\/pages\/3337\/revisions"}],"predecessor-version":[{"id":3405,"href":"https:\/\/ensude.com\/index.php\/wp-json\/wp\/v2\/pages\/3337\/revisions\/3405"}],"wp:attachment":[{"href":"https:\/\/ensude.com\/index.php\/wp-json\/wp\/v2\/media?parent=3337"}],"curies":[{"name":"wp","href":"https:\/\/api.w.org\/{rel}","templated":true}]}}