{"id":3322,"date":"2025-06-11T21:15:51","date_gmt":"2025-06-11T21:15:51","guid":{"rendered":"https:\/\/ensude.com\/?page_id=3322"},"modified":"2025-06-11T21:15:51","modified_gmt":"2025-06-11T21:15:51","slug":"anti-statik-bar-cubuk","status":"publish","type":"page","link":"https:\/\/ensude.com\/index.php\/anti-statik-bar-cubuk\/","title":{"rendered":"Anti Statik Bar (\u00c7ubuk)"},"content":{"rendered":"<div class='breakdance'><section class=\"bde-section-3322-100 bde-section\">\n  \n\t\n\n\n\n<div class=\"section-container\"><h1 class=\"bde-heading-3322-101 bde-heading\">\nAnti Statik Bar (\u00c7ubuk)\n<\/h1><div class=\"bde-columns-3322-102 bde-columns\"><div class=\"bde-column-3322-103 bde-column\">\n  \n\t\n\n\n\n<div class=\"bde-image-3322-104 bde-image\">\n<figure class=\"breakdance-image breakdance-image--3325\">\n\t<div class=\"breakdance-image-container\">\n\t\t<div class=\"breakdance-image-clip\"><img loading=\"lazy\" decoding=\"async\" class=\"breakdance-image-object\" src=\"https:\/\/ensude.com\/wp-content\/uploads\/2025\/06\/statik002.png\" width=\"1202\" height=\"501\" srcset=\"https:\/\/ensude.com\/wp-content\/uploads\/2025\/06\/statik002.png 1202w, https:\/\/ensude.com\/wp-content\/uploads\/2025\/06\/statik002-640x267.png 640w, https:\/\/ensude.com\/wp-content\/uploads\/2025\/06\/statik002-768x320.png 768w\" sizes=\"auto, (max-width: 1202px) 100vw, 1202px\"><\/div>\n\t<\/div><\/figure>\n\n<\/div>\n<\/div><\/div><div class=\"bde-image-3322-110 bde-image\">\n<figure class=\"breakdance-image breakdance-image--3360\">\n\t<div class=\"breakdance-image-container\">\n\t\t<div class=\"breakdance-image-clip\"><img loading=\"lazy\" decoding=\"async\" class=\"breakdance-image-object\" src=\"https:\/\/ensude.com\/wp-content\/uploads\/2025\/06\/statik002_00.webp\" width=\"1200\" height=\"160\" srcset=\"https:\/\/ensude.com\/wp-content\/uploads\/2025\/06\/statik002_00.webp 1200w, https:\/\/ensude.com\/wp-content\/uploads\/2025\/06\/statik002_00-640x85.webp 640w, https:\/\/ensude.com\/wp-content\/uploads\/2025\/06\/statik002_00-768x102.webp 768w\" sizes=\"auto, (max-width: 1200px) 100vw, 1200px\"><\/div>\n\t<\/div><\/figure>\n\n<\/div><div class=\"bde-rich-text-3322-105 bde-rich-text breakdance-rich-text-styles\">\n<p><strong>Statik Eliminat\u00f6r Bar<\/strong><\/p>\n<p>Model 200 Anti Statik (\u00c7ubuk) Barlar, y\u00fcksek h\u0131zl\u0131 web uygulamalar\u0131 dahil statik elektrikten kaynaklanan \u00fcretimdeki problemlerin \u00e7o\u011funa \u00e7\u00f6z\u00fcm sunacak \u015fekilde tasarland\u0131.<\/p>\n<p>Model 200 iyonizerlerin g\u00fc\u00e7l\u00fc performans\u0131, y\u00fcksek statik y\u00fcklerde bile \u00e7ok k\u0131sa iyonize s\u00fcresi ve efektif iyonizasyon sa\u011flar.<\/p>\n<p>Antistatik barlar, ambalaj, tekstil, plastik gibi bir \u00e7ok sekt\u00f6rde statik elektrik al\u0131c\u0131 ve \u00f6nleyici \u00e7\u00f6z\u00fcm\u00fc i\u00e7in ilk tercih olarak \u00f6ne \u00e7\u0131kmaktad\u0131r.<img loading=\"lazy\" decoding=\"async\" class=\"alignright size-full wp-image-3326\" src=\"https:\/\/ensude.com\/wp-content\/uploads\/2024\/07\/statik002_01.png\" alt=\"\" width=\"1200\" height=\"773\" srcset=\"https:\/\/ensude.com\/wp-content\/uploads\/2024\/07\/statik002_01.png 1200w, https:\/\/ensude.com\/wp-content\/uploads\/2024\/07\/statik002_01-640x412.png 640w, https:\/\/ensude.com\/wp-content\/uploads\/2024\/07\/statik002_01-768x495.png 768w\" sizes=\"auto, (max-width: 1200px) 100vw, 1200px\" \/><\/p>\n<p><strong>Anti Statik Bar Nas\u0131l \u00c7al\u0131\u015f\u0131r<\/strong><\/p>\n<p>Y\u00fcksek voltaj\u0131n kontroll\u00fc ve g\u00fcvenli bir \u015fekilde bar\u0131n pinlerine aktar\u0131lmas\u0131 ile \u00e7al\u0131\u015f\u0131r. Pinlerdeki elektriksel alan, etraf\u0131ndaki havay\u0131 iyonize eder. \u0130yonize hava, \u00fcr\u00fcn \u00fczerindeki statik y\u00fck\u00fc n\u00f6t\u00fcrler.<\/p>\n<ul>\n<li><strong>200mm\u2019ye kadar etki mesafesi<\/strong><\/li>\n<li><strong>Y\u00fcksek h\u0131zl\u0131 uygulamalarda bile y\u00fcksek performans\u0131.\u00a0700m\/dk h\u0131za kadar \u00e7al\u0131\u015fma performans\u0131<\/strong><\/li>\n<li><strong>Yo\u011fun iyonizasyon i\u00e7in 10mm aral\u0131klarla yerle\u015ftirilmi\u015f paslanmaz \u00e7elik pinler<\/strong><\/li>\n<li><strong>Kompakt ve ince yap\u0131s\u0131 sayesinde dar alanlara kolayca yerle\u015ftirilebilir ve kolay montaj yap\u0131l\u0131r<\/strong><\/li>\n<li><strong>Sa\u011flam yap\u0131s\u0131 ile uzun s\u00fcre y\u00fcksek performans sa\u011flar.<\/strong><\/li>\n<li><strong>Y\u00fcksek voltaja ra\u011fmen tamamen \u015foksuz \u00e7al\u0131\u015fma sa\u011flayan, \u00e7arp\u0131lma \u00f6nleyici devre.<\/strong><\/li>\n<li><strong>Y\u00fcksek esnekli\u011fe sahip y\u00fcksek voltaj kablosu<\/strong><\/li>\n<li><strong>Y\u0131kanabilen ve kolay temizlenebilen, tamamen izole edilmi\u015f g\u00f6vde<\/strong><\/li>\n<li><strong>G\u0131da, medikal, ila\u00e7 sekt\u00f6r\u00fc ve bir \u00e7ok temiz oda uygulamalar\u0131 i\u00e7in ideal<\/strong><\/li>\n<li><strong>Farkl\u0131 ba\u011flant\u0131 imkanlar\u0131;\u00a0A\u00e7\u0131k model (Standart),\u00a0Kompakt model (Konnekt\u00f6rl\u00fc),\u00a090 derece ba\u011flant\u0131,\u00a0Seri ba\u011flant\u0131<\/strong><\/li>\n<\/ul>\n<table style=\"width: 100%;\" border=\"1\" cellspacing=\"0\" cellpadding=\"5\" align=\"center\"><caption>\n<h3>\u00d6zellikler<\/h3>\n<\/caption>\n<thead><\/thead>\n<tbody>\n<tr>\n<th>\n<p style=\"text-align: left;\">Yap\u0131<\/p>\n<\/th>\n<td>\n<p>Eloksal boyal\u0131 Aluminyum ve PVC profil. Epoksi dolgu ve paslanmaz \u00e7elik sertle\u015ftirilmi\u015f pinler<\/p>\n<\/td>\n<\/tr>\n<tr>\n<th>\n<p style=\"text-align: left;\">Boy<\/p>\n<\/th>\n<td>\n<p>\u0130stenilen boyda \u00fcretilebilir (80mm - 6000mm)\u00a0<br \/>Toplam Boy = Aktif Boy + 50mm<\/p>\n<\/td>\n<\/tr>\n<tr>\n<th>\n<p style=\"text-align: left;\">Kablo<\/p>\n<\/th>\n<td>\n<p>Esnek, y\u00fcksek voltaj dayan\u0131ml\u0131 kablo.<br \/>Minimum b\u00fck\u00fcm yar\u0131 \u00e7ap\u0131 60mm.<br \/>Standart kablo boyu 2 metredir. (\u0130ste\u011fe g\u00f6re daha uzun boylarda da \u00fcretilebilir).<br \/>Ara kablolar ile seri halinde \u00fcretim yap\u0131labilir.<br \/>90\u00b0 Kablo \u00e7\u0131k\u0131\u015f opsiyonu.<\/p>\n<\/td>\n<\/tr>\n<tr>\n<th>\n<p style=\"text-align: left;\">Ortam<\/p>\n<\/th>\n<td>\n<p>60\u00b0C Max. \u00e7al\u0131\u015fma s\u0131cakl\u0131\u011f\u0131, 70% rH Max. nem oran\u0131.<\/p>\n<\/td>\n<\/tr>\n<tr>\n<th>\n<p style=\"text-align: left;\">G\u00fcvenlik<\/p>\n<\/th>\n<td>\n<p>G\u00fc\u00e7 \u00fcnitesinde maksimum 5mA ak\u0131m s\u0131n\u0131rlamas\u0131.<br \/>Pinlerdeki (i\u011fneler) ak\u0131m miktar\u0131 \u00e7al\u0131\u015fan g\u00fcvenli\u011fi i\u00e7in max 50\u00b5A olacak \u015fekilde s\u0131n\u0131rland\u0131r\u0131lm\u0131\u015ft\u0131r.<br \/>\u0130\u011fneleri elektrik \u00e7arpmaz.<\/p>\n<\/td>\n<\/tr>\n<tr>\n<th>\n<p style=\"text-align: left;\">G\u00fc\u00e7 \u00dcnitesi\u00a0<\/p>\n<\/th>\n<td>\n<p>AC G\u00fc\u00e7 \u00dcnitesi\u00a0 |\u00a0 4 \u00c7\u0131k\u0131\u015fl\u0131 7-8kV<\/p>\n<\/td>\n<\/tr>\n<tr>\n<th>\n<p style=\"text-align: left;\">Sertifika<\/p>\n<\/th>\n<td>\n<p>CE<\/p>\n<\/td>\n<\/tr>\n<\/tbody>\n<\/table>\n<p>\u00a0<\/p>\n<\/div><\/div>\n<\/section><\/div>","protected":false},"excerpt":{"rendered":"<p>Anti Statik Bar (\u00c7ubuk) Statik Eliminat\u00f6r Bar Model 200 Anti Statik (\u00c7ubuk) Barlar, y\u00fcksek h\u0131zl\u0131 web uygulamalar\u0131 dahil statik elektrikten kaynaklanan \u00fcretimdeki problemlerin \u00e7o\u011funa \u00e7\u00f6z\u00fcm sunacak \u015fekilde tasarland\u0131. Model 200 iyonizerlerin g\u00fc\u00e7l\u00fc performans\u0131, y\u00fcksek statik y\u00fcklerde bile \u00e7ok k\u0131sa iyonize s\u00fcresi ve efektif iyonizasyon sa\u011flar. Antistatik barlar, ambalaj, tekstil, plastik gibi bir \u00e7ok sekt\u00f6rde statik [&hellip;]<\/p>\n","protected":false},"author":1,"featured_media":0,"parent":0,"menu_order":0,"comment_status":"closed","ping_status":"closed","template":"","meta":{"_acf_changed":false,"_breakdance_hide_in_design_set":false,"_breakdance_tags":"","footnotes":""},"class_list":["post-3322","page","type-page","status-publish","hentry"],"acf":[],"_links":{"self":[{"href":"https:\/\/ensude.com\/index.php\/wp-json\/wp\/v2\/pages\/3322","targetHints":{"allow":["GET"]}}],"collection":[{"href":"https:\/\/ensude.com\/index.php\/wp-json\/wp\/v2\/pages"}],"about":[{"href":"https:\/\/ensude.com\/index.php\/wp-json\/wp\/v2\/types\/page"}],"author":[{"embeddable":true,"href":"https:\/\/ensude.com\/index.php\/wp-json\/wp\/v2\/users\/1"}],"replies":[{"embeddable":true,"href":"https:\/\/ensude.com\/index.php\/wp-json\/wp\/v2\/comments?post=3322"}],"version-history":[{"count":11,"href":"https:\/\/ensude.com\/index.php\/wp-json\/wp\/v2\/pages\/3322\/revisions"}],"predecessor-version":[{"id":3404,"href":"https:\/\/ensude.com\/index.php\/wp-json\/wp\/v2\/pages\/3322\/revisions\/3404"}],"wp:attachment":[{"href":"https:\/\/ensude.com\/index.php\/wp-json\/wp\/v2\/media?parent=3322"}],"curies":[{"name":"wp","href":"https:\/\/api.w.org\/{rel}","templated":true}]}}