{"id":3291,"date":"2025-06-11T21:15:37","date_gmt":"2025-06-11T21:15:37","guid":{"rendered":"https:\/\/ensude.com\/?page_id=3291"},"modified":"2025-06-11T21:20:27","modified_gmt":"2025-06-11T21:20:27","slug":"statik-elektrik-onleyiciler","status":"publish","type":"page","link":"https:\/\/ensude.com\/index.php\/statik-elektrik-onleyiciler\/","title":{"rendered":"Statik Elektrik \u00d6nleyiciler"},"content":{"rendered":"<div class='breakdance'><section class=\"bde-section-3291-100 bde-section\">\n  \n\t\n\n\n\n<div class=\"section-container\"><h1 class=\"bde-heading-3291-101 bde-heading\">\nSTAT\u0130K ELEKTR\u0130K \u00d6NLEY\u0130C\u0130LER\n<\/h1><div class=\"bde-columns-3291-102 bde-columns\"><div class=\"bde-column-3291-103 bde-column\">\n  \n\t\n\n\n\n<div class=\"bde-image-box-3291-104 bde-image-box\">\n<div class=\"ee-imagebox-image\">\n  <img loading=\"lazy\" decoding=\"async\" class=\"breakdance-image-object\" src=\"https:\/\/ensude.com\/wp-content\/uploads\/2025\/06\/statik001_.png\" width=\"577\" height=\"501\" sizes=\"auto, (max-width: 577px) 100vw, 577px\">\n<\/div>\n<div class=\"ee-imagebox-content\">\n      <p class=\"ee-imagebox-title bde-h3\" >Anti Statik G\u00fc\u00e7 \u00dcnitesi (Kayna\u011f\u0131)<\/p>\n    \n    \n          \n                                    \n    \n    \n    \n    \n            \n                    \n            \n            \n\n    \n    \n    \n    \n    \n    <a class=\"breakdance-link button-atom button-atom--custom ee-imagebox-button\" href=\"https:\/\/ensude.com\/?page_id=3312\" target=\"_self\" data-type=\"url\"  >\n\n    \n        <span class=\"button-atom__text\">\u00dcR\u00dcN DETAY<\/span>\n\n        \n        \n                <\/a>\n\n    \n\n  <\/div>\n\n<\/div><div class=\"bde-image-box-3291-105 bde-image-box\">\n<div class=\"ee-imagebox-image\">\n  <img loading=\"lazy\" decoding=\"async\" class=\"breakdance-image-object\" src=\"https:\/\/ensude.com\/wp-content\/uploads\/2025\/06\/statik005_.png\" width=\"577\" height=\"501\" sizes=\"auto, (max-width: 577px) 100vw, 577px\">\n<\/div>\n<div class=\"ee-imagebox-content\">\n      <p class=\"ee-imagebox-title bde-h3\" >Anti Statik Kontrol Nozulu<\/p>\n    \n    \n          \n                                    \n    \n    \n    \n    \n            \n                    \n            \n            \n\n    \n    \n    \n    \n    \n    <a class=\"breakdance-link button-atom button-atom--custom ee-imagebox-button\" href=\"https:\/\/ensude.com\/?page_id=3363\" target=\"_self\" data-type=\"url\"  >\n\n    \n        <span class=\"button-atom__text\">\u00dcR\u00dcN DETAY<\/span>\n\n        \n        \n                <\/a>\n\n    \n\n  <\/div>\n\n<\/div>\n<\/div><div class=\"bde-column-3291-113 bde-column\">\n  \n\t\n\n\n\n<div class=\"bde-image-box-3291-114 bde-image-box\">\n<div class=\"ee-imagebox-image\">\n  <img loading=\"lazy\" decoding=\"async\" class=\"breakdance-image-object\" src=\"https:\/\/ensude.com\/wp-content\/uploads\/2025\/06\/statik002_.png\" width=\"577\" height=\"501\" sizes=\"auto, (max-width: 577px) 100vw, 577px\">\n<\/div>\n<div class=\"ee-imagebox-content\">\n      <p class=\"ee-imagebox-title bde-h3\" >Anti Statik Bar (\u00c7ubuk)<\/p>\n    \n    \n          \n                                    \n    \n    \n    \n    \n            \n                    \n            \n            \n\n    \n    \n    \n    \n    \n    <a class=\"breakdance-link button-atom button-atom--custom ee-imagebox-button\" href=\"https:\/\/ensude.com\/?page_id=3322\" target=\"_self\" data-type=\"url\"  >\n\n    \n        <span class=\"button-atom__text\">\u00dcR\u00dcN DETAY<\/span>\n\n        \n        \n                <\/a>\n\n    \n\n  <\/div>\n\n<\/div><div class=\"bde-image-box-3291-115 bde-image-box\">\n<div class=\"ee-imagebox-image\">\n  <img loading=\"lazy\" decoding=\"async\" class=\"breakdance-image-object\" src=\"https:\/\/ensude.com\/wp-content\/uploads\/2025\/06\/statik006_.png\" width=\"577\" height=\"501\" sizes=\"auto, (max-width: 577px) 100vw, 577px\">\n<\/div>\n<div class=\"ee-imagebox-content\">\n      <p class=\"ee-imagebox-title bde-h3\" >Anti Statik Hava Tabancas\u0131<\/p>\n    \n    \n          \n                                    \n    \n    \n    \n    \n            \n                    \n            \n            \n\n    \n    \n    \n    \n    \n    <a class=\"breakdance-link button-atom button-atom--custom ee-imagebox-button\" href=\"https:\/\/ensude.com\/?page_id=3369\" target=\"_self\" data-type=\"url\"  >\n\n    \n        <span class=\"button-atom__text\">\u00dcR\u00dcN DETAY<\/span>\n\n        \n        \n                <\/a>\n\n    \n\n  <\/div>\n\n<\/div>\n<\/div><div class=\"bde-column-3291-123 bde-column\">\n  \n\t\n\n\n\n<div class=\"bde-image-box-3291-124 bde-image-box\">\n<div class=\"ee-imagebox-image\">\n  <img loading=\"lazy\" decoding=\"async\" class=\"breakdance-image-object\" src=\"https:\/\/ensude.com\/wp-content\/uploads\/2025\/06\/statik003_.png\" width=\"577\" height=\"501\" sizes=\"auto, (max-width: 577px) 100vw, 577px\">\n<\/div>\n<div class=\"ee-imagebox-content\">\n      <p class=\"ee-imagebox-title bde-h3\" >Haval\u0131 Anti Statik Bar<\/p>\n    \n    \n          \n                                    \n    \n    \n    \n    \n            \n                    \n            \n            \n\n    \n    \n    \n    \n    \n    <a class=\"breakdance-link button-atom button-atom--custom ee-imagebox-button\" href=\"https:\/\/ensude.com\/?page_id=3337\" target=\"_self\" data-type=\"url\"  >\n\n    \n        <span class=\"button-atom__text\">\u00dcR\u00dcN DETAY<\/span>\n\n        \n        \n                <\/a>\n\n    \n\n  <\/div>\n\n<\/div><div class=\"bde-image-box-3291-125 bde-image-box\">\n<div class=\"ee-imagebox-image\">\n  <img loading=\"lazy\" decoding=\"async\" class=\"breakdance-image-object\" src=\"https:\/\/ensude.com\/wp-content\/uploads\/2025\/06\/statik007_.png\" width=\"577\" height=\"501\" sizes=\"auto, (max-width: 577px) 100vw, 577px\">\n<\/div>\n<div class=\"ee-imagebox-content\">\n      <p class=\"ee-imagebox-title bde-h3\" >Antistatik F\u0131r\u00e7a<\/p>\n    \n    \n          \n                                    \n    \n    \n    \n    \n            \n                    \n            \n            \n\n    \n    \n    \n    \n    \n    <a class=\"breakdance-link button-atom button-atom--custom ee-imagebox-button\" href=\"https:\/\/ensude.com\/?page_id=3375\" target=\"_self\" data-type=\"url\"  >\n\n    \n        <span class=\"button-atom__text\">\u00dcR\u00dcN DETAY<\/span>\n\n        \n        \n                <\/a>\n\n    \n\n  <\/div>\n\n<\/div>\n<\/div><div class=\"bde-column-3291-133 bde-column\">\n  \n\t\n\n\n\n<div class=\"bde-image-box-3291-134 bde-image-box\">\n<div class=\"ee-imagebox-image\">\n  <img loading=\"lazy\" decoding=\"async\" class=\"breakdance-image-object\" src=\"https:\/\/ensude.com\/wp-content\/uploads\/2025\/06\/statik004_.png\" width=\"577\" height=\"501\" sizes=\"auto, (max-width: 577px) 100vw, 577px\">\n<\/div>\n<div class=\"ee-imagebox-content\">\n      <p class=\"ee-imagebox-title bde-h3\" >Hava Nozullu Anti Statik Bar - \u00c7ubuk<\/p>\n    \n    \n          \n                                    \n    \n    \n    \n    \n            \n                    \n            \n            \n\n    \n    \n    \n    \n    \n    <a class=\"breakdance-link button-atom button-atom--custom ee-imagebox-button\" href=\"https:\/\/ensude.com\/?page_id=3350\" target=\"_self\" data-type=\"url\"  >\n\n    \n        <span class=\"button-atom__text\">\u00dcR\u00dcN DETAY<\/span>\n\n        \n        \n                <\/a>\n\n    \n\n  <\/div>\n\n<\/div><div class=\"bde-image-box-3291-135 bde-image-box\">\n<div class=\"ee-imagebox-image\">\n  <img loading=\"lazy\" decoding=\"async\" class=\"breakdance-image-object\" src=\"https:\/\/ensude.com\/wp-content\/uploads\/2025\/06\/statik008_.png\" width=\"577\" height=\"501\" sizes=\"auto, (max-width: 577px) 100vw, 577px\">\n<\/div>\n<div class=\"ee-imagebox-content\">\n      <p class=\"ee-imagebox-title bde-h3\" >Fanl\u0131 Anti Statik Blower<\/p>\n    \n    \n          \n                                    \n    \n    \n    \n    \n            \n                    \n            \n            \n\n    \n    \n    \n    \n    \n    <a class=\"breakdance-link button-atom button-atom--custom ee-imagebox-button\" href=\"https:\/\/ensude.com\/?page_id=3383\" target=\"_self\" data-type=\"url\"  >\n\n    \n        <span class=\"button-atom__text\">\u00dcR\u00dcN DETAY<\/span>\n\n        \n        \n                <\/a>\n\n    \n\n  <\/div>\n\n<\/div>\n<\/div><\/div><div class=\"bde-columns-3291-143 bde-columns\"><div class=\"bde-column-3291-144 bde-column\">\n              \n  \n\t\n\n\n\n<div class=\"bde-rich-text-3291-147 bde-rich-text breakdance-rich-text-styles\">\n<p style=\"text-align: left;\">Plastik, ambalaj, matbaa, tekstil, medikal ve elektronik sekt\u00f6r\u00fc gibi bir\u00e7ok sekt\u00f6re\u00a0hizmet veren \u00fcr\u00fcn yelpazemizde\u00a0<a href=\"https:\/\/ensude.com\/?page_id=3291\">Statik Eliminasyon Sistemleri<\/a>,\u00a0<a href=\"https:\/\/ensude.com\/?page_id=3312\">G\u00fc\u00e7 \u00dcniteleri<\/a>\u00a0ve\u00a0<a href=\"https:\/\/ensude.com\/?page_id=3337\">Anti Statik Barlar<\/a>,\u00a0<a href=\"https:\/\/ensude.com\/?page_id=3363\">Anti Statik Nozullar<\/a>,\u00a0<a href=\"https:\/\/ensude.com\/?page_id=3369\">\u0130yonize Hava Tabancalar\u0131<\/a>,\u00a0<a href=\"https:\/\/ensude.com\/?page_id=3383\">\u0130yonizer Blower<\/a>\u00a0ve Statik Y\u00fckleme Ekipmanlar\u0131 ve Statik Kontrol \u00d6l\u00e7\u00fcm Cihazlar\u0131 yer almaktad\u0131r.<\/p>\n<p style=\"text-align: left;\">\u0130letken olmayan malzemelerle \u00e7al\u0131\u015fan end\u00fcstrilere statik elektri\u011fi kontrol etmek i\u00e7in geni\u015f bir \u00fcr\u00fcn yelpazesi ve en uygun maliyetli ve g\u00fcvenilir \u00e7\u00f6z\u00fcmler sunuyoruz. Statik elektri\u011fin k\u00f6t\u00fc etkilerini yok ederek m\u00fc\u015fterilerimizin proses verimlili\u011fini, \u00fcr\u00fcn kalitesini ve operat\u00f6r g\u00fcvenli\u011fini artt\u0131r\u0131yoruz. Statik elektrik, \u00fcretimin yava\u015flamas\u0131ndan fabrikada yang\u0131n \u00e7\u0131kmas\u0131na kadar bir\u00e7ok probleme sebep olabilir. Statik elektrik y\u00fckl\u00fc malzemelerde malzeme birbirini \u00e7ekebilir, itebilir veya makinan\u0131n \u00fczerindeki metal aksamlara yap\u0131\u015fabilir. Bu sebeple \u00fcretimde yava\u015flamalara sebep olabilir. Statik elektrik y\u00fckl\u00fc malzeme \u00fczerinde elektrik arklar\u0131 yani k\u0131v\u0131lc\u0131mlar olu\u015fabilir. Bu da patlay\u0131c\u0131 parlay\u0131c\u0131 ortamlarda yang\u0131na sebep olabilir. \u0130yonizerin etki mesafesi i\u00e7inde kalan b\u00f6lgede malzemenin statik elektri\u011fi yok edilir yani malzeme n\u00f6tr hale gelir. Bu sayede statik elektri\u011fin sebep oldu\u011fu \u00fcretimi aksatan problemler yok edilmi\u015f olur.<\/p>\n<h4 style=\"text-align: left;\">Statik Elektrik Nas\u0131l Olu\u015fur?<\/h4>\n<p style=\"text-align: left;\">Statik elektrik genellikle s\u00fcrt\u00fcnmeden meydana geldi\u011fi d\u00fc\u015f\u00fcn\u00fcl\u00fcr. Hemen hemen t\u00fcm malzemeler, di\u011fer malzemelerle temas halinde olmad\u0131\u011f\u0131nda n\u00f6trd\u00fcr. \u0130ki n\u00f6tr malzeme yan yana geldi\u011finde veya yak\u0131n temas halinde preslendi\u011finde, y\u00fczey elektronlar\u0131n\u0131n dengesi bozulmaya e\u011filimlidir. \u0130ki malzeme daha sonra birbirinden kayd\u0131r\u0131larak veya biri di\u011ferinden \u00e7ekilerek h\u0131zla ayr\u0131l\u0131rsa, yer de\u011fi\u015ftiren elektronlar normal dengeye d\u00f6nmekte g\u00fc\u00e7l\u00fck \u00e7ekerler. Bu ayr\u0131lma, maddelerden birini pozitif y\u00fckl\u00fc (+) ve di\u011ferini negatif y\u00fckl\u00fc (-) b\u0131rak\u0131r. Bu, \u00f6zellikle malzemelerden biri veya her ikisi yal\u0131tkan veya zay\u0131f elektrik iletkeni oldu\u011funda ge\u00e7erlidir.<\/p>\n<h4 style=\"text-align: left;\">Statik Elektrikten Kaynaklanan Sorunlar<\/h4>\n<p style=\"text-align: left;\">Pozitif y\u00fckl\u00fc bir malzeme, ba\u015fka bir pozitif y\u00fckl\u00fc malzemeyi itecek ve negatif y\u00fckl\u00fc bir malzemeyi \u00e7ekecektir. Benzer \u015fekilde, negatif y\u00fckl\u00fc bir malzeme, ba\u015fka bir negatif y\u00fckl\u00fc malzemeyi itecek ve pozitif y\u00fckl\u00fc bir malzemeyi \u00e7ekecektir. K\u0131sacas\u0131, benzer y\u00fckler iter ve z\u0131t y\u00fckler \u00e7eker. Bu da D\u00f6n\u00fc\u015ft\u00fcrme, \u0130malat, Paketleme, Bask\u0131, Boyama, Plastik, Tekstil, Elektronik Montaj ve di\u011fer end\u00fcstriyel i\u015flemlerde sorunlara neden olmaktad\u0131r. Statik elektrik y\u00fcklendi\u011finde, ayr\u0131 tutman\u0131z gereken malzemeler birbirine yap\u0131\u015fabilir ve yap\u0131\u015ft\u0131rman\u0131z gereken malzemeler birbirini itebilir; toz veya kir gibi yabanc\u0131 maddeler ekipman y\u00fczeylerinize ve \u00fcr\u00fcnlerinize \u00e7ekilebilir ve boya veya m\u00fcrekkep gibi kaplama malzemeleri y\u00fczeylere e\u015fit olarak da\u011f\u0131lmak yerine itilebilir. \u00dcretim kesintiye u\u011frar ve \u00fcretim h\u0131zlar\u0131 yava\u015flar, \u00fcr\u00fcn kalitesi d\u00fc\u015fer ve daha fazla \u0131skarta olu\u015fur, toz ve di\u011fer kirleticiler \u00fcr\u00fcn kalitesini ve \u00fcretkenli\u011fi tehlikeye atar ve personel elektrostatik \u015fok ya\u015fayabilir.<\/p>\n<h4 style=\"text-align: left;\">Statik Eliminasyon Nas\u0131l \u00c7al\u0131\u015f\u0131r<\/h4>\n<p style=\"text-align: left;\">Aktif Statik Eliminasyon Cihazlar\u0131, <a href=\"https:\/\/ensude.com\/?page_id=3337\">\u0130yonizerler<\/a>,\u00a0<a href=\"https:\/\/ensude.com\/?page_id=3322\">Antistatik Barlar<\/a>,\u00a0<a href=\"https:\/\/ensude.com\/?page_id=3350\">Statik Eliminat\u00f6rler<\/a> olarak adland\u0131r\u0131l\u0131r. Aktif statik elektrik al\u0131c\u0131lar pozitif ve negatif iyon alan\u0131 yayarlar. Bu iyon alan\u0131 sayesinde n\u00f6tralizasyon sa\u011flan\u0131r ve \u00fcretim ekipman\u0131n\u0131zda veya \u00fcr\u00fcn\u00fcn\u00fczde bulunan statik elektrik n\u00f6tralize edilir. Statik eliminat\u00f6rler, AC ak\u0131m teknolojisi ile \u00e7al\u0131\u015f\u0131r ve stati\u011fi neredeyse \u201cs\u0131f\u0131r\u201d seviyesine kadar n\u00f6tralize edebilir. B\u00f6ylece, daha b\u00fcy\u00fck veya daha k\u00fc\u00e7\u00fck bir alana uyacak \u015fekilde tam olarak ihtiyac\u0131n\u0131z olan cihaz\u0131 se\u00e7menize, daha fazla veya daha az mesafeden stati\u011fi n\u00f6tralize etmenize, montaj\/kurulum g\u00fc\u00e7l\u00fcklerinin \u00fcstesinden gelmenize olanak tan\u0131r.\u00a0<\/p>\n<p style=\"text-align: left;\"><a href=\"https:\/\/ensude.com\/?page_id=3375\">Karbon fiber f\u0131r\u00e7alar<\/a>\u00a0pasif anti-statik al\u0131c\u0131d\u0131r. Malzeme y\u00fczeyinde bulunan statik alan taraf\u0131ndan enerjilendirilen kendi kendine enerji verme veya ind\u00fcksiyon prensibi ile \u00e7al\u0131\u015f\u0131r. Harici bir g\u00fc\u00e7 kayna\u011f\u0131na ihtiya\u00e7 yoktur. Pasif cihazlar\u0131n maliyeti d\u00fc\u015f\u00fckt\u00fcr ve kurulumu ve de\u011fi\u015ftirilmesi kolayd\u0131r. Statik alanlar\u0131 etkili bir \u015fekilde \u00e7ok say\u0131da uygulama i\u00e7in ideal olan daha d\u00fc\u015f\u00fck bir seviyeye d\u00fc\u015f\u00fcr\u00fcrler.<\/p>\n<h4>Statik Elektrik \u00d6nleyiciler Nerede Kullan\u0131l\u0131r?<\/h4>\n<div class=\"row\">\n<div class=\"col-md-12\">\n<p>Akrilik Levha \/ Aktarma \/ Apre \/ Bask\u0131 \/ Bask\u0131 Makinalar\u0131 \/ Bebek Bezi \/ Beyaz E\u015fya \/ Blister Paketleme \/ Bobin A\u00e7ma ve Sarma \/ Bobin Sar\u0131m - A\u00e7\u0131l\u0131m \/ Bodinoz \/ Boya \/ Boya \u00d6ncesi Temizleme \/ Boya Sekt\u00f6r\u00fc \/ Cam \/ Cam \u015ei\u015fe \/ \u00c7\u00f6zg\u00fc \u2013 Sarg\u0131 \/ Dar Dokuma \/ Deri \/ Deri Sekt\u00f6r\u00fc \/ Dijital Bask\u0131 \/ Dikey ve Yatay Paketleme Makinalar\u0131 \/ Dilimleme (Dilme) \/ Dolum Hatlar\u0131 \/ Dolum Makinalar\u0131 \/ Duvar Ka\u011f\u0131d\u0131 \/ Ekstr\u00fczyon \/ Elektrik \u2013 Elektronik \/ Elektronik Devre \/ Elektronik Entegre \/ Elektronik Kart \/ Elektronik Montaj Hatlar\u0131 \/ Enjeksiyon \/ Etiket Makinalar\u0131 \/ Etiketleme Makinalar\u0131 \/ Film \u00c7ekme \/ Film ve Ambalaj Sekt\u00f6r\u00fc \/ Finish Folyo \/ Flekso Bask\u0131 \/ Flok \/ G\u0131da \/ Gip\u00fcr \/ Gran\u00fcr \u0130mali \/ Inkjet Bask\u0131 Makinesi \/ \u0130la\u00e7 ve Medikal \/ \u0130ml Etiket \/ \u0130nkjet Yaz\u0131c\u0131lar \/ J\u00fct \u00c7uval \/ Kablo Pudralama Hatlar\u0131 \/ K\u00e2\u011f\u0131t Katlama \/ Ka\u011f\u0131t \u00dcretimi \/ Kal\u0131p \u0130\u00e7i Etiketleme \/ Kal\u0131p Ve Kal\u0131plama \/ Kaplama \/ Katlama Makineleri \/ Kenar Band\u0131 \/ Kesme Sarma \/ Konvey\u00f6r Bantlar\u0131 \/ Kuma\u015f Kontrol \/ Laminasyon \/ Laser Bask\u0131 \/ Lcd Ekran \u00dcretim Ve Montaj \/ Levha \u00c7ekim \/ Levha \u00c7ekme Makinas\u0131 \/ Levha Hatlar\u0131 \/ Mdf-Lam \/ Mobilya \/ Mukavva \/ Nonwoven \/ Ofset Bask\u0131 \/ Oluklu Mukavva \/ Oto Camlar\u0131 \/ Otomotiv Sekt\u00f6r\u00fc \/ \u00d6zel Kar\u0131\u015f\u0131m Uygulamalar\u0131 \/ Paketleme Makinalar\u0131 \/ Perde \/ Plastik Ambalaj \u00dcretimi \/ Plastik Enjeksiyon Makinalar\u0131 \/ Plastik Film \u00dcretimi \/ Plastik Kaplama \/ Plastik Levha \/ Plastik Po\u015fet \u00dcretimi \/ Plastik \u015ei\u015fe \u00dcretimi \/ Plastik \u015ei\u015firme Makinas\u0131 \/ Polyester \/ Po\u015fet A\u00e7ma \/ Po\u015fet Kesme Uygulamalar\u0131 \/ Ram Makinalar\u0131 \/ Rf\u0131d End\u00fcstrisi \/ Sarg\u0131 \/ Serigrafi Bask\u0131 \/ Sleeve Etiket \/ Sleve Makinesi \/ Store Perde \/ Strafor-Ctp \/ Stre\u00e7 Film \/ Stre\u00e7leme \/ Suni Deri \/ Sunta-Lam \/ \u015eardon \/ \u015eirink Makinas\u0131 \/ \u015ei\u015fe Dolum Hatlar\u0131 \/ \u015ei\u015firme \/ Tampon Bask\u0131 \/ Tek-\u00c7ift Cam \u0130malat\u0131 \/ Tekstil Makinalar\u0131 \/ Temiz Odalar \/ Temper Cam\u00a0 Hatlar\u0131 \/ Termoform Makinas\u0131 \/ Tifdruk Bask\u0131 \/ Toz Ve Gran\u00fcl Dolum Paketleme \/ Toz-Gran\u00fcl \u00dcretimi \/ T\u00fcl \/ \u00dcr\u00fcn G\u00f6vdelerinin Boyama Hatlar\u0131 \/ Vakum \u015eekillendirme \/ Wicket Po\u015fet Makinas\u0131 \/ Wicket Po\u015fetleme \/ Yal\u0131t\u0131m Levhas\u0131 \/ Yal\u0131t\u0131m Malzemeleri \u0130malat\u0131 \/ Yatay Paketleme<\/p>\n<\/div>\n<\/div>\n<\/div>\n<\/div><\/div><\/div>\n<\/section><\/div>","protected":false},"excerpt":{"rendered":"<p>STAT\u0130K ELEKTR\u0130K \u00d6NLEY\u0130C\u0130LER Anti Statik G\u00fc\u00e7 \u00dcnitesi (Kayna\u011f\u0131) \u00dcR\u00dcN DETAY Anti Statik Kontrol Nozulu \u00dcR\u00dcN DETAY Anti Statik Bar (\u00c7ubuk) \u00dcR\u00dcN DETAY Anti Statik Hava Tabancas\u0131 \u00dcR\u00dcN DETAY Haval\u0131 Anti Statik Bar \u00dcR\u00dcN DETAY Antistatik F\u0131r\u00e7a \u00dcR\u00dcN DETAY Hava Nozullu Anti Statik Bar &#8211; \u00c7ubuk \u00dcR\u00dcN DETAY Fanl\u0131 Anti Statik Blower \u00dcR\u00dcN DETAY Plastik, ambalaj, [&hellip;]<\/p>\n","protected":false},"author":1,"featured_media":0,"parent":0,"menu_order":0,"comment_status":"closed","ping_status":"closed","template":"","meta":{"_acf_changed":false,"_breakdance_hide_in_design_set":false,"_breakdance_tags":"","footnotes":""},"class_list":["post-3291","page","type-page","status-publish","hentry"],"acf":[],"_links":{"self":[{"href":"https:\/\/ensude.com\/index.php\/wp-json\/wp\/v2\/pages\/3291","targetHints":{"allow":["GET"]}}],"collection":[{"href":"https:\/\/ensude.com\/index.php\/wp-json\/wp\/v2\/pages"}],"about":[{"href":"https:\/\/ensude.com\/index.php\/wp-json\/wp\/v2\/types\/page"}],"author":[{"embeddable":true,"href":"https:\/\/ensude.com\/index.php\/wp-json\/wp\/v2\/users\/1"}],"replies":[{"embeddable":true,"href":"https:\/\/ensude.com\/index.php\/wp-json\/wp\/v2\/comments?post=3291"}],"version-history":[{"count":13,"href":"https:\/\/ensude.com\/index.php\/wp-json\/wp\/v2\/pages\/3291\/revisions"}],"predecessor-version":[{"id":3434,"href":"https:\/\/ensude.com\/index.php\/wp-json\/wp\/v2\/pages\/3291\/revisions\/3434"}],"wp:attachment":[{"href":"https:\/\/ensude.com\/index.php\/wp-json\/wp\/v2\/media?parent=3291"}],"curies":[{"name":"wp","href":"https:\/\/api.w.org\/{rel}","templated":true}]}}