{"id":3016,"date":"2025-03-22T18:49:24","date_gmt":"2025-03-22T18:49:24","guid":{"rendered":"https:\/\/ensude.com\/?page_id=3016"},"modified":"2025-06-11T20:52:28","modified_gmt":"2025-06-11T20:52:28","slug":"solunum-grubu","status":"publish","type":"page","link":"https:\/\/ensude.com\/index.php\/solunum-grubu\/","title":{"rendered":"Solunum Grubu"},"content":{"rendered":"<div class='breakdance'><section class=\"bde-section-3016-100 bde-section\">\n  \n\t\n\n\n\n<div class=\"section-container\"><h1 class=\"bde-heading-3016-267 bde-heading\">\nQUICK KAPL\u0130NLER\n<\/h1><div class=\"bde-columns-3016-101 bde-columns\"><div class=\"bde-column-3016-102 bde-column\">\n  \n\t\n\n\n\n<div class=\"bde-image-3016-103 bde-image\">\n<figure class=\"breakdance-image breakdance-image--2823\">\n\t<div class=\"breakdance-image-container\">\n\t\t<div class=\"breakdance-image-clip\"><img loading=\"lazy\" decoding=\"async\" class=\"breakdance-image-object\" src=\"https:\/\/ensude.com\/wp-content\/uploads\/2025\/03\/qk001.png\" width=\"512\" height=\"512\" srcset=\"https:\/\/ensude.com\/wp-content\/uploads\/2025\/03\/qk001.png 512w, https:\/\/ensude.com\/wp-content\/uploads\/2025\/03\/qk001-160x160.png 160w\" sizes=\"auto, (max-width: 512px) 100vw, 512px\"><\/div>\n\t<\/div><figcaption class=\"breakdance-image__caption\">QuIck KAPL\u0130NLER<\/figcaption><\/figure>\n\n<\/div><div class=\"bde-icon-3016-104 bde-icon\">\n\n    \n            <div class=\"bde-icon-icon breakdance-icon-atom\" >\n    \n                    <svg xmlns=\"http:\/\/www.w3.org\/2000\/svg\" viewBox=\"0 0 448 512\"><!--! Font Awesome Free 6.5.1 by @fontawesome - https:\/\/fontawesome.com License - https:\/\/fontawesome.com\/license\/free (Icons: CC BY 4.0, Fonts: SIL OFL 1.1, Code: MIT License) Copyright 2023 Fonticons, Inc. --><path d=\"M246.6 470.6c-12.5 12.5-32.8 12.5-45.3 0l-160-160c-12.5-12.5-12.5-32.8 0-45.3s32.8-12.5 45.3 0L224 402.7 361.4 265.4c12.5-12.5 32.8-12.5 45.3 0s12.5 32.8 0 45.3l-160 160zm160-352l-160 160c-12.5 12.5-32.8 12.5-45.3 0l-160-160c-12.5-12.5-12.5-32.8 0-45.3s32.8-12.5 45.3 0L224 210.7 361.4 73.4c12.5-12.5 32.8-12.5 45.3 0s12.5 32.8 0 45.3z\"\/><\/svg>\n        \n        \n        \n            <\/div>\n    \n\n\n<\/div>\n<\/div><div class=\"bde-column-3016-105 bde-column\">\n  \n\t\n\n\n\n<div class=\"bde-image-3016-106 bde-image\">\n<figure class=\"breakdance-image breakdance-image--2824\">\n\t<div class=\"breakdance-image-container\">\n\t\t<div class=\"breakdance-image-clip\"><a class=\"breakdance-image-link breakdance-image-link--url\" href=\"https:\/\/ensude.com\/?page_id=2875\" target=\"_self\" rel=\"noopener\" data-sub-html=\"MAN\u0130FOLD\" data-lg-size=\"-\"><img loading=\"lazy\" decoding=\"async\" class=\"breakdance-image-object\" src=\"https:\/\/ensude.com\/wp-content\/uploads\/2025\/03\/qk002.png\" width=\"512\" height=\"512\" srcset=\"https:\/\/ensude.com\/wp-content\/uploads\/2025\/03\/qk002.png 512w, https:\/\/ensude.com\/wp-content\/uploads\/2025\/03\/qk002-160x160.png 160w\" sizes=\"auto, (max-width: 512px) 100vw, 512px\"><\/a><\/div>\n\t<\/div><figcaption class=\"breakdance-image__caption\">MAN\u0130FOLD<\/figcaption><\/figure>\n\n<\/div>\n<\/div><div class=\"bde-column-3016-107 bde-column\">\n  \n\t\n\n\n\n<div class=\"bde-image-3016-108 bde-image\">\n<figure class=\"breakdance-image breakdance-image--2825\">\n\t<div class=\"breakdance-image-container\">\n\t\t<div class=\"breakdance-image-clip\"><a class=\"breakdance-image-link breakdance-image-link--url\" href=\"https:\/\/ensude.com\/?page_id=2865\" target=\"_self\" rel=\"noopener\" data-sub-html=\"KOLEKT\u00d6R\" data-lg-size=\"-\"><img loading=\"lazy\" decoding=\"async\" class=\"breakdance-image-object\" src=\"https:\/\/ensude.com\/wp-content\/uploads\/2025\/03\/qk003.png\" width=\"512\" height=\"512\" srcset=\"https:\/\/ensude.com\/wp-content\/uploads\/2025\/03\/qk003.png 512w, https:\/\/ensude.com\/wp-content\/uploads\/2025\/03\/qk003-160x160.png 160w\" sizes=\"auto, (max-width: 512px) 100vw, 512px\"><\/a><\/div>\n\t<\/div><figcaption class=\"breakdance-image__caption\">KOLEKT\u00d6R<\/figcaption><\/figure>\n\n<\/div>\n<\/div><div class=\"bde-column-3016-109 bde-column\">\n  \n\t\n\n\n\n<div class=\"bde-image-3016-110 bde-image\">\n<figure class=\"breakdance-image breakdance-image--2822\">\n\t<div class=\"breakdance-image-container\">\n\t\t<div class=\"breakdance-image-clip\"><a class=\"breakdance-image-link breakdance-image-link--url\" href=\"https:\/\/ensude.com\/?page_id=2856\" target=\"_self\" rel=\"noopener\" data-sub-html=\"HAVA KONNEKT\u00d6R\u00dc\" data-lg-size=\"-\"><img loading=\"lazy\" decoding=\"async\" class=\"breakdance-image-object\" src=\"https:\/\/ensude.com\/wp-content\/uploads\/2025\/03\/qk004.png\" width=\"512\" height=\"512\" srcset=\"https:\/\/ensude.com\/wp-content\/uploads\/2025\/03\/qk004.png 512w, https:\/\/ensude.com\/wp-content\/uploads\/2025\/03\/qk004-160x160.png 160w\" sizes=\"auto, (max-width: 512px) 100vw, 512px\"><\/a><\/div>\n\t<\/div><figcaption class=\"breakdance-image__caption\">HAVA KONNEKT\u00d6R\u00dc<\/figcaption><\/figure>\n\n<\/div>\n<\/div><\/div><div class=\"bde-columns-3016-111 bde-columns\"><div class=\"bde-column-3016-112 bde-column\">\n  \n\t\n\n\n\n<div class=\"bde-image-3016-113 bde-image\">\n<figure class=\"breakdance-image breakdance-image--2827 breakdance-image--caption-below\">\n\t<div class=\"breakdance-image-container\">\n\t\t<div class=\"breakdance-image-clip\"><a class=\"breakdance-image-link breakdance-image-link--url\" href=\"https:\/\/ensude.com\/index.php\/quick-kaplinler\/\" target=\"_self\" rel=\"noopener\" data-sub-html=\"Hava\" data-lg-size=\"-\"><img loading=\"lazy\" decoding=\"async\" class=\"breakdance-image-object\" src=\"https:\/\/ensude.com\/wp-content\/uploads\/2025\/03\/qk005.png\" width=\"512\" height=\"512\" srcset=\"https:\/\/ensude.com\/wp-content\/uploads\/2025\/03\/qk005.png 512w, https:\/\/ensude.com\/wp-content\/uploads\/2025\/03\/qk005-160x160.png 160w\" sizes=\"auto, (max-width: 512px) 100vw, 512px\"><\/a><\/div>\n\t<\/div><figcaption class=\"breakdance-image__caption\">Hava<\/figcaption><\/figure>\n\n<\/div>\n<\/div><div class=\"bde-column-3016-115 bde-column\">\n  \n\t\n\n\n\n<div class=\"bde-image-3016-116 bde-image\">\n<figure class=\"breakdance-image breakdance-image--2826\">\n\t<div class=\"breakdance-image-container\">\n\t\t<div class=\"breakdance-image-clip\"><a class=\"breakdance-image-link breakdance-image-link--url\" href=\"https:\/\/ensude.com\/?page_id=3012\" target=\"_self\" rel=\"noopener\" data-sub-html=\"S\u0131v\u0131 ve Gazlar\" data-lg-size=\"-\"><img loading=\"lazy\" decoding=\"async\" class=\"breakdance-image-object\" src=\"https:\/\/ensude.com\/wp-content\/uploads\/2025\/03\/qk006.png\" width=\"512\" height=\"512\" srcset=\"https:\/\/ensude.com\/wp-content\/uploads\/2025\/03\/qk006.png 512w, https:\/\/ensude.com\/wp-content\/uploads\/2025\/03\/qk006-160x160.png 160w\" sizes=\"auto, (max-width: 512px) 100vw, 512px\"><\/a><\/div>\n\t<\/div><figcaption class=\"breakdance-image__caption\">S\u0131v\u0131 ve Gazlar<\/figcaption><\/figure>\n\n<\/div>\n<\/div><div class=\"bde-column-3016-117 bde-column\">\n  \n\t\n\n\n\n<div class=\"bde-image-3016-118 bde-image\">\n<figure class=\"breakdance-image breakdance-image--2828\">\n\t<div class=\"breakdance-image-container\">\n\t\t<div class=\"breakdance-image-clip\"><img loading=\"lazy\" decoding=\"async\" class=\"breakdance-image-object\" src=\"https:\/\/ensude.com\/wp-content\/uploads\/2025\/03\/qk007.png\" width=\"512\" height=\"512\" srcset=\"https:\/\/ensude.com\/wp-content\/uploads\/2025\/03\/qk007.png 512w, https:\/\/ensude.com\/wp-content\/uploads\/2025\/03\/qk007-160x160.png 160w\" sizes=\"auto, (max-width: 512px) 100vw, 512px\"><\/div>\n\t<\/div><figcaption class=\"breakdance-image__caption\">Solunum<\/figcaption><\/figure>\n\n<\/div><div class=\"bde-icon-3016-266 bde-icon\">\n\n    \n            <div class=\"bde-icon-icon breakdance-icon-atom\" >\n    \n                    <svg xmlns=\"http:\/\/www.w3.org\/2000\/svg\" viewBox=\"0 0 448 512\"><!--! Font Awesome Free 6.5.1 by @fontawesome - https:\/\/fontawesome.com License - https:\/\/fontawesome.com\/license\/free (Icons: CC BY 4.0, Fonts: SIL OFL 1.1, Code: MIT License) Copyright 2023 Fonticons, Inc. --><path d=\"M246.6 470.6c-12.5 12.5-32.8 12.5-45.3 0l-160-160c-12.5-12.5-12.5-32.8 0-45.3s32.8-12.5 45.3 0L224 402.7 361.4 265.4c12.5-12.5 32.8-12.5 45.3 0s12.5 32.8 0 45.3l-160 160zm160-352l-160 160c-12.5 12.5-32.8 12.5-45.3 0l-160-160c-12.5-12.5-12.5-32.8 0-45.3s32.8-12.5 45.3 0L224 210.7 361.4 73.4c12.5-12.5 32.8-12.5 45.3 0s12.5 32.8 0 45.3z\"\/><\/svg>\n        \n        \n        \n            <\/div>\n    \n\n\n<\/div>\n<\/div><div class=\"bde-column-3016-119 bde-column\">\n  \n\t\n\n\n\n<div class=\"bde-image-3016-120 bde-image\">\n<figure class=\"breakdance-image breakdance-image--2829\">\n\t<div class=\"breakdance-image-container\">\n\t\t<div class=\"breakdance-image-clip\"><a class=\"breakdance-image-link breakdance-image-link--url\" href=\"https:\/\/ensude.com\/?page_id=3020\" target=\"_self\" rel=\"noopener\" data-sub-html=\"Hidrolik\" data-lg-size=\"-\"><img loading=\"lazy\" decoding=\"async\" class=\"breakdance-image-object\" src=\"https:\/\/ensude.com\/wp-content\/uploads\/2025\/03\/qk008.png\" width=\"512\" height=\"512\" srcset=\"https:\/\/ensude.com\/wp-content\/uploads\/2025\/03\/qk008.png 512w, https:\/\/ensude.com\/wp-content\/uploads\/2025\/03\/qk008-160x160.png 160w\" sizes=\"auto, (max-width: 512px) 100vw, 512px\"><\/a><\/div>\n\t<\/div><figcaption class=\"breakdance-image__caption\">Hidrolik<\/figcaption><\/figure>\n\n<\/div>\n<\/div><div class=\"bde-column-3016-121 bde-column\">\n  \n\t\n\n\n\n<div class=\"bde-image-3016-122 bde-image\">\n<figure class=\"breakdance-image breakdance-image--2830\">\n\t<div class=\"breakdance-image-container\">\n\t\t<div class=\"breakdance-image-clip\"><a class=\"breakdance-image-link breakdance-image-link--url\" href=\"https:\/\/ensude.com\/?page_id=3062\" target=\"_self\" rel=\"noopener\" data-sub-html=\"\u0130tici\" data-lg-size=\"-\"><img loading=\"lazy\" decoding=\"async\" class=\"breakdance-image-object\" src=\"https:\/\/ensude.com\/wp-content\/uploads\/2025\/03\/qk009.png\" width=\"512\" height=\"512\" srcset=\"https:\/\/ensude.com\/wp-content\/uploads\/2025\/03\/qk009.png 512w, https:\/\/ensude.com\/wp-content\/uploads\/2025\/03\/qk009-160x160.png 160w\" sizes=\"auto, (max-width: 512px) 100vw, 512px\"><\/a><\/div>\n\t<\/div><figcaption class=\"breakdance-image__caption\">\u0130tici<\/figcaption><\/figure>\n\n<\/div>\n<\/div><div class=\"bde-column-3016-123 bde-column\">\n  \n\t\n\n\n\n<div class=\"bde-image-3016-124 bde-image\">\n<figure class=\"breakdance-image breakdance-image--2831\">\n\t<div class=\"breakdance-image-container\">\n\t\t<div class=\"breakdance-image-clip\"><a class=\"breakdance-image-link breakdance-image-link--url\" href=\"https:\/\/ensude.com\/?page_id=3076\" target=\"_self\" rel=\"noopener\" data-sub-html=\"Is\u0131 Kontrol\" data-lg-size=\"-\"><img loading=\"lazy\" decoding=\"async\" class=\"breakdance-image-object\" src=\"https:\/\/ensude.com\/wp-content\/uploads\/2025\/03\/qk010.png\" width=\"512\" height=\"512\" srcset=\"https:\/\/ensude.com\/wp-content\/uploads\/2025\/03\/qk010.png 512w, https:\/\/ensude.com\/wp-content\/uploads\/2025\/03\/qk010-160x160.png 160w\" sizes=\"auto, (max-width: 512px) 100vw, 512px\"><\/a><\/div>\n\t<\/div><figcaption class=\"breakdance-image__caption\">Is\u0131 Kontrol<\/figcaption><\/figure>\n\n<\/div>\n<\/div><div class=\"bde-column-3016-125 bde-column\">\n  \n\t\n\n\n\n<div class=\"bde-image-3016-126 bde-image\">\n<figure class=\"breakdance-image breakdance-image--2832\">\n\t<div class=\"breakdance-image-container\">\n\t\t<div class=\"breakdance-image-clip\"><a class=\"breakdance-image-link breakdance-image-link--url\" href=\"https:\/\/ensude.com\/?page_id=3124\" target=\"_self\" rel=\"noopener\" data-sub-html=\"G\u00fcvenlikli Hava\" data-lg-size=\"-\"><img loading=\"lazy\" decoding=\"async\" class=\"breakdance-image-object\" src=\"https:\/\/ensude.com\/wp-content\/uploads\/2025\/03\/qk011.png\" width=\"256\" height=\"256\" srcset=\"https:\/\/ensude.com\/wp-content\/uploads\/2025\/03\/qk011.png 256w, https:\/\/ensude.com\/wp-content\/uploads\/2025\/03\/qk011-160x160.png 160w\" sizes=\"auto, (max-width: 256px) 100vw, 256px\"><\/a><\/div>\n\t<\/div><figcaption class=\"breakdance-image__caption\">G\u00fcvenlikli Hava<\/figcaption><\/figure>\n\n<\/div>\n<\/div><div class=\"bde-column-3016-127 bde-column\">\n  \n\t\n\n\n\n<div class=\"bde-image-3016-128 bde-image\">\n<figure class=\"breakdance-image breakdance-image--2833\">\n\t<div class=\"breakdance-image-container\">\n\t\t<div class=\"breakdance-image-clip\"><a class=\"breakdance-image-link breakdance-image-link--url\" href=\"https:\/\/ensude.com\/?page_id=3153\" target=\"_self\" rel=\"noopener\" data-sub-html=\"Y\u00fcksek Bas\u0131n\u00e7\" data-lg-size=\"-\"><img loading=\"lazy\" decoding=\"async\" class=\"breakdance-image-object\" src=\"https:\/\/ensude.com\/wp-content\/uploads\/2025\/03\/qk012.png\" width=\"512\" height=\"512\" srcset=\"https:\/\/ensude.com\/wp-content\/uploads\/2025\/03\/qk012.png 512w, https:\/\/ensude.com\/wp-content\/uploads\/2025\/03\/qk012-160x160.png 160w\" sizes=\"auto, (max-width: 512px) 100vw, 512px\"><\/a><\/div>\n\t<\/div><figcaption class=\"breakdance-image__caption\">Y\u00fcksek Bas\u0131n\u00e7<\/figcaption><\/figure>\n\n<\/div>\n<\/div><\/div><div class=\"bde-columns-3016-227 bde-columns\"><div class=\"bde-column-3016-228 bde-column\">\n  \n\t\n\n\n\n<div class=\"bde-image-3016-229 bde-image\">\n<figure class=\"breakdance-image breakdance-image--2971\">\n\t<div class=\"breakdance-image-container\">\n\t\t<div class=\"breakdance-image-clip\"><img loading=\"lazy\" decoding=\"async\" class=\"breakdance-image-object\" src=\"https:\/\/ensude.com\/wp-content\/uploads\/2025\/03\/qk055.png\" width=\"360\" height=\"470\" sizes=\"auto, (max-width: 360px) 100vw, 360px\"><\/div>\n\t<\/div><\/figure>\n\n<\/div><div class=\"bde-button-3016-230 bde-button\">\n    \n                                    \n    \n    \n    \n    \n            \n                    \n            \n            \n\n    \n    \n    \n    \n    \n    <a class=\"breakdance-link button-atom button-atom--custom bde-button__button\" href=\"https:\/\/ensude.com\/wp-content\/uploads\/2025\/03\/qk055.pdf\" target=\"_blank\" data-type=\"url\"  >\n\n    \n        <span class=\"button-atom__text\"> <\/span>\n\n                            \n        \n                <\/a>\n\n    \n\n\n<\/div>\n<\/div><div class=\"bde-column-3016-231 bde-column\">\n  \n\t\n\n\n\n<div class=\"bde-image-3016-232 bde-image\">\n<figure class=\"breakdance-image breakdance-image--2973\">\n\t<div class=\"breakdance-image-container\">\n\t\t<div class=\"breakdance-image-clip\"><img loading=\"lazy\" decoding=\"async\" class=\"breakdance-image-object\" src=\"https:\/\/ensude.com\/wp-content\/uploads\/2025\/03\/qk056.png\" width=\"360\" height=\"470\" sizes=\"auto, (max-width: 360px) 100vw, 360px\"><\/div>\n\t<\/div><\/figure>\n\n<\/div><div class=\"bde-button-3016-233 bde-button\">\n    \n                                    \n    \n    \n    \n    \n            \n                    \n            \n            \n\n    \n    \n    \n    \n    \n    <a class=\"breakdance-link button-atom button-atom--custom bde-button__button\" href=\"https:\/\/ensude.com\/wp-content\/uploads\/2025\/03\/qk056.pdf\" target=\"_blank\" data-type=\"url\"  >\n\n    \n        <span class=\"button-atom__text\"> <\/span>\n\n                            \n        \n                <\/a>\n\n    \n\n\n<\/div>\n<\/div><div class=\"bde-column-3016-234 bde-column\">\n  \n\t\n\n\n\n\n<\/div><\/div><\/div>\n<\/section><\/div>","protected":false},"excerpt":{"rendered":"<p>QUICK KAPL\u0130NLER QuIck KAPL\u0130NLER MAN\u0130FOLD KOLEKT\u00d6R HAVA KONNEKT\u00d6R\u00dc Hava S\u0131v\u0131 ve Gazlar Solunum Hidrolik \u0130tici Is\u0131 Kontrol G\u00fcvenlikli Hava Y\u00fcksek Bas\u0131n\u00e7<\/p>\n","protected":false},"author":1,"featured_media":0,"parent":0,"menu_order":0,"comment_status":"closed","ping_status":"closed","template":"","meta":{"_acf_changed":false,"_breakdance_hide_in_design_set":false,"_breakdance_tags":"","footnotes":""},"class_list":["post-3016","page","type-page","status-publish","hentry"],"acf":[],"_links":{"self":[{"href":"https:\/\/ensude.com\/index.php\/wp-json\/wp\/v2\/pages\/3016","targetHints":{"allow":["GET"]}}],"collection":[{"href":"https:\/\/ensude.com\/index.php\/wp-json\/wp\/v2\/pages"}],"about":[{"href":"https:\/\/ensude.com\/index.php\/wp-json\/wp\/v2\/types\/page"}],"author":[{"embeddable":true,"href":"https:\/\/ensude.com\/index.php\/wp-json\/wp\/v2\/users\/1"}],"replies":[{"embeddable":true,"href":"https:\/\/ensude.com\/index.php\/wp-json\/wp\/v2\/comments?post=3016"}],"version-history":[{"count":14,"href":"https:\/\/ensude.com\/index.php\/wp-json\/wp\/v2\/pages\/3016\/revisions"}],"predecessor-version":[{"id":3413,"href":"https:\/\/ensude.com\/index.php\/wp-json\/wp\/v2\/pages\/3016\/revisions\/3413"}],"wp:attachment":[{"href":"https:\/\/ensude.com\/index.php\/wp-json\/wp\/v2\/media?parent=3016"}],"curies":[{"name":"wp","href":"https:\/\/api.w.org\/{rel}","templated":true}]}}