{"id":2856,"date":"2025-03-19T07:26:04","date_gmt":"2025-03-19T07:26:04","guid":{"rendered":"https:\/\/ensude.com\/?page_id=2856"},"modified":"2025-06-11T20:57:56","modified_gmt":"2025-06-11T20:57:56","slug":"hava-konnektoru","status":"publish","type":"page","link":"https:\/\/ensude.com\/index.php\/hava-konnektoru\/","title":{"rendered":"Hava Konnekt\u00f6r\u00fc"},"content":{"rendered":"<div class='breakdance'><section class=\"bde-section-2856-100 bde-section\">\n  \n\t\n\n\n\n<div class=\"section-container\"><h1 class=\"bde-heading-2856-147 bde-heading\">\nQUICK KAPL\u0130NLER\n<\/h1><div class=\"bde-columns-2856-101 bde-columns\"><div class=\"bde-column-2856-102 bde-column\">\n  \n\t\n\n\n\n<div class=\"bde-image-2856-103 bde-image\">\n<figure class=\"breakdance-image breakdance-image--2823\">\n\t<div class=\"breakdance-image-container\">\n\t\t<div class=\"breakdance-image-clip\"><a class=\"breakdance-image-link breakdance-image-link--url\" href=\"https:\/\/ensude.com\/?page_id=2815\" target=\"_self\" rel=\"noopener\" data-sub-html=\"QuIck KAPL\u0130NLER\" data-lg-size=\"-\"><img loading=\"lazy\" decoding=\"async\" class=\"breakdance-image-object\" src=\"https:\/\/ensude.com\/wp-content\/uploads\/2025\/03\/qk001.png\" width=\"512\" height=\"512\" srcset=\"https:\/\/ensude.com\/wp-content\/uploads\/2025\/03\/qk001.png 512w, https:\/\/ensude.com\/wp-content\/uploads\/2025\/03\/qk001-160x160.png 160w\" sizes=\"auto, (max-width: 512px) 100vw, 512px\"><\/a><\/div>\n\t<\/div><figcaption class=\"breakdance-image__caption\">QuIck KAPL\u0130NLER<\/figcaption><\/figure>\n\n<\/div>\n<\/div><div class=\"bde-column-2856-105 bde-column\">\n  \n\t\n\n\n\n<div class=\"bde-image-2856-106 bde-image\">\n<figure class=\"breakdance-image breakdance-image--2824\">\n\t<div class=\"breakdance-image-container\">\n\t\t<div class=\"breakdance-image-clip\"><a class=\"breakdance-image-link breakdance-image-link--url\" href=\"https:\/\/ensude.com\/?page_id=2875\" target=\"_self\" rel=\"noopener\" data-sub-html=\"MAN\u0130FOLD\" data-lg-size=\"-\"><img loading=\"lazy\" decoding=\"async\" class=\"breakdance-image-object\" src=\"https:\/\/ensude.com\/wp-content\/uploads\/2025\/03\/qk002.png\" width=\"512\" height=\"512\" srcset=\"https:\/\/ensude.com\/wp-content\/uploads\/2025\/03\/qk002.png 512w, https:\/\/ensude.com\/wp-content\/uploads\/2025\/03\/qk002-160x160.png 160w\" sizes=\"auto, (max-width: 512px) 100vw, 512px\"><\/a><\/div>\n\t<\/div><figcaption class=\"breakdance-image__caption\">MAN\u0130FOLD<\/figcaption><\/figure>\n\n<\/div>\n<\/div><div class=\"bde-column-2856-107 bde-column\">\n  \n\t\n\n\n\n<div class=\"bde-image-2856-108 bde-image\">\n<figure class=\"breakdance-image breakdance-image--2825\">\n\t<div class=\"breakdance-image-container\">\n\t\t<div class=\"breakdance-image-clip\"><a class=\"breakdance-image-link breakdance-image-link--url\" href=\"https:\/\/ensude.com\/?page_id=2865\" target=\"_self\" rel=\"noopener\" data-sub-html=\"KOLEKT\u00d6R\" data-lg-size=\"-\"><img loading=\"lazy\" decoding=\"async\" class=\"breakdance-image-object\" src=\"https:\/\/ensude.com\/wp-content\/uploads\/2025\/03\/qk003.png\" width=\"512\" height=\"512\" srcset=\"https:\/\/ensude.com\/wp-content\/uploads\/2025\/03\/qk003.png 512w, https:\/\/ensude.com\/wp-content\/uploads\/2025\/03\/qk003-160x160.png 160w\" sizes=\"auto, (max-width: 512px) 100vw, 512px\"><\/a><\/div>\n\t<\/div><figcaption class=\"breakdance-image__caption\">KOLEKT\u00d6R<\/figcaption><\/figure>\n\n<\/div>\n<\/div><div class=\"bde-column-2856-109 bde-column\">\n  \n\t\n\n\n\n<div class=\"bde-image-2856-110 bde-image\">\n<figure class=\"breakdance-image breakdance-image--2822\">\n\t<div class=\"breakdance-image-container\">\n\t\t<div class=\"breakdance-image-clip\"><img loading=\"lazy\" decoding=\"async\" class=\"breakdance-image-object\" src=\"https:\/\/ensude.com\/wp-content\/uploads\/2025\/03\/qk004.png\" width=\"512\" height=\"512\" srcset=\"https:\/\/ensude.com\/wp-content\/uploads\/2025\/03\/qk004.png 512w, https:\/\/ensude.com\/wp-content\/uploads\/2025\/03\/qk004-160x160.png 160w\" sizes=\"auto, (max-width: 512px) 100vw, 512px\"><\/div>\n\t<\/div><figcaption class=\"breakdance-image__caption\">HAVA KONNEKT\u00d6R\u00dc<\/figcaption><\/figure>\n\n<\/div><div class=\"bde-icon-2856-139 bde-icon\">\n\n    \n            <div class=\"bde-icon-icon breakdance-icon-atom\" >\n    \n                    <svg xmlns=\"http:\/\/www.w3.org\/2000\/svg\" viewBox=\"0 0 448 512\"><!--! Font Awesome Free 6.5.1 by @fontawesome - https:\/\/fontawesome.com License - https:\/\/fontawesome.com\/license\/free (Icons: CC BY 4.0, Fonts: SIL OFL 1.1, Code: MIT License) Copyright 2023 Fonticons, Inc. --><path d=\"M246.6 470.6c-12.5 12.5-32.8 12.5-45.3 0l-160-160c-12.5-12.5-12.5-32.8 0-45.3s32.8-12.5 45.3 0L224 402.7 361.4 265.4c12.5-12.5 32.8-12.5 45.3 0s12.5 32.8 0 45.3l-160 160zm160-352l-160 160c-12.5 12.5-32.8 12.5-45.3 0l-160-160c-12.5-12.5-12.5-32.8 0-45.3s32.8-12.5 45.3 0L224 210.7 361.4 73.4c12.5-12.5 32.8-12.5 45.3 0s12.5 32.8 0 45.3z\"\/><\/svg>\n        \n        \n        \n            <\/div>\n    \n\n\n<\/div>\n<\/div><\/div><div class=\"bde-columns-2856-129 bde-columns\"><div class=\"bde-column-2856-130 bde-column\">\n  \n\t\n\n\n\n<div class=\"bde-columns-2856-143 bde-columns\"><div class=\"bde-column-2856-144 bde-column\">\n  \n\t\n\n\n\n\n<\/div><div class=\"bde-column-2856-145 bde-column\">\n  \n\t\n\n\n\n<div class=\"bde-image-2856-131 bde-image\">\n<figure class=\"breakdance-image breakdance-image--2859\">\n\t<div class=\"breakdance-image-container\">\n\t\t<div class=\"breakdance-image-clip\"><img loading=\"lazy\" decoding=\"async\" class=\"breakdance-image-object\" src=\"https:\/\/ensude.com\/wp-content\/uploads\/2025\/03\/qk016.png\" width=\"392\" height=\"561\" sizes=\"auto, (max-width: 392px) 100vw, 392px\"><\/div>\n\t<\/div><\/figure>\n\n<\/div><div class=\"bde-button-2856-132 bde-button\">\n    \n                                    \n    \n    \n    \n    \n            \n                    \n            \n            \n\n    \n    \n    \n    \n    \n    <a class=\"breakdance-link button-atom button-atom--custom bde-button__button\" href=\"https:\/\/ensude.com\/wp-content\/uploads\/2025\/03\/qk016.pdf\" target=\"_blank\" data-type=\"url\"  >\n\n    \n        <span class=\"button-atom__text\"> <\/span>\n\n                            \n        \n                <\/a>\n\n    \n\n\n<\/div>\n<\/div><div class=\"bde-column-2856-146 bde-column\">\n  \n\t\n\n\n\n\n<\/div><\/div>\n<\/div><\/div><\/div>\n<\/section><\/div>","protected":false},"excerpt":{"rendered":"<p>QUICK KAPL\u0130NLER QuIck KAPL\u0130NLER MAN\u0130FOLD KOLEKT\u00d6R HAVA KONNEKT\u00d6R\u00dc<\/p>\n","protected":false},"author":1,"featured_media":0,"parent":0,"menu_order":0,"comment_status":"closed","ping_status":"closed","template":"","meta":{"_acf_changed":false,"_breakdance_hide_in_design_set":false,"_breakdance_tags":"","footnotes":""},"class_list":["post-2856","page","type-page","status-publish","hentry"],"acf":[],"_links":{"self":[{"href":"https:\/\/ensude.com\/index.php\/wp-json\/wp\/v2\/pages\/2856","targetHints":{"allow":["GET"]}}],"collection":[{"href":"https:\/\/ensude.com\/index.php\/wp-json\/wp\/v2\/pages"}],"about":[{"href":"https:\/\/ensude.com\/index.php\/wp-json\/wp\/v2\/types\/page"}],"author":[{"embeddable":true,"href":"https:\/\/ensude.com\/index.php\/wp-json\/wp\/v2\/users\/1"}],"replies":[{"embeddable":true,"href":"https:\/\/ensude.com\/index.php\/wp-json\/wp\/v2\/comments?post=2856"}],"version-history":[{"count":12,"href":"https:\/\/ensude.com\/index.php\/wp-json\/wp\/v2\/pages\/2856\/revisions"}],"predecessor-version":[{"id":3428,"href":"https:\/\/ensude.com\/index.php\/wp-json\/wp\/v2\/pages\/2856\/revisions\/3428"}],"wp:attachment":[{"href":"https:\/\/ensude.com\/index.php\/wp-json\/wp\/v2\/media?parent=2856"}],"curies":[{"name":"wp","href":"https:\/\/api.w.org\/{rel}","templated":true}]}}