{"id":2681,"date":"2024-11-02T11:32:15","date_gmt":"2024-11-02T11:32:15","guid":{"rendered":"https:\/\/ensude.com\/?page_id=2681"},"modified":"2025-03-23T20:54:26","modified_gmt":"2025-03-23T20:54:26","slug":"kablosuz-debi-izleme-sistemleri","status":"publish","type":"page","link":"https:\/\/ensude.com\/index.php\/kablosuz-debi-izleme-sistemleri\/","title":{"rendered":"Kablosuz Debi \u0130zleme Sistemleri"},"content":{"rendered":"<div class='breakdance'><section class=\"bde-section-2681-100 bde-section\">\n  \n\t\n\n\n\n<div class=\"section-container\"><h1 class=\"bde-heading-2681-101 bde-heading\">\nKablosuz Bas\u0131n\u00e7l\u0131 Hava Debi \u0130zleme Sistemleri\n<\/h1><div class=\"bde-rich-text-2681-131 bde-rich-text breakdance-rich-text-styles\">\n<p class=\"font_8 wixui-rich-text__text\"><span class=\"wixui-rich-text__text\"><span class=\"color_37 wixui-rich-text__text\">Kablosuz debi izleme sistemlerimiz LoRaWAN ile zorlu saha \u015fartlar\u0131 alt\u0131nda bile tam performansla \u00e7al\u0131\u015fabilmektedir. Debimetrenin arkas\u0131na \u00f6zel aparatla yerle\u015ftirdi\u011fimiz mod\u00fcl ve ofisinize kurdu\u011fumuz LoRaWAN A\u011f Ge\u00e7idi'nden olu\u015fan sistem olduk\u00e7a pratik ve i\u015flevseldir.<\/span><\/span><\/p>\n<\/div><div class=\"bde-columns-2681-133 bde-columns\"><div class=\"bde-column-2681-134 bde-column\">\n  \n\t\n\n\n\n<div class=\"bde-image-2681-132 bde-image\">\n<figure class=\"breakdance-image breakdance-image--2686 breakdance-image--caption-below\">\n\t<div class=\"breakdance-image-container\">\n\t\t<div class=\"breakdance-image-clip\"><img loading=\"lazy\" decoding=\"async\" class=\"breakdance-image-object\" src=\"https:\/\/ensude.com\/wp-content\/uploads\/2024\/11\/debi002.png\" width=\"858\" height=\"396\" srcset=\"https:\/\/ensude.com\/wp-content\/uploads\/2024\/11\/debi002.png 858w, https:\/\/ensude.com\/wp-content\/uploads\/2024\/11\/debi002-640x295.png 640w, https:\/\/ensude.com\/wp-content\/uploads\/2024\/11\/debi002-768x354.png 768w\" sizes=\"auto, (max-width: 858px) 100vw, 858px\"><\/div>\n\t<\/div><\/figure>\n\n<\/div>\n<\/div><\/div><h1 class=\"bde-heading-2681-136 bde-heading\">\nWISE-2200-M (LoRaWAN 1 RS-485 G\/\u00c7 Mod\u00fcl\u00fc)\n<\/h1><div class=\"bde-columns-2681-102 bde-columns\"><div class=\"bde-column-2681-103 bde-column\">\n  \n\t\n\n\n\n<div class=\"bde-rich-text-2681-104 bde-rich-text breakdance-rich-text-styles\">\n<ul>\n<li class=\"font_8 wixui-rich-text__text\"><span class=\"wixui-rich-text__text\"><span class=\"color_37 wixui-rich-text__text\">Y\u00fcksek penetrasyon oran\u0131 kabiliyeti ile daha az parazite sahip LoRaWAN kablosuz teknolojisi<\/span><\/span><\/li>\n<li class=\"font_8 wixui-rich-text__text\"><span class=\"wixui-rich-text__text\"><span class=\"color_37 wixui-rich-text__text\">Modbus\/RTU ileti\u015fim protokol\u00fcn\u00fc destekler<\/span><\/span><\/li>\n<li class=\"font_8 wixui-rich-text__text\"><span class=\"wixui-rich-text__text\"><span class=\"color_37 wixui-rich-text__text\">Maksimum 128 adres ve 30 kural ayar\u0131n\u0131 destekler<\/span><\/span><\/li>\n<li class=\"font_8 wixui-rich-text__text\"><span class=\"wixui-rich-text__text\"><span class=\"color_37 wixui-rich-text__text\">Kompakt tasar\u0131m, tak ve \u00e7al\u0131\u015ft\u0131r uygulamalar\u0131na uygundur<\/span><\/span><\/li>\n<li class=\"font_8 wixui-rich-text__text\"><span class=\"wixui-rich-text__text\"><span class=\"color_37 wixui-rich-text__text\">Farkl\u0131 ortamlar i\u00e7in end\u00fcstriyel tasar\u0131m konsepti<\/span><\/span><\/li>\n<\/ul>\n<\/div><div class=\"bde-columns-2681-139 bde-columns\"><div class=\"bde-column-2681-140 bde-column\">\n  \n\t\n\n\n\n<div class=\"bde-image-2681-142 bde-image\">\n<figure class=\"breakdance-image breakdance-image--2687\">\n\t<div class=\"breakdance-image-container\">\n\t\t<div class=\"breakdance-image-clip\"><img loading=\"lazy\" decoding=\"async\" class=\"breakdance-image-object\" src=\"https:\/\/ensude.com\/wp-content\/uploads\/2024\/11\/debi004.png\" width=\"205\" height=\"262\" sizes=\"auto, (max-width: 205px) 100vw, 205px\"><\/div>\n\t<\/div><\/figure>\n\n<\/div>\n<\/div><\/div>\n<\/div><div class=\"bde-column-2681-105 bde-column\">\n  \n\t\n\n\n\n<div class=\"bde-image-2681-106 bde-image\">\n<figure class=\"breakdance-image breakdance-image--2688 breakdance-image--caption-below\">\n\t<div class=\"breakdance-image-container\">\n\t\t<div class=\"breakdance-image-clip\"><img loading=\"lazy\" decoding=\"async\" class=\"breakdance-image-object\" src=\"https:\/\/ensude.com\/wp-content\/uploads\/2024\/11\/debi003.webp\" width=\"351\" height=\"475\" sizes=\"auto, (max-width: 351px) 100vw, 351px\"><\/div>\n\t<\/div><\/figure>\n\n<\/div>\n<\/div><\/div><div class=\"bde-columns-2681-107 bde-columns\"><div class=\"bde-column-2681-108 bde-column\">\n  \n\t\n\n\n\n<div class=\"bde-icon-2681-109 bde-icon\">\n\n    \n                    \n            \n            \n\n    \n    \n    \n    \n    \n    <a class=\"breakdance-link bde-icon-icon breakdance-icon-atom\" href=\"https:\/\/ensude.com\/wp-content\/uploads\/2024\/07\/WISE2200.pdf\" target=\"_blank\" data-type=\"url\"  >\n\n    \n                    <svg xmlns=\"http:\/\/www.w3.org\/2000\/svg\" viewBox=\"0 0 512 512\"><!--! Font Awesome Free 6.5.1 by @fontawesome - https:\/\/fontawesome.com License - https:\/\/fontawesome.com\/license\/free (Icons: CC BY 4.0, Fonts: SIL OFL 1.1, Code: MIT License) Copyright 2023 Fonticons, Inc. --><path d=\"M64 464l48 0 0 48-48 0c-35.3 0-64-28.7-64-64L0 64C0 28.7 28.7 0 64 0L229.5 0c17 0 33.3 6.7 45.3 18.7l90.5 90.5c12 12 18.7 28.3 18.7 45.3L384 304l-48 0 0-144-80 0c-17.7 0-32-14.3-32-32l0-80L64 48c-8.8 0-16 7.2-16 16l0 384c0 8.8 7.2 16 16 16zM176 352l32 0c30.9 0 56 25.1 56 56s-25.1 56-56 56l-16 0 0 32c0 8.8-7.2 16-16 16s-16-7.2-16-16l0-48 0-80c0-8.8 7.2-16 16-16zm32 80c13.3 0 24-10.7 24-24s-10.7-24-24-24l-16 0 0 48 16 0zm96-80l32 0c26.5 0 48 21.5 48 48l0 64c0 26.5-21.5 48-48 48l-32 0c-8.8 0-16-7.2-16-16l0-128c0-8.8 7.2-16 16-16zm32 128c8.8 0 16-7.2 16-16l0-64c0-8.8-7.2-16-16-16l-16 0 0 96 16 0zm80-112c0-8.8 7.2-16 16-16l48 0c8.8 0 16 7.2 16 16s-7.2 16-16 16l-32 0 0 32 32 0c8.8 0 16 7.2 16 16s-7.2 16-16 16l-32 0 0 48c0 8.8-7.2 16-16 16s-16-7.2-16-16l0-64 0-64z\"\/><\/svg>\n        \n        \n        \n                <\/a>\n\n    \n\n\n<\/div><a class=\"bde-text-link-2681-110 bde-text-link breakdance-link\" href=\"https:\/\/ensude.com\/wp-content\/uploads\/2024\/07\/WISE2200.pdf\" target=\"_blank\" data-type=\"url\">\n  WISE-2200-M_DS\n\n<\/a>\n<\/div><\/div><h1 class=\"bde-heading-2681-111 bde-heading\">\nWISE-6610 (End\u00fcstriyel LoRaWAN A\u011f Ge\u00e7idi)\n<\/h1><div class=\"bde-columns-2681-150 bde-columns\"><div class=\"bde-column-2681-151 bde-column\">\n  \n\t\n\n\n\n<div class=\"bde-rich-text-2681-152 bde-rich-text breakdance-rich-text-styles\">\n<ul>\n<li class=\"font_8 wixui-rich-text__text\"><span class=\"color_37 wixui-rich-text__text\"><span class=\"wixui-rich-text__text\">En son Semtech SX1302 a\u011f ge\u00e7idi yonga seti \u00e7\u00f6z\u00fcm\u00fc, paket i\u015fleme h\u0131z\u0131n\u0131 iki kat\u0131na \u00e7\u0131kar\u0131yor<\/span><\/span><\/li>\n<li class=\"font_8 wixui-rich-text__text\"><span class=\"color_37 wixui-rich-text__text\"><span class=\"wixui-rich-text__text\">Hem \u00f6zel hem de genel sistem uygulamalar\u0131 i\u00e7in g\u00f6m\u00fcl\u00fc LoRaWAN A\u011f Sunucusu<\/span><\/span><\/li>\n<li class=\"font_8 wixui-rich-text__text\"><span class=\"color_37 wixui-rich-text__text\"><span class=\"wixui-rich-text__text\">Actility, The Things Network, Chirpstack, AWS vb. gibi birden fazla a\u011f sunucusuyla uyumludur<\/span><\/span><\/li>\n<li class=\"font_8 wixui-rich-text__text\"><span class=\"color_37 wixui-rich-text__text\"><span class=\"wixui-rich-text__text\">Modbus\/TCP, MQTT, BacNet, OPCUA protokollerini destekler<\/span><\/span><\/li>\n<li class=\"font_8 wixui-rich-text__text\"><span class=\"color_37 wixui-rich-text__text\"><span class=\"wixui-rich-text__text\">Dahili Node-Red, LoRaWAN a\u011f sunucusu ve Edgelink yaz\u0131l\u0131m paketleri<\/span><\/span><\/li>\n<li class=\"font_8 wixui-rich-text__text\"><span class=\"color_37 wixui-rich-text__text\"><span class=\"wixui-rich-text__text\">K\u00fcresel LoRaWAN Frekans Planlar\u0131<\/span><\/span><\/li>\n<li class=\"font_8 wixui-rich-text__text\"><span class=\"color_37 wixui-rich-text__text\"><span class=\"wixui-rich-text__text\">DIN ray ve duvar montaj tasar\u0131m\u0131<\/span><\/span><\/li>\n<li class=\"font_8 wixui-rich-text__text\"><span class=\"color_37 wixui-rich-text__text\"><span class=\"wixui-rich-text__text\">Backhaul 4G (ek adapt\u00f6r ile)<\/span><\/span><\/li>\n<\/ul>\n<\/div><div class=\"bde-columns-2681-153 bde-columns\"><div class=\"bde-column-2681-154 bde-column\">\n  \n\t\n\n\n\n<div class=\"bde-image-2681-155 bde-image\">\n<figure class=\"breakdance-image breakdance-image--2690\">\n\t<div class=\"breakdance-image-container\">\n\t\t<div class=\"breakdance-image-clip\"><img loading=\"lazy\" decoding=\"async\" class=\"breakdance-image-object\" src=\"https:\/\/ensude.com\/wp-content\/uploads\/2024\/11\/debi006.webp\" width=\"300\" height=\"262\" sizes=\"auto, (max-width: 300px) 100vw, 300px\"><\/div>\n\t<\/div><\/figure>\n\n<\/div>\n<\/div><\/div>\n<\/div><div class=\"bde-column-2681-156 bde-column\">\n  \n\t\n\n\n\n<div class=\"bde-image-2681-157 bde-image\">\n<figure class=\"breakdance-image breakdance-image--2689 breakdance-image--caption-below\">\n\t<div class=\"breakdance-image-container\">\n\t\t<div class=\"breakdance-image-clip\"><img loading=\"lazy\" decoding=\"async\" class=\"breakdance-image-object\" src=\"https:\/\/ensude.com\/wp-content\/uploads\/2024\/11\/debi005.webp\" width=\"351\" height=\"475\" sizes=\"auto, (max-width: 351px) 100vw, 351px\"><\/div>\n\t<\/div><\/figure>\n\n<\/div>\n<\/div><\/div><div class=\"bde-columns-2681-117 bde-columns\"><div class=\"bde-column-2681-118 bde-column\">\n  \n\t\n\n\n\n<div class=\"bde-icon-2681-119 bde-icon\">\n\n    \n                    \n            \n            \n\n    \n    \n    \n    \n    \n    <a class=\"breakdance-link bde-icon-icon breakdance-icon-atom\" href=\"https:\/\/ensude.com\/wp-content\/uploads\/2024\/07\/WISE6610.pdf\" target=\"_blank\" data-type=\"url\"  >\n\n    \n                    <svg xmlns=\"http:\/\/www.w3.org\/2000\/svg\" viewBox=\"0 0 512 512\"><!--! Font Awesome Free 6.5.1 by @fontawesome - https:\/\/fontawesome.com License - https:\/\/fontawesome.com\/license\/free (Icons: CC BY 4.0, Fonts: SIL OFL 1.1, Code: MIT License) Copyright 2023 Fonticons, Inc. --><path d=\"M64 464l48 0 0 48-48 0c-35.3 0-64-28.7-64-64L0 64C0 28.7 28.7 0 64 0L229.5 0c17 0 33.3 6.7 45.3 18.7l90.5 90.5c12 12 18.7 28.3 18.7 45.3L384 304l-48 0 0-144-80 0c-17.7 0-32-14.3-32-32l0-80L64 48c-8.8 0-16 7.2-16 16l0 384c0 8.8 7.2 16 16 16zM176 352l32 0c30.9 0 56 25.1 56 56s-25.1 56-56 56l-16 0 0 32c0 8.8-7.2 16-16 16s-16-7.2-16-16l0-48 0-80c0-8.8 7.2-16 16-16zm32 80c13.3 0 24-10.7 24-24s-10.7-24-24-24l-16 0 0 48 16 0zm96-80l32 0c26.5 0 48 21.5 48 48l0 64c0 26.5-21.5 48-48 48l-32 0c-8.8 0-16-7.2-16-16l0-128c0-8.8 7.2-16 16-16zm32 128c8.8 0 16-7.2 16-16l0-64c0-8.8-7.2-16-16-16l-16 0 0 96 16 0zm80-112c0-8.8 7.2-16 16-16l48 0c8.8 0 16 7.2 16 16s-7.2 16-16 16l-32 0 0 32 32 0c8.8 0 16 7.2 16 16s-7.2 16-16 16l-32 0 0 48c0 8.8-7.2 16-16 16s-16-7.2-16-16l0-64 0-64z\"\/><\/svg>\n        \n        \n        \n                <\/a>\n\n    \n\n\n<\/div><a class=\"bde-text-link-2681-120 bde-text-link breakdance-link\" href=\"https:\/\/ensude.com\/wp-content\/uploads\/2024\/07\/WISE6610.pdf\" target=\"_blank\" data-type=\"url\">\n  WISE-6610-V2_DS\n\n<\/a>\n<\/div><\/div><\/div>\n<\/section><\/div>","protected":false},"excerpt":{"rendered":"<p>Kablosuz Bas\u0131n\u00e7l\u0131 Hava Debi \u0130zleme Sistemleri Kablosuz debi izleme sistemlerimiz LoRaWAN ile zorlu saha \u015fartlar\u0131 alt\u0131nda bile tam performansla \u00e7al\u0131\u015fabilmektedir. Debimetrenin arkas\u0131na \u00f6zel aparatla yerle\u015ftirdi\u011fimiz mod\u00fcl ve ofisinize kurdu\u011fumuz LoRaWAN A\u011f Ge\u00e7idi&#8217;nden olu\u015fan sistem olduk\u00e7a pratik ve i\u015flevseldir. WISE-2200-M (LoRaWAN 1 RS-485 G\/\u00c7 Mod\u00fcl\u00fc) Y\u00fcksek penetrasyon oran\u0131 kabiliyeti ile daha az parazite sahip LoRaWAN kablosuz [&hellip;]<\/p>\n","protected":false},"author":1,"featured_media":0,"parent":0,"menu_order":0,"comment_status":"closed","ping_status":"closed","template":"","meta":{"_acf_changed":false,"_breakdance_hide_in_design_set":false,"_breakdance_tags":"","footnotes":""},"class_list":["post-2681","page","type-page","status-publish","hentry"],"acf":[],"_links":{"self":[{"href":"https:\/\/ensude.com\/index.php\/wp-json\/wp\/v2\/pages\/2681","targetHints":{"allow":["GET"]}}],"collection":[{"href":"https:\/\/ensude.com\/index.php\/wp-json\/wp\/v2\/pages"}],"about":[{"href":"https:\/\/ensude.com\/index.php\/wp-json\/wp\/v2\/types\/page"}],"author":[{"embeddable":true,"href":"https:\/\/ensude.com\/index.php\/wp-json\/wp\/v2\/users\/1"}],"replies":[{"embeddable":true,"href":"https:\/\/ensude.com\/index.php\/wp-json\/wp\/v2\/comments?post=2681"}],"version-history":[{"count":5,"href":"https:\/\/ensude.com\/index.php\/wp-json\/wp\/v2\/pages\/2681\/revisions"}],"predecessor-version":[{"id":3227,"href":"https:\/\/ensude.com\/index.php\/wp-json\/wp\/v2\/pages\/2681\/revisions\/3227"}],"wp:attachment":[{"href":"https:\/\/ensude.com\/index.php\/wp-json\/wp\/v2\/media?parent=2681"}],"curies":[{"name":"wp","href":"https:\/\/api.w.org\/{rel}","templated":true}]}}