{"id":2656,"date":"2024-11-02T11:32:41","date_gmt":"2024-11-02T11:32:41","guid":{"rendered":"https:\/\/ensude.com\/?page_id=2656"},"modified":"2025-03-23T20:53:36","modified_gmt":"2025-03-23T20:53:36","slug":"sensorler-icin-sinyal-donusturuculer","status":"publish","type":"page","link":"https:\/\/ensude.com\/index.php\/sensorler-icin-sinyal-donusturuculer\/","title":{"rendered":"Sens\u00f6rler \u0130\u00e7in Sinyal D\u00f6n\u00fc\u015ft\u00fcr\u00fcc\u00fcler"},"content":{"rendered":"<div class='breakdance'><section class=\"bde-section-2656-100 bde-section\">\n  \n\t\n\n\n\n<div class=\"section-container\"><h1 class=\"bde-heading-2656-101 bde-heading\">\nADAM-4117 (Analog\/Modbus D\u00f6n\u00fc\u015ft\u00fcr\u00fcc\u00fc)\n<\/h1><div class=\"bde-columns-2656-103 bde-columns\"><div class=\"bde-column-2656-104 bde-column\">\n  \n\t\n\n\n\n<div class=\"bde-rich-text-2656-107 bde-rich-text breakdance-rich-text-styles\">\n<p class=\"font_8 wixui-rich-text__text\"><span class=\"wixui-rich-text__text\"><span class=\"color_37 wixui-rich-text__text\">Modbus \u00f6zellikli 8 kanall\u0131 Analog Giri\u015f Mod\u00fcl\u00fc<\/span><\/span><\/p>\n<ul>\n<li class=\"font_8 wixui-rich-text__text\"><span class=\"wixui-rich-text__text\"><span class=\"color_37 wixui-rich-text__text\">\u0130leti\u015fim Aray\u00fcz\u00fc: RS-485, Mikro USB, Pasif UHF RFID<\/span><\/span><\/li>\n<li class=\"font_8 wixui-rich-text__text\"><span class=\"wixui-rich-text__text\"><span class=\"color_37 wixui-rich-text__text\">8 diferansiyel ve ba\u011f\u0131ms\u0131z konfig\u00fcrasyon kanal\u0131<\/span><\/span><\/li>\n<li class=\"font_8 wixui-rich-text__text\"><span class=\"wixui-rich-text__text\"><span class=\"color_37 wixui-rich-text__text\">Daha geni\u015f \u00e7al\u0131\u015fma s\u0131cakl\u0131\u011f\u0131 aral\u0131\u011f\u0131<\/span><\/span><\/li>\n<li class=\"font_8 wixui-rich-text__text\"><span class=\"wixui-rich-text__text\"><span class=\"color_37 wixui-rich-text__text\">LED ekran durum adresi ayarlar\u0131n\u0131n izlenmesini sa\u011flar<\/span><\/span><\/li>\n<li class=\"font_8 wixui-rich-text__text\"><span class=\"wixui-rich-text__text\"><span class=\"color_37 wixui-rich-text__text\">Daha Y\u00fcksek Elektriksel G\u00fcr\u00fclt\u00fcye Kar\u015f\u0131 Dayan\u0131m\u0131: G\u00fc\u00e7 giri\u015flerinde 4 kV dalgalanma korumas\u0131, 4 kV EFT ve 8 kV ESD korumas\u0131<\/span><\/span><\/li>\n<li class=\"font_8 wixui-rich-text__text\"><span class=\"wixui-rich-text__text\"><span class=\"color_37 wixui-rich-text__text\">Daha geni\u015f g\u00fc\u00e7 giri\u015f aral\u0131\u011f\u0131: 10 ~ 48VDC<\/span><\/span><\/li>\n<li class=\"font_8 wixui-rich-text__text\"><span class=\"wixui-rich-text__text\"><span class=\"color_37 wixui-rich-text__text\">200 VDC y\u00fcksek ortak mod voltaj\u0131n\u0131 destekler<\/span><\/span><\/li>\n<li class=\"font_8 wixui-rich-text__text\"><span class=\"wixui-rich-text__text\"><span class=\"color_37 wixui-rich-text__text\">Tek kutuplu ve iki kutuplu giri\u015fi destekler<\/span><\/span><\/li>\n<li class=\"font_8 wixui-rich-text__text\"><span class=\"wixui-rich-text__text\"><span class=\"color_37 wixui-rich-text__text\">\u00b1 15 V giri\u015f aral\u0131\u011f\u0131n\u0131 destekler<\/span><\/span><\/li>\n<li class=\"font_8 wixui-rich-text__text\"><span class=\"wixui-rich-text__text\"><span class=\"color_37 wixui-rich-text__text\">Otomatik filtre d\u00f6n\u00fc\u015f\u00fcn\u00fc veya 50 Hz \/ 60 Hz filtre \u00e7\u0131k\u0131\u015f\u0131n\u0131 destekler<\/span><\/span><\/li>\n<li class=\"font_8 wixui-rich-text__text\"><span class=\"wixui-rich-text__text\"><span class=\"color_37 wixui-rich-text__text\">\u00c7evrimi\u00e7i \u00fcr\u00fcn yaz\u0131l\u0131m\u0131 g\u00fcncellemesi<\/span><\/span><\/li>\n<\/ul>\n<\/div>\n<\/div><div class=\"bde-column-2656-106 bde-column\">\n  \n\t\n\n\n\n<div class=\"bde-image-2656-105 bde-image\">\n<figure class=\"breakdance-image breakdance-image--2662 breakdance-image--caption-below\">\n\t<div class=\"breakdance-image-container\">\n\t\t<div class=\"breakdance-image-clip\"><img loading=\"lazy\" decoding=\"async\" class=\"breakdance-image-object\" src=\"https:\/\/ensude.com\/wp-content\/uploads\/2024\/11\/adam4117.png\" width=\"222\" height=\"354\" sizes=\"auto, (max-width: 222px) 100vw, 222px\"><\/div>\n\t<\/div><\/figure>\n\n<\/div>\n<\/div><\/div><div class=\"bde-columns-2656-108 bde-columns\"><div class=\"bde-column-2656-109 bde-column\">\n  \n\t\n\n\n\n<div class=\"bde-icon-2656-110 bde-icon\">\n\n    \n                    \n            \n            \n\n    \n    \n    \n    \n    \n    <a class=\"breakdance-link bde-icon-icon breakdance-icon-atom\" href=\"https:\/\/ensude.com\/wp-content\/uploads\/2024\/07\/ADAM4117.pdf\" target=\"_blank\" data-type=\"url\"  >\n\n    \n                    <svg xmlns=\"http:\/\/www.w3.org\/2000\/svg\" viewBox=\"0 0 512 512\"><!--! Font Awesome Free 6.5.1 by @fontawesome - https:\/\/fontawesome.com License - https:\/\/fontawesome.com\/license\/free (Icons: CC BY 4.0, Fonts: SIL OFL 1.1, Code: MIT License) Copyright 2023 Fonticons, Inc. --><path d=\"M64 464l48 0 0 48-48 0c-35.3 0-64-28.7-64-64L0 64C0 28.7 28.7 0 64 0L229.5 0c17 0 33.3 6.7 45.3 18.7l90.5 90.5c12 12 18.7 28.3 18.7 45.3L384 304l-48 0 0-144-80 0c-17.7 0-32-14.3-32-32l0-80L64 48c-8.8 0-16 7.2-16 16l0 384c0 8.8 7.2 16 16 16zM176 352l32 0c30.9 0 56 25.1 56 56s-25.1 56-56 56l-16 0 0 32c0 8.8-7.2 16-16 16s-16-7.2-16-16l0-48 0-80c0-8.8 7.2-16 16-16zm32 80c13.3 0 24-10.7 24-24s-10.7-24-24-24l-16 0 0 48 16 0zm96-80l32 0c26.5 0 48 21.5 48 48l0 64c0 26.5-21.5 48-48 48l-32 0c-8.8 0-16-7.2-16-16l0-128c0-8.8 7.2-16 16-16zm32 128c8.8 0 16-7.2 16-16l0-64c0-8.8-7.2-16-16-16l-16 0 0 96 16 0zm80-112c0-8.8 7.2-16 16-16l48 0c8.8 0 16 7.2 16 16s-7.2 16-16 16l-32 0 0 32 32 0c8.8 0 16 7.2 16 16s-7.2 16-16 16l-32 0 0 48c0 8.8-7.2 16-16 16s-16-7.2-16-16l0-64 0-64z\"\/><\/svg>\n        \n        \n        \n                <\/a>\n\n    \n\n\n<\/div><a class=\"bde-text-link-2656-111 bde-text-link breakdance-link\" href=\"https:\/\/ensude.com\/wp-content\/uploads\/2024\/07\/ADAM4117.pdf\" target=\"_blank\" data-type=\"url\">\n  ADAM-4117_DS\n\n<\/a>\n<\/div><\/div><h1 class=\"bde-heading-2656-122 bde-heading\">\nADAM-4024 (Modbus\/Analog D\u00f6n\u00fc\u015ft\u00fcr\u00fcc\u00fc)\n<\/h1><div class=\"bde-columns-2656-123 bde-columns\"><div class=\"bde-column-2656-124 bde-column\">\n  \n\t\n\n\n\n<div class=\"bde-image-2656-125 bde-image\">\n<figure class=\"breakdance-image breakdance-image--2661 breakdance-image--caption-below\">\n\t<div class=\"breakdance-image-container\">\n\t\t<div class=\"breakdance-image-clip\"><img loading=\"lazy\" decoding=\"async\" class=\"breakdance-image-object\" src=\"https:\/\/ensude.com\/wp-content\/uploads\/2024\/11\/adam4024.png\" width=\"354\" height=\"354\" srcset=\"https:\/\/ensude.com\/wp-content\/uploads\/2024\/11\/adam4024.png 354w, https:\/\/ensude.com\/wp-content\/uploads\/2024\/11\/adam4024-160x160.png 160w\" sizes=\"auto, (max-width: 354px) 100vw, 354px\"><\/div>\n\t<\/div><\/figure>\n\n<\/div>\n<\/div><div class=\"bde-column-2656-126 bde-column\">\n  \n\t\n\n\n\n<div class=\"bde-rich-text-2656-127 bde-rich-text breakdance-rich-text-styles\">\n<p class=\"font_8 wixui-rich-text__text\"><span class=\"wixui-rich-text__text\"><span class=\"color_37 wixui-rich-text__text\">4 kanall\u0131 Modbus'l\u0131 Analog \u00c7\u0131k\u0131\u015f Mod\u00fcl\u00fc<\/span><\/span><\/p>\n<ul>\n<li class=\"font_8 wixui-rich-text__text\"><span class=\"wixui-rich-text__text\"><span class=\"color_37 wixui-rich-text__text\">12 bit \u00e7\u00f6z\u00fcn\u00fcrl\u00fck<\/span><\/span><\/li>\n<li class=\"font_8 wixui-rich-text__text\"><span class=\"wixui-rich-text__text\"><span class=\"color_37 wixui-rich-text__text\">Ayr\u0131 kanallarda mA veya V \u00e7\u0131k\u0131\u015f\u0131 i\u00e7in yap\u0131land\u0131r\u0131labilir yaz\u0131l\u0131m<\/span><\/span><\/li>\n<li class=\"font_8 wixui-rich-text__text\"><span class=\"wixui-rich-text__text\"><span class=\"color_37 wixui-rich-text__text\">Mandal \u00e7\u0131k\u0131\u015f\u0131 i\u00e7in 4 dijital giri\u015f<\/span><\/span><\/li>\n<li class=\"font_8 wixui-rich-text__text\"><span class=\"wixui-rich-text__text\"><span class=\"color_37 wixui-rich-text__text\">3000 VDC D \/ A - Mant\u0131ksal izolasyon<\/span><\/span><\/li>\n<li class=\"font_8 wixui-rich-text__text\"><span class=\"wixui-rich-text__text\"><span class=\"color_37 wixui-rich-text__text\">Programlanabilir \u00e7\u0131k\u0131\u015f e\u011fimi: 0.125 - 128.0 mA \/ sn. 0,0625-64 V \/ sn.<\/span><\/span><\/li>\n<\/ul>\n<\/div>\n<\/div><\/div><div class=\"bde-columns-2656-128 bde-columns\"><div class=\"bde-column-2656-129 bde-column\">\n  \n\t\n\n\n\n<div class=\"bde-icon-2656-130 bde-icon\">\n\n    \n                    \n            \n            \n\n    \n    \n    \n    \n    \n    <a class=\"breakdance-link bde-icon-icon breakdance-icon-atom\" href=\"https:\/\/ensude.com\/wp-content\/uploads\/2024\/07\/ADAM4024.pdf\" target=\"_blank\" data-type=\"url\"  >\n\n    \n                    <svg xmlns=\"http:\/\/www.w3.org\/2000\/svg\" viewBox=\"0 0 512 512\"><!--! Font Awesome Free 6.5.1 by @fontawesome - https:\/\/fontawesome.com License - https:\/\/fontawesome.com\/license\/free (Icons: CC BY 4.0, Fonts: SIL OFL 1.1, Code: MIT License) Copyright 2023 Fonticons, Inc. --><path d=\"M64 464l48 0 0 48-48 0c-35.3 0-64-28.7-64-64L0 64C0 28.7 28.7 0 64 0L229.5 0c17 0 33.3 6.7 45.3 18.7l90.5 90.5c12 12 18.7 28.3 18.7 45.3L384 304l-48 0 0-144-80 0c-17.7 0-32-14.3-32-32l0-80L64 48c-8.8 0-16 7.2-16 16l0 384c0 8.8 7.2 16 16 16zM176 352l32 0c30.9 0 56 25.1 56 56s-25.1 56-56 56l-16 0 0 32c0 8.8-7.2 16-16 16s-16-7.2-16-16l0-48 0-80c0-8.8 7.2-16 16-16zm32 80c13.3 0 24-10.7 24-24s-10.7-24-24-24l-16 0 0 48 16 0zm96-80l32 0c26.5 0 48 21.5 48 48l0 64c0 26.5-21.5 48-48 48l-32 0c-8.8 0-16-7.2-16-16l0-128c0-8.8 7.2-16 16-16zm32 128c8.8 0 16-7.2 16-16l0-64c0-8.8-7.2-16-16-16l-16 0 0 96 16 0zm80-112c0-8.8 7.2-16 16-16l48 0c8.8 0 16 7.2 16 16s-7.2 16-16 16l-32 0 0 32 32 0c8.8 0 16 7.2 16 16s-7.2 16-16 16l-32 0 0 48c0 8.8-7.2 16-16 16s-16-7.2-16-16l0-64 0-64z\"\/><\/svg>\n        \n        \n        \n                <\/a>\n\n    \n\n\n<\/div><a class=\"bde-text-link-2656-131 bde-text-link breakdance-link\" href=\"https:\/\/ensude.com\/wp-content\/uploads\/2024\/07\/ADAM4024.pdf\" target=\"_blank\" data-type=\"url\">\n  ADAM-4024_DS\n\n<\/a>\n<\/div><\/div><h1 class=\"bde-heading-2656-132 bde-heading\">\nADAM-6224 (Ethernet\/Analog D\u00f6n\u00fc\u015ft\u00fcr\u00fcc\u00fc)\n<\/h1><div class=\"bde-columns-2656-133 bde-columns\"><div class=\"bde-column-2656-134 bde-column\">\n  \n\t\n\n\n\n<div class=\"bde-rich-text-2656-135 bde-rich-text breakdance-rich-text-styles\">\n<p class=\"font_8 wixui-rich-text__text\"><span class=\"wixui-rich-text__text\"><span class=\"color_37 wixui-rich-text__text\">4 kanal \u0130zole Analog \u00c7\u0131k\u0131\u015f Modbus TCP Mod\u00fcl\u00fc<\/span><\/span><\/p>\n<ul>\n<li class=\"font_8 wixui-rich-text__text\"><span class=\"wixui-rich-text__text\"><span class=\"color_37 wixui-rich-text__text\">4 kanall\u0131 AO, 4 kanall\u0131 DI, 2 ba\u011flant\u0131 noktal\u0131 Ethernet<\/span><\/span><\/li>\n<li class=\"font_8 wixui-rich-text__text\"><span class=\"wixui-rich-text__text\"><span class=\"color_37 wixui-rich-text__text\">Otomatik bypass korumal\u0131 papatya dizimi ba\u011flant\u0131s\u0131<\/span><\/span><\/li>\n<li class=\"font_8 wixui-rich-text__text\"><span class=\"wixui-rich-text__text\"><span class=\"color_37 wixui-rich-text__text\">Mobil cihazlarla uzaktan izleme ve kontrol<\/span><\/span><\/li>\n<li class=\"font_8 wixui-rich-text__text\"><span class=\"wixui-rich-text__text\"><span class=\"color_37 wixui-rich-text__text\">\u00c7oklu mod\u00fcl kurulumu i\u00e7in grup yap\u0131land\u0131rma \u00f6zelli\u011fi<\/span><\/span><\/li>\n<li class=\"font_8 wixui-rich-text__text\"><span class=\"wixui-rich-text__text\"><span class=\"color_37 wixui-rich-text__text\">Esnek kullan\u0131c\u0131 tan\u0131ml\u0131 Modbus adresi<\/span><\/span><\/li>\n<li class=\"font_8 wixui-rich-text__text\"><span class=\"wixui-rich-text__text\"><span class=\"color_37 wixui-rich-text__text\">E\u015fler Aras\u0131 ve GCL i\u015flevi ile ak\u0131ll\u0131 kontrol yetene\u011fi<\/span><\/span><\/li>\n<li class=\"font_8 wixui-rich-text__text\"><span class=\"wixui-rich-text__text\"><span class=\"color_37 wixui-rich-text__text\">\u00c7oklu protokol deste\u011fi: Modbus TCP, TCP \/ IP, UDP, HTTP, DHCP<\/span><\/span><\/li>\n<li class=\"font_8 wixui-rich-text__text\"><span class=\"wixui-rich-text__text\"><span class=\"color_37 wixui-rich-text__text\">Web dili deste\u011fi: XML, HTML 5, Java Script<\/span><\/span><\/li>\n<\/ul>\n<\/div>\n<\/div><div class=\"bde-column-2656-136 bde-column\">\n  \n\t\n\n\n\n<div class=\"bde-image-2656-137 bde-image\">\n<figure class=\"breakdance-image breakdance-image--2663 breakdance-image--caption-below\">\n\t<div class=\"breakdance-image-container\">\n\t\t<div class=\"breakdance-image-clip\"><img loading=\"lazy\" decoding=\"async\" class=\"breakdance-image-object\" src=\"https:\/\/ensude.com\/wp-content\/uploads\/2024\/11\/adam6224.png\" width=\"231\" height=\"369\" sizes=\"auto, (max-width: 231px) 100vw, 231px\"><\/div>\n\t<\/div><\/figure>\n\n<\/div>\n<\/div><\/div><div class=\"bde-columns-2656-138 bde-columns\"><div class=\"bde-column-2656-139 bde-column\">\n  \n\t\n\n\n\n<div class=\"bde-icon-2656-140 bde-icon\">\n\n    \n                    \n            \n            \n\n    \n    \n    \n    \n    \n    <a class=\"breakdance-link bde-icon-icon breakdance-icon-atom\" href=\"https:\/\/ensude.com\/wp-content\/uploads\/2024\/07\/ADAM6224.pdf\" target=\"_blank\" data-type=\"url\"  >\n\n    \n                    <svg xmlns=\"http:\/\/www.w3.org\/2000\/svg\" viewBox=\"0 0 512 512\"><!--! Font Awesome Free 6.5.1 by @fontawesome - https:\/\/fontawesome.com License - https:\/\/fontawesome.com\/license\/free (Icons: CC BY 4.0, Fonts: SIL OFL 1.1, Code: MIT License) Copyright 2023 Fonticons, Inc. --><path d=\"M64 464l48 0 0 48-48 0c-35.3 0-64-28.7-64-64L0 64C0 28.7 28.7 0 64 0L229.5 0c17 0 33.3 6.7 45.3 18.7l90.5 90.5c12 12 18.7 28.3 18.7 45.3L384 304l-48 0 0-144-80 0c-17.7 0-32-14.3-32-32l0-80L64 48c-8.8 0-16 7.2-16 16l0 384c0 8.8 7.2 16 16 16zM176 352l32 0c30.9 0 56 25.1 56 56s-25.1 56-56 56l-16 0 0 32c0 8.8-7.2 16-16 16s-16-7.2-16-16l0-48 0-80c0-8.8 7.2-16 16-16zm32 80c13.3 0 24-10.7 24-24s-10.7-24-24-24l-16 0 0 48 16 0zm96-80l32 0c26.5 0 48 21.5 48 48l0 64c0 26.5-21.5 48-48 48l-32 0c-8.8 0-16-7.2-16-16l0-128c0-8.8 7.2-16 16-16zm32 128c8.8 0 16-7.2 16-16l0-64c0-8.8-7.2-16-16-16l-16 0 0 96 16 0zm80-112c0-8.8 7.2-16 16-16l48 0c8.8 0 16 7.2 16 16s-7.2 16-16 16l-32 0 0 32 32 0c8.8 0 16 7.2 16 16s-7.2 16-16 16l-32 0 0 48c0 8.8-7.2 16-16 16s-16-7.2-16-16l0-64 0-64z\"\/><\/svg>\n        \n        \n        \n                <\/a>\n\n    \n\n\n<\/div><a class=\"bde-text-link-2656-141 bde-text-link breakdance-link\" href=\"https:\/\/ensude.com\/wp-content\/uploads\/2024\/07\/ADAM6224.pdf\" target=\"_blank\" data-type=\"url\">\n  ADAM-6224_DS\n\n<\/a>\n<\/div><\/div><\/div>\n<\/section><\/div>","protected":false},"excerpt":{"rendered":"<p>ADAM-4117 (Analog\/Modbus D\u00f6n\u00fc\u015ft\u00fcr\u00fcc\u00fc) Modbus \u00f6zellikli 8 kanall\u0131 Analog Giri\u015f Mod\u00fcl\u00fc \u0130leti\u015fim Aray\u00fcz\u00fc: RS-485, Mikro USB, Pasif UHF RFID 8 diferansiyel ve ba\u011f\u0131ms\u0131z konfig\u00fcrasyon kanal\u0131 Daha geni\u015f \u00e7al\u0131\u015fma s\u0131cakl\u0131\u011f\u0131 aral\u0131\u011f\u0131 LED ekran durum adresi ayarlar\u0131n\u0131n izlenmesini sa\u011flar Daha Y\u00fcksek Elektriksel G\u00fcr\u00fclt\u00fcye Kar\u015f\u0131 Dayan\u0131m\u0131: G\u00fc\u00e7 giri\u015flerinde 4 kV dalgalanma korumas\u0131, 4 kV EFT ve 8 kV ESD [&hellip;]<\/p>\n","protected":false},"author":1,"featured_media":0,"parent":0,"menu_order":0,"comment_status":"closed","ping_status":"closed","template":"","meta":{"_acf_changed":false,"_breakdance_hide_in_design_set":false,"_breakdance_tags":"","footnotes":""},"class_list":["post-2656","page","type-page","status-publish","hentry"],"acf":[],"_links":{"self":[{"href":"https:\/\/ensude.com\/index.php\/wp-json\/wp\/v2\/pages\/2656","targetHints":{"allow":["GET"]}}],"collection":[{"href":"https:\/\/ensude.com\/index.php\/wp-json\/wp\/v2\/pages"}],"about":[{"href":"https:\/\/ensude.com\/index.php\/wp-json\/wp\/v2\/types\/page"}],"author":[{"embeddable":true,"href":"https:\/\/ensude.com\/index.php\/wp-json\/wp\/v2\/users\/1"}],"replies":[{"embeddable":true,"href":"https:\/\/ensude.com\/index.php\/wp-json\/wp\/v2\/comments?post=2656"}],"version-history":[{"count":7,"href":"https:\/\/ensude.com\/index.php\/wp-json\/wp\/v2\/pages\/2656\/revisions"}],"predecessor-version":[{"id":3226,"href":"https:\/\/ensude.com\/index.php\/wp-json\/wp\/v2\/pages\/2656\/revisions\/3226"}],"wp:attachment":[{"href":"https:\/\/ensude.com\/index.php\/wp-json\/wp\/v2\/media?parent=2656"}],"curies":[{"name":"wp","href":"https:\/\/api.w.org\/{rel}","templated":true}]}}