{"id":1989,"date":"2024-09-15T12:26:36","date_gmt":"2024-09-15T12:26:36","guid":{"rendered":"https:\/\/ensude.com\/?page_id=1989"},"modified":"2024-09-15T12:26:36","modified_gmt":"2024-09-15T12:26:36","slug":"cift-aktuator","status":"publish","type":"page","link":"https:\/\/ensude.com\/index.php\/cift-aktuator\/","title":{"rendered":"\u00c7ift Akt\u00fcat\u00f6r"},"content":{"rendered":"<div class='breakdance'><section class=\"bde-section-1989-100 bde-section\">\n  \n\t\n\n\n\n<div class=\"section-container\"><h1 class=\"bde-heading-1989-101 bde-heading\">\n\u00c7ift Akt\u00fcat\u00f6r\n<\/h1><div class=\"bde-columns-1989-102 bde-columns\"><div class=\"bde-column-1989-103 bde-column\">\n  \n\t\n\n\n\n<div class=\"bde-image-1989-104 bde-image\">\n<figure class=\"breakdance-image breakdance-image--1993\">\n\t<div class=\"breakdance-image-container\">\n\t\t<div class=\"breakdance-image-clip\"><img loading=\"lazy\" decoding=\"async\" class=\"breakdance-image-object\" src=\"https:\/\/ensude.com\/wp-content\/uploads\/2024\/09\/ciftaktuator.png\" width=\"2000\" height=\"2000\" srcset=\"https:\/\/ensude.com\/wp-content\/uploads\/2024\/09\/ciftaktuator.png 2000w, https:\/\/ensude.com\/wp-content\/uploads\/2024\/09\/ciftaktuator-640x640.png 640w, https:\/\/ensude.com\/wp-content\/uploads\/2024\/09\/ciftaktuator-1280x1280.png 1280w, https:\/\/ensude.com\/wp-content\/uploads\/2024\/09\/ciftaktuator-160x160.png 160w, https:\/\/ensude.com\/wp-content\/uploads\/2024\/09\/ciftaktuator-768x768.png 768w, https:\/\/ensude.com\/wp-content\/uploads\/2024\/09\/ciftaktuator-1536x1536.png 1536w\" sizes=\"auto, (max-width: 2000px) 100vw, 2000px\"><\/div>\n\t<\/div><\/figure>\n\n<\/div>\n<\/div><div class=\"bde-column-1989-105 bde-column\">\n  \n\t\n\n\n\n<div class=\"bde-rich-text-1989-106 bde-rich-text breakdance-rich-text-styles\">\n<p>MD2 serisinden (MD = motor tahriki) limoss \u00e7ift akt\u00fcat\u00f6rlerimiz son derece dayan\u0131kl\u0131 ve sa\u011flamd\u0131r. Akt\u00fcat\u00f6r \u00fcnitelerinin dikey d\u00fczeni nedeniyle mahfaza optimum \u015fekilde kullan\u0131l\u0131r ve d\u00fc\u015f\u00fck paketleme hacmi elde edilir.<br \/><br \/>\u00c7ift akt\u00fcat\u00f6rler ola\u011fan ve gerekli standartlara, koruma tiplerine ve s\u0131n\u0131flar\u0131na uygundur ve \u00e7e\u015fitli limuzin \u00e7al\u0131\u015ft\u0131rma elemanlar\u0131yla uyumludur.<\/p>\n<\/div>\n<\/div><\/div><div class=\"bde-accordion-1989-107 bde-accordion bde-accordion--bordered\"><div class=\"bde-accordion__content-wrapper-1989-108 bde-accordion__content-wrapper\">\n<h3 class=\"bde-accordion__title-tag\">\n  <button type=\"button\" class=\"bde-accordion__button\" id=\"accordion-button-108\" aria-controls=\"accordion-panel-108\" aria-expanded=\"false\">\n     <span class=\"bde-accordion__title\" >MD200<\/span>\n     <span class=\"bde-accordion__icon bde-accordion__icon--default\"><\/span>\n     <span class=\"bde-accordion__icon bde-accordion__icon--active\"><\/span>\n  <\/button>\n<\/h3>\n\n<div role=\"region\" class=\"bde-accordion__panel\" id=\"accordion-panel-108\" aria-labelledby=\"accordion-button-108\" hidden>\n   <div class=\"bde-columns-1989-109 bde-columns\"><div class=\"bde-column-1989-110 bde-column\">\n  \n\t\n\n\n\n<div class=\"bde-image-1989-111 bde-image\">\n<figure class=\"breakdance-image breakdance-image--1994\">\n\t<div class=\"breakdance-image-container\">\n\t\t<div class=\"breakdance-image-clip\"><img loading=\"lazy\" decoding=\"async\" class=\"breakdance-image-object\" src=\"https:\/\/ensude.com\/wp-content\/uploads\/2024\/09\/MD200.png\" width=\"300\" height=\"300\" srcset=\"https:\/\/ensude.com\/wp-content\/uploads\/2024\/09\/MD200.png 300w, https:\/\/ensude.com\/wp-content\/uploads\/2024\/09\/MD200-160x160.png 160w\" sizes=\"auto, (max-width: 300px) 100vw, 300px\"><\/div>\n\t<\/div><\/figure>\n\n<\/div>\n<\/div><div class=\"bde-column-1989-112 bde-column\">\n  \n\t\n\n\n\n<div class=\"bde-rich-text-1989-113 bde-rich-text breakdance-rich-text-styles\">\n<p>MD200 \u00e7ift akt\u00fcat\u00f6r, y\u00fcksek d\u00fczeyde esneklik ve dayan\u0131kl\u0131l\u0131k gerektiren uygulamalar i\u00e7in m\u00fckemmel uyum sa\u011flar.\u00a0Akt\u00fcat\u00f6r \u00fcnitelerinin dikey konumland\u0131r\u0131lmas\u0131 sayesinde, \u00e7arp\u0131c\u0131 bi\u00e7imde iyile\u015ftirilmi\u015f mekanik niteliklere ve \u00e7ok kompakt bir paketleme boyutuna sahip bir mahfaza elde edilmi\u015ftir.<\/p>\n<p><strong><span class=\"font-bold flex-1\">\u015eaft Oturma Yeri: <\/span><\/strong><span class=\"pl-4 flex-1\">\u00d8 25 veya 34 mm<br \/><\/span><strong><span class=\"font-bold flex-1\">Kurulum Y\u00fcksekli\u011fi: <\/span><\/strong><span class=\"pl-4 flex-1\">130,00mm<br \/><\/span><strong><span class=\"font-bold flex-1\">Acil Durum \u0130ndirme: <\/span><\/strong><span class=\"pl-4 flex-1\">18 V ak\u00fc<br \/><\/span><strong><span class=\"font-bold flex-1\">Fel\u00e7:\u00a0<\/span><\/strong><span class=\"pl-4 flex-1\">48, 53, 69, 74 veya 87 mm<br \/><\/span><strong><span class=\"font-bold flex-1\">\u0130tme Kuvveti Ba\u015fl\u0131\u011f\u0131: <\/span><\/strong><span class=\"pl-4 flex-1\">6.000 N<br \/><\/span><strong><span class=\"font-bold flex-1\">\u0130tme Kuvveti Aya\u011f\u0131: <\/span><\/strong><span class=\"pl-4 flex-1\">6.000 N<br \/><\/span><strong><span class=\"font-bold flex-1\">\u015eebeke Ba\u011flant\u0131s\u0131:<\/span><\/strong><span class=\"pl-4 flex-1\">100 \u2013 240 VAC<br \/><\/span><strong><span class=\"font-bold flex-1\">Koruma T\u00fcr\u00fc: <\/span><\/strong><span class=\"pl-4 flex-1\">IP20 veya IP24<br \/><\/span><strong><span class=\"font-bold flex-1\">Koruma S\u0131n\u0131f\u0131: <\/span><\/strong><span class=\"pl-4 flex-1\">II \/ III<br \/><\/span><strong><span class=\"font-bold flex-1\">Kurulum Uzunlu\u011fu: <\/span><\/strong><span class=\"pl-4 flex-1\">581<br \/><\/span><strong><span class=\"font-bold flex-1\">Dinamik Engelleme Kuvveti: <\/span><\/strong><span class=\"pl-4 flex-1\">6.000 N<\/span><\/p>\n<\/div>\n<\/div><\/div>\n<\/div>\n\n\n\n<\/div><div class=\"bde-accordion__content-wrapper-1989-114 bde-accordion__content-wrapper\">\n<h3 class=\"bde-accordion__title-tag\">\n  <button type=\"button\" class=\"bde-accordion__button\" id=\"accordion-button-114\" aria-controls=\"accordion-panel-114\" aria-expanded=\"false\">\n     <span class=\"bde-accordion__title\" >MD201<\/span>\n     <span class=\"bde-accordion__icon bde-accordion__icon--default\"><\/span>\n     <span class=\"bde-accordion__icon bde-accordion__icon--active\"><\/span>\n  <\/button>\n<\/h3>\n\n<div role=\"region\" class=\"bde-accordion__panel\" id=\"accordion-panel-114\" aria-labelledby=\"accordion-button-114\" hidden>\n   <div class=\"bde-columns-1989-115 bde-columns\"><div class=\"bde-column-1989-116 bde-column\">\n  \n\t\n\n\n\n<div class=\"bde-image-1989-117 bde-image\">\n<figure class=\"breakdance-image breakdance-image--1995\">\n\t<div class=\"breakdance-image-container\">\n\t\t<div class=\"breakdance-image-clip\"><img loading=\"lazy\" decoding=\"async\" class=\"breakdance-image-object\" src=\"https:\/\/ensude.com\/wp-content\/uploads\/2024\/09\/MD201.png\" width=\"300\" height=\"300\" srcset=\"https:\/\/ensude.com\/wp-content\/uploads\/2024\/09\/MD201.png 300w, https:\/\/ensude.com\/wp-content\/uploads\/2024\/09\/MD201-160x160.png 160w\" sizes=\"auto, (max-width: 300px) 100vw, 300px\"><\/div>\n\t<\/div><\/figure>\n\n<\/div>\n<\/div><div class=\"bde-column-1989-118 bde-column\">\n  \n\t\n\n\n\n<div class=\"bde-rich-text-1989-119 bde-rich-text breakdance-rich-text-styles\">\n<p>MD201, yenilik\u00e7i \u00e7ift akt\u00fcat\u00f6r.\u00a0MD200 muhafazas\u0131n\u0131n optimizasyonu sayesinde, euro palet ba\u015f\u0131na 98 tak\u0131m MD201\u2019e kadar benzersiz bir nakliye toplu yo\u011funlu\u011fu ger\u00e7ekle\u015ftirilebilir.<\/p>\n<p><strong><span class=\"font-bold flex-1\">\u015eebeke Ba\u011flant\u0131s\u0131: <\/span><\/strong><span class=\"pl-4 flex-1\">100 \u2013 240 VAC<br \/><\/span><strong><span class=\"font-bold flex-1\">\u0130tme Kuvveti Ba\u015fl\u0131\u011f\u0131: <\/span><\/strong><span class=\"pl-4 flex-1\">6.000 N<br \/><\/span><strong><span class=\"font-bold flex-1\">\u0130tme Kuvveti Aya\u011f\u0131: <\/span><\/strong><span class=\"pl-4 flex-1\">6.000 N<br \/><\/span><strong><span class=\"font-bold flex-1\">\u015eaft Oturma Yeri: <\/span><\/strong><span class=\"pl-4 flex-1\">\u00d8 25 veya 34 mm<br \/><\/span><strong><span class=\"font-bold flex-1\">Kurulum Y\u00fcksekli\u011fi: <\/span><\/strong><span class=\"pl-4 flex-1\">114,00 mm<br \/><\/span><strong><span class=\"font-bold flex-1\">Acil Durum \u0130ndirme: <\/span><\/strong><span class=\"pl-4 flex-1\">18 V ak\u00fc<br \/><\/span><strong><span class=\"font-bold flex-1\">Fel\u00e7:\u00a0<\/span><\/strong><span class=\"pl-4 flex-1\">48, 53, 69, 74 veya 87 mm<br \/><\/span><strong><span class=\"font-bold flex-1\">Koruma S\u0131n\u0131f\u0131: <\/span><\/strong><span class=\"pl-4 flex-1\">II \/ III<br \/><\/span><strong><span class=\"font-bold flex-1\">Koruma T\u00fcr\u00fc: <\/span><\/strong><span class=\"pl-4 flex-1\">IP20 veya IP24<br \/><\/span><strong><span class=\"font-bold flex-1\">Kurulum Uzunlu\u011fu: <\/span><\/strong><span class=\"pl-4 flex-1\">581 mm (\u00b1 2 mm)<br \/><\/span><strong><span class=\"font-bold flex-1\">Dinamik Engelleme Kuvveti: <\/span><\/strong><span class=\"pl-4 flex-1\">4.000 N<\/span><\/p>\n<\/div>\n<\/div><\/div>\n<\/div>\n\n\n\n<\/div><div class=\"bde-accordion__content-wrapper-1989-120 bde-accordion__content-wrapper\">\n<h3 class=\"bde-accordion__title-tag\">\n  <button type=\"button\" class=\"bde-accordion__button\" id=\"accordion-button-120\" aria-controls=\"accordion-panel-120\" aria-expanded=\"false\">\n     <span class=\"bde-accordion__title\" >MD202<\/span>\n     <span class=\"bde-accordion__icon bde-accordion__icon--default\"><\/span>\n     <span class=\"bde-accordion__icon bde-accordion__icon--active\"><\/span>\n  <\/button>\n<\/h3>\n\n<div role=\"region\" class=\"bde-accordion__panel\" id=\"accordion-panel-120\" aria-labelledby=\"accordion-button-120\" hidden>\n   <div class=\"bde-columns-1989-121 bde-columns\"><div class=\"bde-column-1989-122 bde-column\">\n  \n\t\n\n\n\n<div class=\"bde-image-1989-123 bde-image\">\n<figure class=\"breakdance-image breakdance-image--1996\">\n\t<div class=\"breakdance-image-container\">\n\t\t<div class=\"breakdance-image-clip\"><img loading=\"lazy\" decoding=\"async\" class=\"breakdance-image-object\" src=\"https:\/\/ensude.com\/wp-content\/uploads\/2024\/09\/MD202.png\" width=\"300\" height=\"300\" srcset=\"https:\/\/ensude.com\/wp-content\/uploads\/2024\/09\/MD202.png 300w, https:\/\/ensude.com\/wp-content\/uploads\/2024\/09\/MD202-160x160.png 160w\" sizes=\"auto, (max-width: 300px) 100vw, 300px\"><\/div>\n\t<\/div><\/figure>\n\n<\/div>\n<\/div><div class=\"bde-column-1989-124 bde-column\">\n  \n\t\n\n\n\n<div class=\"bde-rich-text-1989-125 bde-rich-text breakdance-rich-text-styles\">\n<p>\u0130stikrarl\u0131 pazar trendlerini kar\u015f\u0131lamak i\u00e7in \u00e7ift s\u00fcr\u00fcc\u00fcl\u00fc MD202\u2019yi geli\u015ftirdik.\u00a0Daha b\u00fcy\u00fck ve daha g\u00fc\u00e7l\u00fc olan akt\u00fcat\u00f6r, 10.000 N\u2019a kadar itme kuvveti sa\u011flar. \u00c7ift tahrikimiz, ekstra stabilite ve g\u00fc\u00e7 gerektiren bazal\u0131 yataklar veya benzeri sistemler i\u00e7in tasarlanm\u0131\u015ft\u0131r.\u00a0MD202\u2019nin farkl\u0131 versiyonlar\u0131 mevcuttur.\u00a0Kablosuz veya kablolu olarak \u00e7al\u0131\u015ft\u0131r\u0131labilece\u011fi gibi acil indirme, yatak alt\u0131 ayd\u0131nlatma gibi ek mod\u00fcllerle de donat\u0131labilir.<\/p>\n<p><strong><span class=\"font-bold flex-1\">\u015eebeke Ba\u011flant\u0131s\u0131: <\/span><\/strong><span class=\"pl-4 flex-1\">100 \u2013 240 VAC<br \/><\/span><strong><span class=\"font-bold flex-1\">\u0130tme Kuvveti Ba\u015fl\u0131\u011f\u0131: <\/span><\/strong><span class=\"pl-4 flex-1\">1.000 N<br \/><\/span><strong><span class=\"font-bold flex-1\">\u0130tme Kuvveti Aya\u011f\u0131: <\/span><\/strong><span class=\"pl-4 flex-1\">10.000 N<br \/><\/span><strong><span class=\"font-bold flex-1\">\u015eaft Oturma Yeri: <\/span><\/strong><span class=\"pl-4 flex-1\">\u00d8 25 veya 34 mm<br \/><\/span><strong><span class=\"font-bold flex-1\">Kurulum Y\u00fcksekli\u011fi: <\/span><\/strong><span class=\"pl-4 flex-1\">143,00 mm<br \/><\/span><strong><span class=\"font-bold flex-1\">Acil Durum \u0130ndirme: <\/span><\/strong><span class=\"pl-4 flex-1\">18 V ak\u00fc<br \/><\/span><strong><span class=\"font-bold flex-1\">Fel\u00e7:\u00a0<\/span><\/strong><span class=\"pl-4 flex-1\">48, 53, 69, 74 veya 87 mm<br \/><\/span><strong><span class=\"font-bold flex-1\">Koruma S\u0131n\u0131f\u0131: <\/span><\/strong><span class=\"pl-4 flex-1\">II \/ III<br \/><\/span><strong><span class=\"font-bold flex-1\">Koruma T\u00fcr\u00fc: <\/span><\/strong><span class=\"pl-4 flex-1\">IP20 veya IP24<br \/><\/span><strong><span class=\"font-bold flex-1\">Kurulum Uzunlu\u011fu: <\/span><\/strong><span class=\"pl-4 flex-1\">581 mm (\u00b1 2 mm)<br \/><\/span><strong><span class=\"font-bold flex-1\">Dinamik Engelleme Kuvveti: <\/span><\/strong><span class=\"pl-4 flex-1\">10.000 N<\/span><\/p>\n<\/div>\n<\/div><\/div>\n<\/div>\n\n\n\n<\/div>\r\n\r\n<\/div><div class=\"bde-columns-1989-126 bde-columns\"><div class=\"bde-column-1989-127 bde-column\">\n  \n\t\n\n\n\n<div class=\"bde-button-1989-128 bde-button\">\n    \n                                    \n    \n    \n    \n    \n            \n                    \n            \n            \n\n    \n    \n    \n    \n    \n    <a class=\"breakdance-link button-atom button-atom--custom bde-button__button\" href=\"https:\/\/ensude.com\/wp-content\/uploads\/2024\/07\/limossEN.pdf\" target=\"_blank\" data-type=\"url\"  >\n\n    \n        <span class=\"button-atom__text\">Limoss Katalo\u011funu \u0130ncelemek \u0130\u00e7in T\u0131klay\u0131n<\/span>\n\n        \n        \n                <\/a>\n\n    \n\n\n<\/div>\n<\/div><\/div><\/div>\n<\/section><\/div>","protected":false},"excerpt":{"rendered":"<p>\u00c7ift Akt\u00fcat\u00f6r MD2 serisinden (MD = motor tahriki) limoss \u00e7ift akt\u00fcat\u00f6rlerimiz son derece dayan\u0131kl\u0131 ve sa\u011flamd\u0131r. Akt\u00fcat\u00f6r \u00fcnitelerinin dikey d\u00fczeni nedeniyle mahfaza optimum \u015fekilde kullan\u0131l\u0131r ve d\u00fc\u015f\u00fck paketleme hacmi elde edilir.\u00c7ift akt\u00fcat\u00f6rler ola\u011fan ve gerekli standartlara, koruma tiplerine ve s\u0131n\u0131flar\u0131na uygundur ve \u00e7e\u015fitli limuzin \u00e7al\u0131\u015ft\u0131rma elemanlar\u0131yla uyumludur. MD200 MD200 \u00e7ift akt\u00fcat\u00f6r, y\u00fcksek d\u00fczeyde esneklik ve [&hellip;]<\/p>\n","protected":false},"author":1,"featured_media":0,"parent":0,"menu_order":0,"comment_status":"closed","ping_status":"closed","template":"","meta":{"_acf_changed":false,"_breakdance_hide_in_design_set":false,"_breakdance_tags":"","footnotes":""},"class_list":["post-1989","page","type-page","status-publish","hentry"],"acf":[],"_links":{"self":[{"href":"https:\/\/ensude.com\/index.php\/wp-json\/wp\/v2\/pages\/1989","targetHints":{"allow":["GET"]}}],"collection":[{"href":"https:\/\/ensude.com\/index.php\/wp-json\/wp\/v2\/pages"}],"about":[{"href":"https:\/\/ensude.com\/index.php\/wp-json\/wp\/v2\/types\/page"}],"author":[{"embeddable":true,"href":"https:\/\/ensude.com\/index.php\/wp-json\/wp\/v2\/users\/1"}],"replies":[{"embeddable":true,"href":"https:\/\/ensude.com\/index.php\/wp-json\/wp\/v2\/comments?post=1989"}],"version-history":[{"count":5,"href":"https:\/\/ensude.com\/index.php\/wp-json\/wp\/v2\/pages\/1989\/revisions"}],"predecessor-version":[{"id":2109,"href":"https:\/\/ensude.com\/index.php\/wp-json\/wp\/v2\/pages\/1989\/revisions\/2109"}],"wp:attachment":[{"href":"https:\/\/ensude.com\/index.php\/wp-json\/wp\/v2\/media?parent=1989"}],"curies":[{"name":"wp","href":"https:\/\/api.w.org\/{rel}","templated":true}]}}