{"id":1943,"date":"2024-09-15T13:22:07","date_gmt":"2024-09-15T13:22:07","guid":{"rendered":"https:\/\/ensude.com\/?page_id=1943"},"modified":"2024-09-15T13:22:07","modified_gmt":"2024-09-15T13:22:07","slug":"piller","status":"publish","type":"page","link":"https:\/\/ensude.com\/index.php\/piller\/","title":{"rendered":"Piller"},"content":{"rendered":"<div class='breakdance'><section class=\"bde-section-1943-100 bde-section\">\n  \n\t\n\n\n\n<div class=\"section-container\"><h1 class=\"bde-heading-1943-101 bde-heading\">\nPiller\n<\/h1><div class=\"bde-columns-1943-102 bde-columns\"><div class=\"bde-column-1943-103 bde-column\">\n  \n\t\n\n\n\n<div class=\"bde-image-1943-104 bde-image\">\n<figure class=\"breakdance-image breakdance-image--1946\">\n\t<div class=\"breakdance-image-container\">\n\t\t<div class=\"breakdance-image-clip\"><img loading=\"lazy\" decoding=\"async\" class=\"breakdance-image-object\" src=\"https:\/\/ensude.com\/wp-content\/uploads\/2024\/09\/Akku.png\" width=\"2000\" height=\"2000\" srcset=\"https:\/\/ensude.com\/wp-content\/uploads\/2024\/09\/Akku.png 2000w, https:\/\/ensude.com\/wp-content\/uploads\/2024\/09\/Akku-640x640.png 640w, https:\/\/ensude.com\/wp-content\/uploads\/2024\/09\/Akku-1280x1280.png 1280w, https:\/\/ensude.com\/wp-content\/uploads\/2024\/09\/Akku-160x160.png 160w, https:\/\/ensude.com\/wp-content\/uploads\/2024\/09\/Akku-768x768.png 768w, https:\/\/ensude.com\/wp-content\/uploads\/2024\/09\/Akku-1536x1536.png 1536w\" sizes=\"auto, (max-width: 2000px) 100vw, 2000px\"><\/div>\n\t<\/div><\/figure>\n\n<\/div>\n<\/div><div class=\"bde-column-1943-105 bde-column\">\n  \n\t\n\n\n\n<div class=\"bde-rich-text-1943-106 bde-rich-text breakdance-rich-text-styles\">\n<p>\u015eebekeden ba\u011f\u0131ms\u0131z ak\u00fc \u00e7\u00f6z\u00fcmlerimiz portf\u00f6y\u00fcm\u00fcz\u00fc i\u015flevsellik ve esneklik a\u00e7\u0131s\u0131ndan tamamlamakla kalm\u0131yor, ayn\u0131 zamanda dikkatimizi \u00e7evrenin korunmas\u0131na da y\u00f6nlendiriyor. \u015earj edilebilir lityum iyon pillerimiz, pillere g\u00f6re \u00e7ok daha uzun \u00f6m\u00fcrl\u00fc olmalar\u0131 ve dolay\u0131s\u0131yla \u00e7ok daha az at\u0131k \u00fcretmeleri gibi bir avantaja sahiptir.<\/p>\n<p>\u0130ster \u00e7irkin tak\u0131lma tehlikelerini \u00f6nlemek istedi\u011finiz ve b\u00f6ylece elektrik kablosunu dahili \u015farj edilebilir pil ile de\u011fi\u015ftirmek istedi\u011finiz yatar koltuk veya esnek bir pozisyonda yatabilece\u011finiz bak\u0131m yata\u011f\u0131 olsun, \u00e7e\u015fitli alanlara sonradan tak\u0131labilirler. ve yine de bir elektrik prizine ba\u011fl\u0131 oldu\u011funuzda oldu\u011fundan daha rahat olursunuz.<br \/><br \/>Limuzin bile\u015fenleri aras\u0131na esnek bir \u015fekilde yerle\u015ftirilebilen ak\u00fc \u00e7\u00f6z\u00fcmlerimiz, k\u00fc\u00e7\u00fck kurulum boyutlar\u0131 nedeniyle maksimum depolama olanaklar\u0131yla m\u00fcmk\u00fcn olan en b\u00fcy\u00fck yenileme etkisini sunar.<br \/><br \/>D\u00f6\u015femenin alt\u0131na yerle\u015ftirilebilen veya d\u00f6\u015femeye entegre edilebilen, ayr\u0131 bir \u015farj tepsisine sahip de\u011fi\u015ftirilebilir ak\u00fc sistemlerimiz ki\u015fisel i\u00e7 mekan\u0131n\u0131z\u0131 tamamlar.\u00a0Ayr\u0131 \u015farj tepsisi, y\u00fczeyin alt\u0131na yerle\u015ftirilmi\u015f olsalar bile pillerin \u00e7\u0131kar\u0131lmas\u0131n\u0131 ve \u015farj edilmesini kolayla\u015ft\u0131r\u0131r.\u00a0Do\u011frudan d\u00f6\u015femeye entegre edilebilen ak\u00fc \u00e7\u00f6z\u00fcmlerimiz, bir mobilya par\u00e7as\u0131n\u0131n bug\u00fcne kadar deneyimledi\u011fi maksimum f\u00fczyon etkisini sunuyor.\u00a0\u00c7evir, t\u0131kla, tamam; pil hi\u00e7 bu kadar eri\u015filebilir olmam\u0131\u015ft\u0131.<\/p>\n<\/div>\n<\/div><\/div><div class=\"bde-accordion-1943-107 bde-accordion bde-accordion--bordered\"><div class=\"bde-accordion__content-wrapper-1943-108 bde-accordion__content-wrapper\">\n<h3 class=\"bde-accordion__title-tag\">\n  <button type=\"button\" class=\"bde-accordion__button\" id=\"accordion-button-108\" aria-controls=\"accordion-panel-108\" aria-expanded=\"false\">\n     <span class=\"bde-accordion__title\" >MC160<\/span>\n     <span class=\"bde-accordion__icon bde-accordion__icon--default\"><\/span>\n     <span class=\"bde-accordion__icon bde-accordion__icon--active\"><\/span>\n  <\/button>\n<\/h3>\n\n<div role=\"region\" class=\"bde-accordion__panel\" id=\"accordion-panel-108\" aria-labelledby=\"accordion-button-108\" hidden>\n   <div class=\"bde-columns-1943-109 bde-columns\"><div class=\"bde-column-1943-110 bde-column\">\n  \n\t\n\n\n\n<div class=\"bde-image-1943-111 bde-image\">\n<figure class=\"breakdance-image breakdance-image--1966\">\n\t<div class=\"breakdance-image-container\">\n\t\t<div class=\"breakdance-image-clip\"><img loading=\"lazy\" decoding=\"async\" class=\"breakdance-image-object\" src=\"https:\/\/ensude.com\/wp-content\/uploads\/2024\/09\/MC160.png\" width=\"300\" height=\"300\" srcset=\"https:\/\/ensude.com\/wp-content\/uploads\/2024\/09\/MC160.png 300w, https:\/\/ensude.com\/wp-content\/uploads\/2024\/09\/MC160-160x160.png 160w\" sizes=\"auto, (max-width: 300px) 100vw, 300px\"><\/div>\n\t<\/div><\/figure>\n\n<\/div>\n<\/div><div class=\"bde-column-1943-112 bde-column\">\n  \n\t\n\n\n\n<div class=\"bde-rich-text-1943-113 bde-rich-text breakdance-rich-text-styles\">\n<p>MC160 lityum iyon pil, kompakt tasar\u0131m\u0131 ve 1.800 mAh depolama kapasitesi sayesinde \u00e7ok y\u00f6nl\u00fc bir pilin en iyi \u00f6zelliklerine sahiptir.\u00a0Hem bak\u0131m sekt\u00f6r\u00fcnde hem de d\u00f6\u015femeli mobilya uygulamalar\u0131nda bir\u00e7ok \u015fekilde kullan\u0131labilmektedir.<\/p>\n<p><strong><span class=\"font-bold flex-1\">Nominal Voltaj: <\/span><\/strong><span class=\"pl-4 flex-1\">25,20V<br \/><\/span><strong><span class=\"font-bold flex-1\">Kapasite:\u00a0<\/span><\/strong><span class=\"pl-4 flex-1\">1,80 Ah<br \/><\/span><strong><span class=\"font-bold flex-1\">Koruma T\u00fcr\u00fc: <\/span><\/strong><span class=\"pl-4 flex-1\">IP20<br \/><\/span><strong><span class=\"font-bold flex-1\">Koruma S\u0131n\u0131f\u0131: <\/span><\/strong><span class=\"pl-4 flex-1\">III<br \/><\/span><strong><span class=\"font-bold flex-1\">Kurulum Deli\u011fi Mesafesi: <\/span><\/strong><span class=\"pl-4 flex-1\">159,00mm<\/span><\/p>\n<\/div>\n<\/div><\/div>\n<\/div>\n\n\n\n<\/div><div class=\"bde-accordion__content-wrapper-1943-114 bde-accordion__content-wrapper\">\n<h3 class=\"bde-accordion__title-tag\">\n  <button type=\"button\" class=\"bde-accordion__button\" id=\"accordion-button-114\" aria-controls=\"accordion-panel-114\" aria-expanded=\"false\">\n     <span class=\"bde-accordion__title\" >MC161<\/span>\n     <span class=\"bde-accordion__icon bde-accordion__icon--default\"><\/span>\n     <span class=\"bde-accordion__icon bde-accordion__icon--active\"><\/span>\n  <\/button>\n<\/h3>\n\n<div role=\"region\" class=\"bde-accordion__panel\" id=\"accordion-panel-114\" aria-labelledby=\"accordion-button-114\" hidden>\n   <div class=\"bde-columns-1943-115 bde-columns\"><div class=\"bde-column-1943-116 bde-column\">\n  \n\t\n\n\n\n<div class=\"bde-image-1943-117 bde-image\">\n<figure class=\"breakdance-image breakdance-image--1967\">\n\t<div class=\"breakdance-image-container\">\n\t\t<div class=\"breakdance-image-clip\"><img loading=\"lazy\" decoding=\"async\" class=\"breakdance-image-object\" src=\"https:\/\/ensude.com\/wp-content\/uploads\/2024\/09\/MC161.png\" width=\"300\" height=\"300\" srcset=\"https:\/\/ensude.com\/wp-content\/uploads\/2024\/09\/MC161.png 300w, https:\/\/ensude.com\/wp-content\/uploads\/2024\/09\/MC161-160x160.png 160w\" sizes=\"auto, (max-width: 300px) 100vw, 300px\"><\/div>\n\t<\/div><\/figure>\n\n<\/div>\n<\/div><div class=\"bde-column-1943-118 bde-column\">\n  \n\t\n\n\n\n<div class=\"bde-rich-text-1943-119 bde-rich-text breakdance-rich-text-styles\">\n<p>Lityum iyon pil MC161, MC160\u2019tan daha kompakt ve daha k\u00fc\u00e7\u00fckt\u00fcr.\u00a0Kurulumu kolay bir plastik montaj cihaz\u0131na klipslenebilir.<\/p>\n<p><strong><span class=\"font-bold flex-1\">Nominal Voltaj: <\/span><\/strong><span class=\"pl-4 flex-1\">24,40V<br \/><\/span><strong><span class=\"font-bold flex-1\">Kapasite:\u00a0<\/span><\/strong><span class=\"pl-4 flex-1\">1,00 Ah<br \/><\/span><strong><span class=\"font-bold flex-1\">Koruma T\u00fcr\u00fc: <\/span><\/strong><span class=\"pl-4 flex-1\">IP20<br \/><\/span><strong><span class=\"font-bold flex-1\">Koruma S\u0131n\u0131f\u0131: <\/span><\/strong><span class=\"pl-4 flex-1\">III<br \/><\/span><strong><span class=\"font-bold flex-1\">Kurulum Deli\u011fi Mesafesi: <\/span><\/strong><span class=\"font-bold flex-1\">81<\/span><span class=\"pl-4 flex-1\">,00mm<\/span><\/p>\n<\/div>\n<\/div><\/div>\n<\/div>\n\n\n\n<\/div><div class=\"bde-accordion__content-wrapper-1943-120 bde-accordion__content-wrapper\">\n<h3 class=\"bde-accordion__title-tag\">\n  <button type=\"button\" class=\"bde-accordion__button\" id=\"accordion-button-120\" aria-controls=\"accordion-panel-120\" aria-expanded=\"false\">\n     <span class=\"bde-accordion__title\" >MC166<\/span>\n     <span class=\"bde-accordion__icon bde-accordion__icon--default\"><\/span>\n     <span class=\"bde-accordion__icon bde-accordion__icon--active\"><\/span>\n  <\/button>\n<\/h3>\n\n<div role=\"region\" class=\"bde-accordion__panel\" id=\"accordion-panel-120\" aria-labelledby=\"accordion-button-120\" hidden>\n   <div class=\"bde-columns-1943-121 bde-columns\"><div class=\"bde-column-1943-122 bde-column\">\n  \n\t\n\n\n\n<div class=\"bde-image-1943-123 bde-image\">\n<figure class=\"breakdance-image breakdance-image--1968\">\n\t<div class=\"breakdance-image-container\">\n\t\t<div class=\"breakdance-image-clip\"><img loading=\"lazy\" decoding=\"async\" class=\"breakdance-image-object\" src=\"https:\/\/ensude.com\/wp-content\/uploads\/2024\/09\/MC166.png\" width=\"300\" height=\"300\" srcset=\"https:\/\/ensude.com\/wp-content\/uploads\/2024\/09\/MC166.png 300w, https:\/\/ensude.com\/wp-content\/uploads\/2024\/09\/MC166-160x160.png 160w\" sizes=\"auto, (max-width: 300px) 100vw, 300px\"><\/div>\n\t<\/div><\/figure>\n\n<\/div>\n<\/div><div class=\"bde-column-1943-124 bde-column\">\n  \n\t\n\n\n\n<div class=\"bde-rich-text-1943-125 bde-rich-text breakdance-rich-text-styles\">\n<p>Lityum iyon pil MC166, kompakt bir tasar\u0131ma ve 1.800 mAh depolama kapasitesine sahiptir.\u00a0\u00c7ok y\u00f6nl\u00fc bir oyuncunun en iyi \u00f6zellikleri.<\/p>\n<p><strong><span class=\"font-bold flex-1\">Nominal Voltaj: <\/span><\/strong><span class=\"pl-4 flex-1\">25,00V<br \/><\/span><strong><span class=\"font-bold flex-1\">Kapasite:\u00a0<\/span><\/strong><span class=\"pl-4 flex-1\">1,00 Ah<br \/><\/span><strong><span class=\"font-bold flex-1\">Koruma T\u00fcr\u00fc: <\/span><\/strong><span class=\"pl-4 flex-1\">IP66<br \/><\/span><strong><span class=\"font-bold flex-1\">Koruma S\u0131n\u0131f\u0131: <\/span><\/strong><span class=\"pl-4 flex-1\">III<br \/><\/span><strong><span class=\"font-bold flex-1\">Kurulum Deli\u011fi Mesafesi: <\/span><\/strong><span class=\"font-bold flex-1\">159<\/span><span class=\"pl-4 flex-1\">,00mm<\/span><\/p>\n<\/div>\n<\/div><\/div>\n<\/div>\n\n\n\n<\/div>\r\n\r\n<\/div><div class=\"bde-columns-1943-390 bde-columns\"><div class=\"bde-column-1943-391 bde-column\">\n  \n\t\n\n\n\n<div class=\"bde-button-1943-392 bde-button\">\n    \n                                    \n    \n    \n    \n    \n            \n                    \n            \n            \n\n    \n    \n    \n    \n    \n    <a class=\"breakdance-link button-atom button-atom--custom bde-button__button\" href=\"https:\/\/ensude.com\/wp-content\/uploads\/2024\/07\/limossEN.pdf\" target=\"_blank\" data-type=\"url\"  >\n\n    \n        <span class=\"button-atom__text\">Limoss Katalo\u011funu \u0130ncelemek \u0130\u00e7in T\u0131klay\u0131n<\/span>\n\n        \n        \n                <\/a>\n\n    \n\n\n<\/div>\n<\/div><\/div><\/div>\n<\/section><\/div>","protected":false},"excerpt":{"rendered":"<p>Piller \u015eebekeden ba\u011f\u0131ms\u0131z ak\u00fc \u00e7\u00f6z\u00fcmlerimiz portf\u00f6y\u00fcm\u00fcz\u00fc i\u015flevsellik ve esneklik a\u00e7\u0131s\u0131ndan tamamlamakla kalm\u0131yor, ayn\u0131 zamanda dikkatimizi \u00e7evrenin korunmas\u0131na da y\u00f6nlendiriyor. \u015earj edilebilir lityum iyon pillerimiz, pillere g\u00f6re \u00e7ok daha uzun \u00f6m\u00fcrl\u00fc olmalar\u0131 ve dolay\u0131s\u0131yla \u00e7ok daha az at\u0131k \u00fcretmeleri gibi bir avantaja sahiptir. \u0130ster \u00e7irkin tak\u0131lma tehlikelerini \u00f6nlemek istedi\u011finiz ve b\u00f6ylece elektrik kablosunu dahili \u015farj edilebilir [&hellip;]<\/p>\n","protected":false},"author":1,"featured_media":0,"parent":0,"menu_order":0,"comment_status":"closed","ping_status":"closed","template":"","meta":{"_acf_changed":false,"_breakdance_hide_in_design_set":false,"_breakdance_tags":"","footnotes":""},"class_list":["post-1943","page","type-page","status-publish","hentry"],"acf":[],"_links":{"self":[{"href":"https:\/\/ensude.com\/index.php\/wp-json\/wp\/v2\/pages\/1943","targetHints":{"allow":["GET"]}}],"collection":[{"href":"https:\/\/ensude.com\/index.php\/wp-json\/wp\/v2\/pages"}],"about":[{"href":"https:\/\/ensude.com\/index.php\/wp-json\/wp\/v2\/types\/page"}],"author":[{"embeddable":true,"href":"https:\/\/ensude.com\/index.php\/wp-json\/wp\/v2\/users\/1"}],"replies":[{"embeddable":true,"href":"https:\/\/ensude.com\/index.php\/wp-json\/wp\/v2\/comments?post=1943"}],"version-history":[{"count":6,"href":"https:\/\/ensude.com\/index.php\/wp-json\/wp\/v2\/pages\/1943\/revisions"}],"predecessor-version":[{"id":2107,"href":"https:\/\/ensude.com\/index.php\/wp-json\/wp\/v2\/pages\/1943\/revisions\/2107"}],"wp:attachment":[{"href":"https:\/\/ensude.com\/index.php\/wp-json\/wp\/v2\/media?parent=1943"}],"curies":[{"name":"wp","href":"https:\/\/api.w.org\/{rel}","templated":true}]}}