{"id":1825,"date":"2024-09-15T13:14:15","date_gmt":"2024-09-15T13:14:15","guid":{"rendered":"https:\/\/ensude.com\/?page_id=1825"},"modified":"2024-10-21T22:44:43","modified_gmt":"2024-10-21T22:44:43","slug":"evo-tech-machinery-zincir-lift","status":"publish","type":"page","link":"https:\/\/ensude.com\/index.php\/evo-tech-machinery-zincir-lift\/","title":{"rendered":"Evo-Tech Machinery Zincir Lift"},"content":{"rendered":"<div class='breakdance'><section class=\"bde-section-1825-100 bde-section\">\n  \n\t\n\n\n\n<div class=\"section-container\"><h1 class=\"bde-heading-1825-101 bde-heading\">\nEvo-Tech Machinery Zincir Lift\n<\/h1><div class=\"bde-columns-1825-102 bde-columns\"><div class=\"bde-column-1825-103 bde-column\">\n  \n\t\n\n\n\n<div class=\"bde-image-1825-104 bde-image\">\n<figure class=\"breakdance-image breakdance-image--1831\">\n\t<div class=\"breakdance-image-container\">\n\t\t<div class=\"breakdance-image-clip\"><img loading=\"lazy\" decoding=\"async\" class=\"breakdance-image-object\" src=\"https:\/\/ensude.com\/wp-content\/uploads\/2024\/09\/zincirlift.png\" width=\"457\" height=\"316\" sizes=\"auto, (max-width: 457px) 100vw, 457px\"><\/div>\n\t<\/div><\/figure>\n\n<\/div>\n<\/div><div class=\"bde-column-1825-105 bde-column\">\n  \n\t\n\n\n\n<div class=\"bde-rich-text-1825-114 bde-rich-text breakdance-rich-text-styles\">\n<p>Sat\u0131\u015f\u0131n\u0131 yapt\u0131\u011f\u0131m\u0131z Evo-Tech Rigid Zincir, otomasyon, montaj hatlar\u0131 ve malzeme ta\u015f\u0131ma ekipmanlar\u0131nda, hassas hareket ve konumland\u0131rma gerektiren kald\u0131rma operasyonlar\u0131 kullan\u0131l\u0131r. Rigid zincir, kompakt tasar\u0131m\u0131yla dar alanlarda bile y\u00fcksek performans, y\u00fcksek kalite ve yenilik\u00e7i kald\u0131rma \u00e7\u00f6z\u00fcmleri sundu\u011fu i\u00e7in tercih edilir.<\/p>\n<\/div><div class=\"bde-columns-1825-106 bde-columns\"><div class=\"bde-column-1825-107 bde-column\">\n  \n\t\n\n\n\n<div class=\"bde-button-1825-108 bde-button\">\n    \n                                    \n    \n    \n    \n    \n            \n                    \n            \n            \n\n    \n    \n    \n    \n    \n    <a class=\"breakdance-link button-atom button-atom--custom bde-button__button\" href=\"https:\/\/ensude.com\/wp-content\/uploads\/2024\/07\/evotech-zincirlift-katalog\u4f0a\u7279\u5de5\u4e1a\u9500\u9f7f\u94fe\u6837\u672c-0803-1.pdf\" target=\"_blank\" data-type=\"url\"  >\n\n    \n        <span class=\"button-atom__text\">Zincir lift katalo\u011fu i\u00e7in t\u0131klay\u0131n\u0131z.<\/span>\n\n        \n        \n                <\/a>\n\n    \n\n\n<\/div>\n<\/div><\/div>\n<\/div><\/div><div class=\"bde-text-1825-113 bde-text\">\n\u00c7al\u0131\u015fma Videosu\n<\/div><div class=\"bde-video-1825-112 bde-video\">\n<div class=\"ee-video-container\">\n            <video class=\"ee-video\" src=\"https:\/\/ensude.com\/wp-content\/uploads\/2024\/10\/video-5.mp4\"\n                               controls='true'                                                                controlsList=\"nodownload\"                playsinline\n        >\n        <\/video>\n    \n    <\/div>\n\n<\/div><div class=\"bde-text-1825-115 bde-text\">\nEvo-Tech'ten Rigit Zincirli Kald\u0131rma \u00f6rne\u011fi, min. 20 cm y\u00fcksekli\u011finde kald\u0131rma, mevcut sistemlere kolay entegrasyon\n<\/div><div class=\"bde-video-1825-116 bde-video\">\n<div class=\"ee-video-container\">\n            <video class=\"ee-video\" src=\"https:\/\/ensude.com\/wp-content\/uploads\/2024\/10\/video6.mp4\"\n                               controls='true'                                                                controlsList=\"nodownload\"                playsinline\n        >\n        <\/video>\n    \n    <\/div>\n\n<\/div><\/div>\n<\/section><\/div>","protected":false},"excerpt":{"rendered":"<p>Evo-Tech Machinery Zincir Lift Sat\u0131\u015f\u0131n\u0131 yapt\u0131\u011f\u0131m\u0131z Evo-Tech Rigid Zincir, otomasyon, montaj hatlar\u0131 ve malzeme ta\u015f\u0131ma ekipmanlar\u0131nda, hassas hareket ve konumland\u0131rma gerektiren kald\u0131rma operasyonlar\u0131 kullan\u0131l\u0131r. Rigid zincir, kompakt tasar\u0131m\u0131yla dar alanlarda bile y\u00fcksek performans, y\u00fcksek kalite ve yenilik\u00e7i kald\u0131rma \u00e7\u00f6z\u00fcmleri sundu\u011fu i\u00e7in tercih edilir. Zincir lift katalo\u011fu i\u00e7in t\u0131klay\u0131n\u0131z. \u00c7al\u0131\u015fma Videosu Evo-Tech&#8217;ten Rigit Zincirli Kald\u0131rma \u00f6rne\u011fi, [&hellip;]<\/p>\n","protected":false},"author":1,"featured_media":0,"parent":0,"menu_order":0,"comment_status":"closed","ping_status":"closed","template":"","meta":{"_acf_changed":false,"_breakdance_hide_in_design_set":false,"_breakdance_tags":"","footnotes":""},"class_list":["post-1825","page","type-page","status-publish","hentry"],"acf":[],"_links":{"self":[{"href":"https:\/\/ensude.com\/index.php\/wp-json\/wp\/v2\/pages\/1825","targetHints":{"allow":["GET"]}}],"collection":[{"href":"https:\/\/ensude.com\/index.php\/wp-json\/wp\/v2\/pages"}],"about":[{"href":"https:\/\/ensude.com\/index.php\/wp-json\/wp\/v2\/types\/page"}],"author":[{"embeddable":true,"href":"https:\/\/ensude.com\/index.php\/wp-json\/wp\/v2\/users\/1"}],"replies":[{"embeddable":true,"href":"https:\/\/ensude.com\/index.php\/wp-json\/wp\/v2\/comments?post=1825"}],"version-history":[{"count":9,"href":"https:\/\/ensude.com\/index.php\/wp-json\/wp\/v2\/pages\/1825\/revisions"}],"predecessor-version":[{"id":2442,"href":"https:\/\/ensude.com\/index.php\/wp-json\/wp\/v2\/pages\/1825\/revisions\/2442"}],"wp:attachment":[{"href":"https:\/\/ensude.com\/index.php\/wp-json\/wp\/v2\/media?parent=1825"}],"curies":[{"name":"wp","href":"https:\/\/api.w.org\/{rel}","templated":true}]}}