{"id":1815,"date":"2024-09-15T13:20:43","date_gmt":"2024-09-15T13:20:43","guid":{"rendered":"https:\/\/ensude.com\/?page_id=1815"},"modified":"2024-09-15T13:20:43","modified_gmt":"2024-09-15T13:20:43","slug":"skk-planet-roller-screw","status":"publish","type":"page","link":"https:\/\/ensude.com\/index.php\/skk-planet-roller-screw\/","title":{"rendered":"SKK Planet Roller Screw"},"content":{"rendered":"<div class='breakdance'><section class=\"bde-section-1815-100 bde-section\">\n  \n\t\n\n\n\n<div class=\"section-container\"><h1 class=\"bde-heading-1815-101 bde-heading\">\nSKK Planet Roller Screw\n<\/h1><div class=\"bde-columns-1815-102 bde-columns\"><div class=\"bde-column-1815-103 bde-column\">\n  \n\t\n\n\n\n<div class=\"bde-image-1815-108 bde-image\">\n<figure class=\"breakdance-image breakdance-image--1818\">\n\t<div class=\"breakdance-image-container\">\n\t\t<div class=\"breakdance-image-clip\"><img loading=\"lazy\" decoding=\"async\" class=\"breakdance-image-object\" src=\"https:\/\/ensude.com\/wp-content\/uploads\/2024\/09\/planet.png\" width=\"768\" height=\"648\" srcset=\"https:\/\/ensude.com\/wp-content\/uploads\/2024\/09\/planet.png 768w, https:\/\/ensude.com\/wp-content\/uploads\/2024\/09\/planet-640x540.png 640w\" sizes=\"auto, (max-width: 768px) 100vw, 768px\"><\/div>\n\t<\/div><\/figure>\n\n<\/div>\n<\/div><div class=\"bde-column-1815-104 bde-column\">\n  \n\t\n\n\n\n<div class=\"bde-columns-1815-111 bde-columns\"><div class=\"bde-column-1815-112 bde-column\">\n  \n\t\n\n\n\n<div class=\"bde-button-1815-113 bde-button\">\n    \n                                    \n    \n    \n    \n    \n            \n                    \n            \n            \n\n    \n    \n    \n    \n    \n    <a class=\"breakdance-link button-atom button-atom--custom bde-button__button\" href=\"https:\/\/ensude.com\/wp-content\/uploads\/2024\/07\/1For-heavy-load-ball-screw-1.pdf\" target=\"_blank\" data-type=\"url\"  >\n\n    \n        <span class=\"button-atom__text\">Vidal\u0131 mil katalo\u011fu i\u00e7in t\u0131klay\u0131n\u0131z.<\/span>\n\n        \n        \n                <\/a>\n\n    \n\n\n<\/div>\n<\/div><\/div><div class=\"bde-columns-1815-114 bde-columns\"><div class=\"bde-column-1815-115 bde-column\">\n  \n\t\n\n\n\n<div class=\"bde-button-1815-116 bde-button\">\n    \n                                    \n    \n    \n    \n    \n            \n                    \n            \n            \n\n    \n    \n    \n    \n    \n    <a class=\"breakdance-link button-atom button-atom--custom bde-button__button\" href=\"https:\/\/ensude.com\/wp-content\/uploads\/2024\/07\/planetary-roller-screw-2c-endustri.pdf\" target=\"_blank\" data-type=\"url\"  >\n\n    \n        <span class=\"button-atom__text\">Planetary Roller Screws Katalo\u011fu i\u00e7in t\u0131klay\u0131n\u0131z.<\/span>\n\n        \n        \n                <\/a>\n\n    \n\n\n<\/div>\n<\/div><\/div>\n<\/div><\/div><div class=\"bde-columns-1815-105 bde-columns\"><div class=\"bde-column-1815-106 bde-column\">\n  \n\t\n\n\n\n<div class=\"bde-image-1815-109 bde-image\">\n<figure class=\"breakdance-image breakdance-image--1819\">\n\t<div class=\"breakdance-image-container\">\n\t\t<div class=\"breakdance-image-clip\"><img loading=\"lazy\" decoding=\"async\" class=\"breakdance-image-object\" src=\"https:\/\/ensude.com\/wp-content\/uploads\/2024\/09\/planet1.png\" width=\"768\" height=\"452\" srcset=\"https:\/\/ensude.com\/wp-content\/uploads\/2024\/09\/planet1.png 768w, https:\/\/ensude.com\/wp-content\/uploads\/2024\/09\/planet1-640x377.png 640w\" sizes=\"auto, (max-width: 768px) 100vw, 768px\"><\/div>\n\t<\/div><\/figure>\n\n<\/div>\n<\/div><div class=\"bde-column-1815-107 bde-column\">\n  \n\t\n\n\n\n\n<\/div><\/div><\/div>\n<\/section><\/div>","protected":false},"excerpt":{"rendered":"<p>SKK Planet Roller Screw Vidal\u0131 mil katalo\u011fu i\u00e7in t\u0131klay\u0131n\u0131z. Planetary Roller Screws Katalo\u011fu i\u00e7in t\u0131klay\u0131n\u0131z.<\/p>\n","protected":false},"author":1,"featured_media":0,"parent":0,"menu_order":0,"comment_status":"closed","ping_status":"closed","template":"","meta":{"_acf_changed":false,"_breakdance_hide_in_design_set":false,"_breakdance_tags":"","footnotes":""},"class_list":["post-1815","page","type-page","status-publish","hentry"],"acf":[],"_links":{"self":[{"href":"https:\/\/ensude.com\/index.php\/wp-json\/wp\/v2\/pages\/1815","targetHints":{"allow":["GET"]}}],"collection":[{"href":"https:\/\/ensude.com\/index.php\/wp-json\/wp\/v2\/pages"}],"about":[{"href":"https:\/\/ensude.com\/index.php\/wp-json\/wp\/v2\/types\/page"}],"author":[{"embeddable":true,"href":"https:\/\/ensude.com\/index.php\/wp-json\/wp\/v2\/users\/1"}],"replies":[{"embeddable":true,"href":"https:\/\/ensude.com\/index.php\/wp-json\/wp\/v2\/comments?post=1815"}],"version-history":[{"count":4,"href":"https:\/\/ensude.com\/index.php\/wp-json\/wp\/v2\/pages\/1815\/revisions"}],"predecessor-version":[{"id":1824,"href":"https:\/\/ensude.com\/index.php\/wp-json\/wp\/v2\/pages\/1815\/revisions\/1824"}],"wp:attachment":[{"href":"https:\/\/ensude.com\/index.php\/wp-json\/wp\/v2\/media?parent=1815"}],"curies":[{"name":"wp","href":"https:\/\/api.w.org\/{rel}","templated":true}]}}