{"id":1805,"date":"2024-09-15T13:22:25","date_gmt":"2024-09-15T13:22:25","guid":{"rendered":"https:\/\/ensude.com\/?page_id=1805"},"modified":"2025-10-02T07:23:07","modified_gmt":"2025-10-02T07:23:07","slug":"screw-jack-vidali-kriko-ve-yon-degistirici","status":"publish","type":"page","link":"https:\/\/ensude.com\/index.php\/screw-jack-vidali-kriko-ve-yon-degistirici\/","title":{"rendered":"Screw Jack Vidal\u0131 Kriko ve Y\u00f6n De\u011fi\u015ftirici"},"content":{"rendered":"<div class='breakdance'><section class=\"bde-section-1805-100 bde-section\">\n  \n\t\n\n\n\n<div class=\"section-container\"><h1 class=\"bde-heading-1805-101 bde-heading\">\nScrew Jack Vidal\u0131 Kriko ve Y\u00f6n De\u011fi\u015ftirici\n<\/h1><div class=\"bde-columns-1805-102 bde-columns\"><div class=\"bde-column-1805-103 bde-column\">\n  \n\t\n\n\n\n<div class=\"bde-image-1805-105 bde-image\">\n<figure class=\"breakdance-image breakdance-image--1809\">\n\t<div class=\"breakdance-image-container\">\n\t\t<div class=\"breakdance-image-clip\"><a class=\"breakdance-image-link breakdance-image-link--url\" href=\"https:\/\/ensude.com\/wp-content\/uploads\/2025\/10\/2C-Endustri-Screw-Jack-Catalogue-2.pdf\" target=\"_blank\" rel=\"noopener\" data-sub-html=\"Katalog i\u00e7in t\u0131klay\u0131n\u0131z\" data-lg-size=\"-\"><img loading=\"lazy\" decoding=\"async\" class=\"breakdance-image-object\" src=\"https:\/\/ensude.com\/wp-content\/uploads\/2024\/09\/2cmotion1.png\" width=\"1024\" height=\"1024\" srcset=\"https:\/\/ensude.com\/wp-content\/uploads\/2024\/09\/2cmotion1.png 1024w, https:\/\/ensude.com\/wp-content\/uploads\/2024\/09\/2cmotion1-640x640.png 640w, https:\/\/ensude.com\/wp-content\/uploads\/2024\/09\/2cmotion1-160x160.png 160w, https:\/\/ensude.com\/wp-content\/uploads\/2024\/09\/2cmotion1-768x768.png 768w\" sizes=\"auto, (max-width: 1024px) 100vw, 1024px\"><\/a><\/div>\n\t<\/div><figcaption class=\"breakdance-image__caption\">Katalog i\u00e7in t\u0131klay\u0131n\u0131z<\/figcaption><\/figure>\n\n<\/div>\n<\/div><div class=\"bde-column-1805-104 bde-column\">\n  \n\t\n\n\n\n<div class=\"bde-image-1805-107 bde-image\">\n<figure class=\"breakdance-image breakdance-image--1810\">\n\t<div class=\"breakdance-image-container\">\n\t\t<div class=\"breakdance-image-clip\"><a class=\"breakdance-image-link breakdance-image-link--url\" href=\"https:\/\/ensude.com\/wp-content\/uploads\/2024\/07\/2C-Endustri-Bevel-Gearbox-Catalogue.pdf\" target=\"_blank\" rel=\"noopener\" data-sub-html=\"Katalog i\u00e7in t\u0131klay\u0131n\u0131z\" data-lg-size=\"-\"><img loading=\"lazy\" decoding=\"async\" class=\"breakdance-image-object\" src=\"https:\/\/ensude.com\/wp-content\/uploads\/2024\/09\/2cmotion2.png\" width=\"1024\" height=\"1024\" srcset=\"https:\/\/ensude.com\/wp-content\/uploads\/2024\/09\/2cmotion2.png 1024w, https:\/\/ensude.com\/wp-content\/uploads\/2024\/09\/2cmotion2-640x640.png 640w, https:\/\/ensude.com\/wp-content\/uploads\/2024\/09\/2cmotion2-160x160.png 160w, https:\/\/ensude.com\/wp-content\/uploads\/2024\/09\/2cmotion2-768x768.png 768w\" sizes=\"auto, (max-width: 1024px) 100vw, 1024px\"><\/a><\/div>\n\t<\/div><figcaption class=\"breakdance-image__caption\">Katalog i\u00e7in t\u0131klay\u0131n\u0131z<\/figcaption><\/figure>\n\n<\/div>\n<\/div><\/div><\/div>\n<\/section><\/div>","protected":false},"excerpt":{"rendered":"<p>Screw Jack Vidal\u0131 Kriko ve Y\u00f6n De\u011fi\u015ftirici Katalog i\u00e7in t\u0131klay\u0131n\u0131z Katalog i\u00e7in t\u0131klay\u0131n\u0131z<\/p>\n","protected":false},"author":1,"featured_media":0,"parent":0,"menu_order":0,"comment_status":"closed","ping_status":"closed","template":"","meta":{"_acf_changed":false,"_breakdance_hide_in_design_set":false,"_breakdance_tags":"","footnotes":""},"class_list":["post-1805","page","type-page","status-publish","hentry"],"acf":[],"_links":{"self":[{"href":"https:\/\/ensude.com\/index.php\/wp-json\/wp\/v2\/pages\/1805","targetHints":{"allow":["GET"]}}],"collection":[{"href":"https:\/\/ensude.com\/index.php\/wp-json\/wp\/v2\/pages"}],"about":[{"href":"https:\/\/ensude.com\/index.php\/wp-json\/wp\/v2\/types\/page"}],"author":[{"embeddable":true,"href":"https:\/\/ensude.com\/index.php\/wp-json\/wp\/v2\/users\/1"}],"replies":[{"embeddable":true,"href":"https:\/\/ensude.com\/index.php\/wp-json\/wp\/v2\/comments?post=1805"}],"version-history":[{"count":8,"href":"https:\/\/ensude.com\/index.php\/wp-json\/wp\/v2\/pages\/1805\/revisions"}],"predecessor-version":[{"id":3599,"href":"https:\/\/ensude.com\/index.php\/wp-json\/wp\/v2\/pages\/1805\/revisions\/3599"}],"wp:attachment":[{"href":"https:\/\/ensude.com\/index.php\/wp-json\/wp\/v2\/media?parent=1805"}],"curies":[{"name":"wp","href":"https:\/\/api.w.org\/{rel}","templated":true}]}}