{"id":1795,"date":"2024-09-15T13:22:09","date_gmt":"2024-09-15T13:22:09","guid":{"rendered":"https:\/\/ensude.com\/?page_id=1795"},"modified":"2024-09-15T13:22:09","modified_gmt":"2024-09-15T13:22:09","slug":"pin-gear-drive","status":"publish","type":"page","link":"https:\/\/ensude.com\/index.php\/pin-gear-drive\/","title":{"rendered":"Pin Gear Drive"},"content":{"rendered":"<div class='breakdance'><section class=\"bde-section-1795-100 bde-section\">\n  \n\t\n\n\n\n<div class=\"section-container\"><h1 class=\"bde-heading-1795-101 bde-heading\">\nPin Gear Drive\n<\/h1><div class=\"bde-rich-text-1795-102 bde-rich-text breakdance-rich-text-styles\">\n<div id=\"comp-jwi7robh\" class=\"HcOXKn SxM0TO QxJLC3 lq2cno comp-jwi7robh wixui-rich-text\" data-testid=\"richTextElement\">\n<p class=\"font_2 wixui-rich-text__text\">Tsubaki Pin Di\u015fli Tahrik \u00dcniteleri di\u015fli kremayer ve pinyonun yerini alacak yeni tip bir \u015fanz\u0131man \u00fcnitesidir. Bir pinli \u00e7ark ve kremayer ile benzersiz di\u015f profiline sahip bir di\u015fliden olu\u015fan Pimli Di\u015fli Tahrik \u00dcniteleri, d\u00f6ner ve do\u011frusal tahrikler i\u00e7in s\u0131n\u0131rs\u0131z tasar\u0131m olanaklar\u0131 sunar.<br \/><br \/>Tsubaki Pimli Di\u015fli Tahrik \u00dcniteleri, kolay kurulum i\u00e7in b\u00f6l\u00fcml\u00fc bir sistem kullan\u0131rken kaba montaj hassasiyetine de izin verir. Pim di\u015flileri biraz hareket alan\u0131 olan mod\u00fcller olarak tasarlanm\u0131\u015ft\u0131r. Pimli \u00e7arklar ve kremayerler aras\u0131ndaki do\u011fru denge, bunlar\u0131n b\u00fcy\u00fck aktar\u0131m torku \u00fcretmesine olanak tan\u0131r.<br \/><br \/>Ayr\u0131ca sistem b\u00fcy\u00fck ekipmanlarda da kullan\u0131labilir. Sadece tekerlek segmentlerinin say\u0131s\u0131n\u0131 art\u0131rarak b\u00fcy\u00fck ekipman tahriklerinde kullan\u0131ma olanak sa\u011flayabilirsiniz. B\u00fcy\u00fck boyutlu Pimli Di\u015fli Tahrik \u00dcniteleri \u00e7elik end\u00fcstrisi uygulamalar\u0131 i\u00e7in m\u00fckemmeldir. Maliyet ve te\u011fetsel kuvvet a\u00e7\u0131s\u0131ndan b\u00fcy\u00fck di\u015flilerden daha iyi performans g\u00f6sterirler.<br \/><br \/>Tsubaki Pimli Di\u015fli Tahrik \u00dcniteleri ayr\u0131ca su, asitler veya alkalilerle temas gibi a\u015f\u0131nd\u0131r\u0131c\u0131 ortamlarda kullan\u0131labilen eksiksiz bir paslanmaz \u00e7elik serisi (S Serisi) serisinde de mevcuttur.<\/p>\n<\/div>\n<\/div><div class=\"bde-columns-1795-103 bde-columns\"><div class=\"bde-column-1795-104 bde-column\">\n  \n\t\n\n\n\n<div class=\"bde-image-1795-105 bde-image\">\n<figure class=\"breakdance-image breakdance-image--1799\">\n\t<div class=\"breakdance-image-container\">\n\t\t<div class=\"breakdance-image-clip\"><img loading=\"lazy\" decoding=\"async\" class=\"breakdance-image-object\" src=\"https:\/\/ensude.com\/wp-content\/uploads\/2024\/09\/pingear.png\" width=\"742\" height=\"399\" srcset=\"https:\/\/ensude.com\/wp-content\/uploads\/2024\/09\/pingear.png 742w, https:\/\/ensude.com\/wp-content\/uploads\/2024\/09\/pingear-640x344.png 640w\" sizes=\"auto, (max-width: 742px) 100vw, 742px\"><\/div>\n\t<\/div><\/figure>\n\n<\/div>\n<\/div><\/div><\/div>\n<\/section><\/div>","protected":false},"excerpt":{"rendered":"<p>Pin Gear Drive Tsubaki Pin Di\u015fli Tahrik \u00dcniteleri di\u015fli kremayer ve pinyonun yerini alacak yeni tip bir \u015fanz\u0131man \u00fcnitesidir. Bir pinli \u00e7ark ve kremayer ile benzersiz di\u015f profiline sahip bir di\u015fliden olu\u015fan Pimli Di\u015fli Tahrik \u00dcniteleri, d\u00f6ner ve do\u011frusal tahrikler i\u00e7in s\u0131n\u0131rs\u0131z tasar\u0131m olanaklar\u0131 sunar.Tsubaki Pimli Di\u015fli Tahrik \u00dcniteleri, kolay kurulum i\u00e7in b\u00f6l\u00fcml\u00fc bir sistem [&hellip;]<\/p>\n","protected":false},"author":1,"featured_media":0,"parent":0,"menu_order":0,"comment_status":"closed","ping_status":"closed","template":"","meta":{"_acf_changed":false,"_breakdance_hide_in_design_set":false,"_breakdance_tags":"","footnotes":""},"class_list":["post-1795","page","type-page","status-publish","hentry"],"acf":[],"_links":{"self":[{"href":"https:\/\/ensude.com\/index.php\/wp-json\/wp\/v2\/pages\/1795","targetHints":{"allow":["GET"]}}],"collection":[{"href":"https:\/\/ensude.com\/index.php\/wp-json\/wp\/v2\/pages"}],"about":[{"href":"https:\/\/ensude.com\/index.php\/wp-json\/wp\/v2\/types\/page"}],"author":[{"embeddable":true,"href":"https:\/\/ensude.com\/index.php\/wp-json\/wp\/v2\/users\/1"}],"replies":[{"embeddable":true,"href":"https:\/\/ensude.com\/index.php\/wp-json\/wp\/v2\/comments?post=1795"}],"version-history":[{"count":4,"href":"https:\/\/ensude.com\/index.php\/wp-json\/wp\/v2\/pages\/1795\/revisions"}],"predecessor-version":[{"id":1801,"href":"https:\/\/ensude.com\/index.php\/wp-json\/wp\/v2\/pages\/1795\/revisions\/1801"}],"wp:attachment":[{"href":"https:\/\/ensude.com\/index.php\/wp-json\/wp\/v2\/media?parent=1795"}],"curies":[{"name":"wp","href":"https:\/\/api.w.org\/{rel}","templated":true}]}}