{"id":1780,"date":"2024-09-15T13:18:52","date_gmt":"2024-09-15T13:18:52","guid":{"rendered":"https:\/\/ensude.com\/?page_id=1780"},"modified":"2024-09-15T13:18:52","modified_gmt":"2024-09-15T13:18:52","slug":"linispeed-jack","status":"publish","type":"page","link":"https:\/\/ensude.com\/index.php\/linispeed-jack\/","title":{"rendered":"LiniSpeed Jack"},"content":{"rendered":"<div class='breakdance'><section class=\"bde-section-1780-100 bde-section\">\n  \n\t\n\n\n\n<div class=\"section-container\"><h1 class=\"bde-heading-1780-101 bde-heading\">\nLiniSpeed Jack\n<\/h1><div class=\"bde-rich-text-1780-228 bde-rich-text breakdance-rich-text-styles\">\n<div id=\"comp-jwi7robh\" class=\"HcOXKn SxM0TO QxJLC3 lq2cno comp-jwi7robh wixui-rich-text\" data-testid=\"richTextElement\">\n<p class=\"font_2 wixui-rich-text__text\">Enerji tasarruflu, kullan\u0131m\u0131 kolay ve a\u015f\u0131r\u0131 y\u00fcklendi\u011finde gerekli t\u00fcm g\u00fcvenlik \u00f6zelliklerini i\u00e7eren Tsubaki g\u00fc\u00e7 silindirleri, g\u00fcvenilirli\u011fi basitlikle birle\u015ftirir.<\/p>\n<p class=\"font_2 wixui-rich-text__text\">G\u00fc\u00e7 silindirlerimiz hidrolik veya hava hatlar\u0131na ihtiya\u00e7 duymad\u0131\u011f\u0131ndan i\u015flemi basitle\u015ftirir. T\u00fcm seriler i\u00e7in yerle\u015fik g\u00fcvenlik cihazlar\u0131 mevcuttur; uyarlanabilirlik, g\u00fc\u00e7 silindiri serimizin \u00e7e\u015fitli motor \u00f6zellikleriyle kullan\u0131labilece\u011fi anlam\u0131na gelir. Nihai amac\u0131m\u0131z her t\u00fcrl\u00fc uygulamada m\u00fc\u015fteri dostu, y\u00fcksek performansl\u0131 \u00fcr\u00fcnler \u00fcretmektir.<\/p>\n<\/div>\n<\/div><div class=\"bde-columns-1780-229 bde-columns\"><div class=\"bde-column-1780-230 bde-column\">\n  \n\t\n\n\n\n<div class=\"bde-image-1780-232 bde-image\">\n<figure class=\"breakdance-image breakdance-image--1783\">\n\t<div class=\"breakdance-image-container\">\n\t\t<div class=\"breakdance-image-clip\"><img loading=\"lazy\" decoding=\"async\" class=\"breakdance-image-object\" src=\"https:\/\/ensude.com\/wp-content\/uploads\/2024\/09\/linispeed1.png\" width=\"1024\" height=\"394\" srcset=\"https:\/\/ensude.com\/wp-content\/uploads\/2024\/09\/linispeed1.png 1024w, https:\/\/ensude.com\/wp-content\/uploads\/2024\/09\/linispeed1-640x246.png 640w, https:\/\/ensude.com\/wp-content\/uploads\/2024\/09\/linispeed1-768x296.png 768w\" sizes=\"auto, (max-width: 1024px) 100vw, 1024px\"><\/div>\n\t<\/div><\/figure>\n\n<\/div>\n<\/div><div class=\"bde-column-1780-231 bde-column\">\n  \n\t\n\n\n\n<div class=\"bde-image-1780-233 bde-image\">\n<figure class=\"breakdance-image breakdance-image--1784\">\n\t<div class=\"breakdance-image-container\">\n\t\t<div class=\"breakdance-image-clip\"><img loading=\"lazy\" decoding=\"async\" class=\"breakdance-image-object\" src=\"https:\/\/ensude.com\/wp-content\/uploads\/2024\/09\/linispeed2.png\" width=\"1024\" height=\"457\" srcset=\"https:\/\/ensude.com\/wp-content\/uploads\/2024\/09\/linispeed2.png 1024w, https:\/\/ensude.com\/wp-content\/uploads\/2024\/09\/linispeed2-640x286.png 640w, https:\/\/ensude.com\/wp-content\/uploads\/2024\/09\/linispeed2-768x343.png 768w\" sizes=\"auto, (max-width: 1024px) 100vw, 1024px\"><\/div>\n\t<\/div><\/figure>\n\n<\/div>\n<\/div><\/div><div class=\"bde-accordion-1780-102 bde-accordion bde-accordion--bordered\"><div class=\"bde-accordion__content-wrapper-1780-103 bde-accordion__content-wrapper\">\n<h3 class=\"bde-accordion__title-tag\">\n  <button type=\"button\" class=\"bde-accordion__button\" id=\"accordion-button-103\" aria-controls=\"accordion-panel-103\" aria-expanded=\"false\">\n     <span class=\"bde-accordion__title\" >\u00d6zellikler<\/span>\n     <span class=\"bde-accordion__icon bde-accordion__icon--default\"><\/span>\n     <span class=\"bde-accordion__icon bde-accordion__icon--active\"><\/span>\n  <\/button>\n<\/h3>\n\n<div role=\"region\" class=\"bde-accordion__panel\" id=\"accordion-panel-103\" aria-labelledby=\"accordion-button-103\" hidden>\n   <h1 class=\"bde-heading-1780-106 bde-heading\">\nUltra Y\u00fcksek H\u0131z\n<\/h1><div class=\"bde-columns-1780-110 bde-columns\"><div class=\"bde-column-1780-111 bde-column\">\n  \n\t\n\n\n\n<div class=\"bde-image-1780-114 bde-image\">\n<figure class=\"breakdance-image breakdance-image--1783\">\n\t<div class=\"breakdance-image-container\">\n\t\t<div class=\"breakdance-image-clip\"><img loading=\"lazy\" decoding=\"async\" class=\"breakdance-image-object\" src=\"https:\/\/ensude.com\/wp-content\/uploads\/2024\/09\/linispeed1.png\" width=\"1024\" height=\"394\" srcset=\"https:\/\/ensude.com\/wp-content\/uploads\/2024\/09\/linispeed1.png 1024w, https:\/\/ensude.com\/wp-content\/uploads\/2024\/09\/linispeed1-640x246.png 640w, https:\/\/ensude.com\/wp-content\/uploads\/2024\/09\/linispeed1-768x296.png 768w\" sizes=\"auto, (max-width: 1024px) 100vw, 1024px\"><\/div>\n\t<\/div><\/figure>\n\n<\/div>\n<\/div><div class=\"bde-column-1780-113 bde-column\">\n  \n\t\n\n\n\n<div class=\"bde-text-1780-112 bde-text\">\nGeleneksel krikolar 120 mm\/s\u2019nin \u00fczerinde y\u00fcksek h\u0131zda \u00e7al\u0131\u015fma sa\u011flayam\u0131yordu. \u00dcstelik h\u0131z ne kadar y\u00fcksek olursa, boyutu da o kadar art\u0131rman\u0131z gerekir.<br><br>Linispeed Krikolar\u0131, 200 mm\/sn\u2019lik y\u00fcksek h\u0131zl\u0131 operasyonlarda b\u00fcy\u00fck y\u00fckleri boyutta herhangi bir art\u0131\u015f olmadan ta\u015f\u0131yabilen nominal bir itme kuvveti sa\u011flar.\n<\/div>\n<\/div><\/div><h1 class=\"bde-heading-1780-115 bde-heading\">\nDaha D\u00fc\u015f\u00fck Y\u00fckseklik ve Kompakt Tasar\u0131m\n<\/h1><div class=\"bde-columns-1780-245 bde-columns\"><div class=\"bde-column-1780-246 bde-column\">\n  \n\t\n\n\n\n<div class=\"bde-image-1780-247 bde-image\">\n<figure class=\"breakdance-image breakdance-image--1784\">\n\t<div class=\"breakdance-image-container\">\n\t\t<div class=\"breakdance-image-clip\"><img loading=\"lazy\" decoding=\"async\" class=\"breakdance-image-object\" src=\"https:\/\/ensude.com\/wp-content\/uploads\/2024\/09\/linispeed2.png\" width=\"1024\" height=\"457\" srcset=\"https:\/\/ensude.com\/wp-content\/uploads\/2024\/09\/linispeed2.png 1024w, https:\/\/ensude.com\/wp-content\/uploads\/2024\/09\/linispeed2-640x286.png 640w, https:\/\/ensude.com\/wp-content\/uploads\/2024\/09\/linispeed2-768x343.png 768w\" sizes=\"auto, (max-width: 1024px) 100vw, 1024px\"><\/div>\n\t<\/div><\/figure>\n\n<\/div>\n<\/div><div class=\"bde-column-1780-248 bde-column\">\n  \n\t\n\n\n\n<div class=\"bde-text-1780-249 bde-text\">\nLinispeed Kriko, bilyeli somunu di\u015fli kutusu i\u00e7ine dahil ederek kompakt bir tasar\u0131ma sahiptir ve somun y\u00fcksekli\u011finden kaynaklanan \u00f6l\u00fc alan\u0131 azaltarak daha d\u00fc\u015f\u00fck y\u00fckseklikte bir tasar\u0131ma olanak tan\u0131r. Bu, kullan\u0131c\u0131lar\u0131n ekipman\u0131n genel y\u00fcksekli\u011fini azaltmas\u0131na ve kald\u0131rma i\u00e7in daha fazla alan yaratmas\u0131na olanak tan\u0131r.\n<\/div>\n<\/div><\/div><h1 class=\"bde-heading-1780-121 bde-heading\">\nSeyahat Somunlu Tipte \u00c7ukursuz\n<\/h1><div class=\"bde-columns-1780-122 bde-columns\"><div class=\"bde-column-1780-123 bde-column\">\n  \n\t\n\n\n\n<div class=\"bde-image-1780-126 bde-image\">\n<figure class=\"breakdance-image breakdance-image--1788\">\n\t<div class=\"breakdance-image-container\">\n\t\t<div class=\"breakdance-image-clip\"><img loading=\"lazy\" decoding=\"async\" class=\"breakdance-image-object\" src=\"https:\/\/ensude.com\/wp-content\/uploads\/2024\/09\/lini1.png\" width=\"300\" height=\"232\" sizes=\"auto, (max-width: 300px) 100vw, 300px\"><\/div>\n\t<\/div><\/figure>\n\n<\/div>\n<\/div><div class=\"bde-column-1780-125 bde-column\">\n  \n\t\n\n\n\n<div class=\"bde-text-1780-124 bde-text\">\nDaha \u00f6nce \u00e7ukurlar\u0131n gerekli oldu\u011fu ortamlarda art\u0131k \u00e7ukursuz \u00e7al\u0131\u015fma sa\u011flanabiliyor.\n<\/div>\n<\/div><div class=\"bde-column-1780-250 bde-column\">\n  \n\t\n\n\n\n<div class=\"bde-image-1780-251 bde-image\">\n<figure class=\"breakdance-image breakdance-image--1789\">\n\t<div class=\"breakdance-image-container\">\n\t\t<div class=\"breakdance-image-clip\"><img loading=\"lazy\" decoding=\"async\" class=\"breakdance-image-object\" src=\"https:\/\/ensude.com\/wp-content\/uploads\/2024\/09\/lini2.png\" width=\"300\" height=\"232\" sizes=\"auto, (max-width: 300px) 100vw, 300px\"><\/div>\n\t<\/div><\/figure>\n\n<\/div>\n<\/div><\/div><h1 class=\"bde-heading-1780-127 bde-heading\">\nS\u00fcrekli Operasyon\n<\/h1><div class=\"bde-columns-1780-252 bde-columns\"><div class=\"bde-column-1780-253 bde-column\">\n  \n\t\n\n\n\n<div class=\"bde-image-1780-254 bde-image\">\n<figure class=\"breakdance-image breakdance-image--1790\">\n\t<div class=\"breakdance-image-container\">\n\t\t<div class=\"breakdance-image-clip\"><img loading=\"lazy\" decoding=\"async\" class=\"breakdance-image-object\" src=\"https:\/\/ensude.com\/wp-content\/uploads\/2024\/09\/lini3.png\" width=\"300\" height=\"159\" sizes=\"auto, (max-width: 300px) 100vw, 300px\"><\/div>\n\t<\/div><\/figure>\n\n<\/div>\n<\/div><div class=\"bde-column-1780-255 bde-column\">\n  \n\t\n\n\n\n<div class=\"bde-text-1780-256 bde-text\">\nLinispeed Krikolar\u0131, izin verilen saatlik y\u00fck oran\u0131 i\u00e7in maksimum %100 ED\u2019ye ula\u015f\u0131r ve s\u00fcrekli \u00e7al\u0131\u015fma sa\u011flayarak ekipman\u0131n \u00fcretkenli\u011finin artmas\u0131na b\u00fcy\u00fck katk\u0131 sa\u011flar.<br><br>Ayr\u0131ca, y\u00fcksek frekansl\u0131 s\u00fcr\u00fc\u015f\u00fc takip eden bilyal\u0131 vidan\u0131n beklenen hareket mesafesine ula\u015f\u0131l\u0131r.\n<\/div>\n<\/div><\/div><h1 class=\"bde-heading-1780-257 bde-heading\">\nKullan\u0131c\u0131 Dostu\n<\/h1><div class=\"bde-text-1780-258 bde-text\">\nLinispeed Jaklar ayn\u0131 kolay kuruluma ve senkronize \u00e7al\u0131\u015fma kolayl\u0131\u011f\u0131na sahipken, y\u00fcksek h\u0131zl\u0131, y\u00fcksek frekansl\u0131 i\u015flemlere ve daha d\u00fc\u015f\u00fck y\u00fcksekli\u011fe olanak tan\u0131r.<br>Ayr\u0131ca y\u00fcksek h\u0131zl\u0131 giri\u015fleri sayesinde motorlar\u0131n ve kaplinlerin kompakt hale getirilmesine yard\u0131mc\u0131 olabilirler.\n<\/div>\n<\/div>\n\n\n\n<\/div><div class=\"bde-accordion__content-wrapper-1780-169 bde-accordion__content-wrapper\">\n<h3 class=\"bde-accordion__title-tag\">\n  <button type=\"button\" class=\"bde-accordion__button\" id=\"accordion-button-169\" aria-controls=\"accordion-panel-169\" aria-expanded=\"false\">\n     <span class=\"bde-accordion__title\" >Uygulama Alanlar\u0131<\/span>\n     <span class=\"bde-accordion__icon bde-accordion__icon--default\"><\/span>\n     <span class=\"bde-accordion__icon bde-accordion__icon--active\"><\/span>\n  <\/button>\n<\/h3>\n\n<div role=\"region\" class=\"bde-accordion__panel\" id=\"accordion-panel-169\" aria-labelledby=\"accordion-button-169\" hidden>\n   <div class=\"bde-columns-1780-173 bde-columns\"><div class=\"bde-column-1780-176 bde-column\">\n  \n\t\n\n\n\n<div class=\"bde-image-1780-177 bde-image\">\n<figure class=\"breakdance-image breakdance-image--1785\">\n\t<div class=\"breakdance-image-container\">\n\t\t<div class=\"breakdance-image-clip\"><img loading=\"lazy\" decoding=\"async\" class=\"breakdance-image-object\" src=\"https:\/\/ensude.com\/wp-content\/uploads\/2024\/09\/linipower1.png\" width=\"596\" height=\"840\" sizes=\"auto, (max-width: 596px) 100vw, 596px\"><\/div>\n\t<\/div><\/figure>\n\n<\/div>\n<\/div><\/div><div class=\"bde-columns-1780-242 bde-columns\"><div class=\"bde-column-1780-243 bde-column\">\n  \n\t\n\n\n\n<div class=\"bde-image-1780-244 bde-image\">\n<figure class=\"breakdance-image breakdance-image--1786\">\n\t<div class=\"breakdance-image-container\">\n\t\t<div class=\"breakdance-image-clip\"><img loading=\"lazy\" decoding=\"async\" class=\"breakdance-image-object\" src=\"https:\/\/ensude.com\/wp-content\/uploads\/2024\/09\/linipower2.png\" width=\"593\" height=\"839\" sizes=\"auto, (max-width: 593px) 100vw, 593px\"><\/div>\n\t<\/div><\/figure>\n\n<\/div>\n<\/div><\/div>\n<\/div>\n\n\n\n<\/div>\r\n\r\n<\/div><div class=\"bde-columns-1780-259 bde-columns\"><div class=\"bde-column-1780-260 bde-column\">\n  \n\t\n\n\n\n<div class=\"bde-button-1780-261 bde-button\">\n    \n                                    \n    \n    \n    \n    \n            \n                    \n            \n            \n\n    \n    \n    \n    \n    \n    <a class=\"breakdance-link button-atom button-atom--custom bde-button__button\" href=\"https:\/\/ensude.com\/wp-content\/uploads\/2024\/07\/Linispeed.pdf\" target=\"_blank\" data-type=\"url\"  >\n\n    \n        <span class=\"button-atom__text\">Linispeed Akt\u00fcat\u00f6r Katalo\u011funu \u0130ncelemek \u0130\u00e7in T\u0131klay\u0131n<\/span>\n\n        \n        \n                <\/a>\n\n    \n\n\n<\/div>\n<\/div><\/div><\/div>\n<\/section><\/div>","protected":false},"excerpt":{"rendered":"<p>LiniSpeed Jack Enerji tasarruflu, kullan\u0131m\u0131 kolay ve a\u015f\u0131r\u0131 y\u00fcklendi\u011finde gerekli t\u00fcm g\u00fcvenlik \u00f6zelliklerini i\u00e7eren Tsubaki g\u00fc\u00e7 silindirleri, g\u00fcvenilirli\u011fi basitlikle birle\u015ftirir. G\u00fc\u00e7 silindirlerimiz hidrolik veya hava hatlar\u0131na ihtiya\u00e7 duymad\u0131\u011f\u0131ndan i\u015flemi basitle\u015ftirir. T\u00fcm seriler i\u00e7in yerle\u015fik g\u00fcvenlik cihazlar\u0131 mevcuttur; uyarlanabilirlik, g\u00fc\u00e7 silindiri serimizin \u00e7e\u015fitli motor \u00f6zellikleriyle kullan\u0131labilece\u011fi anlam\u0131na gelir. Nihai amac\u0131m\u0131z her t\u00fcrl\u00fc uygulamada m\u00fc\u015fteri dostu, y\u00fcksek [&hellip;]<\/p>\n","protected":false},"author":1,"featured_media":0,"parent":0,"menu_order":0,"comment_status":"closed","ping_status":"closed","template":"","meta":{"_acf_changed":false,"_breakdance_hide_in_design_set":false,"_breakdance_tags":"","footnotes":""},"class_list":["post-1780","page","type-page","status-publish","hentry"],"acf":[],"_links":{"self":[{"href":"https:\/\/ensude.com\/index.php\/wp-json\/wp\/v2\/pages\/1780","targetHints":{"allow":["GET"]}}],"collection":[{"href":"https:\/\/ensude.com\/index.php\/wp-json\/wp\/v2\/pages"}],"about":[{"href":"https:\/\/ensude.com\/index.php\/wp-json\/wp\/v2\/types\/page"}],"author":[{"embeddable":true,"href":"https:\/\/ensude.com\/index.php\/wp-json\/wp\/v2\/users\/1"}],"replies":[{"embeddable":true,"href":"https:\/\/ensude.com\/index.php\/wp-json\/wp\/v2\/comments?post=1780"}],"version-history":[{"count":6,"href":"https:\/\/ensude.com\/index.php\/wp-json\/wp\/v2\/pages\/1780\/revisions"}],"predecessor-version":[{"id":2104,"href":"https:\/\/ensude.com\/index.php\/wp-json\/wp\/v2\/pages\/1780\/revisions\/2104"}],"wp:attachment":[{"href":"https:\/\/ensude.com\/index.php\/wp-json\/wp\/v2\/media?parent=1780"}],"curies":[{"name":"wp","href":"https:\/\/api.w.org\/{rel}","templated":true}]}}