{"id":1720,"date":"2024-09-15T13:18:47","date_gmt":"2024-09-15T13:18:47","guid":{"rendered":"https:\/\/ensude.com\/?page_id=1720"},"modified":"2024-09-15T13:18:47","modified_gmt":"2024-09-15T13:18:47","slug":"lineer-aktuator","status":"publish","type":"page","link":"https:\/\/ensude.com\/index.php\/lineer-aktuator\/","title":{"rendered":"Lineer Akt\u00fcat\u00f6r"},"content":{"rendered":"<div class='breakdance'><section class=\"bde-section-1720-100 bde-section\">\n  \n\t\n\n\n\n<div class=\"section-container\"><h1 class=\"bde-heading-1720-101 bde-heading\">\nLineer Akt\u00fcat\u00f6r\n<\/h1><div class=\"bde-columns-1720-102 bde-columns\"><div class=\"bde-column-1720-103 bde-column\">\n  \n\t\n\n\n\n<div class=\"bde-image-1720-104 bde-image\">\n<figure class=\"breakdance-image breakdance-image--1724\">\n\t<div class=\"breakdance-image-container\">\n\t\t<div class=\"breakdance-image-clip\"><img loading=\"lazy\" decoding=\"async\" class=\"breakdance-image-object\" src=\"https:\/\/ensude.com\/wp-content\/uploads\/2024\/09\/lineer.png\" width=\"300\" height=\"94\" sizes=\"auto, (max-width: 300px) 100vw, 300px\"><\/div>\n\t<\/div><\/figure>\n\n<\/div>\n<\/div><\/div><div class=\"bde-rich-text-1720-237 bde-rich-text breakdance-rich-text-styles\">\n<div id=\"comp-jwi7robh\" class=\"HcOXKn SxM0TO QxJLC3 lq2cno comp-jwi7robh wixui-rich-text\" data-testid=\"richTextElement\">\n<p class=\"font_2 wixui-rich-text__text\">Enerji tasarruflu, kullan\u0131m\u0131 kolay ve a\u015f\u0131r\u0131 y\u00fcklendi\u011finde gerekli t\u00fcm g\u00fcvenlik \u00f6zelliklerini i\u00e7eren Tsubaki g\u00fc\u00e7 silindirleri, g\u00fcvenilirli\u011fi basitlikle birle\u015ftirir.<\/p>\n<p class=\"font_2 wixui-rich-text__text\">G\u00fc\u00e7 silindirlerimiz hidrolik veya hava hatlar\u0131na ihtiya\u00e7 duymad\u0131\u011f\u0131ndan i\u015flemi basitle\u015ftirir. T\u00fcm seriler i\u00e7in yerle\u015fik g\u00fcvenlik cihazlar\u0131 mevcuttur; uyarlanabilirlik, g\u00fc\u00e7 silindiri serimizin \u00e7e\u015fitli motor \u00f6zellikleriyle kullan\u0131labilece\u011fi anlam\u0131na gelir. Nihai amac\u0131m\u0131z her t\u00fcrl\u00fc uygulamada m\u00fc\u015fteri dostu, y\u00fcksek performansl\u0131 \u00fcr\u00fcnler \u00fcretmektir.<\/p>\n<\/div>\n<\/div><div class=\"bde-accordion-1720-105 bde-accordion bde-accordion--bordered\"><div class=\"bde-accordion__content-wrapper-1720-106 bde-accordion__content-wrapper\">\n<h3 class=\"bde-accordion__title-tag\">\n  <button type=\"button\" class=\"bde-accordion__button\" id=\"accordion-button-106\" aria-controls=\"accordion-panel-106\" aria-expanded=\"false\">\n     <span class=\"bde-accordion__title\" >BS Neptune<\/span>\n     <span class=\"bde-accordion__icon bde-accordion__icon--default\"><\/span>\n     <span class=\"bde-accordion__icon bde-accordion__icon--active\"><\/span>\n  <\/button>\n<\/h3>\n\n<div role=\"region\" class=\"bde-accordion__panel\" id=\"accordion-panel-106\" aria-labelledby=\"accordion-button-106\" hidden>\n   <div class=\"bde-columns-1720-113 bde-columns\"><div class=\"bde-column-1720-114 bde-column\">\n  \n\t\n\n\n\n<div class=\"bde-image-1720-117 bde-image\">\n<figure class=\"breakdance-image breakdance-image--1728\">\n\t<div class=\"breakdance-image-container\">\n\t\t<div class=\"breakdance-image-clip\"><img loading=\"lazy\" decoding=\"async\" class=\"breakdance-image-object\" src=\"https:\/\/ensude.com\/wp-content\/uploads\/2024\/09\/neptune.png\" width=\"300\" height=\"200\" sizes=\"auto, (max-width: 300px) 100vw, 300px\"><\/div>\n\t<\/div><\/figure>\n\n<\/div>\n<\/div><div class=\"bde-column-1720-116 bde-column\">\n  \n\t\n\n\n\n<div class=\"bde-text-1720-115 bde-text\">\nBS Neptune\u2122 Zinciri, \u00f6zel bir y\u00fczey i\u015flemine tabi tutulmu\u015f bir Tsubaki BS zinciridir. Ba\u011flant\u0131 plakalar\u0131, bur\u00e7lar ve yatak pimleri, \u00e7al\u0131\u015fma veya \u00e7evre ko\u015fullar\u0131ndan maksimum koruma sa\u011flamak amac\u0131yla iki a\u015famal\u0131 \u00f6zel bir katmana sahiptir. (Yayl\u0131 klipsler SUS301\u2019dir). Neptune\u2122 silindirleri, a\u015f\u0131nd\u0131r\u0131c\u0131 ko\u015fullara ve silindir ile di\u015fli aras\u0131ndaki \u015fiddetli dinamik temasa dayanacak \u015fekilde tasarlanm\u0131\u015f \u00f6zel bir kaplamaya sahiptir. Bu zincir alkali temizli\u011fe tabi uygulamalarda, deniz suyu, asit-ya\u011fmur ve di\u011fer olumsuz hava ko\u015fullar\u0131na maruz kalan ortamlarda kullan\u0131ma uygundur. Bu zincir, RoHS\u221a taraf\u0131ndan d\u00fczenlendi\u011fi \u00fczere Alt\u0131 De\u011ferlikli Krom, Kur\u015fun, Kadmiyum ve C\u0131va gibi kimyasal a\u00e7\u0131dan tehlikeli hi\u00e7bir madde i\u00e7ermez. Kilowatt de\u011ferleri, -10\u00b0C ila +150\u00b0C \u00e7al\u0131\u015fma s\u0131cakl\u0131\u011f\u0131 aral\u0131\u011f\u0131na sahip ilgili BS zincirininkilerle ayn\u0131d\u0131r. +60\u00b0C\u2019nin \u00fczerinde \u00f6zel y\u00fcksek s\u0131cakl\u0131kta ya\u011flama gerekir. Elbette BS Lambda Neptune\u2122 zinciri de mevcuttur.\n<\/div>\n<\/div><\/div><div class=\"bde-columns-1720-239 bde-columns\"><div class=\"bde-column-1720-240 bde-column\">\n  \n\t\n\n\n\n<div class=\"bde-button-1720-238 bde-button\">\n    \n                                    \n    \n    \n    \n    \n            \n                    \n            \n            \n\n    \n    \n    \n    \n    \n    <a class=\"breakdance-link button-atom button-atom--custom bde-button__button\" href=\"https:\/\/ensude.com\/wp-content\/uploads\/2024\/07\/BS_Neptune.pdf\" target=\"_blank\" data-type=\"url\"  >\n\n    \n        <span class=\"button-atom__text\">Teknik Tablo<\/span>\n\n        \n        \n                <\/a>\n\n    \n\n\n<\/div>\n<\/div><\/div>\n<\/div>\n\n\n\n<\/div><div class=\"bde-accordion__content-wrapper-1720-172 bde-accordion__content-wrapper\">\n<h3 class=\"bde-accordion__title-tag\">\n  <button type=\"button\" class=\"bde-accordion__button\" id=\"accordion-button-172\" aria-controls=\"accordion-panel-172\" aria-expanded=\"false\">\n     <span class=\"bde-accordion__title\" >BS Lambda Neptune<\/span>\n     <span class=\"bde-accordion__icon bde-accordion__icon--default\"><\/span>\n     <span class=\"bde-accordion__icon bde-accordion__icon--active\"><\/span>\n  <\/button>\n<\/h3>\n\n<div role=\"region\" class=\"bde-accordion__panel\" id=\"accordion-panel-172\" aria-labelledby=\"accordion-button-172\" hidden>\n   <div class=\"bde-columns-1720-242 bde-columns\"><div class=\"bde-column-1720-243 bde-column\">\n  \n\t\n\n\n\n<div class=\"bde-image-1720-244 bde-image\">\n<figure class=\"breakdance-image breakdance-image--1728\">\n\t<div class=\"breakdance-image-container\">\n\t\t<div class=\"breakdance-image-clip\"><img loading=\"lazy\" decoding=\"async\" class=\"breakdance-image-object\" src=\"https:\/\/ensude.com\/wp-content\/uploads\/2024\/09\/neptune.png\" width=\"300\" height=\"200\" sizes=\"auto, (max-width: 300px) 100vw, 300px\"><\/div>\n\t<\/div><\/figure>\n\n<\/div>\n<\/div><div class=\"bde-column-1720-245 bde-column\">\n  \n\t\n\n\n\n<div class=\"bde-text-1720-246 bde-text\">\nTsubaki\u2019nin Lambda Zincirleri sekt\u00f6rde \u00f6zel ya\u011f emdirilmi\u015f bur\u00e7 kullanan ilk zincirdi. 1988\u2019deki lansmanlar\u0131ndan bu yana, \u00e7e\u015fitli end\u00fcstriler ve uygulamalar i\u00e7in benimsendiler ve performanslar\u0131 y\u00fcksek puan ald\u0131. Tsubaki, m\u00fc\u015fterilerin maliyetleri azaltmas\u0131na yard\u0131mc\u0131 olan geni\u015f bir ya\u011flama gerektirmeyen, uzun \u00f6m\u00fcrl\u00fc \u00fcr\u00fcn yelpazesine sahiptir. BS Lambda Neptune\u2122 Zinciri, \u00f6zel bir y\u00fczey i\u015flemine tabi tutulmu\u015f bir Tsubaki BS Lambda zinciridir. Ba\u011flant\u0131 plakalar\u0131, \u00e7al\u0131\u015fma veya \u00e7evre ko\u015fullar\u0131ndan maksimum koruma sa\u011flamak amac\u0131yla uygulanan iki a\u015famal\u0131 \u00f6zel bir katmana sahiptir. (Yayl\u0131 klipsler SUS301\u2019dir). Hem BS Lambda Neptune\u2122 silindirleri hem de pimleri, a\u015f\u0131nd\u0131r\u0131c\u0131 ko\u015fullar\u0131n yan\u0131 s\u0131ra silindir ile di\u015fli aras\u0131ndaki \u015fiddetli dinamik temasa dayanacak \u015fekilde tasarlanm\u0131\u015f \u00f6zel bir kaplamaya tabi tutulmu\u015ftur. Bu zincir alkali temizli\u011fe tabi uygulamalarda, deniz suyu, asit-ya\u011fmur ve di\u011fer olumsuz hava ko\u015fullar\u0131na maruz kalan ortamlarda kullan\u0131ma uygundur. Bu zincir, RoHS\u221a taraf\u0131ndan d\u00fczenlendi\u011fi \u00fczere Alt\u0131 De\u011ferlikli Krom, Kur\u015fun, Kadmiyum ve C\u0131va gibi kimyasal a\u00e7\u0131dan tehlikeli hi\u00e7bir madde i\u00e7ermez. Kilowatt de\u011ferleri, -10\u00b0C ila +150\u00b0C \u00e7al\u0131\u015fma s\u0131cakl\u0131\u011f\u0131 aral\u0131\u011f\u0131na sahip ilgili BS zincirininkilerle ayn\u0131d\u0131r. +60\u00b0C\u2019nin \u00fczerinde \u00f6zel y\u00fcksek s\u0131cakl\u0131kta ya\u011flama gerekir.\n<\/div>\n<\/div><\/div><div class=\"bde-columns-1720-248 bde-columns\"><div class=\"bde-column-1720-249 bde-column\">\n  \n\t\n\n\n\n<div class=\"bde-button-1720-247 bde-button\">\n    \n                                    \n    \n    \n    \n    \n            \n                    \n            \n            \n\n    \n    \n    \n    \n    \n    <a class=\"breakdance-link button-atom button-atom--custom bde-button__button\" href=\"https:\/\/ensude.com\/wp-content\/uploads\/2024\/07\/BS_Lambda_Neptune.pdf\" target=\"_blank\" data-type=\"url\"  >\n\n    \n        <span class=\"button-atom__text\">Teknik Tablo<\/span>\n\n        \n        \n                <\/a>\n\n    \n\n\n<\/div>\n<\/div><\/div>\n<\/div>\n\n\n\n<\/div><div class=\"bde-accordion__content-wrapper-1720-251 bde-accordion__content-wrapper\">\n<h3 class=\"bde-accordion__title-tag\">\n  <button type=\"button\" class=\"bde-accordion__button\" id=\"accordion-button-251\" aria-controls=\"accordion-panel-251\" aria-expanded=\"false\">\n     <span class=\"bde-accordion__title\" >ANSI Neptune<\/span>\n     <span class=\"bde-accordion__icon bde-accordion__icon--default\"><\/span>\n     <span class=\"bde-accordion__icon bde-accordion__icon--active\"><\/span>\n  <\/button>\n<\/h3>\n\n<div role=\"region\" class=\"bde-accordion__panel\" id=\"accordion-panel-251\" aria-labelledby=\"accordion-button-251\" hidden>\n   <div class=\"bde-columns-1720-252 bde-columns\"><div class=\"bde-column-1720-253 bde-column\">\n  \n\t\n\n\n\n<div class=\"bde-image-1720-254 bde-image\">\n<figure class=\"breakdance-image breakdance-image--1728\">\n\t<div class=\"breakdance-image-container\">\n\t\t<div class=\"breakdance-image-clip\"><img loading=\"lazy\" decoding=\"async\" class=\"breakdance-image-object\" src=\"https:\/\/ensude.com\/wp-content\/uploads\/2024\/09\/neptune.png\" width=\"300\" height=\"200\" sizes=\"auto, (max-width: 300px) 100vw, 300px\"><\/div>\n\t<\/div><\/figure>\n\n<\/div>\n<\/div><div class=\"bde-column-1720-255 bde-column\">\n  \n\t\n\n\n\n<div class=\"bde-text-1720-256 bde-text\">\nANSI Neptune\u2122 Zinciri, \u00f6zel bir y\u00fczey i\u015flemine tabi tutulmu\u015f bir Tsubaki ANSI zinciridir. Ba\u011flant\u0131 plakalar\u0131, bur\u00e7lar ve pimler, \u00e7al\u0131\u015fma veya \u00e7evre ko\u015fullar\u0131ndan maksimum koruma sa\u011flamak amac\u0131yla iki a\u015famal\u0131 \u00f6zel bir katmana sahiptir. (Yayl\u0131 klipsler SUS301\u2019dir). Neptune\u2122 silindirleri, a\u015f\u0131nd\u0131r\u0131c\u0131 ko\u015fullara ve silindir ile di\u015fli aras\u0131ndaki \u015fiddetli dinamik temasa dayanacak \u015fekilde tasarlanm\u0131\u015f \u00f6zel bir kaplamaya sahiptir.\n<\/div>\n<\/div><\/div><div class=\"bde-columns-1720-257 bde-columns\"><div class=\"bde-column-1720-258 bde-column\">\n  \n\t\n\n\n\n<div class=\"bde-button-1720-259 bde-button\">\n    \n                                    \n    \n    \n    \n    \n            \n                    \n            \n            \n\n    \n    \n    \n    \n    \n    <a class=\"breakdance-link button-atom button-atom--custom bde-button__button\" href=\"https:\/\/ensude.com\/wp-content\/uploads\/2024\/07\/ANSI_Neptune.pdf\" target=\"_blank\" data-type=\"url\"  >\n\n    \n        <span class=\"button-atom__text\">Teknik Tablo<\/span>\n\n        \n        \n                <\/a>\n\n    \n\n\n<\/div>\n<\/div><\/div>\n<\/div>\n\n\n\n<\/div><div class=\"bde-accordion__content-wrapper-1720-260 bde-accordion__content-wrapper\">\n<h3 class=\"bde-accordion__title-tag\">\n  <button type=\"button\" class=\"bde-accordion__button\" id=\"accordion-button-260\" aria-controls=\"accordion-panel-260\" aria-expanded=\"false\">\n     <span class=\"bde-accordion__title\" >ANSI Lambda Neptune<\/span>\n     <span class=\"bde-accordion__icon bde-accordion__icon--default\"><\/span>\n     <span class=\"bde-accordion__icon bde-accordion__icon--active\"><\/span>\n  <\/button>\n<\/h3>\n\n<div role=\"region\" class=\"bde-accordion__panel\" id=\"accordion-panel-260\" aria-labelledby=\"accordion-button-260\" hidden>\n   <div class=\"bde-columns-1720-261 bde-columns\"><div class=\"bde-column-1720-262 bde-column\">\n  \n\t\n\n\n\n<div class=\"bde-image-1720-263 bde-image\">\n<figure class=\"breakdance-image breakdance-image--1728\">\n\t<div class=\"breakdance-image-container\">\n\t\t<div class=\"breakdance-image-clip\"><img loading=\"lazy\" decoding=\"async\" class=\"breakdance-image-object\" src=\"https:\/\/ensude.com\/wp-content\/uploads\/2024\/09\/neptune.png\" width=\"300\" height=\"200\" sizes=\"auto, (max-width: 300px) 100vw, 300px\"><\/div>\n\t<\/div><\/figure>\n\n<\/div>\n<\/div><div class=\"bde-column-1720-264 bde-column\">\n  \n\t\n\n\n\n<div class=\"bde-text-1720-265 bde-text\">\nTsubaki\u2019nin Lambda Zincirleri sekt\u00f6rde \u00f6zel ya\u011f emdirilmi\u015f bur\u00e7 kullanan ilk zincirdi. 1988\u2019deki lansmanlar\u0131ndan bu yana, \u00e7e\u015fitli end\u00fcstriler ve uygulamalar i\u00e7in benimsendiler ve performanslar\u0131 y\u00fcksek puan ald\u0131. Tsubaki, m\u00fc\u015fterilerin maliyetleri azaltmas\u0131na yard\u0131mc\u0131 olan geni\u015f bir ya\u011flama gerektirmeyen, uzun \u00f6m\u00fcrl\u00fc \u00fcr\u00fcn yelpazesine sahiptir. ANSI Lambda Neptune\u2122 Zinciri, \u00f6zel bir y\u00fczey i\u015fleminden ge\u00e7mi\u015f bir Tsubaki ANSI Lambda zinciridir. Ba\u011flant\u0131 plakalar\u0131, \u00e7al\u0131\u015fma veya \u00e7evre ko\u015fullar\u0131ndan maksimum koruma sa\u011flamak amac\u0131yla uygulanan iki a\u015famal\u0131 \u00f6zel bir katmana sahiptir. (Yayl\u0131 klipsler SUS301\u2019dir). Hem ANSI Lambda Neptune\u2122 silindirleri hem de pimleri, a\u015f\u0131nd\u0131r\u0131c\u0131 ko\u015fullar\u0131n yan\u0131 s\u0131ra silindir ile di\u015fli aras\u0131ndaki \u015fiddetli dinamik temasa dayanacak \u015fekilde tasarlanm\u0131\u015f \u00f6zel bir kaplamaya tabi tutulmu\u015ftur. Bu zincir alkali temizli\u011fe tabi uygulamalarda, deniz suyu, asit-ya\u011fmur ve di\u011fer olumsuz hava ko\u015fullar\u0131na maruz kalan ortamlarda kullan\u0131ma uygundur. Bu zincir, RoHS\u221a taraf\u0131ndan d\u00fczenlendi\u011fi \u00fczere Alt\u0131 De\u011ferlikli Krom, Kur\u015fun, Kadmiyum ve C\u0131va gibi kimyasal a\u00e7\u0131dan tehlikeli hi\u00e7bir madde i\u00e7ermez. Kilowatt de\u011ferleri, -10\u00b0C ila +150\u00b0C \u00e7al\u0131\u015fma s\u0131cakl\u0131\u011f\u0131 aral\u0131\u011f\u0131na sahip ilgili BS zincirininkilerle ayn\u0131d\u0131r. +60\u00b0C\u2019nin \u00fczerinde \u00f6zel y\u00fcksek s\u0131cakl\u0131kta ya\u011flama gerekir.\n<\/div>\n<\/div><\/div><div class=\"bde-columns-1720-266 bde-columns\"><div class=\"bde-column-1720-267 bde-column\">\n  \n\t\n\n\n\n<div class=\"bde-button-1720-268 bde-button\">\n    \n                                    \n    \n    \n    \n    \n            \n                    \n            \n            \n\n    \n    \n    \n    \n    \n    <a class=\"breakdance-link button-atom button-atom--custom bde-button__button\" href=\"https:\/\/ensude.com\/wp-content\/uploads\/2024\/07\/ANSI_Lampda_Neptune.pdf\" target=\"_blank\" data-type=\"url\"  >\n\n    \n        <span class=\"button-atom__text\">Teknik Tablo<\/span>\n\n        \n        \n                <\/a>\n\n    \n\n\n<\/div>\n<\/div><\/div>\n<\/div>\n\n\n\n<\/div>\r\n\r\n<\/div><div class=\"bde-columns-1720-231 bde-columns\"><div class=\"bde-column-1720-232 bde-column\">\n  \n\t\n\n\n\n<div class=\"bde-button-1720-233 bde-button\">\n    \n                                    \n    \n    \n    \n    \n            \n                    \n            \n            \n\n    \n    \n    \n    \n    \n    <a class=\"breakdance-link button-atom button-atom--custom bde-button__button\" href=\"https:\/\/ensude.com\/wp-content\/uploads\/2024\/07\/tsubaki-mcd-power-cylinder-2019-en-compressed.pdf\" target=\"_blank\" data-type=\"url\"  >\n\n    \n        <span class=\"button-atom__text\">Lineer Akt\u00fcat\u00f6r Katalo\u011funu \u0130ncelemek \u0130\u00e7in T\u0131klay\u0131n<\/span>\n\n        \n        \n                <\/a>\n\n    \n\n\n<\/div>\n<\/div><\/div><\/div>\n<\/section><\/div>","protected":false},"excerpt":{"rendered":"<p>Lineer Akt\u00fcat\u00f6r Enerji tasarruflu, kullan\u0131m\u0131 kolay ve a\u015f\u0131r\u0131 y\u00fcklendi\u011finde gerekli t\u00fcm g\u00fcvenlik \u00f6zelliklerini i\u00e7eren Tsubaki g\u00fc\u00e7 silindirleri, g\u00fcvenilirli\u011fi basitlikle birle\u015ftirir. G\u00fc\u00e7 silindirlerimiz hidrolik veya hava hatlar\u0131na ihtiya\u00e7 duymad\u0131\u011f\u0131ndan i\u015flemi basitle\u015ftirir. T\u00fcm seriler i\u00e7in yerle\u015fik g\u00fcvenlik cihazlar\u0131 mevcuttur; uyarlanabilirlik, g\u00fc\u00e7 silindiri serimizin \u00e7e\u015fitli motor \u00f6zellikleriyle kullan\u0131labilece\u011fi anlam\u0131na gelir. Nihai amac\u0131m\u0131z her t\u00fcrl\u00fc uygulamada m\u00fc\u015fteri dostu, y\u00fcksek [&hellip;]<\/p>\n","protected":false},"author":1,"featured_media":0,"parent":0,"menu_order":0,"comment_status":"closed","ping_status":"closed","template":"","meta":{"_acf_changed":false,"_breakdance_hide_in_design_set":false,"_breakdance_tags":"","footnotes":""},"class_list":["post-1720","page","type-page","status-publish","hentry"],"acf":[],"_links":{"self":[{"href":"https:\/\/ensude.com\/index.php\/wp-json\/wp\/v2\/pages\/1720","targetHints":{"allow":["GET"]}}],"collection":[{"href":"https:\/\/ensude.com\/index.php\/wp-json\/wp\/v2\/pages"}],"about":[{"href":"https:\/\/ensude.com\/index.php\/wp-json\/wp\/v2\/types\/page"}],"author":[{"embeddable":true,"href":"https:\/\/ensude.com\/index.php\/wp-json\/wp\/v2\/users\/1"}],"replies":[{"embeddable":true,"href":"https:\/\/ensude.com\/index.php\/wp-json\/wp\/v2\/comments?post=1720"}],"version-history":[{"count":6,"href":"https:\/\/ensude.com\/index.php\/wp-json\/wp\/v2\/pages\/1720\/revisions"}],"predecessor-version":[{"id":2103,"href":"https:\/\/ensude.com\/index.php\/wp-json\/wp\/v2\/pages\/1720\/revisions\/2103"}],"wp:attachment":[{"href":"https:\/\/ensude.com\/index.php\/wp-json\/wp\/v2\/media?parent=1720"}],"curies":[{"name":"wp","href":"https:\/\/api.w.org\/{rel}","templated":true}]}}