{"id":1695,"date":"2024-09-15T13:19:05","date_gmt":"2024-09-15T13:19:05","guid":{"rendered":"https:\/\/ensude.com\/?page_id=1695"},"modified":"2025-03-23T20:36:33","modified_gmt":"2025-03-23T20:36:33","slug":"ust-temizleme-icin-blowerli-hava-tabancasi","status":"publish","type":"page","link":"https:\/\/ensude.com\/index.php\/ust-temizleme-icin-blowerli-hava-tabancasi\/","title":{"rendered":"\u00dcst Temizleme i\u00e7in Blowerli Hava Tabancas\u0131"},"content":{"rendered":"<div class='breakdance'><section class=\"bde-section-1695-100 bde-section\">\n  \n\t\n\n\n\n<div class=\"section-container\"><h1 class=\"bde-heading-1695-101 bde-heading\">\nBlowerl\u0131 Y\u00fcksek Enerji Tasarruflu Hava Tabancas\u0131\n<\/h1><div class=\"bde-image-1695-107 bde-image\">\n<figure class=\"breakdance-image breakdance-image--1701\">\n\t<div class=\"breakdance-image-container\">\n\t\t<div class=\"breakdance-image-clip\"><img loading=\"lazy\" decoding=\"async\" class=\"breakdance-image-object\" src=\"https:\/\/ensude.com\/wp-content\/uploads\/2024\/09\/temizlik_.png\" width=\"1055\" height=\"549\" srcset=\"https:\/\/ensude.com\/wp-content\/uploads\/2024\/09\/temizlik_.png 1055w, https:\/\/ensude.com\/wp-content\/uploads\/2024\/09\/temizlik_-640x333.png 640w, https:\/\/ensude.com\/wp-content\/uploads\/2024\/09\/temizlik_-768x400.png 768w\" sizes=\"auto, (max-width: 1055px) 100vw, 1055px\"><\/div>\n\t<\/div><\/figure>\n\n<\/div><div class=\"bde-columns-1695-109 bde-columns\"><div class=\"bde-column-1695-110 bde-column\">\n  \n\t\n\n\n\n<div class=\"bde-rich-text-1695-108 bde-rich-text breakdance-rich-text-styles\">\n<p>\u00dcST TEM\u0130ZLEME \u0130\u00c7\u0130N NEDEN BASIN\u00c7LI HAVA KULLANMAMALIYIZ ?<\/p>\n<div id=\"comp-l733puc0\" class=\"HcOXKn c9GqVL QxJLC3 lq2cno comp-l733puc0 wixui-rich-text\" data-testid=\"richTextElement\">\n<ul>\n<li class=\"font_8 wixui-rich-text__text\"><span class=\"wixui-rich-text__text\"><span class=\"color_15 wixui-rich-text__text\">Bas\u0131n\u00e7l\u0131 hava son derece kuvvetlidir. Bu sebeple p<\/span><\/span><span class=\"wixui-rich-text__text\"><span class=\"color_15 wixui-rich-text__text\">ar\u00e7ac\u0131klar\u0131 yerinden \u00e7\u0131karabilir. Bu par\u00e7ac\u0131klar, g\u00f6ze ka\u00e7abilir veya cildi a\u015f\u0131nd\u0131rma riski ta\u015f\u0131r.\u00a0<\/span><\/span><\/li>\n<li class=\"font_8 wixui-rich-text__text\"><span class=\"wixui-rich-text__text\"><span class=\"color_15 wixui-rich-text__text\">Deri yoluyla v\u00fccut dokular\u0131na zorlanan hava, kalbe, akci\u011ferlere veya beyne ula\u015fmas\u0131 durumunda \u00f6l\u00fcmc\u00fcl olabilen hava embolisine (kan ak\u0131\u015f\u0131ndaki hava kabarc\u0131klar\u0131na) neden olabilir.<\/span><\/span><\/li>\n<li class=\"font_8 wixui-rich-text__text\"><span class=\"wixui-rich-text__text\"><span class=\"color_15 wixui-rich-text__text\">Sadece 2 barda a\u011fza tutulan bas\u0131n\u00e7l\u0131 hava, yemek borusunu veya akci\u011ferleri par\u00e7alayabilir.<\/span><\/span><\/li>\n<li class=\"font_8 wixui-rich-text__text\"><span class=\"wixui-rich-text__text\"><span class=\"color_15 wixui-rich-text__text\">Bas\u0131n\u00e7l\u0131 hava hortumundan gelen ses 120-130 dB'ye ula\u015fabilmektedir. 3 bar \u00a0bir kulak zar\u0131n\u0131 patlatabilir!<\/span><\/span><\/li>\n<li class=\"font_8 wixui-rich-text__text\"><span class=\"wixui-rich-text__text\"><span class=\"color_15 wixui-rich-text__text\">2 bar, yuvas\u0131ndan bir g\u00f6z\u00fc f\u0131rlatabilir.<\/span><\/span><\/li>\n<li class=\"font_8 wixui-rich-text__text\"><span class=\"wixui-rich-text__text\"><span class=\"color_15 wixui-rich-text__text\">Bas\u0131n\u00e7l\u0131 hava ile kesinlikle \u00fcst-ba\u015f temizli\u011fi yap\u0131lmamal\u0131d\u0131r.<\/span><\/span><\/li>\n<\/ul>\n<\/div>\n<\/div>\n<\/div><div class=\"bde-column-1695-111 bde-column\">\n  \n\t\n\n\n\n<div class=\"bde-image-1695-112 bde-image\">\n<figure class=\"breakdance-image breakdance-image--1702\">\n\t<div class=\"breakdance-image-container\">\n\t\t<div class=\"breakdance-image-clip\"><img loading=\"lazy\" decoding=\"async\" class=\"breakdance-image-object\" src=\"https:\/\/ensude.com\/wp-content\/uploads\/2024\/09\/yasak.png\" width=\"162\" height=\"217\" sizes=\"auto, (max-width: 162px) 100vw, 162px\"><\/div>\n\t<\/div><\/figure>\n\n<\/div>\n<\/div><\/div><div class=\"bde-columns-1695-113 bde-columns\"><div class=\"bde-column-1695-114 bde-column\">\n  \n\t\n\n\n\n<div class=\"bde-icon-1695-115 bde-icon\">\n\n    \n                    \n            \n            \n\n    \n    \n    \n    \n    \n    <a class=\"breakdance-link bde-icon-icon breakdance-icon-atom\" href=\"https:\/\/ensude.com\/wp-content\/uploads\/2024\/07\/Jet-Kleen_Catalogue.pdf\" target=\"_blank\" data-type=\"url\"  >\n\n    \n                    <svg xmlns=\"http:\/\/www.w3.org\/2000\/svg\" viewBox=\"0 0 512 512\"><!--! Font Awesome Free 6.5.1 by @fontawesome - https:\/\/fontawesome.com License - https:\/\/fontawesome.com\/license\/free (Icons: CC BY 4.0, Fonts: SIL OFL 1.1, Code: MIT License) Copyright 2023 Fonticons, Inc. --><path d=\"M64 464l48 0 0 48-48 0c-35.3 0-64-28.7-64-64L0 64C0 28.7 28.7 0 64 0L229.5 0c17 0 33.3 6.7 45.3 18.7l90.5 90.5c12 12 18.7 28.3 18.7 45.3L384 304l-48 0 0-144-80 0c-17.7 0-32-14.3-32-32l0-80L64 48c-8.8 0-16 7.2-16 16l0 384c0 8.8 7.2 16 16 16zM176 352l32 0c30.9 0 56 25.1 56 56s-25.1 56-56 56l-16 0 0 32c0 8.8-7.2 16-16 16s-16-7.2-16-16l0-48 0-80c0-8.8 7.2-16 16-16zm32 80c13.3 0 24-10.7 24-24s-10.7-24-24-24l-16 0 0 48 16 0zm96-80l32 0c26.5 0 48 21.5 48 48l0 64c0 26.5-21.5 48-48 48l-32 0c-8.8 0-16-7.2-16-16l0-128c0-8.8 7.2-16 16-16zm32 128c8.8 0 16-7.2 16-16l0-64c0-8.8-7.2-16-16-16l-16 0 0 96 16 0zm80-112c0-8.8 7.2-16 16-16l48 0c8.8 0 16 7.2 16 16s-7.2 16-16 16l-32 0 0 32 32 0c8.8 0 16 7.2 16 16s-7.2 16-16 16l-32 0 0 48c0 8.8-7.2 16-16 16s-16-7.2-16-16l0-64 0-64z\"\/><\/svg>\n        \n        \n        \n                <\/a>\n\n    \n\n\n<\/div><a class=\"bde-text-link-1695-116 bde-text-link breakdance-link\" href=\"https:\/\/ensude.com\/wp-content\/uploads\/2024\/07\/Jet-Kleen_Catalogue.pdf\" target=\"_blank\" data-type=\"url\">\n  Jet Kleen Bro\u015f\u00fcr\n\n<\/a>\n<\/div><div class=\"bde-column-1695-117 bde-column\">\n  \n\t\n\n\n\n<div class=\"bde-icon-1695-118 bde-icon\">\n\n    \n                    \n            \n            \n\n    \n    \n    \n    \n    \n    <a class=\"breakdance-link bde-icon-icon breakdance-icon-atom\" href=\"https:\/\/ensude.com\/wp-content\/uploads\/2024\/07\/Jet-Kleen_Manual.pdf\" target=\"_blank\" data-type=\"url\"  >\n\n    \n                    <svg xmlns=\"http:\/\/www.w3.org\/2000\/svg\" viewBox=\"0 0 512 512\"><!--! Font Awesome Free 6.5.1 by @fontawesome - https:\/\/fontawesome.com License - https:\/\/fontawesome.com\/license\/free (Icons: CC BY 4.0, Fonts: SIL OFL 1.1, Code: MIT License) Copyright 2023 Fonticons, Inc. --><path d=\"M64 464l48 0 0 48-48 0c-35.3 0-64-28.7-64-64L0 64C0 28.7 28.7 0 64 0L229.5 0c17 0 33.3 6.7 45.3 18.7l90.5 90.5c12 12 18.7 28.3 18.7 45.3L384 304l-48 0 0-144-80 0c-17.7 0-32-14.3-32-32l0-80L64 48c-8.8 0-16 7.2-16 16l0 384c0 8.8 7.2 16 16 16zM176 352l32 0c30.9 0 56 25.1 56 56s-25.1 56-56 56l-16 0 0 32c0 8.8-7.2 16-16 16s-16-7.2-16-16l0-48 0-80c0-8.8 7.2-16 16-16zm32 80c13.3 0 24-10.7 24-24s-10.7-24-24-24l-16 0 0 48 16 0zm96-80l32 0c26.5 0 48 21.5 48 48l0 64c0 26.5-21.5 48-48 48l-32 0c-8.8 0-16-7.2-16-16l0-128c0-8.8 7.2-16 16-16zm32 128c8.8 0 16-7.2 16-16l0-64c0-8.8-7.2-16-16-16l-16 0 0 96 16 0zm80-112c0-8.8 7.2-16 16-16l48 0c8.8 0 16 7.2 16 16s-7.2 16-16 16l-32 0 0 32 32 0c8.8 0 16 7.2 16 16s-7.2 16-16 16l-32 0 0 48c0 8.8-7.2 16-16 16s-16-7.2-16-16l0-64 0-64z\"\/><\/svg>\n        \n        \n        \n                <\/a>\n\n    \n\n\n<\/div><a class=\"bde-text-link-1695-119 bde-text-link breakdance-link\" href=\"https:\/\/ensude.com\/wp-content\/uploads\/2024\/07\/Jet-Kleen_Manual.pdf\" target=\"_blank\" data-type=\"url\">\n  Jet Kleen Manual\n\n<\/a>\n<\/div><\/div><div class=\"bde-text-1695-129 bde-text\">\nJet Kleen \u00c7al\u0131\u015fma Videosu\n<\/div><div class=\"bde-columns-1695-124 bde-columns\"><div class=\"bde-column-1695-125 bde-column\">\n  \n\t\n\n\n\n<div class=\"bde-video-1695-127 bde-video\">\n<div class=\"ee-video-container\">\n                                                                            \n                                \n                <iframe\n                        class=\"ee-video \"\n                title=\"\"\n                                src=\"https:\/\/www.youtube.com\/embed\/rKxPDq7RZjM?feature=oembed&playsinline=0&rel=0&enablejsapi=1\"\n                frameborder=\"0\"\n                allow=\"accelerometer; autoplay; clipboard-write; encrypted-media; gyroscope; picture-in-picture\"\n                allowfullscreen>\n                <\/iframe>\n                    \n        \n            \n    <\/div>\n\n<\/div>\n<\/div><div class=\"bde-column-1695-126 bde-column\">\n  \n\t\n\n\n\n<div class=\"bde-image-1695-128 bde-image\">\n<figure class=\"breakdance-image breakdance-image--1705\">\n\t<div class=\"breakdance-image-container\">\n\t\t<div class=\"breakdance-image-clip\"><img loading=\"lazy\" decoding=\"async\" class=\"breakdance-image-object\" src=\"https:\/\/ensude.com\/wp-content\/uploads\/2024\/09\/temizlik2.webp\" width=\"213\" height=\"374\" sizes=\"auto, (max-width: 213px) 100vw, 213px\"><\/div>\n\t<\/div><\/figure>\n\n<\/div>\n<\/div><\/div><\/div>\n<\/section><\/div>","protected":false},"excerpt":{"rendered":"<p>Blowerl\u0131 Y\u00fcksek Enerji Tasarruflu Hava Tabancas\u0131 \u00dcST TEM\u0130ZLEME \u0130\u00c7\u0130N NEDEN BASIN\u00c7LI HAVA KULLANMAMALIYIZ ? Bas\u0131n\u00e7l\u0131 hava son derece kuvvetlidir. Bu sebeple par\u00e7ac\u0131klar\u0131 yerinden \u00e7\u0131karabilir. Bu par\u00e7ac\u0131klar, g\u00f6ze ka\u00e7abilir veya cildi a\u015f\u0131nd\u0131rma riski ta\u015f\u0131r.\u00a0 Deri yoluyla v\u00fccut dokular\u0131na zorlanan hava, kalbe, akci\u011ferlere veya beyne ula\u015fmas\u0131 durumunda \u00f6l\u00fcmc\u00fcl olabilen hava embolisine (kan ak\u0131\u015f\u0131ndaki hava kabarc\u0131klar\u0131na) neden olabilir. [&hellip;]<\/p>\n","protected":false},"author":1,"featured_media":0,"parent":0,"menu_order":0,"comment_status":"closed","ping_status":"closed","template":"","meta":{"_acf_changed":false,"_breakdance_hide_in_design_set":false,"_breakdance_tags":"","footnotes":""},"class_list":["post-1695","page","type-page","status-publish","hentry"],"acf":[],"_links":{"self":[{"href":"https:\/\/ensude.com\/index.php\/wp-json\/wp\/v2\/pages\/1695","targetHints":{"allow":["GET"]}}],"collection":[{"href":"https:\/\/ensude.com\/index.php\/wp-json\/wp\/v2\/pages"}],"about":[{"href":"https:\/\/ensude.com\/index.php\/wp-json\/wp\/v2\/types\/page"}],"author":[{"embeddable":true,"href":"https:\/\/ensude.com\/index.php\/wp-json\/wp\/v2\/users\/1"}],"replies":[{"embeddable":true,"href":"https:\/\/ensude.com\/index.php\/wp-json\/wp\/v2\/comments?post=1695"}],"version-history":[{"count":5,"href":"https:\/\/ensude.com\/index.php\/wp-json\/wp\/v2\/pages\/1695\/revisions"}],"predecessor-version":[{"id":3223,"href":"https:\/\/ensude.com\/index.php\/wp-json\/wp\/v2\/pages\/1695\/revisions\/3223"}],"wp:attachment":[{"href":"https:\/\/ensude.com\/index.php\/wp-json\/wp\/v2\/media?parent=1695"}],"curies":[{"name":"wp","href":"https:\/\/api.w.org\/{rel}","templated":true}]}}