{"id":1686,"date":"2024-09-15T12:26:12","date_gmt":"2024-09-15T12:26:12","guid":{"rendered":"https:\/\/ensude.com\/?page_id=1686"},"modified":"2025-02-18T12:09:10","modified_gmt":"2025-02-18T12:09:10","slug":"basincli-hava-icin-kimyasal-kurutucular","status":"publish","type":"page","link":"https:\/\/ensude.com\/index.php\/basincli-hava-icin-kimyasal-kurutucular\/","title":{"rendered":"Bas\u0131n\u00e7l\u0131 Hava i\u00e7in Kimyasal Kurutucular"},"content":{"rendered":"<div class='breakdance'><section class=\"bde-section-1686-100 bde-section\">\n  \n\t\n\n\n\n<div class=\"section-container\"><h1 class=\"bde-heading-1686-101 bde-heading\">\nBas\u0131n\u00e7l\u0131 Hava i\u00e7in Silikajelli Kimyasal Kurutucular\n<\/h1><div class=\"bde-columns-1686-102 bde-columns\"><div class=\"bde-column-1686-103 bde-column\">\n  \n\t\n\n\n\n<div class=\"bde-image-1686-104 bde-image\">\n<figure class=\"breakdance-image breakdance-image--1691 breakdance-image--caption-below\">\n\t<div class=\"breakdance-image-container\">\n\t\t<div class=\"breakdance-image-clip\"><img loading=\"lazy\" decoding=\"async\" class=\"breakdance-image-object\" src=\"https:\/\/ensude.com\/wp-content\/uploads\/2024\/09\/silica1.png\" width=\"205\" height=\"320\" sizes=\"auto, (max-width: 205px) 100vw, 205px\"><\/div>\n\t<\/div><\/figure>\n\n<\/div>\n<\/div><div class=\"bde-column-1686-105 bde-column\">\n  \n\t\n\n\n\n<div class=\"bde-rich-text-1686-106 bde-rich-text breakdance-rich-text-styles\">\n<p class=\"font_7 wixui-rich-text__text\"><span class=\"color_15 wixui-rich-text__text\"><span class=\"wixui-rich-text__text\">Bas\u0131n\u00e7l\u0131 hava sisteminizde merkezi hava kurutucunuz olsa bile \u00e7iy noktas\u0131 sorununuz olabilir. \u00c7iy noktas\u0131, s\u0131k\u0131\u015ft\u0131r\u0131lm\u0131\u015f havan\u0131zdaki su buhar\u0131n\u0131n art\u0131k buhar olmad\u0131\u011f\u0131 ve s\u0131v\u0131 hale geldi\u011fi s\u0131cakl\u0131kt\u0131r. Yeterli yo\u011fu\u015fma olu\u015fursa, hava da\u011f\u0131t\u0131m sisteminizde su olacakt\u0131r.<\/span><\/span><\/p>\n<p class=\"font_7 wixui-rich-text__text\"><span class=\"color_15 wixui-rich-text__text\"><span class=\"wixui-rich-text__text\"><span class=\"wixGuard wixui-rich-text__text\">\u200b<\/span><\/span><\/span><span class=\"color_15 wixui-rich-text__text\"><span class=\"wixui-rich-text__text\">Baz\u0131 bas\u0131n\u00e7l\u0131 hava uygulamalar\u0131nda \u00f6rne\u011fin plastik sekt\u00f6r\u00fc, solunabilir hava veya lazer kesim vb gibi bir \u00e7ok uygulamalarda \u00e7iy noktas\u0131n\u0131n d\u00fc\u015f\u00fckl\u00fc\u011f\u00fc olduk\u00e7a \u00f6nemlidir. Bu sebeple Nex Flow\u00ae S\u00fcper Kuru \u00e7iy noktas\u0131 d\u00fc\u015f\u00fcrme sistemi, kullan\u0131m noktas\u0131nda lokal \u00e7\u00f6z\u00fcmler i\u00e7in idealdir ve filtreleme sisteminizden sonra kurulur. <\/span><\/span><span class=\"color_15 wixui-rich-text__text\"><span class=\"wixui-rich-text__text\">Tek kule veya s\u0131ral\u0131 sistemler, \u00e7i\u011flenme noktas\u0131n\u0131 kabul edilebilir bir seviyeye d\u00fc\u015f\u00fcrmek i\u00e7in kaliteli nem emici malzeme kullanan de\u011fi\u015ftirilebilir kartu\u015flarla d\u00fc\u015f\u00fck maliyetli bir \u00e7\u00f6z\u00fcmd\u00fcr.<\/span><\/span><\/p>\n<p class=\"font_7 wixui-rich-text__text\"><span class=\"color_15 wixui-rich-text__text\"><span class=\"wixui-rich-text__text\"><span class=\"wixGuard wixui-rich-text__text\">\u200b<\/span><\/span><\/span><span class=\"color_15 wixui-rich-text__text\"><span class=\"wixui-rich-text__text\">Bas\u0131n\u00e7l\u0131 hava da\u011f\u0131t\u0131m sistemindeki partik\u00fcl ve mevcut su bir sorunsa, filtreleme sisteminizi g\u00f6zden ge\u00e7irmeniz \u00f6nerilir. Mevcut filtreleme sistemi bu sorunu yeterince ele alm\u0131yorsa, Nex Flow\u00ae S\u00fcper Ay\u0131r\u0131c\u0131y\u0131 d\u00fc\u015f\u00fcnebilirsiniz.<\/span><\/span><\/p>\n<\/div>\n<\/div><\/div><div class=\"bde-rich-text-1686-107 bde-rich-text breakdance-rich-text-styles\">\n<p class=\"font_7 wixui-rich-text__text\">S\u00fcper Kurutucular, bas\u0131n\u00e7l\u0131 hava sisteminizden su buhar\u0131n\u0131 ve nemi emmek i\u00e7in tasarlanm\u0131\u015ft\u0131r.<\/p>\n<\/div><div class=\"bde-columns-1686-110 bde-columns\"><div class=\"bde-column-1686-111 bde-column\">\n  \n\t\n\n\n\n<div class=\"bde-image-1686-113 bde-image\">\n<figure class=\"breakdance-image breakdance-image--1692\">\n\t<div class=\"breakdance-image-container\">\n\t\t<div class=\"breakdance-image-clip\"><img loading=\"lazy\" decoding=\"async\" class=\"breakdance-image-object\" src=\"https:\/\/ensude.com\/wp-content\/uploads\/2024\/09\/silica2.png\" width=\"370\" height=\"331\" sizes=\"auto, (max-width: 370px) 100vw, 370px\"><\/div>\n\t<\/div><\/figure>\n\n<\/div>\n<\/div><div class=\"bde-column-1686-112 bde-column\">\n  \n\t\n\n\n\n<div class=\"bde-image-1686-114 bde-image\">\n<figure class=\"breakdance-image breakdance-image--1693\">\n\t<div class=\"breakdance-image-container\">\n\t\t<div class=\"breakdance-image-clip\"><img loading=\"lazy\" decoding=\"async\" class=\"breakdance-image-object\" src=\"https:\/\/ensude.com\/wp-content\/uploads\/2024\/09\/silica3.png\" width=\"555\" height=\"379\" sizes=\"auto, (max-width: 555px) 100vw, 555px\"><\/div>\n\t<\/div><\/figure>\n\n<\/div>\n<\/div><\/div><div class=\"bde-rich-text-1686-109 bde-rich-text breakdance-rich-text-styles\">\n<div id=\"comp-l55u29k9\" class=\"HcOXKn c9GqVL QxJLC3 lq2cno comp-l55u29k9 wixui-rich-text\" data-testid=\"richTextElement\">\n<p class=\"font_7 wixui-rich-text__text\"><span class=\"wixui-rich-text__text\">Nas\u0131l \u00c7al\u0131\u015f\u0131r?<\/span><\/p>\n<p class=\"font_7 wixui-rich-text__text\"><span class=\"color_15 wixui-rich-text__text\"><span class=\"wixui-rich-text__text\"><span class=\"wixGuard wixui-rich-text__text\">\u200b<\/span><\/span><\/span><span class=\"color_15 wixui-rich-text__text\">Tek kuleli hava kurutucu, lokal kullan\u0131m noktas\u0131 ve aral\u0131kl\u0131 ak\u0131\u015fl\u0131 bas\u0131n\u00e7l\u0131 hava uygulamalar\u0131 i\u00e7in kullan\u0131l\u0131r. Islak bas\u0131n\u00e7l\u0131 hava, su damlac\u0131klar\u0131n\u0131 ay\u0131rmak ve yakalamak i\u00e7in bir santrif\u00fcj hareketi olu\u015fturarak ofset giri\u015fine girer. Ak\u0131\u015f daha sonra kat\u0131 partik\u00fclleri \u00e7\u0131karmak i\u00e7in bir polipropilen birle\u015ftirme eleman\u0131, ke\u00e7e pedler ve paslanmaz \u00e7elik \u0131zgaralar\u0131n etraf\u0131ndan ge\u00e7er. Hava, nemi emmek i\u00e7in s\u00fcnger g\u00f6revi g\u00f6ren, dikilmi\u015f bir filtrasyon kurutucu torbadan yukar\u0131 do\u011fru akar. Son olarak, hava, herhangi bir kurutucu tozu ortadan kald\u0131rmak i\u00e7in filtrelemenin ikinci a\u015famas\u0131ndan ge\u00e7er. Bu 3 a\u015famal\u0131 eylem verimli bir \u015fekilde ay\u0131rma, filtreleme ve kurutma sa\u011flar. Nem G\u00f6stergesi doygunlu\u011fu g\u00f6sterir ve kurutucunun ne zaman de\u011fi\u015ftirilece\u011fini g\u00f6sterir. Paslanmaz \u00e7elik kelep\u00e7e ile de\u011fi\u015ftirme h\u0131zl\u0131 ve kolayd\u0131r. Ayr\u0131ca paslanmayan toz boyal\u0131 al\u00fcminyum muhafaza, yerle\u015fik braketler i\u00e7erir.<\/span><\/p>\n<p class=\"font_7 wixui-rich-text__text\">Avantajlar\u0131;<\/p>\n<\/div>\n<div id=\"comp-l55jfafk\" class=\"HcOXKn c9GqVL QxJLC3 lq2cno comp-l55jfafk wixui-rich-text\" data-testid=\"richTextElement\">\n<ul>\n<li class=\"font_7 wixui-rich-text__text\"><span class=\"color_15 wixui-rich-text__text\"><span class=\"wixui-rich-text__text\">Kullan\u0131m noktas\u0131 uygulamalar\u0131 i\u00e7in s\u0131f\u0131r hava kayb\u0131 ile d\u00fc\u015f\u00fck \u00e7iy noktas\u0131 sa\u011flar.<\/span><\/span><\/li>\n<li class=\"font_7 wixui-rich-text__text\"><span class=\"color_15 wixui-rich-text__text\"><span class=\"wixui-rich-text__text\">Aral\u0131kl\u0131 ve lokal uygulamalarda \u00e7iy noktas\u0131 sorununu \u00e7\u00f6zer.<\/span><\/span><\/li>\n<li class=\"font_7 wixui-rich-text__text\"><span class=\"color_15 wixui-rich-text__text\"><span class=\"wixui-rich-text__text\">Kurulumu kolay ve kurutucu de\u011fi\u015ftirme Kitleri ile kullan\u0131\u015fl\u0131d\u0131r.<\/span><\/span><\/li>\n<li class=\"font_7 wixui-rich-text__text\"><span class=\"color_15 wixui-rich-text__text\"><span class=\"wixui-rich-text__text\">Kompakt ve yenilik\u00e7i tasar\u0131ma sahiptir.<\/span><\/span><\/li>\n<li class=\"font_7 wixui-rich-text__text\"><span class=\"color_15 wixui-rich-text__text\"><span class=\"wixui-rich-text__text\">D\u00fc\u015f\u00fck maliyetlidir.<\/span><\/span><\/li>\n<\/ul>\n<\/div>\n<\/div><\/div>\n<\/section><\/div>","protected":false},"excerpt":{"rendered":"<p>Bas\u0131n\u00e7l\u0131 Hava i\u00e7in Silikajelli Kimyasal Kurutucular Bas\u0131n\u00e7l\u0131 hava sisteminizde merkezi hava kurutucunuz olsa bile \u00e7iy noktas\u0131 sorununuz olabilir. \u00c7iy noktas\u0131, s\u0131k\u0131\u015ft\u0131r\u0131lm\u0131\u015f havan\u0131zdaki su buhar\u0131n\u0131n art\u0131k buhar olmad\u0131\u011f\u0131 ve s\u0131v\u0131 hale geldi\u011fi s\u0131cakl\u0131kt\u0131r. Yeterli yo\u011fu\u015fma olu\u015fursa, hava da\u011f\u0131t\u0131m sisteminizde su olacakt\u0131r. \u200bBaz\u0131 bas\u0131n\u00e7l\u0131 hava uygulamalar\u0131nda \u00f6rne\u011fin plastik sekt\u00f6r\u00fc, solunabilir hava veya lazer kesim vb gibi bir [&hellip;]<\/p>\n","protected":false},"author":1,"featured_media":0,"parent":0,"menu_order":0,"comment_status":"closed","ping_status":"closed","template":"","meta":{"_acf_changed":false,"_breakdance_hide_in_design_set":false,"_breakdance_tags":"","footnotes":""},"class_list":["post-1686","page","type-page","status-publish","hentry"],"acf":[],"_links":{"self":[{"href":"https:\/\/ensude.com\/index.php\/wp-json\/wp\/v2\/pages\/1686","targetHints":{"allow":["GET"]}}],"collection":[{"href":"https:\/\/ensude.com\/index.php\/wp-json\/wp\/v2\/pages"}],"about":[{"href":"https:\/\/ensude.com\/index.php\/wp-json\/wp\/v2\/types\/page"}],"author":[{"embeddable":true,"href":"https:\/\/ensude.com\/index.php\/wp-json\/wp\/v2\/users\/1"}],"replies":[{"embeddable":true,"href":"https:\/\/ensude.com\/index.php\/wp-json\/wp\/v2\/comments?post=1686"}],"version-history":[{"count":3,"href":"https:\/\/ensude.com\/index.php\/wp-json\/wp\/v2\/pages\/1686\/revisions"}],"predecessor-version":[{"id":1694,"href":"https:\/\/ensude.com\/index.php\/wp-json\/wp\/v2\/pages\/1686\/revisions\/1694"}],"wp:attachment":[{"href":"https:\/\/ensude.com\/index.php\/wp-json\/wp\/v2\/media?parent=1686"}],"curies":[{"name":"wp","href":"https:\/\/api.w.org\/{rel}","templated":true}]}}