{"id":1676,"date":"2024-09-15T13:20:41","date_gmt":"2024-09-15T13:20:41","guid":{"rendered":"https:\/\/ensude.com\/?page_id=1676"},"modified":"2025-03-23T20:35:50","modified_gmt":"2025-03-23T20:35:50","slug":"su-yag-ve-partikul-ayirici-filtreler","status":"publish","type":"page","link":"https:\/\/ensude.com\/index.php\/su-yag-ve-partikul-ayirici-filtreler\/","title":{"rendered":"Su, Ya\u011f ve Partik\u00fcl Ay\u0131r\u0131c\u0131 Filtreler"},"content":{"rendered":"<div class='breakdance'><section class=\"bde-section-1676-100 bde-section\">\n  \n\t\n\n\n\n<div class=\"section-container\"><h1 class=\"bde-heading-1676-101 bde-heading\">\nExpel Su, Ya\u011f ve Partik\u00fcl Filtresi (%99,9999)\n<\/h1><div class=\"bde-rich-text-1676-102 bde-rich-text breakdance-rich-text-styles\">\n<p class=\"font_8 wixui-rich-text__text\"><span class=\"color_15 wixui-rich-text__text\"><span class=\"wixui-rich-text__text\">Bir\u00e7ok bas\u0131n\u00e7l\u0131 hava ve hatta di\u011fer gazl\u0131 sistemlerde hatlarda su ve ya\u011f ile ilgili sorunlar vard\u0131r. Sistemler iyi tasarlanm\u0131\u015f ve in\u015fa edilmi\u015f olsa bile, bir \u015fekilde sisteme su girer. Sistem su, ya\u011f ve partik\u00fclleri ele alacak \u015fekilde filtrasyona sahip olsa bile, filtrelerin bak\u0131ms\u0131zl\u0131\u011f\u0131ndan zamanla ba\u015fka sorunlar ortaya \u00e7\u0131kar. Bu sebeple Membran filtrelerin periyodik olarak kontrol edilmesi ve bak\u0131m\u0131n\u0131n yap\u0131lmas\u0131 gerekir.<\/span><\/span><\/p>\n<p class=\"font_8 wixui-rich-text__text\"><span class=\"color_15 wixui-rich-text__text\"><span class=\"wixui-rich-text__text\">Expel bas\u0131n\u00e7l\u0131 hava filtresi, ola\u011fan\u00fcst\u00fc bas\u0131n\u00e7l\u0131 hava kalitesi garantilidir. End\u00fcstri genelinde bas\u0131n\u00e7l\u0131 hava sistemlerini \u00f6nemli \u00f6l\u00e7\u00fcde iyile\u015ftirecektir. Benzersiz patentli tasar\u0131m, kullan\u0131m noktas\u0131na tak\u0131ld\u0131\u011f\u0131nda s\u0131v\u0131, ya\u011f ve suyun\u00a0%99,9999'unu ve di\u011fer kirleticileri 1 mikrona kadar etkili bir \u015fekilde y\u00fcksek verimle temizler. \u00dcr\u00fcn 5 y\u0131l EXPEL garantisi alt\u0131ndad\u0131r.<\/span><\/span><\/p>\n<\/div><div class=\"bde-columns-1676-103 bde-columns\"><div class=\"bde-column-1676-104 bde-column\">\n  \n\t\n\n\n\n<div class=\"bde-rich-text-1676-105 bde-rich-text breakdance-rich-text-styles\">\n<p class=\"font_7 wixui-rich-text__text\"><span class=\"wixui-rich-text__text\"><span class=\"color_15 wixui-rich-text__text\"><img loading=\"lazy\" decoding=\"async\" class=\"size-full wp-image-1679 alignnone\" src=\"https:\/\/ensude.com\/wp-content\/uploads\/2024\/07\/filtre3.png\" alt=\"\" width=\"114\" height=\"46\" \/>\u00d6zellikleri ve Avantajlar\u0131<\/span><\/span><\/p>\n<ul>\n<li><span class=\"wixui-rich-text__text\"><span class=\"color_15 wixui-rich-text__text\">D\u00fcnyan\u0131n ilk Temizlenebilir ve Yeniden Kullan\u0131labilir Bas\u0131n\u00e7l\u0131 Hava Filtresi<\/span><\/span><\/li>\n<li class=\"font_7 wixui-rich-text__text\"><span class=\"wixui-rich-text__text\"><span class=\"color_15 wixui-rich-text__text\">T\u0131kanm\u0131\u015f Filtrelerin Neden Oldu\u011fu Bas\u0131n\u00e7 D\u00fc\u015f\u00fc\u015f\u00fcnde Art\u0131\u015f Yok<\/span><\/span><\/li>\n<li class=\"font_7 wixui-rich-text__text\"><span class=\"wixui-rich-text__text\"><span class=\"color_15 wixui-rich-text__text\">G\u00fc\u00e7 Kayna\u011f\u0131 Gerekmez. Kurulumu ve Bak\u0131m\u0131 Kolayd\u0131r.<\/span><\/span><\/li>\n<li class=\"font_7 wixui-rich-text__text\"><span class=\"wixui-rich-text__text\"><span class=\"color_15 wixui-rich-text__text\">\u00d6nemli \u00f6l\u00e7\u00fcde Azalt\u0131lm\u0131\u015f Ya\u015fam D\u00f6ng\u00fcs\u00fc Maliyetleri<\/span><\/span><\/li>\n<li class=\"font_7 wixui-rich-text__text\"><span class=\"wixui-rich-text__text\"><span class=\"color_15 wixui-rich-text__text\">Darbeli Ak\u0131\u015flardan Anl\u0131k Kurtarma veya Durdurma Ba\u015flatma<\/span><\/span><\/li>\n<li class=\"font_7 wixui-rich-text__text\"><span class=\"wixui-rich-text__text\"><span class=\"color_15 wixui-rich-text__text\">T\u00fcm Yedek Par\u00e7alar Mevcuttur<\/span><\/span><\/li>\n<li class=\"font_7 wixui-rich-text__text\"><span class=\"wixui-rich-text__text\"><span class=\"color_15 wixui-rich-text__text\">30 cfm Nominal Ak\u0131\u015f H\u0131z\u0131<\/span><\/span><\/li>\n<li class=\"font_7 wixui-rich-text__text\"><span class=\"wixui-rich-text__text\"><span class=\"color_15 wixui-rich-text__text\">15bar(g)Maksimum Bas\u0131n\u00e7<\/span><\/span><\/li>\n<li class=\"font_7 wixui-rich-text__text\"><span class=\"wixui-rich-text__text\"><span class=\"color_15 wixui-rich-text__text\">5 Y\u0131l \u00dcretici Garantisi<\/span><\/span><\/li>\n<li class=\"font_7 wixui-rich-text__text\"><span class=\"wixui-rich-text__text\"><span class=\"color_15 wixui-rich-text__text\">\u00bd\u201d &amp; \u00be\u201d BSPT \/ NPT Giri\u015f \/ \u00c7\u0131k\u0131\u015f Ba\u011flant\u0131lar\u0131<\/span><\/span><\/li>\n<li class=\"font_7 wixui-rich-text__text\"><span class=\"wixui-rich-text__text\"><span class=\"color_15 wixui-rich-text__text\">S\u0131v\u0131 Su, Ya\u011flar\u0131n %99,9999'unu Giderir<\/span><\/span><\/li>\n<li class=\"font_7 wixui-rich-text__text\"><span class=\"wixui-rich-text__text\"><span class=\"color_15 wixui-rich-text__text\">1 Mikrona kadar Partik\u00fcllerin %99,9999'unu temizler.<\/span><\/span><\/li>\n<li class=\"font_7 wixui-rich-text__text\"><span class=\"wixui-rich-text__text\"><span class=\"color_15 wixui-rich-text__text\">304 Kalite Paslanmaz \u00c7elik G\u00f6vde ve Kafa<\/span><\/span><\/li>\n<li class=\"font_7 wixui-rich-text__text\"><span class=\"wixui-rich-text__text\"><span class=\"color_15 wixui-rich-text__text\">Standart olarak Bas\u0131n\u00e7 G\u00f6stergesi<\/span><\/span><\/li>\n<li class=\"font_7 wixui-rich-text__text\"><span class=\"wixui-rich-text__text\"><span class=\"color_15 wixui-rich-text__text\">Opsiyonel Bas\u0131n\u00e7 G\u00f6stergesi.<\/span><\/span><\/li>\n<\/ul>\n<\/div>\n<\/div><div class=\"bde-column-1676-106 bde-column\">\n  \n\t\n\n\n\n<div class=\"bde-image-1676-107 bde-image\">\n<figure class=\"breakdance-image breakdance-image--1680 breakdance-image--caption-below\">\n\t<div class=\"breakdance-image-container\">\n\t\t<div class=\"breakdance-image-clip\"><img loading=\"lazy\" decoding=\"async\" class=\"breakdance-image-object\" src=\"https:\/\/ensude.com\/wp-content\/uploads\/2024\/09\/filtre1.png\" width=\"197\" height=\"334\" sizes=\"auto, (max-width: 197px) 100vw, 197px\"><\/div>\n\t<\/div><\/figure>\n\n<\/div>\n<\/div><\/div><div class=\"bde-columns-1676-114 bde-columns\"><div class=\"bde-column-1676-115 bde-column\">\n  \n\t\n\n\n\n<div class=\"bde-icon-1676-116 bde-icon\">\n\n    \n                    \n            \n            \n\n    \n    \n    \n    \n    \n    <a class=\"breakdance-link bde-icon-icon breakdance-icon-atom\" href=\"https:\/\/ensude.com\/wp-content\/uploads\/2024\/07\/expel.pdf\" target=\"_blank\" data-type=\"url\"  >\n\n    \n                    <svg xmlns=\"http:\/\/www.w3.org\/2000\/svg\" viewBox=\"0 0 512 512\"><!--! Font Awesome Free 6.5.1 by @fontawesome - https:\/\/fontawesome.com License - https:\/\/fontawesome.com\/license\/free (Icons: CC BY 4.0, Fonts: SIL OFL 1.1, Code: MIT License) Copyright 2023 Fonticons, Inc. --><path d=\"M64 464l48 0 0 48-48 0c-35.3 0-64-28.7-64-64L0 64C0 28.7 28.7 0 64 0L229.5 0c17 0 33.3 6.7 45.3 18.7l90.5 90.5c12 12 18.7 28.3 18.7 45.3L384 304l-48 0 0-144-80 0c-17.7 0-32-14.3-32-32l0-80L64 48c-8.8 0-16 7.2-16 16l0 384c0 8.8 7.2 16 16 16zM176 352l32 0c30.9 0 56 25.1 56 56s-25.1 56-56 56l-16 0 0 32c0 8.8-7.2 16-16 16s-16-7.2-16-16l0-48 0-80c0-8.8 7.2-16 16-16zm32 80c13.3 0 24-10.7 24-24s-10.7-24-24-24l-16 0 0 48 16 0zm96-80l32 0c26.5 0 48 21.5 48 48l0 64c0 26.5-21.5 48-48 48l-32 0c-8.8 0-16-7.2-16-16l0-128c0-8.8 7.2-16 16-16zm32 128c8.8 0 16-7.2 16-16l0-64c0-8.8-7.2-16-16-16l-16 0 0 96 16 0zm80-112c0-8.8 7.2-16 16-16l48 0c8.8 0 16 7.2 16 16s-7.2 16-16 16l-32 0 0 32 32 0c8.8 0 16 7.2 16 16s-7.2 16-16 16l-32 0 0 48c0 8.8-7.2 16-16 16s-16-7.2-16-16l0-64 0-64z\"\/><\/svg>\n        \n        \n        \n                <\/a>\n\n    \n\n\n<\/div><a class=\"bde-text-link-1676-117 bde-text-link breakdance-link\" href=\"https:\/\/ensude.com\/wp-content\/uploads\/2024\/07\/expel.pdf\" target=\"_blank\" data-type=\"url\">\n  Expel Filtre Katalog\n\n<\/a>\n<\/div><\/div><div class=\"bde-text-1676-124 bde-text\">\nExpel Filtre Videosu\n<\/div><div class=\"bde-columns-1676-109 bde-columns\"><div class=\"bde-column-1676-110 bde-column\">\n  \n\t\n\n\n\n<div class=\"bde-video-1676-111 bde-video\">\n<div class=\"ee-video-container\">\n                                                                        \n                <lite-youtube\n                        videoid=\"BYB5v5kNU70\"\n                                                style=\"background-image: url(https:\/\/i.ytimg.com\/vi\/BYB5v5kNU70\/maxresdefault.jpg); \"\n                        class=\"ee-video\"\n                        title=\"\"\n                        params=\"&playsinline=0&rel=0&enablejsapi=1\"\n                >\n                <\/lite-youtube>\n                    \n        \n            \n    <\/div>\n\n<\/div>\n<\/div><div class=\"bde-column-1676-112 bde-column\">\n  \n\t\n\n\n\n<div class=\"bde-image-1676-113 bde-image\">\n<figure class=\"breakdance-image breakdance-image--1681\">\n\t<div class=\"breakdance-image-container\">\n\t\t<div class=\"breakdance-image-clip\"><img loading=\"lazy\" decoding=\"async\" class=\"breakdance-image-object\" src=\"https:\/\/ensude.com\/wp-content\/uploads\/2024\/09\/filtre2.png\" width=\"389\" height=\"295\" sizes=\"auto, (max-width: 389px) 100vw, 389px\"><\/div>\n\t<\/div><\/figure>\n\n<\/div>\n<\/div><\/div><\/div>\n<\/section><\/div>","protected":false},"excerpt":{"rendered":"<p>Expel Su, Ya\u011f ve Partik\u00fcl Filtresi (%99,9999) Bir\u00e7ok bas\u0131n\u00e7l\u0131 hava ve hatta di\u011fer gazl\u0131 sistemlerde hatlarda su ve ya\u011f ile ilgili sorunlar vard\u0131r. Sistemler iyi tasarlanm\u0131\u015f ve in\u015fa edilmi\u015f olsa bile, bir \u015fekilde sisteme su girer. Sistem su, ya\u011f ve partik\u00fclleri ele alacak \u015fekilde filtrasyona sahip olsa bile, filtrelerin bak\u0131ms\u0131zl\u0131\u011f\u0131ndan zamanla ba\u015fka sorunlar ortaya \u00e7\u0131kar. [&hellip;]<\/p>\n","protected":false},"author":1,"featured_media":0,"parent":0,"menu_order":0,"comment_status":"closed","ping_status":"closed","template":"","meta":{"_acf_changed":false,"_breakdance_hide_in_design_set":false,"_breakdance_tags":"","footnotes":""},"class_list":["post-1676","page","type-page","status-publish","hentry"],"acf":[],"_links":{"self":[{"href":"https:\/\/ensude.com\/index.php\/wp-json\/wp\/v2\/pages\/1676","targetHints":{"allow":["GET"]}}],"collection":[{"href":"https:\/\/ensude.com\/index.php\/wp-json\/wp\/v2\/pages"}],"about":[{"href":"https:\/\/ensude.com\/index.php\/wp-json\/wp\/v2\/types\/page"}],"author":[{"embeddable":true,"href":"https:\/\/ensude.com\/index.php\/wp-json\/wp\/v2\/users\/1"}],"replies":[{"embeddable":true,"href":"https:\/\/ensude.com\/index.php\/wp-json\/wp\/v2\/comments?post=1676"}],"version-history":[{"count":6,"href":"https:\/\/ensude.com\/index.php\/wp-json\/wp\/v2\/pages\/1676\/revisions"}],"predecessor-version":[{"id":3222,"href":"https:\/\/ensude.com\/index.php\/wp-json\/wp\/v2\/pages\/1676\/revisions\/3222"}],"wp:attachment":[{"href":"https:\/\/ensude.com\/index.php\/wp-json\/wp\/v2\/media?parent=1676"}],"curies":[{"name":"wp","href":"https:\/\/api.w.org\/{rel}","templated":true}]}}