{"id":1667,"date":"2024-09-15T13:20:46","date_gmt":"2024-09-15T13:20:46","guid":{"rendered":"https:\/\/ensude.com\/?page_id=1667"},"modified":"2025-03-23T20:35:23","modified_gmt":"2025-03-23T20:35:23","slug":"sifir-hava-kayipli-kondens-tahliye-valfi","status":"publish","type":"page","link":"https:\/\/ensude.com\/index.php\/sifir-hava-kayipli-kondens-tahliye-valfi\/","title":{"rendered":"S\u0131f\u0131r Hava Kay\u0131pl\u0131 Kondens Tahliye Valfi"},"content":{"rendered":"<div class='breakdance'><section class=\"bde-section-1667-100 bde-section\">\n  \n\t\n\n\n\n<div class=\"section-container\"><h1 class=\"bde-heading-1667-101 bde-heading\">\nOtomatik Kondens Tahliye Valfleri (Bas\u0131n\u00e7l\u0131 hava tanklar\u0131 ve filtreleri i\u00e7in su tahliye valfi)\n<\/h1><div class=\"bde-columns-1667-102 bde-columns\"><div class=\"bde-column-1667-105 bde-column\">\n  \n\t\n\n\n\n<div class=\"bde-rich-text-1667-106 bde-rich-text breakdance-rich-text-styles\">\n<p class=\"font_8 wixui-rich-text__text\"><span class=\"wixui-rich-text__text\"><span class=\"color_15 wixui-rich-text__text\">AVG MAG-Drain, bas\u0131n\u00e7l\u0131 hava sistemlerinde hava kayb\u0131 olmadan olu\u015fan yo\u011fu\u015fmay\u0131 otomatik olarak sistemden uzakla\u015ft\u0131rmak i\u00e7in tasarlanm\u0131\u015f yenilik\u00e7i bir \u00fcr\u00fcnd\u00fcr. S\u0131f\u0131r hava kayb\u0131 ile enerji tasarrufu olu\u015fturarak amortisman s\u00fcresini olduk\u00e7a k\u0131salt\u0131r.\u00a0<\/span><\/span><span class=\"color_15 wixui-rich-text__text\"><span class=\"wixui-rich-text__text\">Pek \u00e7ok bas\u0131n\u00e7l\u0131 hava filtresi ve tanklar\u0131 kondens tahliyesi i\u00e7in g\u00fcvenilir olmayan \u015famand\u0131ra tipi tahliyelerle donat\u0131lm\u0131\u015ft\u0131r, bunlar\u0131 g\u00fcvenilir bir AVG MAG-Drain ile de\u011fi\u015ftirin.<\/span><\/span><\/p>\n<\/div>\n<\/div><\/div><div class=\"bde-columns-1667-107 bde-columns\"><div class=\"bde-column-1667-108 bde-column\">\n  \n\t\n\n\n\n<div class=\"bde-rich-text-1667-111 bde-rich-text breakdance-rich-text-styles\">\n<p class=\"font_7 wixui-rich-text__text\"><span class=\"wixui-rich-text__text\"><span class=\"color_15 wixui-rich-text__text\">\u00d6zellikler \/ Avantajlar<\/span><\/span><\/p>\n<ul>\n<li class=\"font_7 wixui-rich-text__text\"><span class=\"wixui-rich-text__text\"><span class=\"color_15 wixui-rich-text__text\">Son derece kompakt!<\/span><\/span><\/li>\n<li class=\"font_7 wixui-rich-text__text\"><span class=\"wixui-rich-text__text\"><span class=\"color_15 wixui-rich-text__text\">Ultra hafif, sadece 0,95 kilo<\/span><\/span><\/li>\n<li class=\"font_7 wixui-rich-text__text\"><span class=\"wixui-rich-text__text\"><span class=\"color_15 wixui-rich-text__text\">Boyut veya kapasiteden ba\u011f\u0131ms\u0131z olarak t\u00fcm filtrelerin kondens tahliyesi.<\/span><\/span><\/li>\n<li class=\"font_7 wixui-rich-text__text\"><span class=\"wixui-rich-text__text\"><span class=\"color_15 wixui-rich-text__text\">Ak\u0131ll\u0131 servis \u00f6zelli\u011fi.<\/span><\/span><\/li>\n<li class=\"font_7 wixui-rich-text__text\"><span class=\"wixui-rich-text__text\"><span class=\"color_15 wixui-rich-text__text\">Pek \u00e7ok bas\u0131n\u00e7l\u0131 hava filtresi, g\u00fcvenilir olmayan \u015famand\u0131ra tipi s\u00fczge\u00e7lerle donat\u0131lm\u0131\u015ft\u0131r, bunlar\u0131 de\u011fi\u015ftirin g\u00fcvenilir bir AVG MAG-Drain ile.<\/span><\/span><\/li>\n<li class=\"font_7 wixui-rich-text__text\"><span class=\"wixui-rich-text__text\"><span class=\"color_15 wixui-rich-text__text\">Kondens tahliyesi s\u0131ras\u0131nda s\u0131f\u0131r hava kayb\u0131.<\/span><\/span><\/li>\n<li class=\"font_7 wixui-rich-text__text\"><span class=\"wixui-rich-text__text\"><span class=\"color_15 wixui-rich-text__text\">Drenaj\u0131 \u00e7al\u0131\u015ft\u0131rmak i\u00e7in elektrik gerekmez.<\/span><\/span><\/li>\n<li class=\"font_7 wixui-rich-text__text\"><span class=\"wixui-rich-text__text\"><span class=\"color_15 wixui-rich-text__text\">Manyetik olarak \u00e7al\u0131\u015fan, uzun \u00f6m\u00fcrl\u00fc m\u0131knat\u0131slar bar\u0131nd\u0131r\u0131r.<\/span><\/span><\/li>\n<li class=\"font_7 wixui-rich-text__text\"><span class=\"wixui-rich-text__text\"><span class=\"color_15 wixui-rich-text__text\">\u00c7al\u0131\u015fma bas\u0131nc\u0131 aral\u0131\u011f\u0131 0 ila 232 psig (16 bar)<\/span><\/span><\/li>\n<li class=\"font_7 wixui-rich-text__text\"><span class=\"wixui-rich-text__text\"><span class=\"color_15 wixui-rich-text__text\">FPM (Viton) contal\u0131 do\u011frudan etkili valf.<\/span><\/span><\/li>\n<li class=\"font_7 wixui-rich-text__text\"><span class=\"wixui-rich-text__text\"><span class=\"color_15 wixui-rich-text__text\">Elektroforetik kaplama ile kaplanm\u0131\u015f sa\u011flam, korozyona dayan\u0131kl\u0131 al\u00fcminyum g\u00f6vde.<\/span><\/span><\/li>\n<li class=\"font_7 wixui-rich-text__text\"><span class=\"wixui-rich-text__text\"><span class=\"color_15 wixui-rich-text__text\">Alt (\u00e7\u0131k\u0131\u015f) kurulum kolayl\u0131\u011f\u0131 i\u00e7in 360 derece d\u00f6nd\u00fcr\u00fclebilir.\u00a0<\/span><\/span><\/li>\n<\/ul>\n<\/div>\n<\/div><div class=\"bde-column-1667-110 bde-column\">\n  \n\t\n\n\n\n<div class=\"bde-image-1667-109 bde-image\">\n<figure class=\"breakdance-image breakdance-image--1673 breakdance-image--caption-below\">\n\t<div class=\"breakdance-image-container\">\n\t\t<div class=\"breakdance-image-clip\"><img loading=\"lazy\" decoding=\"async\" class=\"breakdance-image-object\" src=\"https:\/\/ensude.com\/wp-content\/uploads\/2024\/09\/tahliye1.png\" width=\"264\" height=\"287\" sizes=\"auto, (max-width: 264px) 100vw, 264px\"><\/div>\n\t<\/div><\/figure>\n\n<\/div>\n<\/div><\/div><div class=\"bde-columns-1667-112 bde-columns\"><div class=\"bde-column-1667-113 bde-column\">\n  \n\t\n\n\n\n<div class=\"bde-icon-1667-114 bde-icon\">\n\n    \n                    \n            \n            \n\n    \n    \n    \n    \n    \n    <a class=\"breakdance-link bde-icon-icon breakdance-icon-atom\" href=\"https:\/\/ensude.com\/wp-content\/uploads\/2024\/07\/AVGMAG.pdf\" target=\"_blank\" data-type=\"url\"  >\n\n    \n                    <svg xmlns=\"http:\/\/www.w3.org\/2000\/svg\" viewBox=\"0 0 512 512\"><!--! Font Awesome Free 6.5.1 by @fontawesome - https:\/\/fontawesome.com License - https:\/\/fontawesome.com\/license\/free (Icons: CC BY 4.0, Fonts: SIL OFL 1.1, Code: MIT License) Copyright 2023 Fonticons, Inc. --><path d=\"M64 464l48 0 0 48-48 0c-35.3 0-64-28.7-64-64L0 64C0 28.7 28.7 0 64 0L229.5 0c17 0 33.3 6.7 45.3 18.7l90.5 90.5c12 12 18.7 28.3 18.7 45.3L384 304l-48 0 0-144-80 0c-17.7 0-32-14.3-32-32l0-80L64 48c-8.8 0-16 7.2-16 16l0 384c0 8.8 7.2 16 16 16zM176 352l32 0c30.9 0 56 25.1 56 56s-25.1 56-56 56l-16 0 0 32c0 8.8-7.2 16-16 16s-16-7.2-16-16l0-48 0-80c0-8.8 7.2-16 16-16zm32 80c13.3 0 24-10.7 24-24s-10.7-24-24-24l-16 0 0 48 16 0zm96-80l32 0c26.5 0 48 21.5 48 48l0 64c0 26.5-21.5 48-48 48l-32 0c-8.8 0-16-7.2-16-16l0-128c0-8.8 7.2-16 16-16zm32 128c8.8 0 16-7.2 16-16l0-64c0-8.8-7.2-16-16-16l-16 0 0 96 16 0zm80-112c0-8.8 7.2-16 16-16l48 0c8.8 0 16 7.2 16 16s-7.2 16-16 16l-32 0 0 32 32 0c8.8 0 16 7.2 16 16s-7.2 16-16 16l-32 0 0 48c0 8.8-7.2 16-16 16s-16-7.2-16-16l0-64 0-64z\"\/><\/svg>\n        \n        \n        \n                <\/a>\n\n    \n\n\n<\/div><a class=\"bde-text-link-1667-115 bde-text-link breakdance-link\" href=\"https:\/\/ensude.com\/wp-content\/uploads\/2024\/07\/AVGMAG.pdf\" target=\"_blank\" data-type=\"url\">\n  AVG MAG Katalog\n\n<\/a>\n<\/div><\/div><div class=\"bde-text-1667-128 bde-text\">\n\u00c7al\u0131\u015fma Prensibi Videosu\n<\/div><div class=\"bde-columns-1667-122 bde-columns\"><div class=\"bde-column-1667-123 bde-column\">\n  \n\t\n\n\n\n<div class=\"bde-video-1667-125 bde-video\">\n<div class=\"ee-video-container\">\n                                                                        \n                <lite-youtube\n                        videoid=\"uMYLYGP3Z1M\"\n                                                style=\"background-image: url(https:\/\/i.ytimg.com\/vi\/uMYLYGP3Z1M\/maxresdefault.jpg); \"\n                        class=\"ee-video\"\n                        title=\"\"\n                        params=\"&playsinline=0&rel=0&enablejsapi=1\"\n                >\n                <\/lite-youtube>\n                    \n        \n            \n    <\/div>\n\n<\/div>\n<\/div><div class=\"bde-column-1667-124 bde-column\">\n  \n\t\n\n\n\n<div class=\"bde-image-1667-126 bde-image\">\n<figure class=\"breakdance-image breakdance-image--1674\">\n\t<div class=\"breakdance-image-container\">\n\t\t<div class=\"breakdance-image-clip\"><img loading=\"lazy\" decoding=\"async\" class=\"breakdance-image-object\" src=\"https:\/\/ensude.com\/wp-content\/uploads\/2024\/09\/tahliye2.png\" width=\"345\" height=\"286\" sizes=\"auto, (max-width: 345px) 100vw, 345px\"><\/div>\n\t<\/div><\/figure>\n\n<\/div>\n<\/div><\/div><\/div>\n<\/section><\/div>","protected":false},"excerpt":{"rendered":"<p>Otomatik Kondens Tahliye Valfleri (Bas\u0131n\u00e7l\u0131 hava tanklar\u0131 ve filtreleri i\u00e7in su tahliye valfi) AVG MAG-Drain, bas\u0131n\u00e7l\u0131 hava sistemlerinde hava kayb\u0131 olmadan olu\u015fan yo\u011fu\u015fmay\u0131 otomatik olarak sistemden uzakla\u015ft\u0131rmak i\u00e7in tasarlanm\u0131\u015f yenilik\u00e7i bir \u00fcr\u00fcnd\u00fcr. S\u0131f\u0131r hava kayb\u0131 ile enerji tasarrufu olu\u015fturarak amortisman s\u00fcresini olduk\u00e7a k\u0131salt\u0131r.\u00a0Pek \u00e7ok bas\u0131n\u00e7l\u0131 hava filtresi ve tanklar\u0131 kondens tahliyesi i\u00e7in g\u00fcvenilir olmayan \u015famand\u0131ra [&hellip;]<\/p>\n","protected":false},"author":1,"featured_media":0,"parent":0,"menu_order":0,"comment_status":"closed","ping_status":"closed","template":"","meta":{"_acf_changed":false,"_breakdance_hide_in_design_set":false,"_breakdance_tags":"","footnotes":""},"class_list":["post-1667","page","type-page","status-publish","hentry"],"acf":[],"_links":{"self":[{"href":"https:\/\/ensude.com\/index.php\/wp-json\/wp\/v2\/pages\/1667","targetHints":{"allow":["GET"]}}],"collection":[{"href":"https:\/\/ensude.com\/index.php\/wp-json\/wp\/v2\/pages"}],"about":[{"href":"https:\/\/ensude.com\/index.php\/wp-json\/wp\/v2\/types\/page"}],"author":[{"embeddable":true,"href":"https:\/\/ensude.com\/index.php\/wp-json\/wp\/v2\/users\/1"}],"replies":[{"embeddable":true,"href":"https:\/\/ensude.com\/index.php\/wp-json\/wp\/v2\/comments?post=1667"}],"version-history":[{"count":5,"href":"https:\/\/ensude.com\/index.php\/wp-json\/wp\/v2\/pages\/1667\/revisions"}],"predecessor-version":[{"id":3221,"href":"https:\/\/ensude.com\/index.php\/wp-json\/wp\/v2\/pages\/1667\/revisions\/3221"}],"wp:attachment":[{"href":"https:\/\/ensude.com\/index.php\/wp-json\/wp\/v2\/media?parent=1667"}],"curies":[{"name":"wp","href":"https:\/\/api.w.org\/{rel}","templated":true}]}}