{"id":1657,"date":"2024-09-15T13:22:16","date_gmt":"2024-09-15T13:22:16","guid":{"rendered":"https:\/\/ensude.com\/?page_id=1657"},"modified":"2024-09-15T13:22:16","modified_gmt":"2024-09-15T13:22:16","slug":"pnomatik-voterks-sogutucu-nozuller","status":"publish","type":"page","link":"https:\/\/ensude.com\/index.php\/pnomatik-voterks-sogutucu-nozuller\/","title":{"rendered":"Pn\u00f6matik Voterks So\u011futucu Nozuller"},"content":{"rendered":"<div class='breakdance'><section class=\"bde-section-1657-100 bde-section\">\n  \n\t\n\n\n\n<div class=\"section-container\"><h1 class=\"bde-heading-1657-101 bde-heading\">\nPn\u00f6matik So\u011futucu Nozuller\n<\/h1><div class=\"bde-columns-1657-102 bde-columns\"><div class=\"bde-column-1657-103 bde-column\">\n  \n\t\n\n\n\n<div class=\"bde-image-1657-104 bde-image\">\n<figure class=\"breakdance-image breakdance-image--1662 breakdance-image--caption-below\">\n\t<div class=\"breakdance-image-container\">\n\t\t<div class=\"breakdance-image-clip\"><img loading=\"lazy\" decoding=\"async\" class=\"breakdance-image-object\" src=\"https:\/\/ensude.com\/wp-content\/uploads\/2024\/09\/sogutucu4.webp\" width=\"205\" height=\"205\" srcset=\"https:\/\/ensude.com\/wp-content\/uploads\/2024\/09\/sogutucu4.webp 205w, https:\/\/ensude.com\/wp-content\/uploads\/2024\/09\/sogutucu4-160x160.webp 160w\" sizes=\"auto, (max-width: 205px) 100vw, 205px\"><\/div>\n\t<\/div><\/figure>\n\n<\/div>\n<\/div><div class=\"bde-column-1657-105 bde-column\">\n  \n\t\n\n\n\n<div class=\"bde-rich-text-1657-106 bde-rich-text breakdance-rich-text-styles\">\n<p class=\"font_0 wixui-rich-text__text\"><span class=\"color_15 wixui-rich-text__text\"><span class=\"wixui-rich-text__text\">T\u00fcm Metal Par\u00e7alar, Paslanmaz \u00c7elik G\u00f6vde, Sessiz \u2013 70 dBA'n\u0131n Alt\u0131nda, Testler Frigid-X\u00ae'in Rakiplerinden Daha Sessiz ve Performansl\u0131 Oldu\u011funu G\u00f6steriyor!<br class=\"wixui-rich-text__text\" \/><br class=\"wixui-rich-text__text\" \/>Frigid-X\u00ae Tak\u0131m So\u011futma Sistemi, kuru i\u015fleme uygulamalar\u0131n\u0131 iyile\u015ftirmek i\u00e7in ideal bir \u00fcr\u00fcnd\u00fcr.\u00a0<br class=\"wixui-rich-text__text\" \/>Girdap t\u00fcp\u00fcyle \u00e7al\u0131\u015fan bir Tak\u0131m So\u011futucu, a\u011f\u0131rl\u0131kl\u0131 olarak kuru i\u015fleme uygulamalar\u0131nda yer al\u0131r. Sisli so\u011futman\u0131n kullan\u0131ld\u0131\u011f\u0131 ve ya\u011flaman\u0131n gerekli olmad\u0131\u011f\u0131 bir\u00e7ok durumda, kuru i\u015fleme operasyonlar\u0131n\u0131 iyile\u015ftirmek i\u00e7in bir\u00e7ok kirletici ve genellikle toksik sis sisteminin yerini alabilir. Kar\u0131\u015f\u0131kl\u0131k yok, kal\u0131nt\u0131 yok ve d\u00fc\u015f\u00fck maliyetlidir.<\/span><\/span><\/p>\n<\/div>\n<\/div><\/div><div class=\"bde-columns-1657-109 bde-columns\"><div class=\"bde-column-1657-112 bde-column\">\n  \n\t\n\n\n\n<div class=\"bde-rich-text-1657-113 bde-rich-text breakdance-rich-text-styles\">\n<table>\n<tbody>\n<tr>\n<th style=\"text-align: left;\">\n<p><span class=\"wixui-rich-text__text\"><span class=\"wixGuard wixui-rich-text__text\">\u200b<\/span><\/span><span class=\"wixui-rich-text__text\">Uygulamalar<\/span><\/p>\n<\/th>\n<th>\u00a0<\/th>\n<th style=\"text-align: left;\">\n<p><span class=\"wixui-rich-text__text\">\u00d6zellikler\/Avantajlar<\/span><\/p>\n<\/th>\n<\/tr>\n<tr>\n<td>\n<ul>\n<li><span class=\"wixui-rich-text__text\"><span class=\"color_15 wixui-rich-text__text\">Bileme ve Y\u00f6nlendirme \u0130\u015flemleri<\/span><\/span><\/li>\n<li><span class=\"wixui-rich-text__text\"><span class=\"color_15 wixui-rich-text__text\">\u0130\u015fleme Plastikleri<\/span><\/span><\/li>\n<li><span class=\"wixui-rich-text__text\"><span class=\"color_15 wixui-rich-text__text\">Matkap ve Kesici Ta\u015flama<\/span><\/span><\/li>\n<li><span class=\"wixui-rich-text__text\"><span class=\"color_15 wixui-rich-text__text\">Frezeleme, Delme, Y\u00f6nlendirme ve Y\u00fczey Ta\u015flama<\/span><\/span><\/li>\n<li><span class=\"wixui-rich-text__text\"><span class=\"color_15 wixui-rich-text__text\">Dald\u0131rma ve Form Ta\u015flama<\/span><\/span><\/li>\n<li><span class=\"wixui-rich-text__text\"><span class=\"color_15 wixui-rich-text__text\">Lazer Kesim<\/span><\/span><\/li>\n<li><span class=\"wixui-rich-text__text\"><span class=\"color_15 wixui-rich-text__text\">Lastik Ve Kau\u00e7uk Ta\u015flama<\/span><\/span><\/li>\n<li><span class=\"wixui-rich-text__text\"><span class=\"color_15 wixui-rich-text__text\">\u015eerit Testere B\u0131\u00e7a\u011f\u0131 So\u011futma<\/span><\/span><\/li>\n<\/ul>\n<\/td>\n<td>\u00a0<\/td>\n<td valign=\"top\">\n<ul>\n<li class=\"font_7 wixui-rich-text__text\"><span class=\"wixui-rich-text__text\">Hareketli Par\u00e7a Yok.Sessizdir.<\/span><\/li>\n<li class=\"font_7 wixui-rich-text__text\"><span class=\"wixui-rich-text__text\">Elektrikle de\u011fil, bas\u0131n\u00e7l\u0131 havayla \u00e7al\u0131\u015f\u0131r.<\/span><\/li>\n<li class=\"font_7 wixui-rich-text__text\"><span class=\"wixui-rich-text__text\">K\u00fc\u00e7\u00fck ve hafiftir, ta\u015f\u0131nabilir<\/span><\/li>\n<li class=\"font_7 wixui-rich-text__text\"><span class=\"wixui-rich-text__text\">Frezeleme, Delme, Y\u00f6nlendirme ve Y\u00fczey Ta\u015flamaD\u00fc\u015f\u00fck Maliyetlidir.<\/span><\/li>\n<li class=\"font_7 wixui-rich-text__text\"><span class=\"wixui-rich-text__text\">\u00dcst\u00fcn Tasar\u0131m ve Performans sunar.<\/span><\/li>\n<li class=\"font_7 wixui-rich-text__text\"><span class=\"wixui-rich-text__text\">Bak\u0131m Gerektirmeyen \u00c7al\u0131\u015fmaDayan\u0131kl\u0131 Paslanmaz \u00c7elik ve Metal Sanatlardan Yap\u0131lm\u0131\u015ft\u0131r.<\/span><\/li>\n<li class=\"font_7 wixui-rich-text__text\"><span class=\"wixui-rich-text__text\">\u00dcretim Oranlar\u0131n\u0131 \u0130yile\u015ftirir ve Bitmi\u015f Par\u00e7a Kuru Kal\u0131r.<\/span><\/li>\n<li class=\"font_7 wixui-rich-text__text\"><span class=\"wixui-rich-text__text\">Yanmay\u0131 \u00d6nler.Tolerans Kontrol\u00fcn\u00fc \u0130yile\u015ftirir.So\u011futma S\u0131v\u0131s\u0131 Maliyetlerini Ortadan Kald\u0131r\u0131r.<\/span><\/li>\n<\/ul>\n<\/td>\n<\/tr>\n<\/tbody>\n<\/table>\n<\/div>\n<\/div><\/div><div class=\"bde-columns-1657-115 bde-columns\"><div class=\"bde-column-1657-116 bde-column\">\n  \n\t\n\n\n\n<div class=\"bde-image-1657-114 bde-image\">\n<figure class=\"breakdance-image breakdance-image--1661\">\n\t<div class=\"breakdance-image-container\">\n\t\t<div class=\"breakdance-image-clip\"><img loading=\"lazy\" decoding=\"async\" class=\"breakdance-image-object\" src=\"https:\/\/ensude.com\/wp-content\/uploads\/2024\/09\/sogutucu.png\" width=\"759\" height=\"239\" srcset=\"https:\/\/ensude.com\/wp-content\/uploads\/2024\/09\/sogutucu.png 759w, https:\/\/ensude.com\/wp-content\/uploads\/2024\/09\/sogutucu-640x202.png 640w\" sizes=\"auto, (max-width: 759px) 100vw, 759px\"><\/div>\n\t<\/div><\/figure>\n\n<\/div>\n<\/div><\/div><div class=\"bde-columns-1657-118 bde-columns\"><div class=\"bde-column-1657-119 bde-column\">\n  \n\t\n\n\n\n<div class=\"bde-image-1657-124 bde-image\">\n<figure class=\"breakdance-image breakdance-image--1663\">\n\t<div class=\"breakdance-image-container\">\n\t\t<div class=\"breakdance-image-clip\"><img loading=\"lazy\" decoding=\"async\" class=\"breakdance-image-object\" src=\"https:\/\/ensude.com\/wp-content\/uploads\/2024\/09\/sogutucu1.png\" width=\"974\" height=\"347\" srcset=\"https:\/\/ensude.com\/wp-content\/uploads\/2024\/09\/sogutucu1.png 974w, https:\/\/ensude.com\/wp-content\/uploads\/2024\/09\/sogutucu1-640x228.png 640w, https:\/\/ensude.com\/wp-content\/uploads\/2024\/09\/sogutucu1-768x274.png 768w\" sizes=\"auto, (max-width: 974px) 100vw, 974px\"><\/div>\n\t<\/div><\/figure>\n\n<\/div>\n<\/div><\/div><div class=\"bde-columns-1657-121 bde-columns\"><div class=\"bde-column-1657-122 bde-column\">\n  \n\t\n\n\n\n<div class=\"bde-image-1657-125 bde-image\">\n<figure class=\"breakdance-image breakdance-image--1664\">\n\t<div class=\"breakdance-image-container\">\n\t\t<div class=\"breakdance-image-clip\"><img loading=\"lazy\" decoding=\"async\" class=\"breakdance-image-object\" src=\"https:\/\/ensude.com\/wp-content\/uploads\/2024\/09\/sogutucu2.png\" width=\"975\" height=\"347\" srcset=\"https:\/\/ensude.com\/wp-content\/uploads\/2024\/09\/sogutucu2.png 975w, https:\/\/ensude.com\/wp-content\/uploads\/2024\/09\/sogutucu2-640x228.png 640w, https:\/\/ensude.com\/wp-content\/uploads\/2024\/09\/sogutucu2-768x273.png 768w\" sizes=\"auto, (max-width: 975px) 100vw, 975px\"><\/div>\n\t<\/div><\/figure>\n\n<\/div>\n<\/div><\/div><div class=\"bde-columns-1657-126 bde-columns\"><div class=\"bde-column-1657-127 bde-column\">\n  \n\t\n\n\n\n<div class=\"bde-video-1657-129 bde-video\">\n<div class=\"ee-video-container\">\n                                                                        \n                <lite-youtube\n                        videoid=\"2-DgkJ_8Zm0\"\n                                                style=\"background-image: url(https:\/\/i.ytimg.com\/vi\/2-DgkJ_8Zm0\/maxresdefault.jpg); \"\n                        class=\"ee-video\"\n                        title=\"\"\n                        params=\"&playsinline=0&rel=0&enablejsapi=1\"\n                >\n                <\/lite-youtube>\n                    \n        \n            \n    <\/div>\n\n<\/div>\n<\/div><div class=\"bde-column-1657-128 bde-column\">\n  \n\t\n\n\n\n<div class=\"bde-image-1657-130 bde-image\">\n<figure class=\"breakdance-image breakdance-image--1665\">\n\t<div class=\"breakdance-image-container\">\n\t\t<div class=\"breakdance-image-clip\"><img loading=\"lazy\" decoding=\"async\" class=\"breakdance-image-object\" src=\"https:\/\/ensude.com\/wp-content\/uploads\/2024\/09\/sogutucu3.webp\" width=\"413\" height=\"299\" sizes=\"auto, (max-width: 413px) 100vw, 413px\"><\/div>\n\t<\/div><\/figure>\n\n<\/div>\n<\/div><\/div><\/div>\n<\/section><\/div>","protected":false},"excerpt":{"rendered":"<p>Pn\u00f6matik So\u011futucu Nozuller T\u00fcm Metal Par\u00e7alar, Paslanmaz \u00c7elik G\u00f6vde, Sessiz \u2013 70 dBA&#8217;n\u0131n Alt\u0131nda, Testler Frigid-X\u00ae&#8217;in Rakiplerinden Daha Sessiz ve Performansl\u0131 Oldu\u011funu G\u00f6steriyor!Frigid-X\u00ae Tak\u0131m So\u011futma Sistemi, kuru i\u015fleme uygulamalar\u0131n\u0131 iyile\u015ftirmek i\u00e7in ideal bir \u00fcr\u00fcnd\u00fcr.\u00a0Girdap t\u00fcp\u00fcyle \u00e7al\u0131\u015fan bir Tak\u0131m So\u011futucu, a\u011f\u0131rl\u0131kl\u0131 olarak kuru i\u015fleme uygulamalar\u0131nda yer al\u0131r. Sisli so\u011futman\u0131n kullan\u0131ld\u0131\u011f\u0131 ve ya\u011flaman\u0131n gerekli olmad\u0131\u011f\u0131 bir\u00e7ok durumda, [&hellip;]<\/p>\n","protected":false},"author":1,"featured_media":0,"parent":0,"menu_order":0,"comment_status":"closed","ping_status":"closed","template":"","meta":{"_acf_changed":false,"_breakdance_hide_in_design_set":false,"_breakdance_tags":"","footnotes":""},"class_list":["post-1657","page","type-page","status-publish","hentry"],"acf":[],"_links":{"self":[{"href":"https:\/\/ensude.com\/index.php\/wp-json\/wp\/v2\/pages\/1657","targetHints":{"allow":["GET"]}}],"collection":[{"href":"https:\/\/ensude.com\/index.php\/wp-json\/wp\/v2\/pages"}],"about":[{"href":"https:\/\/ensude.com\/index.php\/wp-json\/wp\/v2\/types\/page"}],"author":[{"embeddable":true,"href":"https:\/\/ensude.com\/index.php\/wp-json\/wp\/v2\/users\/1"}],"replies":[{"embeddable":true,"href":"https:\/\/ensude.com\/index.php\/wp-json\/wp\/v2\/comments?post=1657"}],"version-history":[{"count":5,"href":"https:\/\/ensude.com\/index.php\/wp-json\/wp\/v2\/pages\/1657\/revisions"}],"predecessor-version":[{"id":1690,"href":"https:\/\/ensude.com\/index.php\/wp-json\/wp\/v2\/pages\/1657\/revisions\/1690"}],"wp:attachment":[{"href":"https:\/\/ensude.com\/index.php\/wp-json\/wp\/v2\/media?parent=1657"}],"curies":[{"name":"wp","href":"https:\/\/api.w.org\/{rel}","templated":true}]}}