{"id":1642,"date":"2024-09-15T13:14:27","date_gmt":"2024-09-15T13:14:27","guid":{"rendered":"https:\/\/ensude.com\/?page_id=1642"},"modified":"2024-09-15T13:14:27","modified_gmt":"2024-09-15T13:14:27","slug":"guclu-ufleme-yapan-hava-nozulleri","status":"publish","type":"page","link":"https:\/\/ensude.com\/index.php\/guclu-ufleme-yapan-hava-nozulleri\/","title":{"rendered":"G\u00fc\u00e7l\u00fc \u00dcfleme Yapan Hava Nozulleri"},"content":{"rendered":"<div class='breakdance'><section class=\"bde-section-1642-100 bde-section\">\n  \n\t\n\n\n\n<div class=\"section-container\"><h1 class=\"bde-heading-1642-101 bde-heading\">\nBas\u0131n\u00e7l\u0131 Hava i\u00e7in G\u00fc\u00e7l\u00fc ve Efektif \u00dcfleme Nozulleri\n<\/h1><div class=\"bde-columns-1642-102 bde-columns\"><div class=\"bde-column-1642-103 bde-column\">\n  \n\t\n\n\n\n<div class=\"bde-image-1642-104 bde-image\">\n<figure class=\"breakdance-image breakdance-image--1646 breakdance-image--caption-below\">\n\t<div class=\"breakdance-image-container\">\n\t\t<div class=\"breakdance-image-clip\"><img loading=\"lazy\" decoding=\"async\" class=\"breakdance-image-object\" src=\"https:\/\/ensude.com\/wp-content\/uploads\/2024\/09\/nozul1.webp\" width=\"122\" height=\"79\" sizes=\"auto, (max-width: 122px) 100vw, 122px\"><\/div>\n\t<\/div><\/figure>\n\n<\/div>\n<\/div><div class=\"bde-column-1642-105 bde-column\">\n  \n\t\n\n\n\n<div class=\"bde-rich-text-1642-106 bde-rich-text breakdance-rich-text-styles\">\n<p class=\"font_7 wixui-rich-text__text\"><span class=\"wixui-rich-text__text\">Model 47010 son derece g\u00fc\u00e7l\u00fcd\u00fcr ve uzun \u00f6m\u00fcr i\u00e7in tamamen eloksal kaplama i\u015fleminden ge\u00e7mi\u015ftir. Bu noz\u00fcldeki \u00f6zel \"Coanda\" efekti ile uzaktan son derece g\u00fc\u00e7l\u00fc bir kuvvet elde edersiniz. Bu, hava tabancalar\u0131 ve s\u0131v\u0131lar i\u00e7in idealdir. Nozul laminer ak\u0131\u015f olu\u015fturarak g\u00fc\u00e7l\u00fc bir \u00fcfleme olu\u015fturur. Sa\u011f taraftaki resimde nozulun \u00e7al\u0131\u015fma \u015feklini g\u00f6rebilirsiniz.<\/span><\/p>\n<p class=\"font_7 wixui-rich-text__text\"><span class=\"wixui-rich-text__text\">A: Bas\u0131n\u00e7l\u0131 hava giri\u015fi B: Coanda efekti C: Laminer \u00fcfleme etkisi<br \/><\/span><span class=\"wixui-rich-text__text\">Ses seviyesi 80 psig'de (5,6 bar) 3 ft'de (0,91 mm) 78 dBA<\/span><\/p>\n<\/div>\n<\/div><div class=\"bde-column-1642-125 bde-column\">\n  \n\t\n\n\n\n<div class=\"bde-image-1642-127 bde-image\">\n<figure class=\"breakdance-image breakdance-image--1647 breakdance-image--caption-below\">\n\t<div class=\"breakdance-image-container\">\n\t\t<div class=\"breakdance-image-clip\"><img loading=\"lazy\" decoding=\"async\" class=\"breakdance-image-object\" src=\"https:\/\/ensude.com\/wp-content\/uploads\/2024\/09\/nozul2.png\" width=\"296\" height=\"181\" sizes=\"auto, (max-width: 296px) 100vw, 296px\"><\/div>\n\t<\/div><\/figure>\n\n<\/div>\n<\/div><\/div><div class=\"bde-columns-1642-136 bde-columns\"><div class=\"bde-column-1642-137 bde-column\">\n  \n\t\n\n\n\n<div class=\"bde-image-1642-138 bde-image\">\n<figure class=\"breakdance-image breakdance-image--1653 breakdance-image--caption-below\">\n\t<div class=\"breakdance-image-container\">\n\t\t<div class=\"breakdance-image-clip\"><img loading=\"lazy\" decoding=\"async\" class=\"breakdance-image-object\" src=\"https:\/\/ensude.com\/wp-content\/uploads\/2024\/09\/nozul3.png\" width=\"122\" height=\"73\" sizes=\"auto, (max-width: 122px) 100vw, 122px\"><\/div>\n\t<\/div><\/figure>\n\n<\/div>\n<\/div><div class=\"bde-column-1642-139 bde-column\">\n  \n\t\n\n\n\n<div class=\"bde-rich-text-1642-140 bde-rich-text breakdance-rich-text-styles\">\n<p class=\"font_7 wixui-rich-text__text\"><span class=\"wixui-rich-text__text\">Model 47003 (Eloksal Al\u00fcminyum) Model 47003S (303\/304 Paslanmaz \u00c7elik) ve Model 47003S-316L (316L Paslanmaz \u00c7elik) \u00a0Bu nozuller son derece mukavemetli nozullerdir ve hava ak\u0131\u015f\u0131n\u0131n h\u0131zland\u0131r\u0131lmas\u0131 i\u00e7in \u00f6zel tasar\u0131ma sahiptirler. \u00c7al\u0131\u015fma \u015fekli sa\u011fdaki resimde de g\u00f6r\u00fcld\u00fc\u011f\u00fc gibi;<\/span><\/p>\n<p class=\"font_7 wixui-rich-text__text\"><span class=\"wixui-rich-text__text\">A: Bas\u0131n\u00e7l\u0131 hava giri\u015fi B: Ak\u0131\u015f\u0131 artt\u0131ran \u00f6zel tasar\u0131m C: Laminer \u00fcfleme<br \/><\/span><span class=\"wixui-rich-text__text\">Ses seviyesi 80 psig'de (5,6 bar) 3 ft'de (0,91 mm) 77 dBA<\/span><\/p>\n<\/div>\n<\/div><div class=\"bde-column-1642-141 bde-column\">\n  \n\t\n\n\n\n<div class=\"bde-image-1642-142 bde-image\">\n<figure class=\"breakdance-image breakdance-image--1654 breakdance-image--caption-below\">\n\t<div class=\"breakdance-image-container\">\n\t\t<div class=\"breakdance-image-clip\"><img loading=\"lazy\" decoding=\"async\" class=\"breakdance-image-object\" src=\"https:\/\/ensude.com\/wp-content\/uploads\/2024\/09\/nozul4.png\" width=\"283\" height=\"178\" sizes=\"auto, (max-width: 283px) 100vw, 283px\"><\/div>\n\t<\/div><\/figure>\n\n<\/div>\n<\/div><\/div><div class=\"bde-columns-1642-129 bde-columns\"><div class=\"bde-column-1642-130 bde-column\">\n  \n\t\n\n\n\n<div class=\"bde-image-1642-131 bde-image\">\n<figure class=\"breakdance-image breakdance-image--1652 breakdance-image--caption-below\">\n\t<div class=\"breakdance-image-container\">\n\t\t<div class=\"breakdance-image-clip\"><img loading=\"lazy\" decoding=\"async\" class=\"breakdance-image-object\" src=\"https:\/\/ensude.com\/wp-content\/uploads\/2024\/09\/nozul5.webp\" width=\"216\" height=\"163\" sizes=\"auto, (max-width: 216px) 100vw, 216px\"><\/div>\n\t<\/div><\/figure>\n\n<\/div>\n<\/div><div class=\"bde-column-1642-132 bde-column\">\n  \n\t\n\n\n\n<div class=\"bde-rich-text-1642-133 bde-rich-text breakdance-rich-text-styles\">\n<p class=\"font_7 wixui-rich-text__text\"><span class=\"wixui-rich-text__text\">Model 47004AMF - Nex Flow Air Mag'in ilk \u00fcr\u00fcn\u00fcd\u00fcr. \u00d6zel y\u0131ld\u0131z kesimli tasar\u0131m\u0131yla hava y\u00fckseltici nozul ve bilinen en iyi kuvvet \/ hava t\u00fcketimi oran\u0131na sahip patentli bir nozuld\u00fcr. \u00dcfleme uygulamalar\u0131nda daha y\u00fcksek kuvvet gerekti\u011finde idealdir.\u00a0<\/span><span class=\"wixui-rich-text__text\">\u00c7al\u0131\u015fma \u015fekli sa\u011fdaki resimde de g\u00f6r\u00fcld\u00fc\u011f\u00fc gibi;\u00a0<\/span><\/p>\n<p class=\"font_7 wixui-rich-text__text\"><span class=\"wixui-rich-text__text\">A: Bas\u0131n\u00e7l\u0131 hava giri\u015fi B: Giri\u015f havas\u0131na oranla daha y\u00fcksek ve kuvvetli hava \u00e7\u0131k\u0131\u015f\u0131 C: Y\u0131ld\u0131z efekti ile d\u0131\u015far\u0131dan s\u00fcp\u00fcr\u00fclen extra hava ak\u0131\u015f\u0131<br \/><\/span><span class=\"wixui-rich-text__text\">Ses Seviyesi 80 psig'de (5,5 bar) 3 ft'de (0,91 m) 74 dBA<\/span><\/p>\n<\/div>\n<\/div><div class=\"bde-column-1642-134 bde-column\">\n  \n\t\n\n\n\n<div class=\"bde-image-1642-135 bde-image\">\n<figure class=\"breakdance-image breakdance-image--1655 breakdance-image--caption-below\">\n\t<div class=\"breakdance-image-container\">\n\t\t<div class=\"breakdance-image-clip\"><img loading=\"lazy\" decoding=\"async\" class=\"breakdance-image-object\" src=\"https:\/\/ensude.com\/wp-content\/uploads\/2024\/09\/nozul6.png\" width=\"279\" height=\"170\" sizes=\"auto, (max-width: 279px) 100vw, 279px\"><\/div>\n\t<\/div><\/figure>\n\n<\/div>\n<\/div><\/div><div class=\"bde-columns-1642-107 bde-columns\"><div class=\"bde-column-1642-108 bde-column\">\n  \n\t\n\n\n\n<div class=\"bde-image-1642-143 bde-image\">\n<figure class=\"breakdance-image breakdance-image--1650 breakdance-image--caption-below\">\n\t<div class=\"breakdance-image-container\">\n\t\t<div class=\"breakdance-image-clip\"><img loading=\"lazy\" decoding=\"async\" class=\"breakdance-image-object\" src=\"https:\/\/ensude.com\/wp-content\/uploads\/2024\/09\/nozul9.png\" width=\"975\" height=\"455\" srcset=\"https:\/\/ensude.com\/wp-content\/uploads\/2024\/09\/nozul9.png 975w, https:\/\/ensude.com\/wp-content\/uploads\/2024\/09\/nozul9-640x299.png 640w, https:\/\/ensude.com\/wp-content\/uploads\/2024\/09\/nozul9-768x358.png 768w\" sizes=\"auto, (max-width: 975px) 100vw, 975px\"><\/div>\n\t<\/div><\/figure>\n\n<\/div>\n<\/div><\/div><div class=\"bde-video-1642-145 bde-video\">\n<div class=\"ee-video-container\">\n                                                                        \n                <lite-youtube\n                        videoid=\"eBZ8AdbZtHo\"\n                                                style=\"background-image: url(https:\/\/i.ytimg.com\/vi\/eBZ8AdbZtHo\/maxresdefault.jpg); \"\n                        class=\"ee-video\"\n                        title=\"\"\n                        params=\"&playsinline=0&rel=0&enablejsapi=1\"\n                >\n                <\/lite-youtube>\n                    \n        \n            \n    <\/div>\n\n<\/div><\/div>\n<\/section><\/div>","protected":false},"excerpt":{"rendered":"<p>Bas\u0131n\u00e7l\u0131 Hava i\u00e7in G\u00fc\u00e7l\u00fc ve Efektif \u00dcfleme Nozulleri Model 47010 son derece g\u00fc\u00e7l\u00fcd\u00fcr ve uzun \u00f6m\u00fcr i\u00e7in tamamen eloksal kaplama i\u015fleminden ge\u00e7mi\u015ftir. Bu noz\u00fcldeki \u00f6zel &#8220;Coanda&#8221; efekti ile uzaktan son derece g\u00fc\u00e7l\u00fc bir kuvvet elde edersiniz. Bu, hava tabancalar\u0131 ve s\u0131v\u0131lar i\u00e7in idealdir. Nozul laminer ak\u0131\u015f olu\u015fturarak g\u00fc\u00e7l\u00fc bir \u00fcfleme olu\u015fturur. Sa\u011f taraftaki resimde nozulun [&hellip;]<\/p>\n","protected":false},"author":1,"featured_media":0,"parent":0,"menu_order":0,"comment_status":"closed","ping_status":"closed","template":"","meta":{"_acf_changed":false,"_breakdance_hide_in_design_set":false,"_breakdance_tags":"","footnotes":""},"class_list":["post-1642","page","type-page","status-publish","hentry"],"acf":[],"_links":{"self":[{"href":"https:\/\/ensude.com\/index.php\/wp-json\/wp\/v2\/pages\/1642","targetHints":{"allow":["GET"]}}],"collection":[{"href":"https:\/\/ensude.com\/index.php\/wp-json\/wp\/v2\/pages"}],"about":[{"href":"https:\/\/ensude.com\/index.php\/wp-json\/wp\/v2\/types\/page"}],"author":[{"embeddable":true,"href":"https:\/\/ensude.com\/index.php\/wp-json\/wp\/v2\/users\/1"}],"replies":[{"embeddable":true,"href":"https:\/\/ensude.com\/index.php\/wp-json\/wp\/v2\/comments?post=1642"}],"version-history":[{"count":4,"href":"https:\/\/ensude.com\/index.php\/wp-json\/wp\/v2\/pages\/1642\/revisions"}],"predecessor-version":[{"id":1656,"href":"https:\/\/ensude.com\/index.php\/wp-json\/wp\/v2\/pages\/1642\/revisions\/1656"}],"wp:attachment":[{"href":"https:\/\/ensude.com\/index.php\/wp-json\/wp\/v2\/media?parent=1642"}],"curies":[{"name":"wp","href":"https:\/\/api.w.org\/{rel}","templated":true}]}}