{"id":1624,"date":"2024-09-15T13:14:29","date_gmt":"2024-09-15T13:14:29","guid":{"rendered":"https:\/\/ensude.com\/?page_id=1624"},"modified":"2025-03-23T20:34:30","modified_gmt":"2025-03-23T20:34:30","slug":"guclu-ve-tasarruflu-hava-tabancalari","status":"publish","type":"page","link":"https:\/\/ensude.com\/index.php\/guclu-ve-tasarruflu-hava-tabancalari\/","title":{"rendered":"G\u00fc\u00e7l\u00fc ve Tasarruflu Hava Tabancalar\u0131"},"content":{"rendered":"<div class='breakdance'><section class=\"bde-section-1624-100 bde-section\">\n  \n\t\n\n\n\n<div class=\"section-container\"><h1 class=\"bde-heading-1624-101 bde-heading\">\nG\u00fcvenli ve G\u00fc\u00e7l\u00fc Bas\u0131n\u00e7l\u0131 Hava Tabancalar\u0131\n<\/h1><div class=\"bde-rich-text-1624-102 bde-rich-text breakdance-rich-text-styles\">\n<p class=\"font_8 wixui-rich-text__text\"><span class=\"wixui-rich-text__text\">G\u00fcvenli Hava Tabancalar\u0131, y\u00fcksek verimli hava ve \u201claminer\u201d ak\u0131\u015f olu\u015fturarak, s\u0131k\u0131\u015ft\u0131r\u0131lm\u0131\u015f hava kullan\u0131m\u0131n\u0131 ve g\u00fcr\u00fclt\u00fcy\u00fc en aza indirgemek i\u00e7in verimli hava p\u00fcsk\u00fcrtme u\u00e7lar\u0131yla birlikte emniyetli ve ergonomik tasar\u0131mlar\u0131yla rahat kullan\u0131ml\u0131d\u0131r.\u00a0Kullan\u0131m amac\u0131n\u0131za uygun olan\u0131n\u0131 se\u00e7ebilmeniz i\u00e7in hava tabancas\u0131 modellerimizi inceleyebilirsiniz. Bu konuda bir \u00e7ok yenilik\u00e7i modellerimiz ve ergonomik yap\u0131s\u0131yla her amaca uygun modellerimiz mevcuttur.<\/span><\/p>\n<p class=\"font_8 wixui-rich-text__text\"><span class=\"wixui-rich-text__text\"><span class=\"wixGuard wixui-rich-text__text\">\u200b<\/span><\/span><span class=\"wixui-rich-text__text\">B\u00fct\u00fcn hava tabancalar\u0131 modellerimiz ses seviyesini \u00f6nemli \u00f6l\u00e7\u00fcde d\u00fc\u015f\u00fcrerek, d\u00fc\u015f\u00fck enerji kullan\u0131m\u0131 sa\u011flamaktad\u0131r. B\u00f6ylelikle y\u00fcksek enerji tasarrufu yaparak kendini k\u0131sa s\u00fcrede amorti edebilmektedirler.<\/span><\/p>\n<p class=\"font_8 wixui-rich-text__text\"><span class=\"wixui-rich-text__text\"><span class=\"wixGuard wixui-rich-text__text\">\u200b<\/span><\/span><span class=\"wixui-rich-text__text\">Hava ak\u0131m\u0131n\u0131 y\u00fckselten nozullar\u0131m\u0131z sayesinde t\u00fcketilen bas\u0131n\u00e7l\u0131 havan\u0131n 25 kat\u0131 kadar hava ak\u0131m\u0131 sa\u011flayabilirsiniz. <\/span><span class=\"wixui-rich-text__text\">\u00dcr\u00fcn \u00e7e\u015fitlerimiz, do\u011fru nozul se\u00e7imiyle bir\u00e7ok sanayi uygulamas\u0131na \u00e7\u00f6z\u00fcm \u00fcretebilir.<\/span><\/p>\n<p class=\"font_8 wixui-rich-text__text\"><span class=\"wixui-rich-text__text\"><span class=\"wixGuard wixui-rich-text__text\">\u200b<\/span><\/span><span class=\"wixui-rich-text__text\">Daha detayl\u0131 veriler i\u00e7in teknik d\u00f6k\u00fcman\u0131 inceleyebilir veya bizlere ula\u015fabilirsiniz. Ayr\u0131ca mevcut kulland\u0131\u011f\u0131n\u0131z modellerle k\u0131yaslama i\u00e7in \u00f6l\u00e7\u00fcm deste\u011fimizi kullanabilir ve ne kadar tasarruf yapabilece\u011finizi raporlayabiliriz.<\/span><\/p>\n<\/div><div class=\"bde-columns-1624-104 bde-columns\"><div class=\"bde-column-1624-105 bde-column\">\n  \n\t\n\n\n\n<div class=\"bde-icon-1624-106 bde-icon\">\n\n    \n                    \n            \n            \n\n    \n    \n    \n    \n    \n    <a class=\"breakdance-link bde-icon-icon breakdance-icon-atom\" href=\"https:\/\/ensude.com\/wp-content\/uploads\/2024\/07\/Hava-tabancalari-Sunumu.pdf\" target=\"_blank\" data-type=\"url\"  >\n\n    \n                    <svg xmlns=\"http:\/\/www.w3.org\/2000\/svg\" viewBox=\"0 0 512 512\"><!--! Font Awesome Free 6.5.1 by @fontawesome - https:\/\/fontawesome.com License - https:\/\/fontawesome.com\/license\/free (Icons: CC BY 4.0, Fonts: SIL OFL 1.1, Code: MIT License) Copyright 2023 Fonticons, Inc. --><path d=\"M64 464l48 0 0 48-48 0c-35.3 0-64-28.7-64-64L0 64C0 28.7 28.7 0 64 0L229.5 0c17 0 33.3 6.7 45.3 18.7l90.5 90.5c12 12 18.7 28.3 18.7 45.3L384 304l-48 0 0-144-80 0c-17.7 0-32-14.3-32-32l0-80L64 48c-8.8 0-16 7.2-16 16l0 384c0 8.8 7.2 16 16 16zM176 352l32 0c30.9 0 56 25.1 56 56s-25.1 56-56 56l-16 0 0 32c0 8.8-7.2 16-16 16s-16-7.2-16-16l0-48 0-80c0-8.8 7.2-16 16-16zm32 80c13.3 0 24-10.7 24-24s-10.7-24-24-24l-16 0 0 48 16 0zm96-80l32 0c26.5 0 48 21.5 48 48l0 64c0 26.5-21.5 48-48 48l-32 0c-8.8 0-16-7.2-16-16l0-128c0-8.8 7.2-16 16-16zm32 128c8.8 0 16-7.2 16-16l0-64c0-8.8-7.2-16-16-16l-16 0 0 96 16 0zm80-112c0-8.8 7.2-16 16-16l48 0c8.8 0 16 7.2 16 16s-7.2 16-16 16l-32 0 0 32 32 0c8.8 0 16 7.2 16 16s-7.2 16-16 16l-32 0 0 48c0 8.8-7.2 16-16 16s-16-7.2-16-16l0-64 0-64z\"\/><\/svg>\n        \n        \n        \n                <\/a>\n\n    \n\n\n<\/div><a class=\"bde-text-link-1624-107 bde-text-link breakdance-link\" href=\"https:\/\/ensude.com\/wp-content\/uploads\/2024\/07\/Hava-tabancalari-Sunumu.pdf\" target=\"_blank\" data-type=\"url\">\n  Hava Tabancalar\u0131\n\n<\/a>\n<\/div><\/div><div class=\"bde-text-1624-169 bde-text\">\nMetal G\u00f6vdeli G\u00fc\u00e7l\u00fc ve Sa\u011flam Hava Tabancalar\u0131\n<\/div><div class=\"bde-columns-1624-115 bde-columns\"><div class=\"bde-column-1624-141 bde-column\">\n  \n\t\n\n\n\n<div class=\"bde-image-1624-142 bde-image\">\n<figure class=\"breakdance-image breakdance-image--1629\">\n\t<div class=\"breakdance-image-container\">\n\t\t<div class=\"breakdance-image-clip\"><img loading=\"lazy\" decoding=\"async\" class=\"breakdance-image-object\" src=\"https:\/\/ensude.com\/wp-content\/uploads\/2024\/09\/tabanca1.png\" width=\"147\" height=\"192\" sizes=\"auto, (max-width: 147px) 100vw, 147px\"><\/div>\n\t<\/div><\/figure>\n\n<\/div>\n<\/div><div class=\"bde-column-1624-117 bde-column\">\n  \n\t\n\n\n\n<div class=\"bde-image-1624-130 bde-image\">\n<figure class=\"breakdance-image breakdance-image--1630\">\n\t<div class=\"breakdance-image-container\">\n\t\t<div class=\"breakdance-image-clip\"><img loading=\"lazy\" decoding=\"async\" class=\"breakdance-image-object\" src=\"https:\/\/ensude.com\/wp-content\/uploads\/2024\/09\/tabanca2.png\" width=\"193\" height=\"202\" sizes=\"auto, (max-width: 193px) 100vw, 193px\"><\/div>\n\t<\/div><\/figure>\n\n<\/div>\n<\/div><div class=\"bde-column-1624-118 bde-column\">\n  \n\t\n\n\n\n<div class=\"bde-image-1624-131 bde-image\">\n<figure class=\"breakdance-image breakdance-image--1631\">\n\t<div class=\"breakdance-image-container\">\n\t\t<div class=\"breakdance-image-clip\"><img loading=\"lazy\" decoding=\"async\" class=\"breakdance-image-object\" src=\"https:\/\/ensude.com\/wp-content\/uploads\/2024\/09\/tabanca3.png\" width=\"96\" height=\"170\" sizes=\"auto, (max-width: 96px) 100vw, 96px\"><\/div>\n\t<\/div><\/figure>\n\n<\/div>\n<\/div><div class=\"bde-column-1624-119 bde-column\">\n  \n\t\n\n\n\n<div class=\"bde-image-1624-132 bde-image\">\n<figure class=\"breakdance-image breakdance-image--1632\">\n\t<div class=\"breakdance-image-container\">\n\t\t<div class=\"breakdance-image-clip\"><img loading=\"lazy\" decoding=\"async\" class=\"breakdance-image-object\" src=\"https:\/\/ensude.com\/wp-content\/uploads\/2024\/09\/tabanca4.png\" width=\"201\" height=\"204\" sizes=\"auto, (max-width: 201px) 100vw, 201px\"><\/div>\n\t<\/div><\/figure>\n\n<\/div>\n<\/div><\/div><div class=\"bde-columns-1624-144 bde-columns\"><div class=\"bde-column-1624-145 bde-column\">\n  \n\t\n\n\n\n<a class=\"bde-text-link-1624-147 bde-text-link breakdance-link\" href=\"#\" target=\"_self\">\n  \u00d6zel Nozullu Sistem\n\n<\/a>\n<\/div><div class=\"bde-column-1624-151 bde-column\">\n  \n\t\n\n\n\n<a class=\"bde-text-link-1624-153 bde-text-link breakdance-link\" href=\"#\" target=\"_self\">\n  Uzatma Nozullu Sistem\n\n<\/a>\n<\/div><div class=\"bde-column-1624-154 bde-column\">\n  \n\t\n\n\n\n<a class=\"bde-text-link-1624-158 bde-text-link breakdance-link\" href=\"#\" target=\"_self\">\n  \u00dcstten Tetikli Model\n\n<\/a>\n<\/div><div class=\"bde-column-1624-156 bde-column\">\n  \n\t\n\n\n\n<a class=\"bde-text-link-1624-159 bde-text-link breakdance-link\" href=\"#\" target=\"_self\">\n  Kolay Kullan\u0131m Tasar\u0131ml\u0131\n\n<\/a>\n<\/div><\/div><div class=\"bde-columns-1624-120 bde-columns\"><div class=\"bde-column-1624-121 bde-column\">\n  \n\t\n\n\n\n<div class=\"bde-image-1624-133 bde-image\">\n<figure class=\"breakdance-image breakdance-image--1633\">\n\t<div class=\"breakdance-image-container\">\n\t\t<div class=\"breakdance-image-clip\"><img loading=\"lazy\" decoding=\"async\" class=\"breakdance-image-object\" src=\"https:\/\/ensude.com\/wp-content\/uploads\/2024\/09\/tabanca5.png\" width=\"153\" height=\"192\" sizes=\"auto, (max-width: 153px) 100vw, 153px\"><\/div>\n\t<\/div><\/figure>\n\n<\/div>\n<\/div><div class=\"bde-column-1624-122 bde-column\">\n  \n\t\n\n\n\n<div class=\"bde-image-1624-134 bde-image\">\n<figure class=\"breakdance-image breakdance-image--1634\">\n\t<div class=\"breakdance-image-container\">\n\t\t<div class=\"breakdance-image-clip\"><img loading=\"lazy\" decoding=\"async\" class=\"breakdance-image-object\" src=\"https:\/\/ensude.com\/wp-content\/uploads\/2024\/09\/tabanca6.png\" width=\"196\" height=\"202\" sizes=\"auto, (max-width: 196px) 100vw, 196px\"><\/div>\n\t<\/div><\/figure>\n\n<\/div>\n<\/div><div class=\"bde-column-1624-123 bde-column\">\n  \n\t\n\n\n\n<div class=\"bde-image-1624-136 bde-image\">\n<figure class=\"breakdance-image breakdance-image--1635\">\n\t<div class=\"breakdance-image-container\">\n\t\t<div class=\"breakdance-image-clip\"><img loading=\"lazy\" decoding=\"async\" class=\"breakdance-image-object\" src=\"https:\/\/ensude.com\/wp-content\/uploads\/2024\/09\/tabanca7.png\" width=\"114\" height=\"192\" sizes=\"auto, (max-width: 114px) 100vw, 114px\"><\/div>\n\t<\/div><\/figure>\n\n<\/div>\n<\/div><div class=\"bde-column-1624-124 bde-column\">\n  \n\t\n\n\n\n<div class=\"bde-image-1624-137 bde-image\">\n<figure class=\"breakdance-image breakdance-image--1636\">\n\t<div class=\"breakdance-image-container\">\n\t\t<div class=\"breakdance-image-clip\"><img loading=\"lazy\" decoding=\"async\" class=\"breakdance-image-object\" src=\"https:\/\/ensude.com\/wp-content\/uploads\/2024\/09\/tabanca8.png\" width=\"152\" height=\"202\" sizes=\"auto, (max-width: 152px) 100vw, 152px\"><\/div>\n\t<\/div><\/figure>\n\n<\/div>\n<\/div><\/div><div class=\"bde-columns-1624-160 bde-columns\"><div class=\"bde-column-1624-161 bde-column\">\n  \n\t\n\n\n\n<a class=\"bde-text-link-1624-162 bde-text-link breakdance-link\" href=\"#\" target=\"_self\">\n  Plastik G\u00f6vdeli Ekonomik Model\n\n<\/a>\n<\/div><div class=\"bde-column-1624-163 bde-column\">\n  \n\t\n\n\n\n<a class=\"bde-text-link-1624-164 bde-text-link breakdance-link\" href=\"#\" target=\"_self\">\n  Plastik G\u00f6vdeli Ekonomik Model 2\n\n<\/a>\n<\/div><div class=\"bde-column-1624-165 bde-column\">\n  \n\t\n\n\n\n<a class=\"bde-text-link-1624-166 bde-text-link breakdance-link\" href=\"#\" target=\"_self\">\n  Reg\u00fclat\u00f6rl\u00fc Model<br>(Her ko\u015fulda 2,5 bar \u00fcfleme yapar)\n\n<\/a>\n<\/div><div class=\"bde-column-1624-167 bde-column\">\n  \n\t\n\n\n\n<a class=\"bde-text-link-1624-168 bde-text-link breakdance-link\" href=\"#\" target=\"_self\">\n  Hazneli K\u00f6r Delik Tabancas\u0131\n\n<\/a>\n<\/div><\/div><div class=\"bde-columns-1624-125 bde-columns\"><div class=\"bde-column-1624-126 bde-column\">\n  \n\t\n\n\n\n<div class=\"bde-image-1624-135 bde-image\">\n<figure class=\"breakdance-image breakdance-image--1637\">\n\t<div class=\"breakdance-image-container\">\n\t\t<div class=\"breakdance-image-clip\"><img loading=\"lazy\" decoding=\"async\" class=\"breakdance-image-object\" src=\"https:\/\/ensude.com\/wp-content\/uploads\/2024\/09\/tabanca9.png\" width=\"386\" height=\"313\" sizes=\"auto, (max-width: 386px) 100vw, 386px\"><\/div>\n\t<\/div><\/figure>\n\n<\/div>\n<\/div><div class=\"bde-column-1624-127 bde-column\">\n  \n\t\n\n\n\n<div class=\"bde-image-1624-138 bde-image\">\n<figure class=\"breakdance-image breakdance-image--1638\">\n\t<div class=\"breakdance-image-container\">\n\t\t<div class=\"breakdance-image-clip\"><img loading=\"lazy\" decoding=\"async\" class=\"breakdance-image-object\" src=\"https:\/\/ensude.com\/wp-content\/uploads\/2024\/09\/tabanca10.png\" width=\"384\" height=\"374\" sizes=\"auto, (max-width: 384px) 100vw, 384px\"><\/div>\n\t<\/div><\/figure>\n\n<\/div>\n<\/div><\/div><div class=\"bde-text-1624-170 bde-text\">\nVakum Tabancas\u0131 Videosu\n<\/div><div class=\"bde-video-1624-128 bde-video\">\n<div class=\"ee-video-container\">\n                                                                        \n                <lite-youtube\n                        videoid=\"E-NUMPKBNuU\"\n                                                style=\"background-image: url(https:\/\/i.ytimg.com\/vi\/E-NUMPKBNuU\/maxresdefault.jpg); \"\n                        class=\"ee-video\"\n                        title=\"\"\n                        params=\"&playsinline=0&rel=0&enablejsapi=1\"\n                >\n                <\/lite-youtube>\n                    \n        \n            \n    <\/div>\n\n<\/div><\/div>\n<\/section><\/div>","protected":false},"excerpt":{"rendered":"<p>G\u00fcvenli ve G\u00fc\u00e7l\u00fc Bas\u0131n\u00e7l\u0131 Hava Tabancalar\u0131 G\u00fcvenli Hava Tabancalar\u0131, y\u00fcksek verimli hava ve \u201claminer\u201d ak\u0131\u015f olu\u015fturarak, s\u0131k\u0131\u015ft\u0131r\u0131lm\u0131\u015f hava kullan\u0131m\u0131n\u0131 ve g\u00fcr\u00fclt\u00fcy\u00fc en aza indirgemek i\u00e7in verimli hava p\u00fcsk\u00fcrtme u\u00e7lar\u0131yla birlikte emniyetli ve ergonomik tasar\u0131mlar\u0131yla rahat kullan\u0131ml\u0131d\u0131r.\u00a0Kullan\u0131m amac\u0131n\u0131za uygun olan\u0131n\u0131 se\u00e7ebilmeniz i\u00e7in hava tabancas\u0131 modellerimizi inceleyebilirsiniz. Bu konuda bir \u00e7ok yenilik\u00e7i modellerimiz ve ergonomik yap\u0131s\u0131yla her [&hellip;]<\/p>\n","protected":false},"author":1,"featured_media":0,"parent":0,"menu_order":0,"comment_status":"closed","ping_status":"closed","template":"","meta":{"_acf_changed":false,"_breakdance_hide_in_design_set":false,"_breakdance_tags":"","footnotes":""},"class_list":["post-1624","page","type-page","status-publish","hentry"],"acf":[],"_links":{"self":[{"href":"https:\/\/ensude.com\/index.php\/wp-json\/wp\/v2\/pages\/1624","targetHints":{"allow":["GET"]}}],"collection":[{"href":"https:\/\/ensude.com\/index.php\/wp-json\/wp\/v2\/pages"}],"about":[{"href":"https:\/\/ensude.com\/index.php\/wp-json\/wp\/v2\/types\/page"}],"author":[{"embeddable":true,"href":"https:\/\/ensude.com\/index.php\/wp-json\/wp\/v2\/users\/1"}],"replies":[{"embeddable":true,"href":"https:\/\/ensude.com\/index.php\/wp-json\/wp\/v2\/comments?post=1624"}],"version-history":[{"count":7,"href":"https:\/\/ensude.com\/index.php\/wp-json\/wp\/v2\/pages\/1624\/revisions"}],"predecessor-version":[{"id":3220,"href":"https:\/\/ensude.com\/index.php\/wp-json\/wp\/v2\/pages\/1624\/revisions\/3220"}],"wp:attachment":[{"href":"https:\/\/ensude.com\/index.php\/wp-json\/wp\/v2\/media?parent=1624"}],"curies":[{"name":"wp","href":"https:\/\/api.w.org\/{rel}","templated":true}]}}