{"id":1614,"date":"2024-09-15T13:22:14","date_gmt":"2024-09-15T13:22:14","guid":{"rendered":"https:\/\/ensude.com\/?page_id=1614"},"modified":"2025-03-23T20:31:31","modified_gmt":"2025-03-23T20:31:31","slug":"pnomatik-varil-bosaltma-doldurma","status":"publish","type":"page","link":"https:\/\/ensude.com\/index.php\/pnomatik-varil-bosaltma-doldurma\/","title":{"rendered":"Pn\u00f6matik Varil Bo\u015faltma-Doldurma"},"content":{"rendered":"<div class='breakdance'><section class=\"bde-section-1614-100 bde-section\">\n  \n\t\n\n\n\n<div class=\"section-container\"><h1 class=\"bde-heading-1614-101 bde-heading\">\nPn\u00f6matik Varil Pompas\u0131 (Doldurma ve Bo\u015faltma Yapar)\n<\/h1><div class=\"bde-columns-1614-102 bde-columns\"><div class=\"bde-column-1614-103 bde-column\">\n  \n\t\n\n\n\n<div class=\"bde-image-1614-104 bde-image\">\n<figure class=\"breakdance-image breakdance-image--1621 breakdance-image--caption-below\">\n\t<div class=\"breakdance-image-container\">\n\t\t<div class=\"breakdance-image-clip\"><img loading=\"lazy\" decoding=\"async\" class=\"breakdance-image-object\" src=\"https:\/\/ensude.com\/wp-content\/uploads\/2024\/09\/varil1.png\" width=\"209\" height=\"138\" sizes=\"auto, (max-width: 209px) 100vw, 209px\"><\/div>\n\t<\/div><\/figure>\n\n<\/div>\n<\/div><div class=\"bde-column-1614-105 bde-column\">\n  \n\t\n\n\n\n<div class=\"bde-rich-text-1614-106 bde-rich-text breakdance-rich-text-styles\">\n<div id=\"comp-jwi7robh\" class=\"HcOXKn SxM0TO QxJLC3 lq2cno comp-jwi7robh wixui-rich-text\" data-testid=\"richTextElement\">\n<p class=\"font_8 wixui-rich-text__text\"><span class=\"wixui-rich-text__text\">316L Paslanmaz \u00e7elikten \u00fcretilmi\u015ftir: Yaln\u0131zca bas\u0131n\u00e7l\u0131 havayla \u00e7al\u0131\u015fan, paslanmaz \u00e7elikten \u00fcretilen ve hi\u00e7 bak\u0131m gerektirmeyen varil pompalar\u0131yla yere d\u00f6k\u00fclm\u00fc\u015f s\u0131v\u0131lar\u0131, at\u0131k su ve s\u0131v\u0131lar\u0131, metal i\u015fleme ya\u011flar\u0131n\u0131, \u00e7amurlu sular\u0131 vakumlayabilirsiniz. Bas\u0131n\u00e7l\u0131 hava kolayca varilin kapal\u0131 a\u011fz\u0131na monte edilir. Tek bir hareketle emme ya da basma i\u015flemini 2 dakikan\u0131n alt\u0131nda ger\u00e7ekle\u015ftirebilirsiniz. Elektrik enerjisi kullanmayan bu sistem, zorlu end\u00fcstriyel ortamlarda h\u0131zla y\u0131pranan bir\u00e7ok elektrik \u00fcnitesinin aksine, olduk\u00e7a uzun \u00f6m\u00fcrl\u00fcd\u00fcr.<\/span><\/p>\n<p class=\"font_8 wixui-rich-text__text\"><span class=\"wixui-rich-text__text\">Detayl\u0131 bilgiler i\u00e7in a\u015fa\u011f\u0131daki pdf dosyas\u0131n\u0131 inceleyebilir veya bize ula\u015fabilirsiniz.<\/span><\/p>\n<\/div>\n<\/div>\n<\/div><\/div><div class=\"bde-columns-1614-112 bde-columns\"><div class=\"bde-column-1614-113 bde-column\">\n  \n\t\n\n\n\n<div class=\"bde-icon-1614-114 bde-icon\">\n\n    \n                    \n            \n            \n\n    \n    \n    \n    \n    \n    <a class=\"breakdance-link bde-icon-icon breakdance-icon-atom\" href=\"https:\/\/ensude.com\/wp-content\/uploads\/2024\/07\/Varil-Pompasi_Dokuman_TR.pdf\" target=\"_blank\" data-type=\"url\"  >\n\n    \n                    <svg xmlns=\"http:\/\/www.w3.org\/2000\/svg\" viewBox=\"0 0 512 512\"><!--! Font Awesome Free 6.5.1 by @fontawesome - https:\/\/fontawesome.com License - https:\/\/fontawesome.com\/license\/free (Icons: CC BY 4.0, Fonts: SIL OFL 1.1, Code: MIT License) Copyright 2023 Fonticons, Inc. --><path d=\"M64 464l48 0 0 48-48 0c-35.3 0-64-28.7-64-64L0 64C0 28.7 28.7 0 64 0L229.5 0c17 0 33.3 6.7 45.3 18.7l90.5 90.5c12 12 18.7 28.3 18.7 45.3L384 304l-48 0 0-144-80 0c-17.7 0-32-14.3-32-32l0-80L64 48c-8.8 0-16 7.2-16 16l0 384c0 8.8 7.2 16 16 16zM176 352l32 0c30.9 0 56 25.1 56 56s-25.1 56-56 56l-16 0 0 32c0 8.8-7.2 16-16 16s-16-7.2-16-16l0-48 0-80c0-8.8 7.2-16 16-16zm32 80c13.3 0 24-10.7 24-24s-10.7-24-24-24l-16 0 0 48 16 0zm96-80l32 0c26.5 0 48 21.5 48 48l0 64c0 26.5-21.5 48-48 48l-32 0c-8.8 0-16-7.2-16-16l0-128c0-8.8 7.2-16 16-16zm32 128c8.8 0 16-7.2 16-16l0-64c0-8.8-7.2-16-16-16l-16 0 0 96 16 0zm80-112c0-8.8 7.2-16 16-16l48 0c8.8 0 16 7.2 16 16s-7.2 16-16 16l-32 0 0 32 32 0c8.8 0 16 7.2 16 16s-7.2 16-16 16l-32 0 0 48c0 8.8-7.2 16-16 16s-16-7.2-16-16l0-64 0-64z\"\/><\/svg>\n        \n        \n        \n                <\/a>\n\n    \n\n\n<\/div><a class=\"bde-text-link-1614-115 bde-text-link breakdance-link\" href=\"https:\/\/ensude.com\/wp-content\/uploads\/2024\/07\/Varil-Pompasi_Dokuman_TR.pdf\" target=\"_blank\" data-type=\"url\">\n  Pn\u00f6matik Varil Pompas\u0131 Bro\u015f\u00fcr\n\n<\/a>\n<\/div><\/div><div class=\"bde-columns-1614-122 bde-columns\"><div class=\"bde-column-1614-123 bde-column\">\n  \n\t\n\n\n\n<div class=\"bde-image-1614-124 bde-image\">\n<figure class=\"breakdance-image breakdance-image--1622 breakdance-image--caption-below\">\n\t<div class=\"breakdance-image-container\">\n\t\t<div class=\"breakdance-image-clip\"><img loading=\"lazy\" decoding=\"async\" class=\"breakdance-image-object\" src=\"https:\/\/ensude.com\/wp-content\/uploads\/2024\/09\/varil2.png\" width=\"230\" height=\"230\" srcset=\"https:\/\/ensude.com\/wp-content\/uploads\/2024\/09\/varil2.png 230w, https:\/\/ensude.com\/wp-content\/uploads\/2024\/09\/varil2-160x160.png 160w\" sizes=\"auto, (max-width: 230px) 100vw, 230px\"><\/div>\n\t<\/div><\/figure>\n\n<\/div>\n<\/div><div class=\"bde-column-1614-125 bde-column\">\n  \n\t\n\n\n\n<div class=\"bde-rich-text-1614-126 bde-rich-text breakdance-rich-text-styles\">\n<div id=\"comp-jwi7robh\" class=\"HcOXKn SxM0TO QxJLC3 lq2cno comp-jwi7robh wixui-rich-text\" data-testid=\"richTextElement\">\n<p class=\"font_2 wixui-rich-text__text\"><strong><span class=\"wixui-rich-text__text\">205 Litrelik (55 galon) bidonu yaln\u0131zca 90 saniyede doldurun ya da bo\u015falt\u0131n. Tahliye i\u015flemini tersine \u00e7evirerek bidonlar\u0131 bo\u015faltabilir ve doldurabilirsiniz.<\/span><\/strong><\/p>\n<ul>\n<li class=\"font_8 wixui-rich-text__text\"><span class=\"wixui-rich-text__text\">Hareketli par\u00e7a bulunmaz.<\/span><\/li>\n<li class=\"font_8 wixui-rich-text__text\"><span class=\"wixui-rich-text__text\">Elektrikle \u00e7al\u0131\u015fmaz.<\/span><\/li>\n<li class=\"font_8 wixui-rich-text__text\"><span class=\"wixui-rich-text__text\">Paslanmaz \u00e7elik g\u00f6vdeye sahiptir.<\/span><\/li>\n<li class=\"font_8 wixui-rich-text__text\"><span class=\"wixui-rich-text__text\">\u00dczerinde bas\u0131n\u00e7 ve vakum tahliye sistemi bulunur.<\/span><\/li>\n<li class=\"font_8 wixui-rich-text__text\"><span class=\"wixui-rich-text__text\">Kompakt ve ta\u015f\u0131nabilir tasar\u0131m\u0131yla kolay monte edilir.<\/span><\/li>\n<li class=\"font_8 wixui-rich-text__text\"><span class=\"wixui-rich-text__text\">Otomatik ak\u0131\u015f kesme \u00f6zelli\u011fi sayesinde ta\u015fma olmaz.<\/span><\/li>\n<li class=\"font_8 wixui-rich-text__text\"><span class=\"wixui-rich-text__text\">Standart kapal\u0131 bidon kapaklar\u0131na uygundur.<\/span><\/li>\n<li class=\"font_8 wixui-rich-text__text\"><span class=\"wixui-rich-text__text\">Yere d\u00f6k\u00fclen s\u0131v\u0131lar i\u00e7in geli\u015ftirilen toplama aksesuarlar\u0131 bulunur.<\/span><\/li>\n<li class=\"font_8 wixui-rich-text__text\"><span class=\"wixui-rich-text__text\">Bak\u0131m gerektirmez, uzun \u00f6m\u00fcrl\u00fcd\u00fcr.<\/span><\/li>\n<li class=\"font_8 wixui-rich-text__text\"><span class=\"wixui-rich-text__text\">Rakip e\u015f de\u011fer \u00fcr\u00fcnlerden farkl\u0131 olarak ba\u015fl\u0131klar\u0131 ile birlikte set olarak verilir. Ek maliyeti yoktur.<\/span><\/li>\n<\/ul>\n<\/div>\n<\/div>\n<\/div><\/div><div class=\"bde-columns-1614-128 bde-columns\"><div class=\"bde-column-1614-129 bde-column\">\n  \n\t\n\n\n\n<div class=\"bde-image-1614-131 bde-image\">\n<figure class=\"breakdance-image breakdance-image--1619\">\n\t<div class=\"breakdance-image-container\">\n\t\t<div class=\"breakdance-image-clip\"><img loading=\"lazy\" decoding=\"async\" class=\"breakdance-image-object\" src=\"https:\/\/ensude.com\/wp-content\/uploads\/2024\/09\/varil_.png\" width=\"975\" height=\"279\" srcset=\"https:\/\/ensude.com\/wp-content\/uploads\/2024\/09\/varil_.png 975w, https:\/\/ensude.com\/wp-content\/uploads\/2024\/09\/varil_-640x183.png 640w, https:\/\/ensude.com\/wp-content\/uploads\/2024\/09\/varil_-768x220.png 768w\" sizes=\"auto, (max-width: 975px) 100vw, 975px\"><\/div>\n\t<\/div><\/figure>\n\n<\/div>\n<\/div><\/div><div class=\"bde-text-1614-137 bde-text\">\n\u00dcr\u00fcn\u00fcn \u00c7al\u0131\u015fma Videosu;\n<\/div><div class=\"bde-video-1614-136 bde-video\">\n<div class=\"ee-video-container\">\n                                                                        \n                <lite-youtube\n                        videoid=\"cDaSq5b5py0\"\n                                                style=\"background-image: url(https:\/\/i.ytimg.com\/vi\/cDaSq5b5py0\/maxresdefault.jpg); \"\n                        class=\"ee-video\"\n                        title=\"\"\n                        params=\"&playsinline=0&rel=0&enablejsapi=1\"\n                >\n                <\/lite-youtube>\n                    \n        \n            \n    <\/div>\n\n<\/div><\/div>\n<\/section><\/div>","protected":false},"excerpt":{"rendered":"<p>Pn\u00f6matik Varil Pompas\u0131 (Doldurma ve Bo\u015faltma Yapar) 316L Paslanmaz \u00e7elikten \u00fcretilmi\u015ftir: Yaln\u0131zca bas\u0131n\u00e7l\u0131 havayla \u00e7al\u0131\u015fan, paslanmaz \u00e7elikten \u00fcretilen ve hi\u00e7 bak\u0131m gerektirmeyen varil pompalar\u0131yla yere d\u00f6k\u00fclm\u00fc\u015f s\u0131v\u0131lar\u0131, at\u0131k su ve s\u0131v\u0131lar\u0131, metal i\u015fleme ya\u011flar\u0131n\u0131, \u00e7amurlu sular\u0131 vakumlayabilirsiniz. Bas\u0131n\u00e7l\u0131 hava kolayca varilin kapal\u0131 a\u011fz\u0131na monte edilir. Tek bir hareketle emme ya da basma i\u015flemini 2 dakikan\u0131n [&hellip;]<\/p>\n","protected":false},"author":1,"featured_media":0,"parent":0,"menu_order":0,"comment_status":"closed","ping_status":"closed","template":"","meta":{"_acf_changed":false,"_breakdance_hide_in_design_set":false,"_breakdance_tags":"","footnotes":""},"class_list":["post-1614","page","type-page","status-publish","hentry"],"acf":[],"_links":{"self":[{"href":"https:\/\/ensude.com\/index.php\/wp-json\/wp\/v2\/pages\/1614","targetHints":{"allow":["GET"]}}],"collection":[{"href":"https:\/\/ensude.com\/index.php\/wp-json\/wp\/v2\/pages"}],"about":[{"href":"https:\/\/ensude.com\/index.php\/wp-json\/wp\/v2\/types\/page"}],"author":[{"embeddable":true,"href":"https:\/\/ensude.com\/index.php\/wp-json\/wp\/v2\/users\/1"}],"replies":[{"embeddable":true,"href":"https:\/\/ensude.com\/index.php\/wp-json\/wp\/v2\/comments?post=1614"}],"version-history":[{"count":5,"href":"https:\/\/ensude.com\/index.php\/wp-json\/wp\/v2\/pages\/1614\/revisions"}],"predecessor-version":[{"id":3218,"href":"https:\/\/ensude.com\/index.php\/wp-json\/wp\/v2\/pages\/1614\/revisions\/3218"}],"wp:attachment":[{"href":"https:\/\/ensude.com\/index.php\/wp-json\/wp\/v2\/media?parent=1614"}],"curies":[{"name":"wp","href":"https:\/\/api.w.org\/{rel}","templated":true}]}}