{"id":1582,"date":"2024-09-15T13:14:42","date_gmt":"2024-09-15T13:14:42","guid":{"rendered":"https:\/\/ensude.com\/?page_id=1582"},"modified":"2025-03-23T20:25:47","modified_gmt":"2025-03-23T20:25:47","slug":"hijyenik-iyonizerler","status":"publish","type":"page","link":"https:\/\/ensude.com\/index.php\/hijyenik-iyonizerler\/","title":{"rendered":"Hijyenik \u0130yonizerler"},"content":{"rendered":"<div class='breakdance'><section class=\"bde-section-1582-100 bde-section\">\n  \n\t\n\n\n\n<div class=\"section-container\"><h1 class=\"bde-heading-1582-101 bde-heading\">\n\u0130yonizerli Hava \u00dcfleme Sistemi\n<\/h1><div class=\"bde-columns-1582-102 bde-columns\"><div class=\"bde-column-1582-105 bde-column\">\n  \n\t\n\n\n\n<div class=\"bde-rich-text-1582-106 bde-rich-text breakdance-rich-text-styles\">\n<p>Paxton Products'\u0131n \u0130yonize Hava \u00dcfleyici Sistemi, Paxton\u2019un end\u00fcstri lideri santrif\u00fcj \u00fcfleyiciler ve hava da\u011f\u0131t\u0131m sistemleriyle birlikte g\u00fc\u00e7l\u00fc iyonizasyon kullanarak partik\u00fclleri, tozu ve kirleticileri etkili bir \u015fekilde giderir. Paxton\u2019\u0131n patent bekleyen bu tasar\u0131m\u0131 sayesinde, bak\u0131m\u0131 azalt\u0131rken performans\u0131 art\u0131r\u0131r ve iyonize bas\u0131n\u00e7l\u0131 hava sistemlerini ortadan kald\u0131rd\u0131\u011f\u0131nda\u00a0enerji kullan\u0131m\u0131n\u0131 % 80 oran\u0131nda azalt\u0131r.<\/p>\n<p class=\"font_8 wixui-rich-text__text\"><span class=\"wixui-rich-text__text\"><span class=\"color_15 wixui-rich-text__text\">\u0130yonize Hava Sistemi\u00a0\u00e7e\u015fitli uygulamalar i\u00e7in kullan\u0131labilir;<\/span><\/span><\/p>\n<ul>\n<li class=\"font_8 wixui-rich-text__text\"><span class=\"color_15 wixui-rich-text__text\"><span class=\"wixui-rich-text__text\">\u015ei\u015fe Durulama - temizlenmesi zor dar a\u011f\u0131zl\u0131 PET ve 2 litre dahil cam veya PET \u015fi\u015feler ve kavanozlar i\u00e7in<\/span><\/span><\/li>\n<li class=\"font_8 wixui-rich-text__text\"><span class=\"color_15 wixui-rich-text__text\"><span class=\"wixui-rich-text__text\">Toz boya, boya veya di\u011fer kaplama y\u00f6ntemlerinden \u00f6nce toz ve d\u00f6k\u00fcnt\u00fc giderme<\/span><\/span><\/li>\n<li class=\"font_8 wixui-rich-text__text\"><span class=\"color_15 wixui-rich-text__text\"><span class=\"wixui-rich-text__text\">Haddeleme veya ambalajlamadan \u00f6nce toz veya tala\u015f giderme,<\/span><\/span><\/li>\n<li class=\"font_8 wixui-rich-text__text\"><span class=\"color_15 wixui-rich-text__text\"><span class=\"wixui-rich-text__text\">Ambalajmada kesim \u00f6ncesi hammeddenin statiklenmesini engellemek amac\u0131yla<\/span><\/span><\/li>\n<li class=\"font_8 wixui-rich-text__text\"><span class=\"color_15 wixui-rich-text__text\"><span class=\"wixui-rich-text__text\">Tozlu malzemelerin paketlenmesinden sonra \u015fi\u015fe veya ambalajlar\u0131n d\u0131\u015f\u0131n\u0131n temizlenmesi amac\u0131yla kullan\u0131l\u0131r.<\/span><\/span><\/li>\n<\/ul>\n<\/div>\n<\/div><\/div><div class=\"bde-columns-1582-107 bde-columns\"><div class=\"bde-column-1582-108 bde-column\">\n  \n\t\n\n\n\n<div class=\"bde-image-1582-110 bde-image\">\n<figure class=\"breakdance-image breakdance-image--1586\">\n\t<div class=\"breakdance-image-container\">\n\t\t<div class=\"breakdance-image-clip\"><img loading=\"lazy\" decoding=\"async\" class=\"breakdance-image-object\" src=\"https:\/\/ensude.com\/wp-content\/uploads\/2024\/09\/iyon.png\" width=\"948\" height=\"316\" srcset=\"https:\/\/ensude.com\/wp-content\/uploads\/2024\/09\/iyon.png 948w, https:\/\/ensude.com\/wp-content\/uploads\/2024\/09\/iyon-640x213.png 640w, https:\/\/ensude.com\/wp-content\/uploads\/2024\/09\/iyon-768x256.png 768w\" sizes=\"auto, (max-width: 948px) 100vw, 948px\"><\/div>\n\t<\/div><\/figure>\n\n<\/div>\n<\/div><\/div><div class=\"bde-columns-1582-112 bde-columns\"><div class=\"bde-column-1582-113 bde-column\">\n  \n\t\n\n\n\n<div class=\"bde-icon-1582-114 bde-icon\">\n\n    \n                    \n            \n            \n\n    \n    \n    \n    \n    \n    <a class=\"breakdance-link bde-icon-icon breakdance-icon-atom\" href=\"https:\/\/ensude.com\/wp-content\/uploads\/2024\/07\/iyonizer-sistemi.pdf\" target=\"_blank\" data-type=\"url\"  >\n\n    \n                    <svg xmlns=\"http:\/\/www.w3.org\/2000\/svg\" viewBox=\"0 0 512 512\"><!--! Font Awesome Free 6.5.1 by @fontawesome - https:\/\/fontawesome.com License - https:\/\/fontawesome.com\/license\/free (Icons: CC BY 4.0, Fonts: SIL OFL 1.1, Code: MIT License) Copyright 2023 Fonticons, Inc. --><path d=\"M64 464l48 0 0 48-48 0c-35.3 0-64-28.7-64-64L0 64C0 28.7 28.7 0 64 0L229.5 0c17 0 33.3 6.7 45.3 18.7l90.5 90.5c12 12 18.7 28.3 18.7 45.3L384 304l-48 0 0-144-80 0c-17.7 0-32-14.3-32-32l0-80L64 48c-8.8 0-16 7.2-16 16l0 384c0 8.8 7.2 16 16 16zM176 352l32 0c30.9 0 56 25.1 56 56s-25.1 56-56 56l-16 0 0 32c0 8.8-7.2 16-16 16s-16-7.2-16-16l0-48 0-80c0-8.8 7.2-16 16-16zm32 80c13.3 0 24-10.7 24-24s-10.7-24-24-24l-16 0 0 48 16 0zm96-80l32 0c26.5 0 48 21.5 48 48l0 64c0 26.5-21.5 48-48 48l-32 0c-8.8 0-16-7.2-16-16l0-128c0-8.8 7.2-16 16-16zm32 128c8.8 0 16-7.2 16-16l0-64c0-8.8-7.2-16-16-16l-16 0 0 96 16 0zm80-112c0-8.8 7.2-16 16-16l48 0c8.8 0 16 7.2 16 16s-7.2 16-16 16l-32 0 0 32 32 0c8.8 0 16 7.2 16 16s-7.2 16-16 16l-32 0 0 48c0 8.8-7.2 16-16 16s-16-7.2-16-16l0-64 0-64z\"\/><\/svg>\n        \n        \n        \n                <\/a>\n\n    \n\n\n<\/div><a class=\"bde-text-link-1582-115 bde-text-link breakdance-link\" href=\"https:\/\/ensude.com\/wp-content\/uploads\/2024\/07\/iyonizer-sistemi.pdf\" target=\"_blank\" data-type=\"url\">\n  \u0130yonizer Sistemi\n\n<\/a>\n<\/div><\/div><div class=\"bde-text-1582-130 bde-text\">\n\u00d6rnek Uygulama;\n<\/div><div class=\"bde-columns-1582-119 bde-columns\"><div class=\"bde-column-1582-120 bde-column\">\n  \n\t\n\n\n\n<div class=\"bde-video-1582-122 bde-video\">\n<div class=\"ee-video-container\">\n                                                                            \n                                \n                <iframe\n                        class=\"ee-video \"\n                title=\"\"\n                                src=\"https:\/\/www.youtube.com\/embed\/ieBIO5TinH0?feature=oembed&playsinline=0&rel=0&enablejsapi=1\"\n                frameborder=\"0\"\n                allow=\"accelerometer; autoplay; clipboard-write; encrypted-media; gyroscope; picture-in-picture\"\n                allowfullscreen>\n                <\/iframe>\n                    \n        \n            \n    <\/div>\n\n<\/div><div class=\"bde-columns-1582-123 bde-columns\"><div class=\"bde-column-1582-124 bde-column\">\n  \n\t\n\n\n\n<div class=\"bde-text-1582-131 bde-text\">\nNoz\u00fcl manifoldu ile \u00fcfleme y\u00f6ntemi\n<\/div><div class=\"bde-image-1582-126 bde-image\">\n<figure class=\"breakdance-image breakdance-image--1588\">\n\t<div class=\"breakdance-image-container\">\n\t\t<div class=\"breakdance-image-clip\"><img loading=\"lazy\" decoding=\"async\" class=\"breakdance-image-object\" src=\"https:\/\/ensude.com\/wp-content\/uploads\/2024\/09\/iyon1.png\" width=\"481\" height=\"229\" sizes=\"auto, (max-width: 481px) 100vw, 481px\"><\/div>\n\t<\/div><\/figure>\n\n<\/div>\n<\/div><div class=\"bde-column-1582-125 bde-column\">\n  \n\t\n\n\n\n<div class=\"bde-text-1582-132 bde-text\">\nHava b\u0131\u00e7a\u011f\u0131 ile \u00fcfleme y\u00f6ntemi\n<\/div><div class=\"bde-image-1582-127 bde-image\">\n<figure class=\"breakdance-image breakdance-image--1589\">\n\t<div class=\"breakdance-image-container\">\n\t\t<div class=\"breakdance-image-clip\"><img loading=\"lazy\" decoding=\"async\" class=\"breakdance-image-object\" src=\"https:\/\/ensude.com\/wp-content\/uploads\/2024\/09\/iyon2.png\" width=\"361\" height=\"300\" sizes=\"auto, (max-width: 361px) 100vw, 361px\"><\/div>\n\t<\/div><\/figure>\n\n<\/div>\n<\/div><\/div>\n<\/div><\/div><\/div>\n<\/section><\/div>","protected":false},"excerpt":{"rendered":"<p>\u0130yonizerli Hava \u00dcfleme Sistemi Paxton Products&#8217;\u0131n \u0130yonize Hava \u00dcfleyici Sistemi, Paxton\u2019un end\u00fcstri lideri santrif\u00fcj \u00fcfleyiciler ve hava da\u011f\u0131t\u0131m sistemleriyle birlikte g\u00fc\u00e7l\u00fc iyonizasyon kullanarak partik\u00fclleri, tozu ve kirleticileri etkili bir \u015fekilde giderir. Paxton\u2019\u0131n patent bekleyen bu tasar\u0131m\u0131 sayesinde, bak\u0131m\u0131 azalt\u0131rken performans\u0131 art\u0131r\u0131r ve iyonize bas\u0131n\u00e7l\u0131 hava sistemlerini ortadan kald\u0131rd\u0131\u011f\u0131nda\u00a0enerji kullan\u0131m\u0131n\u0131 % 80 oran\u0131nda azalt\u0131r. \u0130yonize Hava [&hellip;]<\/p>\n","protected":false},"author":1,"featured_media":0,"parent":0,"menu_order":0,"comment_status":"closed","ping_status":"closed","template":"","meta":{"_acf_changed":false,"_breakdance_hide_in_design_set":false,"_breakdance_tags":"","footnotes":""},"class_list":["post-1582","page","type-page","status-publish","hentry"],"acf":[],"_links":{"self":[{"href":"https:\/\/ensude.com\/index.php\/wp-json\/wp\/v2\/pages\/1582","targetHints":{"allow":["GET"]}}],"collection":[{"href":"https:\/\/ensude.com\/index.php\/wp-json\/wp\/v2\/pages"}],"about":[{"href":"https:\/\/ensude.com\/index.php\/wp-json\/wp\/v2\/types\/page"}],"author":[{"embeddable":true,"href":"https:\/\/ensude.com\/index.php\/wp-json\/wp\/v2\/users\/1"}],"replies":[{"embeddable":true,"href":"https:\/\/ensude.com\/index.php\/wp-json\/wp\/v2\/comments?post=1582"}],"version-history":[{"count":6,"href":"https:\/\/ensude.com\/index.php\/wp-json\/wp\/v2\/pages\/1582\/revisions"}],"predecessor-version":[{"id":3214,"href":"https:\/\/ensude.com\/index.php\/wp-json\/wp\/v2\/pages\/1582\/revisions\/3214"}],"wp:attachment":[{"href":"https:\/\/ensude.com\/index.php\/wp-json\/wp\/v2\/media?parent=1582"}],"curies":[{"name":"wp","href":"https:\/\/api.w.org\/{rel}","templated":true}]}}