{"id":1571,"date":"2024-09-15T12:26:44","date_gmt":"2024-09-15T12:26:44","guid":{"rendered":"https:\/\/ensude.com\/?page_id=1571"},"modified":"2025-03-23T20:25:13","modified_gmt":"2025-03-23T20:25:13","slug":"eco-blower","status":"publish","type":"page","link":"https:\/\/ensude.com\/index.php\/eco-blower\/","title":{"rendered":"Eco Blower"},"content":{"rendered":"<div class='breakdance'><section class=\"bde-section-1571-100 bde-section\">\n  \n\t\n\n\n\n<div class=\"section-container\"><h1 class=\"bde-heading-1571-101 bde-heading\">\nEco Tip Blower\n<\/h1><div class=\"bde-columns-1571-102 bde-columns\"><div class=\"bde-column-1571-103 bde-column\">\n  \n\t\n\n\n\n<div class=\"bde-image-1571-104 bde-image\">\n<figure class=\"breakdance-image breakdance-image--1578 breakdance-image--caption-below\">\n\t<div class=\"breakdance-image-container\">\n\t\t<div class=\"breakdance-image-clip\"><img loading=\"lazy\" decoding=\"async\" class=\"breakdance-image-object\" src=\"https:\/\/ensude.com\/wp-content\/uploads\/2024\/09\/eco1.png\" width=\"212\" height=\"212\" srcset=\"https:\/\/ensude.com\/wp-content\/uploads\/2024\/09\/eco1.png 212w, https:\/\/ensude.com\/wp-content\/uploads\/2024\/09\/eco1-160x160.png 160w\" sizes=\"auto, (max-width: 212px) 100vw, 212px\"><\/div>\n\t<\/div><\/figure>\n\n<\/div>\n<\/div><div class=\"bde-column-1571-105 bde-column\">\n  \n\t\n\n\n\n<div class=\"bde-rich-text-1571-106 bde-rich-text breakdance-rich-text-styles\">\n<div id=\"comp-jwdr9f5o\" class=\"HcOXKn c9GqVL QxJLC3 lq2cno comp-jwdr9f5o wixui-rich-text\" data-testid=\"richTextElement\">\n<p class=\"font_8 wixui-rich-text__text\"><span class=\"wixui-rich-text__text\">SolvAir, k\u00fc\u00e7\u00fck tesislere enerji verimlili\u011fini korurken ekonomik bir \u00e7\u00f6z\u00fcm sunmaktad\u0131r. Kompakt ve mevcut paketleme hatlar\u0131na kolay monte edilebilen ECO-BLOW, \u015fi\u015fe ve kutu kurutma uygulamalar\u0131 i\u00e7in tasarlanm\u0131\u015ft\u0131r 330ml ve 500ml'lik tipik i\u00e7ecek \u015fi\u015fesi boyutlar\u0131n\u0131n yan\u0131 s\u0131ra standart d\u0131\u015f\u0131 i\u00e7ecek \u015fi\u015feleri ve kutular\u0131 i\u00e7in idealdir.<\/span><\/p>\n<p class=\"font_8 wixui-rich-text__text\"><span class=\"wixui-rich-text__text\">ECO-BLOW sistemi ile SolvAir Lineer Hava B\u0131\u00e7aklar\u0131 mevcut konvey\u00f6r\u00fcn\u00fcze monte edilir. B\u0131\u00e7aklar, \u015fi\u015felerin hava ak\u0131m\u0131n\u0131n \u015fi\u015fenin y\u00fczeyinden su damlac\u0131klar\u0131n\u0131 kesti\u011fi yerden ge\u00e7mesi i\u00e7in g\u00fc\u00e7l\u00fc bir kurutma b\u00f6lgesi sa\u011flar. Y\u00fcksek h\u0131zl\u0131 santrif\u00fcj blower sistem i\u00e7in hava ak\u0131\u015f\u0131 sa\u011flar. Bas\u0131n\u00e7l\u0131 hava kullanmayan bu sistem sayesinde y\u00fcksek oranda enerji tasarrufu yap\u0131l\u0131r. \u00c7\u00fcnk\u00fc bas\u0131n\u00e7l\u0131 havan\u0131n birim maliyeti, elektrik birim maliyetinin yakla\u015f\u0131k 6 kat\u0131d\u0131r. Bu sebeple burada yap\u0131lan yat\u0131r\u0131mlar kendini \u00e7ok k\u0131sa s\u00fcrede amorti etmektedir.<\/span><\/p>\n<\/div>\n<\/div>\n<\/div><\/div><div class=\"bde-columns-1571-107 bde-columns\"><div class=\"bde-column-1571-108 bde-column\">\n  \n\t\n\n\n\n<div class=\"bde-icon-1571-109 bde-icon\">\n\n    \n                    \n            \n            \n\n    \n    \n    \n    \n    \n    <a class=\"breakdance-link bde-icon-icon breakdance-icon-atom\" href=\"https:\/\/ensude.com\/wp-content\/uploads\/2024\/07\/SolvAir-EcoBlow.pdf\" target=\"_blank\" data-type=\"url\"  >\n\n    \n                    <svg xmlns=\"http:\/\/www.w3.org\/2000\/svg\" viewBox=\"0 0 512 512\"><!--! Font Awesome Free 6.5.1 by @fontawesome - https:\/\/fontawesome.com License - https:\/\/fontawesome.com\/license\/free (Icons: CC BY 4.0, Fonts: SIL OFL 1.1, Code: MIT License) Copyright 2023 Fonticons, Inc. --><path d=\"M64 464l48 0 0 48-48 0c-35.3 0-64-28.7-64-64L0 64C0 28.7 28.7 0 64 0L229.5 0c17 0 33.3 6.7 45.3 18.7l90.5 90.5c12 12 18.7 28.3 18.7 45.3L384 304l-48 0 0-144-80 0c-17.7 0-32-14.3-32-32l0-80L64 48c-8.8 0-16 7.2-16 16l0 384c0 8.8 7.2 16 16 16zM176 352l32 0c30.9 0 56 25.1 56 56s-25.1 56-56 56l-16 0 0 32c0 8.8-7.2 16-16 16s-16-7.2-16-16l0-48 0-80c0-8.8 7.2-16 16-16zm32 80c13.3 0 24-10.7 24-24s-10.7-24-24-24l-16 0 0 48 16 0zm96-80l32 0c26.5 0 48 21.5 48 48l0 64c0 26.5-21.5 48-48 48l-32 0c-8.8 0-16-7.2-16-16l0-128c0-8.8 7.2-16 16-16zm32 128c8.8 0 16-7.2 16-16l0-64c0-8.8-7.2-16-16-16l-16 0 0 96 16 0zm80-112c0-8.8 7.2-16 16-16l48 0c8.8 0 16 7.2 16 16s-7.2 16-16 16l-32 0 0 32 32 0c8.8 0 16 7.2 16 16s-7.2 16-16 16l-32 0 0 48c0 8.8-7.2 16-16 16s-16-7.2-16-16l0-64 0-64z\"\/><\/svg>\n        \n        \n        \n                <\/a>\n\n    \n\n\n<\/div><a class=\"bde-text-link-1571-110 bde-text-link breakdance-link\" href=\"https:\/\/ensude.com\/wp-content\/uploads\/2024\/07\/SolvAir-EcoBlow.pdf\" target=\"_blank\" data-type=\"url\">\n  SolvAir Eco Blow\n\n<\/a>\n<\/div><div class=\"bde-column-1571-114 bde-column\">\n  \n\t\n\n\n\n<div class=\"bde-icon-1571-115 bde-icon\">\n\n    \n                    \n            \n            \n\n    \n    \n    \n    \n    \n    <a class=\"breakdance-link bde-icon-icon breakdance-icon-atom\" href=\"https:\/\/ensude.com\/?page_id=1524\" target=\"_blank\" data-type=\"url\"  >\n\n    \n                    <svg xmlns=\"http:\/\/www.w3.org\/2000\/svg\" viewBox=\"0 0 512 512\"><!--! Font Awesome Free 6.5.1 by @fontawesome - https:\/\/fontawesome.com License - https:\/\/fontawesome.com\/license\/free (Icons: CC BY 4.0, Fonts: SIL OFL 1.1, Code: MIT License) Copyright 2023 Fonticons, Inc. --><path d=\"M470.6 278.6c12.5-12.5 12.5-32.8 0-45.3l-160-160c-12.5-12.5-32.8-12.5-45.3 0s-12.5 32.8 0 45.3L402.7 256 265.4 393.4c-12.5 12.5-12.5 32.8 0 45.3s32.8 12.5 45.3 0l160-160zm-352 160l160-160c12.5-12.5 12.5-32.8 0-45.3l-160-160c-12.5-12.5-32.8-12.5-45.3 0s-12.5 32.8 0 45.3L210.7 256 73.4 393.4c-12.5 12.5-12.5 32.8 0 45.3s32.8 12.5 45.3 0z\"\/><\/svg>\n        \n        \n        \n                <\/a>\n\n    \n\n\n<\/div><a class=\"bde-text-link-1571-116 bde-text-link breakdance-link\" href=\"https:\/\/ensude.com\/?page_id=1524\" target=\"_blank\" data-type=\"url\">\n  Di\u011fer Blower Sistemlerimiz\n\n<\/a>\n<\/div><\/div><div class=\"bde-columns-1571-117 bde-columns\"><div class=\"bde-column-1571-118 bde-column\">\n  \n\t\n\n\n\n<div class=\"bde-rich-text-1571-121 bde-rich-text breakdance-rich-text-styles\">\n<div id=\"comp-jwdr9f5o\" class=\"HcOXKn c9GqVL QxJLC3 lq2cno comp-jwdr9f5o wixui-rich-text\" data-testid=\"richTextElement\">\n<p class=\"font_8 wixui-rich-text__text\"><span class=\"wixui-rich-text__text\">Standart paket \u015funlar\u0131 i\u00e7erir:<\/span><\/p>\n<ul>\n<li><span class=\"wixui-rich-text__text\">\u0130kiz Hava B\u0131\u00e7aklar\u0131 \/ 304 Paslanmaz \u00c7elik \/ 500mm ve 600mm<br \/><\/span><span class=\"wixui-rich-text__text\">Uzun Se\u00e7enekler\u00a0 \/ 76mm \u00e7ap.<\/span><\/li>\n<li><span class=\"wixui-rich-text__text\">Hava B\u0131\u00e7a\u011f\u0131 ayarlanabilir montaj kitleri \/ Paslanmaz \u00e7elik<\/span><\/li>\n<li><span class=\"wixui-rich-text__text\">Y\u00fcksek H\u0131zl\u0131 Enerji Verimli Blower 4kW \/ 400v - 3pH \/ IP54<\/span><\/li>\n<li><span class=\"wixui-rich-text__text\">\u00dcfleyiciyi Hava B\u0131\u00e7aklar\u0131na ba\u011flamak i\u00e7in Hava B\u00f6l\u00fcc\u00fc ve Esnek borular<\/span><\/li>\n<li><span class=\"wixui-rich-text__text\">Entegre Frekans \u0130nvert\u00f6r\u00fc IP65 \/ Sistem performans\u0131n\u0131n basit kontrol\u00fc<\/span><\/li>\n<li><span class=\"wixui-rich-text__text\">Disk Susturucu Blower g\u00fcr\u00fclt\u00fc seviyelerini 80dbA'n\u0131n alt\u0131na d\u00fc\u015f\u00fcr\u00fcr<\/span><span class=\"wixui-rich-text__text\"><span class=\"wixGuard wixui-rich-text__text\">\u200b<\/span><\/span><\/li>\n<\/ul>\n<p class=\"font_8 wixui-rich-text__text\"><span class=\"wixui-rich-text__text\">ECO-BLOW Sisteminin Sa\u011flad\u0131\u011f\u0131 faydalar:<\/span><\/p>\n<ul>\n<li class=\"font_8 wixui-rich-text__text\"><span class=\"wixui-rich-text__text\">Hassas etiket uygulamas\u0131 \u00f6ncesi suyun giderilmesi i\u00e7in idealdir.<\/span><\/li>\n<li class=\"font_8 wixui-rich-text__text\"><span class=\"wixui-rich-text__text\">M\u00fckemmel raf g\u00f6r\u00fcn\u00fcm\u00fc ve kompakt tasar\u0131m.<\/span><\/li>\n<li class=\"font_8 wixui-rich-text__text\"><span class=\"wixui-rich-text__text\">Tepe kapa\u011f\u0131 sorunlar\u0131nda azalma (korozyon ve kirlenme)<\/span><\/li>\n<li class=\"font_8 wixui-rich-text__text\"><span class=\"wixui-rich-text__text\">\u0130lgili konvey\u00f6r sonras\u0131 di\u011fer makine bile\u015fenlerine su ge\u00e7i\u015fi olmaz.<\/span><\/li>\n<li class=\"font_8 wixui-rich-text__text\"><span class=\"wixui-rich-text__text\">Kurutucu, daha g\u00fc\u00e7l\u00fc karton paketleme i\u015flemi sunar.<\/span><\/li>\n<\/ul>\n<\/div>\n<\/div>\n<\/div><div class=\"bde-column-1571-120 bde-column\">\n  \n\t\n\n\n\n<div class=\"bde-image-1571-119 bde-image\">\n<figure class=\"breakdance-image breakdance-image--1579 breakdance-image--caption-below\">\n\t<div class=\"breakdance-image-container\">\n\t\t<div class=\"breakdance-image-clip\"><img loading=\"lazy\" decoding=\"async\" class=\"breakdance-image-object\" src=\"https:\/\/ensude.com\/wp-content\/uploads\/2024\/09\/eco2.png\" width=\"403\" height=\"488\" sizes=\"auto, (max-width: 403px) 100vw, 403px\"><\/div>\n\t<\/div><\/figure>\n\n<\/div>\n<\/div><\/div><div class=\"bde-columns-1571-122 bde-columns\"><div class=\"bde-column-1571-123 bde-column\">\n  \n\t\n\n\n\n<div class=\"bde-image-1571-125 bde-image\">\n<figure class=\"breakdance-image breakdance-image--1576\">\n\t<div class=\"breakdance-image-container\">\n\t\t<div class=\"breakdance-image-clip\"><img loading=\"lazy\" decoding=\"async\" class=\"breakdance-image-object\" src=\"https:\/\/ensude.com\/wp-content\/uploads\/2024\/09\/eco3.png\" width=\"919\" height=\"658\" srcset=\"https:\/\/ensude.com\/wp-content\/uploads\/2024\/09\/eco3.png 919w, https:\/\/ensude.com\/wp-content\/uploads\/2024\/09\/eco3-640x458.png 640w, https:\/\/ensude.com\/wp-content\/uploads\/2024\/09\/eco3-768x550.png 768w\" sizes=\"auto, (max-width: 919px) 100vw, 919px\"><\/div>\n\t<\/div><\/figure>\n\n<\/div>\n<\/div><\/div><\/div>\n<\/section><\/div>","protected":false},"excerpt":{"rendered":"<p>Eco Tip Blower SolvAir, k\u00fc\u00e7\u00fck tesislere enerji verimlili\u011fini korurken ekonomik bir \u00e7\u00f6z\u00fcm sunmaktad\u0131r. Kompakt ve mevcut paketleme hatlar\u0131na kolay monte edilebilen ECO-BLOW, \u015fi\u015fe ve kutu kurutma uygulamalar\u0131 i\u00e7in tasarlanm\u0131\u015ft\u0131r 330ml ve 500ml&#8217;lik tipik i\u00e7ecek \u015fi\u015fesi boyutlar\u0131n\u0131n yan\u0131 s\u0131ra standart d\u0131\u015f\u0131 i\u00e7ecek \u015fi\u015feleri ve kutular\u0131 i\u00e7in idealdir. ECO-BLOW sistemi ile SolvAir Lineer Hava B\u0131\u00e7aklar\u0131 mevcut konvey\u00f6r\u00fcn\u00fcze [&hellip;]<\/p>\n","protected":false},"author":1,"featured_media":0,"parent":0,"menu_order":0,"comment_status":"closed","ping_status":"closed","template":"","meta":{"_acf_changed":false,"_breakdance_hide_in_design_set":false,"_breakdance_tags":"","footnotes":""},"class_list":["post-1571","page","type-page","status-publish","hentry"],"acf":[],"_links":{"self":[{"href":"https:\/\/ensude.com\/index.php\/wp-json\/wp\/v2\/pages\/1571","targetHints":{"allow":["GET"]}}],"collection":[{"href":"https:\/\/ensude.com\/index.php\/wp-json\/wp\/v2\/pages"}],"about":[{"href":"https:\/\/ensude.com\/index.php\/wp-json\/wp\/v2\/types\/page"}],"author":[{"embeddable":true,"href":"https:\/\/ensude.com\/index.php\/wp-json\/wp\/v2\/users\/1"}],"replies":[{"embeddable":true,"href":"https:\/\/ensude.com\/index.php\/wp-json\/wp\/v2\/comments?post=1571"}],"version-history":[{"count":5,"href":"https:\/\/ensude.com\/index.php\/wp-json\/wp\/v2\/pages\/1571\/revisions"}],"predecessor-version":[{"id":3213,"href":"https:\/\/ensude.com\/index.php\/wp-json\/wp\/v2\/pages\/1571\/revisions\/3213"}],"wp:attachment":[{"href":"https:\/\/ensude.com\/index.php\/wp-json\/wp\/v2\/media?parent=1571"}],"curies":[{"name":"wp","href":"https:\/\/api.w.org\/{rel}","templated":true}]}}