{"id":1557,"date":"2024-09-15T12:26:33","date_gmt":"2024-09-15T12:26:33","guid":{"rendered":"https:\/\/ensude.com\/?page_id=1557"},"modified":"2025-03-23T20:24:24","modified_gmt":"2025-03-23T20:24:24","slug":"blower-sistemleri","status":"publish","type":"page","link":"https:\/\/ensude.com\/index.php\/blower-sistemleri\/","title":{"rendered":"Blower Sistemleri"},"content":{"rendered":"<div class='breakdance'><section class=\"bde-section-1557-100 bde-section\">\n  \n\t\n\n\n\n<div class=\"section-container\"><h1 class=\"bde-heading-1557-101 bde-heading\">\nPower Dry System\n<\/h1><div class=\"bde-columns-1557-102 bde-columns\"><div class=\"bde-column-1557-103 bde-column\">\n  \n\t\n\n\n\n<div class=\"bde-image-1557-104 bde-image\">\n<figure class=\"breakdance-image breakdance-image--1563 breakdance-image--caption-below\">\n\t<div class=\"breakdance-image-container\">\n\t\t<div class=\"breakdance-image-clip\"><img loading=\"lazy\" decoding=\"async\" class=\"breakdance-image-object\" src=\"https:\/\/ensude.com\/wp-content\/uploads\/2024\/09\/dry.png\" width=\"284\" height=\"448\" sizes=\"auto, (max-width: 284px) 100vw, 284px\"><\/div>\n\t<\/div><\/figure>\n\n<\/div>\n<\/div><div class=\"bde-column-1557-105 bde-column\">\n  \n\t\n\n\n\n<div class=\"bde-rich-text-1557-106 bde-rich-text breakdance-rich-text-styles\">\n<div id=\"comp-jwdr9f5o\" class=\"HcOXKn c9GqVL QxJLC3 lq2cno comp-jwdr9f5o wixui-rich-text\" data-testid=\"richTextElement\">\n<p class=\"font_8 wixui-rich-text__text\"><span class=\"wixui-rich-text__text\">Yeni \u00fcr\u00fcn POWER DRY y\u00fcksek oranda enerji tasarrufu sunuyor !..<\/span><\/p>\n<p class=\"font_8 wixui-rich-text__text\"><span class=\"wixui-rich-text__text\"><span class=\"wixGuard wixui-rich-text__text\">\u200b<\/span><\/span><span class=\"wixui-rich-text__text\">Paxton \u00dcr\u00fcnleri, d\u00fc\u015f\u00fck bas\u0131n\u00e7l\u0131 hava kullan\u0131m\u0131 ile m\u00fc\u015fteri maliyetlerini d\u00fc\u015f\u00fcrme taleplerine yan\u0131t olarak PowerDry sistemini tan\u0131tt\u0131. Uygun fiyatl\u0131 sistem, plastik tarak veya fan nozullar\u0131, hava jetleri, disk nozullar\u0131, delinmi\u015f boru ve di\u011fer yayg\u0131n pn\u00f6matik \u00fcfleme cihazlar\u0131 i\u00e7in kurulumu kolay bir komple sistem olarak tasarlanm\u0131\u015ft\u0131r. \u00c7ok y\u00f6nl\u00fc sistem, art\u0131k par\u00e7ac\u0131klar\u0131n <\/span><span class=\"wixui-rich-text__text\">ve nemin giderilmesi i\u00e7in y\u00fcksek h\u0131zl\u0131 hava ak\u0131\u015flar\u0131 \u00fcretir.<\/span><\/p>\n<p class=\"font_8 wixui-rich-text__text\"><span class=\"wixui-rich-text__text\"><span class=\"wixGuard wixui-rich-text__text\">\u200b<\/span><\/span><span class=\"wixui-rich-text__text\">Y\u0131kanabilir \u00f6zellikli tasar\u0131m\u0131, tarih kodlamadan \u00f6nce kaplaman\u0131n kurutulmas\u0131, s\u0131zd\u0131rmazl\u0131k, etiketleme, paketleme vb.Gibi yiyecek, i\u00e7ecek ve paketleme i\u015flemleri i\u00e7in m\u00fckemmel \u015fekilde uygundur.<\/span><\/p>\n<p class=\"font_8 wixui-rich-text__text\"><span class=\"wixui-rich-text__text\"><span class=\"wixGuard wixui-rich-text__text\">\u200b<\/span><\/span><span class=\"wixui-rich-text__text\">Ana uygulamalar\u0131na ek olarak, PowerDry olduk\u00e7a \u00e7ok y\u00f6nl\u00fcd\u00fcr ve t\u00fcm end\u00fcstrilerdeki \u00fcretim s\u00fcre\u00e7lerinde leke kurutma ve temizleme i\u00e7in kullan\u0131labilir.<\/span><\/p>\n<p class=\"font_8 wixui-rich-text__text\"><span class=\"wixui-rich-text__text\">Bas\u0131n\u00e7l\u0131 havaya \u00fcfleyiciyle \u00e7al\u0131\u015fan bir alternatif olarak, patent bekleyen PowerDry sistemi, bas\u0131n\u00e7l\u0131 hava beslemesindeki ya\u011flardan ve kire\u00e7ten kaynaklanan olas\u0131 problemleri ortadan kald\u0131r\u0131r.<\/span><\/p>\n<p class=\"font_8 wixui-rich-text__text\"><span class=\"wixui-rich-text__text\"><span class=\"wixGuard wixui-rich-text__text\">\u200b<\/span><\/span><span class=\"wixui-rich-text__text\">Kompakt PowerDry sistemi, k\u00fc\u00e7\u00fck bir 2.2 kW motordan maksimum hava ak\u0131\u015f\u0131 ve bas\u0131n\u00e7 geli\u015ftiren y\u00fcksek performansl\u0131 bir Paxton santrif\u00fcj \u00fcfleyiciye sahiptir. FDA uyumlu bir hortum, hava ak\u0131\u015f\u0131n\u0131 art arda y\u00fcksek \u00e7arpma havas\u0131 sa\u011flayan benzersiz bir 6 a\u011f\u0131zl\u0131k hava borusuna ta\u015f\u0131r. Tamamen ayarlanabilir, paslanmaz \u00e7elik, montaj kolu hava borusunu s\u0131k\u0131ca yerinde tutar.<\/span><\/p>\n<p class=\"font_8 wixui-rich-text__text\"><span class=\"wixui-rich-text__text\">Saha testleri, PowerDry\u00a0sisteminin her uygulamada kar\u015f\u0131la\u015ft\u0131r\u0131labilir veya iyile\u015ftirilmi\u015f kurutma sa\u011flarken enerji maliyetlerinde ortalama % 80 tasarruf sa\u011flad\u0131\u011f\u0131n\u0131 g\u00f6sterdi. \u00c7al\u0131\u015fma saatlerine ba\u011fl\u0131 olarak, enerji tasarruflar\u0131ndan elde edilen yat\u0131r\u0131m getirisi genellikle bir y\u0131ldan azd\u0131r.<\/span><\/p>\n<\/div>\n<\/div>\n<\/div><\/div><div class=\"bde-columns-1557-107 bde-columns\"><div class=\"bde-column-1557-108 bde-column\">\n  \n\t\n\n\n\n<div class=\"bde-icon-1557-109 bde-icon\">\n\n    \n                    \n            \n            \n\n    \n    \n    \n    \n    \n    <a class=\"breakdance-link bde-icon-icon breakdance-icon-atom\" href=\"https:\/\/ensude.com\/wp-content\/uploads\/2024\/07\/powerdry_English_lowRez1.pdf\" target=\"_blank\" data-type=\"url\"  >\n\n    \n                    <svg xmlns=\"http:\/\/www.w3.org\/2000\/svg\" viewBox=\"0 0 512 512\"><!--! Font Awesome Free 6.5.1 by @fontawesome - https:\/\/fontawesome.com License - https:\/\/fontawesome.com\/license\/free (Icons: CC BY 4.0, Fonts: SIL OFL 1.1, Code: MIT License) Copyright 2023 Fonticons, Inc. --><path d=\"M64 464l48 0 0 48-48 0c-35.3 0-64-28.7-64-64L0 64C0 28.7 28.7 0 64 0L229.5 0c17 0 33.3 6.7 45.3 18.7l90.5 90.5c12 12 18.7 28.3 18.7 45.3L384 304l-48 0 0-144-80 0c-17.7 0-32-14.3-32-32l0-80L64 48c-8.8 0-16 7.2-16 16l0 384c0 8.8 7.2 16 16 16zM176 352l32 0c30.9 0 56 25.1 56 56s-25.1 56-56 56l-16 0 0 32c0 8.8-7.2 16-16 16s-16-7.2-16-16l0-48 0-80c0-8.8 7.2-16 16-16zm32 80c13.3 0 24-10.7 24-24s-10.7-24-24-24l-16 0 0 48 16 0zm96-80l32 0c26.5 0 48 21.5 48 48l0 64c0 26.5-21.5 48-48 48l-32 0c-8.8 0-16-7.2-16-16l0-128c0-8.8 7.2-16 16-16zm32 128c8.8 0 16-7.2 16-16l0-64c0-8.8-7.2-16-16-16l-16 0 0 96 16 0zm80-112c0-8.8 7.2-16 16-16l48 0c8.8 0 16 7.2 16 16s-7.2 16-16 16l-32 0 0 32 32 0c8.8 0 16 7.2 16 16s-7.2 16-16 16l-32 0 0 48c0 8.8-7.2 16-16 16s-16-7.2-16-16l0-64 0-64z\"\/><\/svg>\n        \n        \n        \n                <\/a>\n\n    \n\n\n<\/div><a class=\"bde-text-link-1557-110 bde-text-link breakdance-link\" href=\"https:\/\/ensude.com\/wp-content\/uploads\/2024\/07\/powerdry_English_lowRez1.pdf\" target=\"_blank\" data-type=\"url\">\n  Power Dryer System Bro\u015f\u00fcr\n\n<\/a>\n<\/div><\/div><div class=\"bde-text-1557-119 bde-text\">\nS430 Debimetre Kurulum Videosu;\n<\/div><div class=\"bde-columns-1557-114 bde-columns\"><div class=\"bde-column-1557-115 bde-column\">\n  \n\t\n\n\n\n<div class=\"bde-image-1557-117 bde-image\">\n<figure class=\"breakdance-image breakdance-image--1564\">\n\t<div class=\"breakdance-image-container\">\n\t\t<div class=\"breakdance-image-clip\"><img loading=\"lazy\" decoding=\"async\" class=\"breakdance-image-object\" src=\"https:\/\/ensude.com\/wp-content\/uploads\/2024\/09\/dry-1.png\" width=\"949\" height=\"438\" srcset=\"https:\/\/ensude.com\/wp-content\/uploads\/2024\/09\/dry-1.png 949w, https:\/\/ensude.com\/wp-content\/uploads\/2024\/09\/dry-1-640x295.png 640w, https:\/\/ensude.com\/wp-content\/uploads\/2024\/09\/dry-1-768x354.png 768w\" sizes=\"auto, (max-width: 949px) 100vw, 949px\"><\/div>\n\t<\/div><\/figure>\n\n<\/div>\n<\/div><\/div><\/div>\n<\/section><\/div>","protected":false},"excerpt":{"rendered":"<p>Power Dry System Yeni \u00fcr\u00fcn POWER DRY y\u00fcksek oranda enerji tasarrufu sunuyor !.. \u200bPaxton \u00dcr\u00fcnleri, d\u00fc\u015f\u00fck bas\u0131n\u00e7l\u0131 hava kullan\u0131m\u0131 ile m\u00fc\u015fteri maliyetlerini d\u00fc\u015f\u00fcrme taleplerine yan\u0131t olarak PowerDry sistemini tan\u0131tt\u0131. Uygun fiyatl\u0131 sistem, plastik tarak veya fan nozullar\u0131, hava jetleri, disk nozullar\u0131, delinmi\u015f boru ve di\u011fer yayg\u0131n pn\u00f6matik \u00fcfleme cihazlar\u0131 i\u00e7in kurulumu kolay bir komple sistem [&hellip;]<\/p>\n","protected":false},"author":1,"featured_media":0,"parent":0,"menu_order":0,"comment_status":"closed","ping_status":"closed","template":"","meta":{"_acf_changed":false,"_breakdance_hide_in_design_set":false,"_breakdance_tags":"","footnotes":""},"class_list":["post-1557","page","type-page","status-publish","hentry"],"acf":[],"_links":{"self":[{"href":"https:\/\/ensude.com\/index.php\/wp-json\/wp\/v2\/pages\/1557","targetHints":{"allow":["GET"]}}],"collection":[{"href":"https:\/\/ensude.com\/index.php\/wp-json\/wp\/v2\/pages"}],"about":[{"href":"https:\/\/ensude.com\/index.php\/wp-json\/wp\/v2\/types\/page"}],"author":[{"embeddable":true,"href":"https:\/\/ensude.com\/index.php\/wp-json\/wp\/v2\/users\/1"}],"replies":[{"embeddable":true,"href":"https:\/\/ensude.com\/index.php\/wp-json\/wp\/v2\/comments?post=1557"}],"version-history":[{"count":9,"href":"https:\/\/ensude.com\/index.php\/wp-json\/wp\/v2\/pages\/1557\/revisions"}],"predecessor-version":[{"id":3212,"href":"https:\/\/ensude.com\/index.php\/wp-json\/wp\/v2\/pages\/1557\/revisions\/3212"}],"wp:attachment":[{"href":"https:\/\/ensude.com\/index.php\/wp-json\/wp\/v2\/media?parent=1557"}],"curies":[{"name":"wp","href":"https:\/\/api.w.org\/{rel}","templated":true}]}}