{"id":1497,"date":"2024-09-15T13:22:19","date_gmt":"2024-09-15T13:22:19","guid":{"rendered":"https:\/\/ensude.com\/?page_id=1497"},"modified":"2025-03-23T19:13:47","modified_gmt":"2025-03-23T19:13:47","slug":"projelendirme","status":"publish","type":"page","link":"https:\/\/ensude.com\/index.php\/projelendirme\/","title":{"rendered":"Projelendirme"},"content":{"rendered":"<div class='breakdance'><section class=\"bde-section-1497-100 bde-section\">\n  \n\t\n\n\n\n        <div class=\"section-shape-divider-wrapper section-shape-divider-wrapper--1\">\n          <span class=\"section-shape-divider\">\n                      <svg\n                xmlns=\"http:\/\/www.w3.org\/2000\/svg\"\n                viewBox=\"0 0 1440 320\"\n                preserveAspectRatio=\"none\"\n            >\n              \n            <\/svg>\n                    <\/span>\n      <\/div>\n  <div class=\"section-container\"><div class=\"bde-image-1497-121 bde-image\">\n<figure class=\"breakdance-image breakdance-image--1467 breakdance-image--caption-overlap\">\n\t<div class=\"breakdance-image-container\">\n\t\t<div class=\"breakdance-image-clip\"><div class=\"breakdance-image__mask\"><img loading=\"lazy\" decoding=\"async\" class=\"breakdance-image-object\" src=\"https:\/\/ensude.com\/wp-content\/uploads\/2024\/09\/Firefly-calisan-insanlarla-dolu-modern-sari-tonlarda-fabrika-uretim-ic-alanina-benzeyen-belirsiz-pas-scaled.jpg\" width=\"2560\" height=\"1463\" srcset=\"https:\/\/ensude.com\/wp-content\/uploads\/2024\/09\/Firefly-calisan-insanlarla-dolu-modern-sari-tonlarda-fabrika-uretim-ic-alanina-benzeyen-belirsiz-pas-scaled.jpg 2560w, https:\/\/ensude.com\/wp-content\/uploads\/2024\/09\/Firefly-calisan-insanlarla-dolu-modern-sari-tonlarda-fabrika-uretim-ic-alanina-benzeyen-belirsiz-pas-640x366.jpg 640w, https:\/\/ensude.com\/wp-content\/uploads\/2024\/09\/Firefly-calisan-insanlarla-dolu-modern-sari-tonlarda-fabrika-uretim-ic-alanina-benzeyen-belirsiz-pas-1280x731.jpg 1280w, https:\/\/ensude.com\/wp-content\/uploads\/2024\/09\/Firefly-calisan-insanlarla-dolu-modern-sari-tonlarda-fabrika-uretim-ic-alanina-benzeyen-belirsiz-pas-768x439.jpg 768w, https:\/\/ensude.com\/wp-content\/uploads\/2024\/09\/Firefly-calisan-insanlarla-dolu-modern-sari-tonlarda-fabrika-uretim-ic-alanina-benzeyen-belirsiz-pas-1536x878.jpg 1536w, https:\/\/ensude.com\/wp-content\/uploads\/2024\/09\/Firefly-calisan-insanlarla-dolu-modern-sari-tonlarda-fabrika-uretim-ic-alanina-benzeyen-belirsiz-pas-2048x1170.jpg 2048w, https:\/\/ensude.com\/wp-content\/uploads\/2024\/09\/Firefly-calisan-insanlarla-dolu-modern-sari-tonlarda-fabrika-uretim-ic-alanina-benzeyen-belirsiz-pas-600x343.jpg 600w\" sizes=\"auto, (max-width: 2560px) 100vw, 2560px\"><\/div><\/div>\n\t<\/div><figcaption class=\"breakdance-image__caption\">Projelendirme<\/figcaption><\/figure>\n\n<\/div><div class=\"bde-rich-text-1497-101 bde-rich-text breakdance-rich-text-styles\">\n<p><strong>EnSuDe<\/strong> olarak, sekt\u00f6rdeki 20 y\u0131l\u0131 a\u015fan tecr\u00fcbemiz ve geni\u015f tedarik zincirimiz ile projelendirme s\u00fcre\u00e7lerinde m\u00fc\u015fterilerimize kapsaml\u0131 ve yenilik\u00e7i \u00e7\u00f6z\u00fcmler sunmaktay\u0131z. Amac\u0131m\u0131z, t\u00fcm m\u00fc\u015fterilerimizin ihtiya\u00e7lar\u0131na \u00f6zel, y\u00fcksek performansl\u0131 ve verimli sistemler tasarlayarak bunlar\u0131 hayata ge\u00e7irmektir. Projelendirme a\u015famas\u0131nda, i\u015fletmenizin gereksinimlerini ve hedeflerini, sizlerle birlikte kapsaml\u0131 analizler yaparak, ihtiyac\u0131n\u0131za \u00f6zel \u00e7\u00f6z\u00fcmler geli\u015ftiririz.<\/p>\n<\/div><div class=\"bde-columns-1497-124 bde-columns\"><div class=\"bde-column-1497-125 bde-column\">\n  \n\t\n\n\n\n\n<\/div><div class=\"bde-column-1497-126 bde-column\" data-entrance=\"zoomIn\">\n  \n\t\n\n\n\n<div class=\"bde-icon-1497-122 bde-icon\">\n\n    \n                    \n            \n            \n\n    \n    \n    \n    \n    \n    <a class=\"breakdance-link bde-icon-icon breakdance-icon-atom\" href=\"https:\/\/ensude.com\/index.php\/proje-cozumlerimiz\/\" target=\"_self\" data-type=\"url\"  >\n\n    \n                    <svg xmlns=\"http:\/\/www.w3.org\/2000\/svg\" viewBox=\"0 0 512 512\"><!--! Font Awesome Free 6.5.1 by @fontawesome - https:\/\/fontawesome.com License - https:\/\/fontawesome.com\/license\/free (Icons: CC BY 4.0, Fonts: SIL OFL 1.1, Code: MIT License) Copyright 2023 Fonticons, Inc. --><path d=\"M78.6 5C69.1-2.4 55.6-1.5 47 7L7 47c-8.5 8.5-9.4 22-2.1 31.6l80 104c4.5 5.9 11.6 9.4 19 9.4h54.1l109 109c-14.7 29-10 65.4 14.3 89.6l112 112c12.5 12.5 32.8 12.5 45.3 0l64-64c12.5-12.5 12.5-32.8 0-45.3l-112-112c-24.2-24.2-60.6-29-89.6-14.3l-109-109V104c0-7.5-3.5-14.5-9.4-19L78.6 5zM19.9 396.1C7.2 408.8 0 426.1 0 444.1C0 481.6 30.4 512 67.9 512c18 0 35.3-7.2 48-19.9L233.7 374.3c-7.8-20.9-9-43.6-3.6-65.1l-61.7-61.7L19.9 396.1zM512 144c0-10.5-1.1-20.7-3.2-30.5c-2.4-11.2-16.1-14.1-24.2-6l-63.9 63.9c-3 3-7.1 4.7-11.3 4.7H352c-8.8 0-16-7.2-16-16V102.6c0-4.2 1.7-8.3 4.7-11.3l63.9-63.9c8.1-8.1 5.2-21.8-6-24.2C388.7 1.1 378.5 0 368 0C288.5 0 224 64.5 224 144l0 .8 85.3 85.3c36-9.1 75.8 .5 104 28.7L429 274.5c49-23 83-72.8 83-130.5zM56 432a24 24 0 1 1 48 0 24 24 0 1 1 -48 0z\"\/><\/svg>\n        \n        \n        \n                <\/a>\n\n    \n\n\n<\/div><a class=\"bde-text-link-1497-123 bde-text-link breakdance-link\" href=\"https:\/\/ensude.com\/index.php\/proje-cozumlerimiz\/\" target=\"_self\" data-type=\"url\">\n  Proje \u00c7\u00d6Z\u00dcMLER\u0130M\u0130Z\n\n<\/a>\n<\/div><div class=\"bde-column-1497-127 bde-column\">\n  \n\t\n\n\n\n\n<\/div><\/div><div class=\"bde-columns-1497-103 bde-columns\"><div class=\"bde-column-1497-104 bde-column\">\n  \n\t\n\n\n\n<div class=\"bde-rich-text-1497-106 bde-rich-text breakdance-rich-text-styles\">\n<h1>Yal\u0131n \u00dcretim Sistemleri<\/h1>\n<p>Projelendirme a\u015famas\u0131nda en sade tasar\u0131mlar ile hem i\u015fletme hemde bak\u0131m maliyetlerini minimize ederek verimlili\u011fin maksimum d\u00fczeye \u00e7\u0131kar\u0131lmas\u0131n\u0131 sa\u011flayacak olan yakla\u015f\u0131mlar\u0131 kullanmaktay\u0131z. Yal\u0131n yakla\u015f\u0131mda kullan\u0131lan VSM (De\u011fer Ak\u0131\u015f Haritalamas\u0131), DFSS (Alt\u0131 Sigma i\u00e7in proses tasar\u0131m\u0131), FMEA (Hata Modu Etki Analizi) gibi ara\u00e7lar kullanarak, gerekli Poka Yoke sistemlerinin belirlenmesi ile hatal\u0131 \u00fcretimleri minimize etmek d\u0131\u015f\u0131nda, verimli\u011fi optimize etmek i\u00e7in proses ak\u0131\u015f\u0131n\u0131n belirlenmesi d\u0131\u015f\u0131nda, hatt\u0131n darbo\u011faz\u0131na g\u00f6re gereken hat dengeleme \u00f6nerileri sa\u011fl\u0131yarak minimum 85% OEE hedeflenen hatlar\u0131 hayata ge\u00e7irmekteyiz.<\/p>\n<p>Projelendirme s\u00fcrecimizin en kritik unsurlar\u0131ndan biri olan FMEA, olas\u0131 hata t\u00fcrlerini ve bu hatalar\u0131n etkilerini belirleyerek riskleri minimize edebilmemizi sa\u011flayan bir analiz y\u00f6ntemi olup, projelendirme s\u00fcrecinde kar\u015f\u0131la\u015f\u0131labilecek olas\u0131 problemleri \u00f6nceden tespit eder ve bu riskleri ortadan kald\u0131rmak i\u00e7in proaktif \u00e7\u00f6z\u00fcmler geli\u015ftiririz. FMEA, yaln\u0131zca \u00fcr\u00fcn kalitesini art\u0131rmakla kalmaz, ayn\u0131 zamanda i\u015fletmenizin g\u00fcvenlik standartlar\u0131n\u0131 y\u00fckselterek olas\u0131 i\u015f g\u00fcvenli\u011fi ve ar\u0131za gibi aksakl\u0131klar\u0131n \u00f6n\u00fcne ge\u00e7er.<\/p>\n<p>Optimize edilmi\u015f proses ak\u0131\u015f\u0131, \u00fcretim s\u00fcre\u00e7lerinin en verimli \u015fekilde tasarlanmas\u0131 ve uygulanmas\u0131 anlam\u0131na gelir. EnSuDe olarak, proseslerinizi detayl\u0131ca analiz ederek, prosesin darbo\u011fazlar\u0131n\u0131 belirler ve en verimli \u00fcretim ak\u0131\u015f\u0131n\u0131 sa\u011flamak i\u00e7in gerekli iyile\u015ftirmeleri sizlerle birlikte belirleriz. Bu, i\u015fletmenizin \u00fcretim kapasitesini art\u0131r\u0131rken maliyetleri d\u00fc\u015f\u00fcrmenize ve rekabet avantaj\u0131 elde etmenizi sa\u011flayacak ana unsurlardan biri olacakt\u0131r.<\/p>\n<\/div>\n<\/div><div class=\"bde-column-1497-105 bde-column\">\n  \n\t\n\n\n\n<div class=\"bde-image-1497-107 bde-image\">\n<figure class=\"breakdance-image breakdance-image--1500\">\n\t<div class=\"breakdance-image-container\">\n\t\t<div class=\"breakdance-image-clip\"><img loading=\"lazy\" decoding=\"async\" class=\"breakdance-image-object\" src=\"https:\/\/ensude.com\/wp-content\/uploads\/2024\/09\/yalin.jpg\" width=\"2048\" height=\"2048\" srcset=\"https:\/\/ensude.com\/wp-content\/uploads\/2024\/09\/yalin.jpg 2048w, https:\/\/ensude.com\/wp-content\/uploads\/2024\/09\/yalin-640x640.jpg 640w, https:\/\/ensude.com\/wp-content\/uploads\/2024\/09\/yalin-1280x1280.jpg 1280w, https:\/\/ensude.com\/wp-content\/uploads\/2024\/09\/yalin-160x160.jpg 160w, https:\/\/ensude.com\/wp-content\/uploads\/2024\/09\/yalin-768x768.jpg 768w, https:\/\/ensude.com\/wp-content\/uploads\/2024\/09\/yalin-1536x1536.jpg 1536w, https:\/\/ensude.com\/wp-content\/uploads\/2024\/09\/yalin-300x300.jpg 300w, https:\/\/ensude.com\/wp-content\/uploads\/2024\/09\/yalin-600x600.jpg 600w\" sizes=\"auto, (max-width: 2048px) 100vw, 2048px\"><\/div>\n\t<\/div><\/figure>\n\n<\/div><div class=\"bde-image-1497-120 bde-image\">\n<figure class=\"breakdance-image breakdance-image--1504\">\n\t<div class=\"breakdance-image-container\">\n\t\t<div class=\"breakdance-image-clip\"><img loading=\"lazy\" decoding=\"async\" class=\"breakdance-image-object\" src=\"https:\/\/ensude.com\/wp-content\/uploads\/2024\/09\/hata.jpg\" width=\"2048\" height=\"2048\" srcset=\"https:\/\/ensude.com\/wp-content\/uploads\/2024\/09\/hata.jpg 2048w, https:\/\/ensude.com\/wp-content\/uploads\/2024\/09\/hata-640x640.jpg 640w, https:\/\/ensude.com\/wp-content\/uploads\/2024\/09\/hata-1280x1280.jpg 1280w, https:\/\/ensude.com\/wp-content\/uploads\/2024\/09\/hata-160x160.jpg 160w, https:\/\/ensude.com\/wp-content\/uploads\/2024\/09\/hata-768x768.jpg 768w, https:\/\/ensude.com\/wp-content\/uploads\/2024\/09\/hata-1536x1536.jpg 1536w, https:\/\/ensude.com\/wp-content\/uploads\/2024\/09\/hata-300x300.jpg 300w, https:\/\/ensude.com\/wp-content\/uploads\/2024\/09\/hata-600x600.jpg 600w\" sizes=\"auto, (max-width: 2048px) 100vw, 2048px\"><\/div>\n\t<\/div><\/figure>\n\n<\/div>\n<\/div><\/div><div class=\"bde-columns-1497-108 bde-columns\"><div class=\"bde-column-1497-109 bde-column\">\n  \n\t\n\n\n\n<div class=\"bde-image-1497-112 bde-image\">\n<figure class=\"breakdance-image breakdance-image--1501\">\n\t<div class=\"breakdance-image-container\">\n\t\t<div class=\"breakdance-image-clip\"><img loading=\"lazy\" decoding=\"async\" class=\"breakdance-image-object\" src=\"https:\/\/ensude.com\/wp-content\/uploads\/2024\/09\/ozel.jpg\" width=\"2048\" height=\"2048\" srcset=\"https:\/\/ensude.com\/wp-content\/uploads\/2024\/09\/ozel.jpg 2048w, https:\/\/ensude.com\/wp-content\/uploads\/2024\/09\/ozel-640x640.jpg 640w, https:\/\/ensude.com\/wp-content\/uploads\/2024\/09\/ozel-1280x1280.jpg 1280w, https:\/\/ensude.com\/wp-content\/uploads\/2024\/09\/ozel-160x160.jpg 160w, https:\/\/ensude.com\/wp-content\/uploads\/2024\/09\/ozel-768x768.jpg 768w, https:\/\/ensude.com\/wp-content\/uploads\/2024\/09\/ozel-1536x1536.jpg 1536w, https:\/\/ensude.com\/wp-content\/uploads\/2024\/09\/ozel-300x300.jpg 300w, https:\/\/ensude.com\/wp-content\/uploads\/2024\/09\/ozel-600x600.jpg 600w\" sizes=\"auto, (max-width: 2048px) 100vw, 2048px\"><\/div>\n\t<\/div><\/figure>\n\n<\/div>\n<\/div><div class=\"bde-column-1497-111 bde-column\">\n  \n\t\n\n\n\n<div class=\"bde-rich-text-1497-113 bde-rich-text breakdance-rich-text-styles\">\n<h1>Fikst\u00fcr Tasar\u0131m\u0131 ve Otomatikle\u015ftirilmi\u015f \u00d6zel Makineler<\/h1>\n<p>EnSuDe, fikst\u00fcr tasar\u0131m\u0131ndan otomatikle\u015ftirilmi\u015f \u00f6zel makine imalat\u0131na kadar geni\u015f bir yelpazede hizmet vermektedir. 20 y\u0131ldan fazla olan tecr\u00fcbesi ile EnSuDe Fikst\u00fcr tasar\u0131m\u0131n\u0131, par\u00e7alar\u0131n do\u011fru pozisyonda tutulmas\u0131 ve y\u00fcksek hassasiyetle i\u015flenmesini sa\u011flamas\u0131n\u0131n yan\u0131 s\u0131ra operatorun kolay kullan\u0131m\u0131 ve model d\u00f6n\u00fc\u015f\u00fcmlerinin minimize edilmesini hesaplayarak ger\u00e7ekle\u015ftirmektedir. Bu s\u00fcre\u00e7, \u00fcretim h\u0131z\u0131n\u0131z\u0131 art\u0131r\u0131rken, kalite ve tekrarlanabilirli\u011fi garantiler. Otomatikle\u015ftirilmi\u015f \u00f6zel makineler ise, spesifik \u00fcretim ihtiya\u00e7lar\u0131n\u0131za g\u00f6re tasarlanarak verimlili\u011fi en \u00fcst d\u00fczeye \u00e7\u0131kar\u0131r. Bu makineler, manuel i\u015flemlerdeki hata pay\u0131n\u0131 azaltarak, \u00fcretim s\u00fcresini k\u0131salt\u0131r ve operasyonel maliyetlerinizi d\u00fc\u015f\u00fcrmektedir.<\/p>\n<\/div>\n<\/div><\/div><div class=\"bde-columns-1497-114 bde-columns\"><div class=\"bde-column-1497-115 bde-column\">\n  \n\t\n\n\n\n<div class=\"bde-rich-text-1497-119 bde-rich-text breakdance-rich-text-styles\">\n<h1>G\u00fc\u00e7l\u00fc Tedarik Zinciri Y\u00f6netimi<\/h1>\n<p>Projelendirme s\u00fcre\u00e7lerimizde, EnSuDe olarak geni\u015f tedarik zinciri a\u011f\u0131m\u0131z\u0131 etkin bir \u015fekilde kullanarak, projelerinizin zaman\u0131nda ve b\u00fct\u00e7e dahilinde tamamlanmas\u0131n\u0131 sa\u011fl\u0131yoruz. Global \u00f6l\u00e7ekte tedarik\u00e7ilerimizle olan sa\u011flam ili\u015fkilerimiz, en kaliteli malzeme ve bile\u015fenlere en uygun fiyatlarla eri\u015fmemizi m\u00fcmk\u00fcn k\u0131lar. Bu da, size en iyi \u00e7\u00f6z\u00fcmleri sunarken maliyetlerinizi minimumda tutmam\u0131z\u0131 sa\u011flar.<\/p>\n<p>EnSuDe olarak, projelendirme s\u00fcre\u00e7lerimizde m\u00fc\u015fterilerimizin memnuniyetini en \u00fcst d\u00fczeyde tutmak i\u00e7in \u00e7al\u0131\u015f\u0131yoruz. M\u00fchendislik bilgimiz, sekt\u00f6rel deneyimimiz ve yenilik\u00e7i yakla\u015f\u0131mlar\u0131m\u0131zla projelerinizi hayata ge\u00e7irmek i\u00e7in buraday\u0131z.<\/p>\n<\/div>\n<\/div><div class=\"bde-column-1497-117 bde-column\">\n  \n\t\n\n\n\n<div class=\"bde-image-1497-116 bde-image\">\n<figure class=\"breakdance-image breakdance-image--1503\">\n\t<div class=\"breakdance-image-container\">\n\t\t<div class=\"breakdance-image-clip\"><img loading=\"lazy\" decoding=\"async\" class=\"breakdance-image-object\" src=\"https:\/\/ensude.com\/wp-content\/uploads\/2024\/09\/tedarik-2.jpg\" width=\"2048\" height=\"2048\" srcset=\"https:\/\/ensude.com\/wp-content\/uploads\/2024\/09\/tedarik-2.jpg 2048w, https:\/\/ensude.com\/wp-content\/uploads\/2024\/09\/tedarik-2-640x640.jpg 640w, https:\/\/ensude.com\/wp-content\/uploads\/2024\/09\/tedarik-2-1280x1280.jpg 1280w, https:\/\/ensude.com\/wp-content\/uploads\/2024\/09\/tedarik-2-160x160.jpg 160w, https:\/\/ensude.com\/wp-content\/uploads\/2024\/09\/tedarik-2-768x768.jpg 768w, https:\/\/ensude.com\/wp-content\/uploads\/2024\/09\/tedarik-2-1536x1536.jpg 1536w, https:\/\/ensude.com\/wp-content\/uploads\/2024\/09\/tedarik-2-300x300.jpg 300w, https:\/\/ensude.com\/wp-content\/uploads\/2024\/09\/tedarik-2-600x600.jpg 600w\" sizes=\"auto, (max-width: 2048px) 100vw, 2048px\"><\/div>\n\t<\/div><\/figure>\n\n<\/div>\n<\/div><\/div><\/div>\n<\/section><\/div>","protected":false},"excerpt":{"rendered":"<p>Projelendirme EnSuDe olarak, sekt\u00f6rdeki 20 y\u0131l\u0131 a\u015fan tecr\u00fcbemiz ve geni\u015f tedarik zincirimiz ile projelendirme s\u00fcre\u00e7lerinde m\u00fc\u015fterilerimize kapsaml\u0131 ve yenilik\u00e7i \u00e7\u00f6z\u00fcmler sunmaktay\u0131z. Amac\u0131m\u0131z, t\u00fcm m\u00fc\u015fterilerimizin ihtiya\u00e7lar\u0131na \u00f6zel, y\u00fcksek performansl\u0131 ve verimli sistemler tasarlayarak bunlar\u0131 hayata ge\u00e7irmektir. Projelendirme a\u015famas\u0131nda, i\u015fletmenizin gereksinimlerini ve hedeflerini, sizlerle birlikte kapsaml\u0131 analizler yaparak, ihtiyac\u0131n\u0131za \u00f6zel \u00e7\u00f6z\u00fcmler geli\u015ftiririz. Proje \u00c7\u00d6Z\u00dcMLER\u0130M\u0130Z Yal\u0131n \u00dcretim Sistemleri [&hellip;]<\/p>\n","protected":false},"author":1,"featured_media":0,"parent":0,"menu_order":0,"comment_status":"closed","ping_status":"closed","template":"","meta":{"_acf_changed":false,"_breakdance_hide_in_design_set":false,"_breakdance_tags":"","footnotes":""},"class_list":["post-1497","page","type-page","status-publish","hentry"],"acf":[],"_links":{"self":[{"href":"https:\/\/ensude.com\/index.php\/wp-json\/wp\/v2\/pages\/1497","targetHints":{"allow":["GET"]}}],"collection":[{"href":"https:\/\/ensude.com\/index.php\/wp-json\/wp\/v2\/pages"}],"about":[{"href":"https:\/\/ensude.com\/index.php\/wp-json\/wp\/v2\/types\/page"}],"author":[{"embeddable":true,"href":"https:\/\/ensude.com\/index.php\/wp-json\/wp\/v2\/users\/1"}],"replies":[{"embeddable":true,"href":"https:\/\/ensude.com\/index.php\/wp-json\/wp\/v2\/comments?post=1497"}],"version-history":[{"count":11,"href":"https:\/\/ensude.com\/index.php\/wp-json\/wp\/v2\/pages\/1497\/revisions"}],"predecessor-version":[{"id":3178,"href":"https:\/\/ensude.com\/index.php\/wp-json\/wp\/v2\/pages\/1497\/revisions\/3178"}],"wp:attachment":[{"href":"https:\/\/ensude.com\/index.php\/wp-json\/wp\/v2\/media?parent=1497"}],"curies":[{"name":"wp","href":"https:\/\/api.w.org\/{rel}","templated":true}]}}