{"id":1469,"date":"2024-09-15T13:22:04","date_gmt":"2024-09-15T13:22:04","guid":{"rendered":"https:\/\/ensude.com\/?page_id=1469"},"modified":"2025-03-23T20:19:31","modified_gmt":"2025-03-23T20:19:31","slug":"paslanmaz-ve-aluminyum-hava-bicaklari","status":"publish","type":"page","link":"https:\/\/ensude.com\/index.php\/paslanmaz-ve-aluminyum-hava-bicaklari\/","title":{"rendered":"Paslanmaz ve Al\u00fcminyum Hava B\u0131\u00e7aklar\u0131"},"content":{"rendered":"<div class='breakdance'><section class=\"bde-section-1469-100 bde-section\">\n  \n\t\n\n\n\n<div class=\"section-container\"><h1 class=\"bde-heading-1469-101 bde-heading\">\nPaslanmaz \u00c7elik Hava B\u0131\u00e7aklar\u0131\n<\/h1><div class=\"bde-columns-1469-102 bde-columns\"><div class=\"bde-column-1469-103 bde-column\">\n  \n\t\n\n\n\n<div class=\"bde-image-1469-104 bde-image\">\n<figure class=\"breakdance-image breakdance-image--1472 breakdance-image--caption-below\">\n\t<div class=\"breakdance-image-container\">\n\t\t<div class=\"breakdance-image-clip\"><img loading=\"lazy\" decoding=\"async\" class=\"breakdance-image-object\" src=\"https:\/\/ensude.com\/wp-content\/uploads\/2024\/09\/paslanmazcelik.png\" width=\"298\" height=\"274\" sizes=\"auto, (max-width: 298px) 100vw, 298px\"><\/div>\n\t<\/div><\/figure>\n\n<\/div>\n<\/div><div class=\"bde-column-1469-105 bde-column\">\n  \n\t\n\n\n\n<div class=\"bde-rich-text-1469-106 bde-rich-text breakdance-rich-text-styles\">\n<p class=\"font_8 wixui-rich-text__text\"><span class=\"wixui-rich-text__text\">Paslanmaz \u00e7elik hava b\u0131\u00e7aklar\u0131 zorlu end\u00fcstriyel ortamlar i\u00e7in \u00f6zel olarak tasarlanm\u0131\u015ft\u0131r. Bunun yan\u0131nda\u00a0a\u015f\u0131nd\u0131r\u0131c\u0131 veya \u0131slak\u00a0ortamlarda y\u00fcksek kaliteli performans sa\u011flar. \u00dcr\u00fcnle ilgili detayl\u0131 bilgi i\u00e7in bizlere ula\u015fabilirsiniz.<\/span><\/p>\n<p class=\"font_8 wixui-rich-text__text\"><span class=\"wixui-rich-text__text\">Ana \u00d6zellikler:<\/span><\/p>\n<ul>\n<li class=\"font_8 wixui-rich-text__text\"><span class=\"wixui-rich-text__text\">Zorlu, a\u015f\u0131nd\u0131r\u0131c\u0131, y\u0131kama veya s\u0131hhi ortamlar i\u00e7in idealdir.<\/span><\/li>\n<li class=\"font_8 wixui-rich-text__text\"><span class=\"wixui-rich-text__text\">Yiyecek, i\u00e7ecek ve ila\u00e7 end\u00fcstrisi uygulamalar\u0131.<\/span><\/li>\n<li class=\"font_8 wixui-rich-text__text\"><span class=\"wixui-rich-text__text\">FDA Uyumlu 304 Paslanmaz \u00c7elik.<\/span><\/li>\n<li><span class=\"wixui-rich-text__text\">Y\u00fcksek verimlilik \/ y\u00fcksek penetrasyonlu 'Hassas' hava ak\u0131\u015flar\u0131.<\/span><\/li>\n<li><span class=\"wixui-rich-text__text\">\u00d6zel tasar\u0131m, optimum hava h\u0131z\u0131 iletimi ve \u00e7\u0131k\u0131\u015f h\u0131z\u0131 \u00fcretir.<\/span><\/li>\n<li><span class=\"wixui-rich-text__text\">\u00c7e\u015fitli giri\u015f ve montaj konfig\u00fcrasyonlar\u0131.<\/span><\/li>\n<li><span class=\"wixui-rich-text__text\">En d\u00fc\u015f\u00fck i\u015fletme maliyeti (kurutma i\u00e7in daha az enerji ve daha az hava gerekir)<\/span><\/li>\n<\/ul>\n<\/div>\n<\/div><\/div><div class=\"bde-columns-1469-107 bde-columns\"><div class=\"bde-column-1469-108 bde-column\">\n  \n\t\n\n\n\n<div class=\"bde-icon-1469-109 bde-icon\">\n\n    \n                    \n            \n            \n\n    \n    \n    \n    \n    \n    <a class=\"breakdance-link bde-icon-icon breakdance-icon-atom\" href=\"https:\/\/ensude.com\/wp-content\/uploads\/2024\/07\/Paslanmaz-Celik-Hava-Bicagi-Brosur.pdf\" target=\"_blank\" data-type=\"url\"  >\n\n    \n                    <svg xmlns=\"http:\/\/www.w3.org\/2000\/svg\" viewBox=\"0 0 512 512\"><!--! Font Awesome Free 6.5.1 by @fontawesome - https:\/\/fontawesome.com License - https:\/\/fontawesome.com\/license\/free (Icons: CC BY 4.0, Fonts: SIL OFL 1.1, Code: MIT License) Copyright 2023 Fonticons, Inc. --><path d=\"M64 464l48 0 0 48-48 0c-35.3 0-64-28.7-64-64L0 64C0 28.7 28.7 0 64 0L229.5 0c17 0 33.3 6.7 45.3 18.7l90.5 90.5c12 12 18.7 28.3 18.7 45.3L384 304l-48 0 0-144-80 0c-17.7 0-32-14.3-32-32l0-80L64 48c-8.8 0-16 7.2-16 16l0 384c0 8.8 7.2 16 16 16zM176 352l32 0c30.9 0 56 25.1 56 56s-25.1 56-56 56l-16 0 0 32c0 8.8-7.2 16-16 16s-16-7.2-16-16l0-48 0-80c0-8.8 7.2-16 16-16zm32 80c13.3 0 24-10.7 24-24s-10.7-24-24-24l-16 0 0 48 16 0zm96-80l32 0c26.5 0 48 21.5 48 48l0 64c0 26.5-21.5 48-48 48l-32 0c-8.8 0-16-7.2-16-16l0-128c0-8.8 7.2-16 16-16zm32 128c8.8 0 16-7.2 16-16l0-64c0-8.8-7.2-16-16-16l-16 0 0 96 16 0zm80-112c0-8.8 7.2-16 16-16l48 0c8.8 0 16 7.2 16 16s-7.2 16-16 16l-32 0 0 32 32 0c8.8 0 16 7.2 16 16s-7.2 16-16 16l-32 0 0 48c0 8.8-7.2 16-16 16s-16-7.2-16-16l0-64 0-64z\"\/><\/svg>\n        \n        \n        \n                <\/a>\n\n    \n\n\n<\/div><a class=\"bde-text-link-1469-110 bde-text-link breakdance-link\" href=\"https:\/\/ensude.com\/wp-content\/uploads\/2024\/07\/Paslanmaz-Celik-Hava-Bicagi-Brosur.pdf\" target=\"_blank\" data-type=\"url\">\n  Paslanmaz \u00c7elik Hava B\u0131\u00e7a\u011f\u0131 Bro\u015f\u00fcr\n\n<\/a>\n<\/div><\/div><div class=\"bde-columns-1469-117 bde-columns\"><div class=\"bde-column-1469-118 bde-column\">\n  \n\t\n\n\n\n<div class=\"bde-image-1469-120 bde-image\">\n<figure class=\"breakdance-image breakdance-image--1473\">\n\t<div class=\"breakdance-image-container\">\n\t\t<div class=\"breakdance-image-clip\"><img loading=\"lazy\" decoding=\"async\" class=\"breakdance-image-object\" src=\"https:\/\/ensude.com\/wp-content\/uploads\/2024\/09\/havabicaktablo.png\" width=\"533\" height=\"182\" sizes=\"auto, (max-width: 533px) 100vw, 533px\"><\/div>\n\t<\/div><\/figure>\n\n<\/div>\n<\/div><div class=\"bde-column-1469-119 bde-column\">\n  \n\t\n\n\n\n<div class=\"bde-image-1469-121 bde-image\">\n<figure class=\"breakdance-image breakdance-image--1474\">\n\t<div class=\"breakdance-image-container\">\n\t\t<div class=\"breakdance-image-clip\"><img loading=\"lazy\" decoding=\"async\" class=\"breakdance-image-object\" src=\"https:\/\/ensude.com\/wp-content\/uploads\/2024\/09\/nozzles.webp\" width=\"345\" height=\"229\" sizes=\"auto, (max-width: 345px) 100vw, 345px\"><\/div>\n\t<\/div><\/figure>\n\n<\/div>\n<\/div><\/div><h1 class=\"bde-heading-1469-122 bde-heading\">\nAl\u00fcminyum Hava B\u0131\u00e7aklar\u0131\n<\/h1><div class=\"bde-columns-1469-123 bde-columns\"><div class=\"bde-column-1469-124 bde-column\">\n  \n\t\n\n\n\n<div class=\"bde-image-1469-125 bde-image\">\n<figure class=\"breakdance-image breakdance-image--1477 breakdance-image--caption-below\">\n\t<div class=\"breakdance-image-container\">\n\t\t<div class=\"breakdance-image-clip\"><img loading=\"lazy\" decoding=\"async\" class=\"breakdance-image-object\" src=\"https:\/\/ensude.com\/wp-content\/uploads\/2024\/09\/alubicak.png\" width=\"334\" height=\"298\" sizes=\"auto, (max-width: 334px) 100vw, 334px\"><\/div>\n\t<\/div><\/figure>\n\n<\/div>\n<\/div><div class=\"bde-column-1469-126 bde-column\">\n  \n\t\n\n\n\n<div class=\"bde-rich-text-1469-127 bde-rich-text breakdance-rich-text-styles\">\n<p class=\"font_8 wixui-rich-text__text\"><span class=\"wixui-rich-text__text\">Ekstr\u00fcde Al\u00fcminyum Hava B\u0131\u00e7aklar\u0131, 'hassas' hava ak\u0131\u015flar\u0131n\u0131n yan\u0131 s\u0131ra uzun \u00f6m\u00fcr sa\u011flayan \u00e7ok \u00e7e\u015fitli end\u00fcstriyel ortamlar i\u00e7in uygundur.<\/span><\/p>\n<p class=\"font_8 wixui-rich-text__text\"><span class=\"wixui-rich-text__text\">Ana \u00d6zellikler:<\/span><\/p>\n<ul>\n<li class=\"font_8 wixui-rich-text__text\"><span class=\"wixui-rich-text__text\">Tam kurutma ve \u00a0performans sa\u011flar.<\/span><\/li>\n<li class=\"font_8 wixui-rich-text__text\"><span class=\"wixui-rich-text__text\">Y\u00fcksek verimlilik \/ y\u00fcksek penetrasyonlu 'Hassas' hava ak\u0131\u015flar\u0131 olu\u015fturur.<\/span><\/li>\n<li class=\"font_8 wixui-rich-text__text\"><span class=\"wixui-rich-text__text\">\u00c7e\u015fitli giri\u015f ve montaj konfig\u00fcrasyonlar\u0131 mevcuttur.<\/span><\/li>\n<li class=\"font_8 wixui-rich-text__text\"><span class=\"wixui-rich-text__text\">\u00d6zel tasar\u0131m, optimum hava h\u0131z\u0131 iletimi ve \u00e7\u0131k\u0131\u015f h\u0131z\u0131 \u00fcretir.<\/span><\/li>\n<li class=\"font_8 wixui-rich-text__text\"><span class=\"wixui-rich-text__text\">En d\u00fc\u015f\u00fck i\u015fletme maliyeti (kurutma i\u00e7in daha az enerji ve daha az hava gerekir)<\/span><\/li>\n<li class=\"font_8 wixui-rich-text__text\"><span class=\"wixui-rich-text__text\">Dayan\u0131kl\u0131l\u0131k ve uzun \u00f6m\u00fcr i\u00e7in sert eloksall\u0131 koruyucu kaplama.<\/span><\/li>\n<li class=\"font_8 wixui-rich-text__text\"><span class=\"wixui-rich-text__text\">Y\u00fcksek kaliteli ekstr\u00fczyon al\u00fcminyum yap\u0131.<\/span><\/li>\n<\/ul>\n<p class=\"font_8 wixui-rich-text__text\"><span class=\"wixui-rich-text__text\">\u00dcr\u00fcn \u0130\u00e7eri\u011fi:<\/span><\/p>\n<ul>\n<li class=\"font_8 wixui-rich-text__text\"><span class=\"wixui-rich-text__text\">Paslanmaz \u00c7elik Ba\u011flant\u0131 Elemanlar\u0131 ile Eloksall\u0131 Al\u00fcminyum Ala\u015f\u0131m AA25 (304).<\/span><\/li>\n<li class=\"font_8 wixui-rich-text__text\"><span class=\"wixui-rich-text__text\">\u00dc\u00e7 profil boyutu mevcuttur - 82mm, 101mm ve 137mm.<\/span><\/li>\n<li class=\"font_8 wixui-rich-text__text\"><span class=\"wixui-rich-text__text\">Maksimum 3,5 metre uzunlu\u011funda 10 mm'lik art\u0131\u015flarla mevcuttur.<\/span><\/li>\n<li class=\"font_8 wixui-rich-text__text\"><span class=\"wixui-rich-text__text\">Saplamalar \/ a\u011f\u0131zl\u0131klar ve di\u015f a\u00e7\u0131lm\u0131\u015f delikler gibi \u00e7e\u015fitli montaj se\u00e7enekleri mevcuttur.<\/span><\/li>\n<li class=\"font_8 wixui-rich-text__text\"><span class=\"wixui-rich-text__text\">Daha uzun Hava B\u0131\u00e7aklar\u0131 i\u00e7in \u00e7oklu giri\u015fler gereklidir.<\/span><\/li>\n<li class=\"font_8 wixui-rich-text__text\"><span class=\"wixui-rich-text__text\">Hafif tasar\u0131m:<\/span><span class=\"wixui-rich-text__text\">\u00a0 \u00a0 82mm profil = metre ba\u015f\u0131na 0.23kg + 1.96kg<br \/><\/span><span class=\"wixui-rich-text__text\">\u00a0 \u00a0 \u00a0 \u00a0 \u00a0 \u00a0 \u00a0 \u00a0 \u00a0 \u00a0 \u00a0 \u00a0 \u00a0 \u00a0 \u00a0 101mm profil = metre ba\u015f\u0131na 0.27kg + 2.3kg<br \/><\/span><span class=\"wixui-rich-text__text\">\u00a0 \u00a0 \u00a0 \u00a0 \u00a0 \u00a0 \u00a0 \u00a0 \u00a0 \u00a0 \u00a0 \u00a0 \u00a0 \u00a0 \u00a0 137mm profil = metre ba\u015f\u0131na 0.38kg + 3.6kg<\/span><\/li>\n<\/ul>\n<\/div>\n<\/div><\/div><div class=\"bde-columns-1469-131 bde-columns\"><div class=\"bde-column-1469-132 bde-column\">\n  \n\t\n\n\n\n<div class=\"bde-icon-1469-133 bde-icon\">\n\n    \n                    \n            \n            \n\n    \n    \n    \n    \n    \n    <a class=\"breakdance-link bde-icon-icon breakdance-icon-atom\" href=\"https:\/\/ensude.com\/wp-content\/uploads\/2024\/07\/Aluminyum-Hava-Bicaklari-Brosur.pdf\" target=\"_blank\" data-type=\"url\"  >\n\n    \n                    <svg xmlns=\"http:\/\/www.w3.org\/2000\/svg\" viewBox=\"0 0 512 512\"><!--! Font Awesome Free 6.5.1 by @fontawesome - https:\/\/fontawesome.com License - https:\/\/fontawesome.com\/license\/free (Icons: CC BY 4.0, Fonts: SIL OFL 1.1, Code: MIT License) Copyright 2023 Fonticons, Inc. --><path d=\"M64 464l48 0 0 48-48 0c-35.3 0-64-28.7-64-64L0 64C0 28.7 28.7 0 64 0L229.5 0c17 0 33.3 6.7 45.3 18.7l90.5 90.5c12 12 18.7 28.3 18.7 45.3L384 304l-48 0 0-144-80 0c-17.7 0-32-14.3-32-32l0-80L64 48c-8.8 0-16 7.2-16 16l0 384c0 8.8 7.2 16 16 16zM176 352l32 0c30.9 0 56 25.1 56 56s-25.1 56-56 56l-16 0 0 32c0 8.8-7.2 16-16 16s-16-7.2-16-16l0-48 0-80c0-8.8 7.2-16 16-16zm32 80c13.3 0 24-10.7 24-24s-10.7-24-24-24l-16 0 0 48 16 0zm96-80l32 0c26.5 0 48 21.5 48 48l0 64c0 26.5-21.5 48-48 48l-32 0c-8.8 0-16-7.2-16-16l0-128c0-8.8 7.2-16 16-16zm32 128c8.8 0 16-7.2 16-16l0-64c0-8.8-7.2-16-16-16l-16 0 0 96 16 0zm80-112c0-8.8 7.2-16 16-16l48 0c8.8 0 16 7.2 16 16s-7.2 16-16 16l-32 0 0 32 32 0c8.8 0 16 7.2 16 16s-7.2 16-16 16l-32 0 0 48c0 8.8-7.2 16-16 16s-16-7.2-16-16l0-64 0-64z\"\/><\/svg>\n        \n        \n        \n                <\/a>\n\n    \n\n\n<\/div><a class=\"bde-text-link-1469-134 bde-text-link breakdance-link\" href=\"https:\/\/ensude.com\/wp-content\/uploads\/2024\/07\/Aluminyum-Hava-Bicaklari-Brosur.pdf\" target=\"_blank\" data-type=\"url\">\n  Al\u00fcminyum Hava B\u0131\u00e7a\u011f\u0131 Bro\u015f\u00fcr\n\n<\/a>\n<\/div><\/div><div class=\"bde-columns-1469-138 bde-columns\"><div class=\"bde-column-1469-139 bde-column\">\n  \n\t\n\n\n\n<div class=\"bde-image-1469-140 bde-image\">\n<figure class=\"breakdance-image breakdance-image--1479\">\n\t<div class=\"breakdance-image-container\">\n\t\t<div class=\"breakdance-image-clip\"><img loading=\"lazy\" decoding=\"async\" class=\"breakdance-image-object\" src=\"https:\/\/ensude.com\/wp-content\/uploads\/2024\/09\/alutablo.png\" width=\"533\" height=\"182\" sizes=\"auto, (max-width: 533px) 100vw, 533px\"><\/div>\n\t<\/div><\/figure>\n\n<\/div>\n<\/div><div class=\"bde-column-1469-141 bde-column\">\n  \n\t\n\n\n\n<div class=\"bde-image-1469-142 bde-image\">\n<figure class=\"breakdance-image breakdance-image--1480\">\n\t<div class=\"breakdance-image-container\">\n\t\t<div class=\"breakdance-image-clip\"><img loading=\"lazy\" decoding=\"async\" class=\"breakdance-image-object\" src=\"https:\/\/ensude.com\/wp-content\/uploads\/2024\/09\/air-knives.webp\" width=\"374\" height=\"245\" sizes=\"auto, (max-width: 374px) 100vw, 374px\"><\/div>\n\t<\/div><\/figure>\n\n<\/div>\n<\/div><\/div><\/div>\n<\/section><\/div>","protected":false},"excerpt":{"rendered":"<p>Paslanmaz \u00c7elik Hava B\u0131\u00e7aklar\u0131 Paslanmaz \u00e7elik hava b\u0131\u00e7aklar\u0131 zorlu end\u00fcstriyel ortamlar i\u00e7in \u00f6zel olarak tasarlanm\u0131\u015ft\u0131r. Bunun yan\u0131nda\u00a0a\u015f\u0131nd\u0131r\u0131c\u0131 veya \u0131slak\u00a0ortamlarda y\u00fcksek kaliteli performans sa\u011flar. \u00dcr\u00fcnle ilgili detayl\u0131 bilgi i\u00e7in bizlere ula\u015fabilirsiniz. Ana \u00d6zellikler: Zorlu, a\u015f\u0131nd\u0131r\u0131c\u0131, y\u0131kama veya s\u0131hhi ortamlar i\u00e7in idealdir. Yiyecek, i\u00e7ecek ve ila\u00e7 end\u00fcstrisi uygulamalar\u0131. FDA Uyumlu 304 Paslanmaz \u00c7elik. Y\u00fcksek verimlilik \/ y\u00fcksek [&hellip;]<\/p>\n","protected":false},"author":1,"featured_media":0,"parent":0,"menu_order":0,"comment_status":"closed","ping_status":"closed","template":"","meta":{"_acf_changed":false,"_breakdance_hide_in_design_set":false,"_breakdance_tags":"","footnotes":""},"class_list":["post-1469","page","type-page","status-publish","hentry"],"acf":[],"_links":{"self":[{"href":"https:\/\/ensude.com\/index.php\/wp-json\/wp\/v2\/pages\/1469","targetHints":{"allow":["GET"]}}],"collection":[{"href":"https:\/\/ensude.com\/index.php\/wp-json\/wp\/v2\/pages"}],"about":[{"href":"https:\/\/ensude.com\/index.php\/wp-json\/wp\/v2\/types\/page"}],"author":[{"embeddable":true,"href":"https:\/\/ensude.com\/index.php\/wp-json\/wp\/v2\/users\/1"}],"replies":[{"embeddable":true,"href":"https:\/\/ensude.com\/index.php\/wp-json\/wp\/v2\/comments?post=1469"}],"version-history":[{"count":7,"href":"https:\/\/ensude.com\/index.php\/wp-json\/wp\/v2\/pages\/1469\/revisions"}],"predecessor-version":[{"id":3209,"href":"https:\/\/ensude.com\/index.php\/wp-json\/wp\/v2\/pages\/1469\/revisions\/3209"}],"wp:attachment":[{"href":"https:\/\/ensude.com\/index.php\/wp-json\/wp\/v2\/media?parent=1469"}],"curies":[{"name":"wp","href":"https:\/\/api.w.org\/{rel}","templated":true}]}}