{"id":1443,"date":"2024-09-15T12:26:08","date_gmt":"2024-09-15T12:26:08","guid":{"rendered":"https:\/\/ensude.com\/?page_id=1443"},"modified":"2025-03-23T20:18:38","modified_gmt":"2025-03-23T20:18:38","slug":"basinc-ve-sicaklik-sensorleri","status":"publish","type":"page","link":"https:\/\/ensude.com\/index.php\/basinc-ve-sicaklik-sensorleri\/","title":{"rendered":"Bas\u0131n\u00e7 ve S\u0131cakl\u0131k Sens\u00f6rleri"},"content":{"rendered":"<div class='breakdance'><section class=\"bde-section-1443-100 bde-section\">\n  \n\t\n\n\n\n<div class=\"section-container\"><h1 class=\"bde-heading-1443-101 bde-heading\">\nBas\u0131n\u00e7 Sens\u00f6r\u00fc\n<\/h1><div class=\"bde-columns-1443-102 bde-columns\"><div class=\"bde-column-1443-103 bde-column\">\n  \n\t\n\n\n\n<div class=\"bde-image-1443-104 bde-image\">\n<figure class=\"breakdance-image breakdance-image--1447 breakdance-image--caption-below\">\n\t<div class=\"breakdance-image-container\">\n\t\t<div class=\"breakdance-image-clip\"><img loading=\"lazy\" decoding=\"async\" class=\"breakdance-image-object\" src=\"https:\/\/ensude.com\/wp-content\/uploads\/2024\/09\/basinc.png\" width=\"277\" height=\"144\" sizes=\"auto, (max-width: 277px) 100vw, 277px\"><\/div>\n\t<\/div><figcaption class=\"breakdance-image__caption\">Farkl\u0131 bas\u0131n\u00e7 aral\u0131klar\u0131..<\/figcaption><\/figure>\n\n<\/div>\n<\/div><div class=\"bde-column-1443-105 bde-column\">\n  \n\t\n\n\n\n<div class=\"bde-rich-text-1443-106 bde-rich-text breakdance-rich-text-styles\">\n<p class=\"font_8 wixui-rich-text__text\"><span class=\"wixui-rich-text__text\">\u00d6zellikler:<\/span><\/p>\n<ul>\n<li class=\"font_8 wixui-rich-text__text\"><span class=\"wixui-rich-text__text\">Y\u00fcksek hassasiyet ve uygun fiyatl\u0131 end\u00fcstriyel bas\u0131n\u00e7 sens\u00f6r\u00fc<\/span><\/li>\n<li class=\"font_8 wixui-rich-text__text\"><span class=\"wixui-rich-text__text\">M\u00fckemmel parazit \u00f6nleme \u00f6zelli\u011fi (EMC, EMI)<\/span><\/li>\n<li class=\"font_8 wixui-rich-text__text\"><span class=\"wixui-rich-text__text\">IP67 korumas\u0131<\/span><\/li>\n<li class=\"font_8 wixui-rich-text__text\"><span class=\"wixui-rich-text__text\">4-20 mA d\u00f6ng\u00fc beslemeli ve Modbus RTU tipi mevcut<\/span><\/li>\n<li class=\"font_8 wixui-rich-text__text\"><span class=\"wixui-rich-text__text\">End\u00fcstriyel sistemler \u2022 Hidrolik sistemler \u2022 Pn\u00f6matik sistemler<\/span><\/li>\n<li class=\"font_8 wixui-rich-text__text\"><span class=\"wixui-rich-text__text\">End\u00fcstriyel motorlar \u2022 HVAC \/ R ekipman\u0131 \u2022 Pompalar<\/span><\/li>\n<li class=\"font_8 wixui-rich-text__text\"><span class=\"wixui-rich-text__text\">P\u00fcsk\u00fcrtme sistemleri \u2022 So\u011futma Sistemleri i\u00e7in uygundur.<\/span><\/li>\n<\/ul>\n<p class=\"font_8 wixui-rich-text__text\"><span class=\"wixui-rich-text__text\"><span class=\"wixGuard wixui-rich-text__text\">\u200b<\/span><\/span><span class=\"wixui-rich-text__text\">Detayl\u0131 teknik veriler i\u00e7in l\u00fctfen bize ula\u015f\u0131n\u0131z veya<\/span><span class=\"wixui-rich-text__text\">\u00a0a\u015fa\u011f\u0131daki ilgili d\u00f6k\u00fcmanlar\u0131 inceleyiniz.<\/span><\/p>\n<\/div>\n<\/div><\/div><div class=\"bde-columns-1443-107 bde-columns\"><div class=\"bde-column-1443-108 bde-column\">\n  \n\t\n\n\n\n<div class=\"bde-icon-1443-109 bde-icon\">\n\n    \n                    \n            \n            \n\n    \n    \n    \n    \n    \n    <a class=\"breakdance-link bde-icon-icon breakdance-icon-atom\" href=\"https:\/\/ensude.com\/wp-content\/uploads\/2024\/07\/SUTO_S010-S011-PRESSURE-TRANSMITTER-CATALOG.pdf\" target=\"_blank\" data-type=\"url\"  >\n\n    \n                    <svg xmlns=\"http:\/\/www.w3.org\/2000\/svg\" viewBox=\"0 0 512 512\"><!--! Font Awesome Free 6.5.1 by @fontawesome - https:\/\/fontawesome.com License - https:\/\/fontawesome.com\/license\/free (Icons: CC BY 4.0, Fonts: SIL OFL 1.1, Code: MIT License) Copyright 2023 Fonticons, Inc. --><path d=\"M64 464l48 0 0 48-48 0c-35.3 0-64-28.7-64-64L0 64C0 28.7 28.7 0 64 0L229.5 0c17 0 33.3 6.7 45.3 18.7l90.5 90.5c12 12 18.7 28.3 18.7 45.3L384 304l-48 0 0-144-80 0c-17.7 0-32-14.3-32-32l0-80L64 48c-8.8 0-16 7.2-16 16l0 384c0 8.8 7.2 16 16 16zM176 352l32 0c30.9 0 56 25.1 56 56s-25.1 56-56 56l-16 0 0 32c0 8.8-7.2 16-16 16s-16-7.2-16-16l0-48 0-80c0-8.8 7.2-16 16-16zm32 80c13.3 0 24-10.7 24-24s-10.7-24-24-24l-16 0 0 48 16 0zm96-80l32 0c26.5 0 48 21.5 48 48l0 64c0 26.5-21.5 48-48 48l-32 0c-8.8 0-16-7.2-16-16l0-128c0-8.8 7.2-16 16-16zm32 128c8.8 0 16-7.2 16-16l0-64c0-8.8-7.2-16-16-16l-16 0 0 96 16 0zm80-112c0-8.8 7.2-16 16-16l48 0c8.8 0 16 7.2 16 16s-7.2 16-16 16l-32 0 0 32 32 0c8.8 0 16 7.2 16 16s-7.2 16-16 16l-32 0 0 48c0 8.8-7.2 16-16 16s-16-7.2-16-16l0-64 0-64z\"\/><\/svg>\n        \n        \n        \n                <\/a>\n\n    \n\n\n<\/div><a class=\"bde-text-link-1443-110 bde-text-link breakdance-link\" href=\"https:\/\/ensude.com\/wp-content\/uploads\/2024\/07\/SUTO_S010-S011-PRESSURE-TRANSMITTER-CATALOG.pdf\" target=\"_blank\" data-type=\"url\">\n  Bas\u0131n\u00e7 Sens\u00f6r\u00fc Bro\u015f\u00fcr\n\n<\/a>\n<\/div><div class=\"bde-column-1443-111 bde-column\">\n  \n\t\n\n\n\n<div class=\"bde-icon-1443-112 bde-icon\">\n\n    \n                    \n            \n            \n\n    \n    \n    \n    \n    \n    <a class=\"breakdance-link bde-icon-icon breakdance-icon-atom\" href=\"https:\/\/ensude.com\/wp-content\/uploads\/2024\/07\/S010_MANUAL.pdf\" target=\"_blank\" data-type=\"url\"  >\n\n    \n                    <svg xmlns=\"http:\/\/www.w3.org\/2000\/svg\" viewBox=\"0 0 512 512\"><!--! Font Awesome Free 6.5.1 by @fontawesome - https:\/\/fontawesome.com License - https:\/\/fontawesome.com\/license\/free (Icons: CC BY 4.0, Fonts: SIL OFL 1.1, Code: MIT License) Copyright 2023 Fonticons, Inc. --><path d=\"M64 464l48 0 0 48-48 0c-35.3 0-64-28.7-64-64L0 64C0 28.7 28.7 0 64 0L229.5 0c17 0 33.3 6.7 45.3 18.7l90.5 90.5c12 12 18.7 28.3 18.7 45.3L384 304l-48 0 0-144-80 0c-17.7 0-32-14.3-32-32l0-80L64 48c-8.8 0-16 7.2-16 16l0 384c0 8.8 7.2 16 16 16zM176 352l32 0c30.9 0 56 25.1 56 56s-25.1 56-56 56l-16 0 0 32c0 8.8-7.2 16-16 16s-16-7.2-16-16l0-48 0-80c0-8.8 7.2-16 16-16zm32 80c13.3 0 24-10.7 24-24s-10.7-24-24-24l-16 0 0 48 16 0zm96-80l32 0c26.5 0 48 21.5 48 48l0 64c0 26.5-21.5 48-48 48l-32 0c-8.8 0-16-7.2-16-16l0-128c0-8.8 7.2-16 16-16zm32 128c8.8 0 16-7.2 16-16l0-64c0-8.8-7.2-16-16-16l-16 0 0 96 16 0zm80-112c0-8.8 7.2-16 16-16l48 0c8.8 0 16 7.2 16 16s-7.2 16-16 16l-32 0 0 32 32 0c8.8 0 16 7.2 16 16s-7.2 16-16 16l-32 0 0 48c0 8.8-7.2 16-16 16s-16-7.2-16-16l0-64 0-64z\"\/><\/svg>\n        \n        \n        \n                <\/a>\n\n    \n\n\n<\/div><a class=\"bde-text-link-1443-113 bde-text-link breakdance-link\" href=\"https:\/\/ensude.com\/wp-content\/uploads\/2024\/07\/S010_MANUAL.pdf\" target=\"_blank\" data-type=\"url\">\n  S010 User Manual (Eng)\n\n<\/a>\n<\/div><div class=\"bde-column-1443-114 bde-column\">\n  \n\t\n\n\n\n<div class=\"bde-icon-1443-115 bde-icon\">\n\n    \n                    \n            \n            \n\n    \n    \n    \n    \n    \n    <a class=\"breakdance-link bde-icon-icon breakdance-icon-atom\" href=\"https:\/\/ensude.com\/wp-content\/uploads\/2024\/07\/S011_MANUAL.pdf\" target=\"_blank\" data-type=\"url\"  >\n\n    \n                    <svg xmlns=\"http:\/\/www.w3.org\/2000\/svg\" viewBox=\"0 0 512 512\"><!--! Font Awesome Free 6.5.1 by @fontawesome - https:\/\/fontawesome.com License - https:\/\/fontawesome.com\/license\/free (Icons: CC BY 4.0, Fonts: SIL OFL 1.1, Code: MIT License) Copyright 2023 Fonticons, Inc. --><path d=\"M64 464l48 0 0 48-48 0c-35.3 0-64-28.7-64-64L0 64C0 28.7 28.7 0 64 0L229.5 0c17 0 33.3 6.7 45.3 18.7l90.5 90.5c12 12 18.7 28.3 18.7 45.3L384 304l-48 0 0-144-80 0c-17.7 0-32-14.3-32-32l0-80L64 48c-8.8 0-16 7.2-16 16l0 384c0 8.8 7.2 16 16 16zM176 352l32 0c30.9 0 56 25.1 56 56s-25.1 56-56 56l-16 0 0 32c0 8.8-7.2 16-16 16s-16-7.2-16-16l0-48 0-80c0-8.8 7.2-16 16-16zm32 80c13.3 0 24-10.7 24-24s-10.7-24-24-24l-16 0 0 48 16 0zm96-80l32 0c26.5 0 48 21.5 48 48l0 64c0 26.5-21.5 48-48 48l-32 0c-8.8 0-16-7.2-16-16l0-128c0-8.8 7.2-16 16-16zm32 128c8.8 0 16-7.2 16-16l0-64c0-8.8-7.2-16-16-16l-16 0 0 96 16 0zm80-112c0-8.8 7.2-16 16-16l48 0c8.8 0 16 7.2 16 16s-7.2 16-16 16l-32 0 0 32 32 0c8.8 0 16 7.2 16 16s-7.2 16-16 16l-32 0 0 48c0 8.8-7.2 16-16 16s-16-7.2-16-16l0-64 0-64z\"\/><\/svg>\n        \n        \n        \n                <\/a>\n\n    \n\n\n<\/div><a class=\"bde-text-link-1443-116 bde-text-link breakdance-link\" href=\"https:\/\/ensude.com\/wp-content\/uploads\/2024\/07\/S011_MANUAL.pdf\" target=\"_blank\" data-type=\"url\">\n  S011 User Manual (Eng)\n\n<\/a>\n<\/div><\/div><h1 class=\"bde-heading-1443-117 bde-heading\">\nS\u0131cakl\u0131k Sens\u00f6r\u00fc\n<\/h1><div class=\"bde-columns-1443-118 bde-columns\"><div class=\"bde-column-1443-119 bde-column\">\n  \n\t\n\n\n\n<div class=\"bde-image-1443-120 bde-image\">\n<figure class=\"breakdance-image breakdance-image--1448 breakdance-image--caption-below\">\n\t<div class=\"breakdance-image-container\">\n\t\t<div class=\"breakdance-image-clip\"><img loading=\"lazy\" decoding=\"async\" class=\"breakdance-image-object\" src=\"https:\/\/ensude.com\/wp-content\/uploads\/2024\/09\/sicaklik.png\" width=\"255\" height=\"254\" srcset=\"https:\/\/ensude.com\/wp-content\/uploads\/2024\/09\/sicaklik.png 255w, https:\/\/ensude.com\/wp-content\/uploads\/2024\/09\/sicaklik-160x160.png 160w\" sizes=\"auto, (max-width: 255px) 100vw, 255px\"><\/div>\n\t<\/div><\/figure>\n\n<\/div>\n<\/div><div class=\"bde-column-1443-121 bde-column\">\n  \n\t\n\n\n\n<div class=\"bde-rich-text-1443-122 bde-rich-text breakdance-rich-text-styles\">\n<p class=\"font_8 wixui-rich-text__text\"><span class=\"wixui-rich-text__text\">\u00d6zellikler:<\/span><\/p>\n<p class=\"font_8 wixui-rich-text__text\"><span class=\"wixui-rich-text__text\">S\u0131v\u0131lar, gazlar ve buharlarda s\u0131cakl\u0131k \u00f6l\u00e7\u00fcm\u00fc i\u00e7in uygundur.<\/span><\/p>\n<ul>\n<li class=\"font_8 wixui-rich-text__text\"><span class=\"wixui-rich-text__text\">Kurutucular\u0131n giri\u015f \/ \u00e7\u0131k\u0131\u015f s\u0131cakl\u0131\u011f\u0131<\/span><\/li>\n<li class=\"font_8 wixui-rich-text__text\"><span class=\"wixui-rich-text__text\">Kompres\u00f6rlerin \u00e7\u0131k\u0131\u015f s\u0131cakl\u0131\u011f\u0131<\/span><\/li>\n<li class=\"font_8 wixui-rich-text__text\"><span class=\"wixui-rich-text__text\">Bas\u0131n\u00e7l\u0131 hava sistemlerine kolay kurulum<\/span><\/li>\n<li class=\"font_8 wixui-rich-text__text\"><span class=\"wixui-rich-text__text\">4...20 mA \u00e7\u0131k\u0131\u015f<\/span><\/li>\n<\/ul>\n<p class=\"font_8 wixui-rich-text__text\"><span class=\"wixui-rich-text__text\"><span class=\"wixGuard wixui-rich-text__text\">\u200b<\/span><\/span><span class=\"wixui-rich-text__text\">Detayl\u0131 teknik veriler i\u00e7in l\u00fctfen bize ula\u015f\u0131n\u0131z veya<\/span><span class=\"wixui-rich-text__text\">\u00a0a\u015fa\u011f\u0131daki ilgili d\u00f6k\u00fcmanlar\u0131 inceleyiniz.<\/span><\/p>\n<\/div>\n<\/div><\/div><div class=\"bde-columns-1443-123 bde-columns\"><div class=\"bde-column-1443-124 bde-column\">\n  \n\t\n\n\n\n<div class=\"bde-icon-1443-125 bde-icon\">\n\n    \n                    \n            \n            \n\n    \n    \n    \n    \n    \n    <a class=\"breakdance-link bde-icon-icon breakdance-icon-atom\" href=\"https:\/\/ensude.com\/wp-content\/uploads\/2024\/07\/SUTO_S020_TEMPERATURE-TRANSMITTER-CATALOG.pdf\" target=\"_blank\" data-type=\"url\"  >\n\n    \n                    <svg xmlns=\"http:\/\/www.w3.org\/2000\/svg\" viewBox=\"0 0 512 512\"><!--! Font Awesome Free 6.5.1 by @fontawesome - https:\/\/fontawesome.com License - https:\/\/fontawesome.com\/license\/free (Icons: CC BY 4.0, Fonts: SIL OFL 1.1, Code: MIT License) Copyright 2023 Fonticons, Inc. --><path d=\"M64 464l48 0 0 48-48 0c-35.3 0-64-28.7-64-64L0 64C0 28.7 28.7 0 64 0L229.5 0c17 0 33.3 6.7 45.3 18.7l90.5 90.5c12 12 18.7 28.3 18.7 45.3L384 304l-48 0 0-144-80 0c-17.7 0-32-14.3-32-32l0-80L64 48c-8.8 0-16 7.2-16 16l0 384c0 8.8 7.2 16 16 16zM176 352l32 0c30.9 0 56 25.1 56 56s-25.1 56-56 56l-16 0 0 32c0 8.8-7.2 16-16 16s-16-7.2-16-16l0-48 0-80c0-8.8 7.2-16 16-16zm32 80c13.3 0 24-10.7 24-24s-10.7-24-24-24l-16 0 0 48 16 0zm96-80l32 0c26.5 0 48 21.5 48 48l0 64c0 26.5-21.5 48-48 48l-32 0c-8.8 0-16-7.2-16-16l0-128c0-8.8 7.2-16 16-16zm32 128c8.8 0 16-7.2 16-16l0-64c0-8.8-7.2-16-16-16l-16 0 0 96 16 0zm80-112c0-8.8 7.2-16 16-16l48 0c8.8 0 16 7.2 16 16s-7.2 16-16 16l-32 0 0 32 32 0c8.8 0 16 7.2 16 16s-7.2 16-16 16l-32 0 0 48c0 8.8-7.2 16-16 16s-16-7.2-16-16l0-64 0-64z\"\/><\/svg>\n        \n        \n        \n                <\/a>\n\n    \n\n\n<\/div><a class=\"bde-text-link-1443-126 bde-text-link breakdance-link\" href=\"https:\/\/ensude.com\/wp-content\/uploads\/2024\/07\/SUTO_S020_TEMPERATURE-TRANSMITTER-CATALOG.pdf\" target=\"_blank\" data-type=\"url\">\n  S\u0131cakl\u0131k Sens\u00f6r\u00fc Bro\u015f\u00fcr\u00fc\n\n<\/a>\n<\/div><div class=\"bde-column-1443-127 bde-column\">\n  \n\t\n\n\n\n<div class=\"bde-icon-1443-128 bde-icon\">\n\n    \n                    \n            \n            \n\n    \n    \n    \n    \n    \n    <a class=\"breakdance-link bde-icon-icon breakdance-icon-atom\" href=\"https:\/\/ensude.com\/wp-content\/uploads\/2024\/07\/S020_MANUAL.pdf\" target=\"_blank\" data-type=\"url\"  >\n\n    \n                    <svg xmlns=\"http:\/\/www.w3.org\/2000\/svg\" viewBox=\"0 0 512 512\"><!--! Font Awesome Free 6.5.1 by @fontawesome - https:\/\/fontawesome.com License - https:\/\/fontawesome.com\/license\/free (Icons: CC BY 4.0, Fonts: SIL OFL 1.1, Code: MIT License) Copyright 2023 Fonticons, Inc. --><path d=\"M64 464l48 0 0 48-48 0c-35.3 0-64-28.7-64-64L0 64C0 28.7 28.7 0 64 0L229.5 0c17 0 33.3 6.7 45.3 18.7l90.5 90.5c12 12 18.7 28.3 18.7 45.3L384 304l-48 0 0-144-80 0c-17.7 0-32-14.3-32-32l0-80L64 48c-8.8 0-16 7.2-16 16l0 384c0 8.8 7.2 16 16 16zM176 352l32 0c30.9 0 56 25.1 56 56s-25.1 56-56 56l-16 0 0 32c0 8.8-7.2 16-16 16s-16-7.2-16-16l0-48 0-80c0-8.8 7.2-16 16-16zm32 80c13.3 0 24-10.7 24-24s-10.7-24-24-24l-16 0 0 48 16 0zm96-80l32 0c26.5 0 48 21.5 48 48l0 64c0 26.5-21.5 48-48 48l-32 0c-8.8 0-16-7.2-16-16l0-128c0-8.8 7.2-16 16-16zm32 128c8.8 0 16-7.2 16-16l0-64c0-8.8-7.2-16-16-16l-16 0 0 96 16 0zm80-112c0-8.8 7.2-16 16-16l48 0c8.8 0 16 7.2 16 16s-7.2 16-16 16l-32 0 0 32 32 0c8.8 0 16 7.2 16 16s-7.2 16-16 16l-32 0 0 48c0 8.8-7.2 16-16 16s-16-7.2-16-16l0-64 0-64z\"\/><\/svg>\n        \n        \n        \n                <\/a>\n\n    \n\n\n<\/div><a class=\"bde-text-link-1443-129 bde-text-link breakdance-link\" href=\"https:\/\/ensude.com\/wp-content\/uploads\/2024\/07\/S020_MANUAL.pdf\" target=\"_blank\" data-type=\"url\">\n  S020 User Manual (Eng)\n\n<\/a>\n<\/div><\/div><\/div>\n<\/section><\/div>","protected":false},"excerpt":{"rendered":"<p>Bas\u0131n\u00e7 Sens\u00f6r\u00fc Farkl\u0131 bas\u0131n\u00e7 aral\u0131klar\u0131.. \u00d6zellikler: Y\u00fcksek hassasiyet ve uygun fiyatl\u0131 end\u00fcstriyel bas\u0131n\u00e7 sens\u00f6r\u00fc M\u00fckemmel parazit \u00f6nleme \u00f6zelli\u011fi (EMC, EMI) IP67 korumas\u0131 4-20 mA d\u00f6ng\u00fc beslemeli ve Modbus RTU tipi mevcut End\u00fcstriyel sistemler \u2022 Hidrolik sistemler \u2022 Pn\u00f6matik sistemler End\u00fcstriyel motorlar \u2022 HVAC \/ R ekipman\u0131 \u2022 Pompalar P\u00fcsk\u00fcrtme sistemleri \u2022 So\u011futma Sistemleri i\u00e7in uygundur. [&hellip;]<\/p>\n","protected":false},"author":1,"featured_media":0,"parent":0,"menu_order":0,"comment_status":"closed","ping_status":"closed","template":"","meta":{"_acf_changed":false,"_breakdance_hide_in_design_set":false,"_breakdance_tags":"","footnotes":""},"class_list":["post-1443","page","type-page","status-publish","hentry"],"acf":[],"_links":{"self":[{"href":"https:\/\/ensude.com\/index.php\/wp-json\/wp\/v2\/pages\/1443","targetHints":{"allow":["GET"]}}],"collection":[{"href":"https:\/\/ensude.com\/index.php\/wp-json\/wp\/v2\/pages"}],"about":[{"href":"https:\/\/ensude.com\/index.php\/wp-json\/wp\/v2\/types\/page"}],"author":[{"embeddable":true,"href":"https:\/\/ensude.com\/index.php\/wp-json\/wp\/v2\/users\/1"}],"replies":[{"embeddable":true,"href":"https:\/\/ensude.com\/index.php\/wp-json\/wp\/v2\/comments?post=1443"}],"version-history":[{"count":5,"href":"https:\/\/ensude.com\/index.php\/wp-json\/wp\/v2\/pages\/1443\/revisions"}],"predecessor-version":[{"id":3208,"href":"https:\/\/ensude.com\/index.php\/wp-json\/wp\/v2\/pages\/1443\/revisions\/3208"}],"wp:attachment":[{"href":"https:\/\/ensude.com\/index.php\/wp-json\/wp\/v2\/media?parent=1443"}],"curies":[{"name":"wp","href":"https:\/\/api.w.org\/{rel}","templated":true}]}}