{"id":1415,"date":"2024-09-15T13:17:30","date_gmt":"2024-09-15T13:17:30","guid":{"rendered":"https:\/\/ensude.com\/?page_id=1415"},"modified":"2025-03-23T20:16:26","modified_gmt":"2025-03-23T20:16:26","slug":"kompresorler-icin-verim-olcer","status":"publish","type":"page","link":"https:\/\/ensude.com\/index.php\/kompresorler-icin-verim-olcer\/","title":{"rendered":"Kompres\u00f6rler \u0130\u00e7in Verim \u00d6l\u00e7er"},"content":{"rendered":"<div class='breakdance'><section class=\"bde-section-1415-100 bde-section\">\n  \n\t\n\n\n\n<div class=\"section-container\"><h1 class=\"bde-heading-1415-101 bde-heading\">\nS110P G\u00fc\u00e7 \u00d6l\u00e7er\n<\/h1><div class=\"bde-columns-1415-102 bde-columns\"><div class=\"bde-column-1415-103 bde-column\">\n  \n\t\n\n\n\n<div class=\"bde-image-1415-104 bde-image\">\n<figure class=\"breakdance-image breakdance-image--1419 breakdance-image--caption-below\">\n\t<div class=\"breakdance-image-container\">\n\t\t<div class=\"breakdance-image-clip\"><img loading=\"lazy\" decoding=\"async\" class=\"breakdance-image-object\" src=\"https:\/\/ensude.com\/wp-content\/uploads\/2024\/08\/s110-1.png\" width=\"290\" height=\"290\" srcset=\"https:\/\/ensude.com\/wp-content\/uploads\/2024\/08\/s110-1.png 290w, https:\/\/ensude.com\/wp-content\/uploads\/2024\/08\/s110-1-160x160.png 160w\" sizes=\"auto, (max-width: 290px) 100vw, 290px\"><\/div>\n\t<\/div><\/figure>\n\n<\/div>\n<\/div><div class=\"bde-column-1415-105 bde-column\">\n  \n\t\n\n\n\n<div class=\"bde-rich-text-1415-106 bde-rich-text breakdance-rich-text-styles\">\n<p class=\"font_8 wixui-rich-text__text\"><span class=\"wixui-rich-text__text\">S110 G\u00fc\u00e7 \u00d6l\u00e7erler kolay kurulum ve y\u00fcksek do\u011fruluk\u00a0i\u00e7in tasarlanm\u0131\u015ft\u0131r.\u00a0<\/span><span class=\"wixui-rich-text__text\">A\u015fa\u011f\u0131daki uygulama resminde de anla\u015f\u0131ld\u0131\u011f\u0131 \u00fczere kompres\u00f6r\u00fcn t\u00fcketti\u011fi\u00a0 ger\u00e7ek g\u00fc\u00e7 t\u00fcketiminin anl\u0131k volt ve amper bilgisini kW cinsinden \u00f6l\u00e7er ve di\u011fer birimlerden ald\u0131\u011f\u0131 verilerde kar\u015f\u0131la\u015ft\u0131rma yaparak\u00a0verimlilik \u00e7al\u0131\u015fmas\u0131 y\u00fcr\u00fct\u00fcr. B\u00f6ylelikle ger\u00e7ek t\u00fcketimleri g\u00f6zlemleyerek kompres\u00f6rlerin ar\u0131za veya bak\u0131m zamanlar\u0131n\u0131 izleyebilir\u00a0ve ayn\u0131 zamanda anl\u0131k ger\u00e7ek de\u011ferleri g\u00f6zlemleyebilirsiniz.<\/span><\/p>\n<p class=\"font_8 wixui-rich-text__text\"><span class=\"wixui-rich-text__text\">Enerji t\u00fcketimini 3 faz y\u00fck\u00fcn kWh de\u011ferinde biriktirir.<br class=\"wixui-rich-text__text\" \/>S 110, ak\u0131m, voltaj gibi di\u011fer parametreleri \u00f6l\u00e7ebilir.<br class=\"wixui-rich-text__text\" \/>Panoya veya duvara monte edilebilir ayn\u0131 zamanda\u00a0ta\u015f\u0131nabilir versiyonlar\u0131 mevcuttur<\/span><\/p>\n<p class=\"font_8 wixui-rich-text__text\"><span class=\"wixui-rich-text__text\">Detayl\u0131 teknik veriler i\u00e7in l\u00fctfen bize ula\u015f\u0131n\u0131z veya\u00a0a\u015fa\u011f\u0131daki ilgili d\u00f6k\u00fcmanlar\u0131 inceleyiniz.<\/span><\/p>\n<\/div>\n<\/div><\/div><div class=\"bde-columns-1415-107 bde-columns\"><div class=\"bde-column-1415-108 bde-column\">\n  \n\t\n\n\n\n<div class=\"bde-icon-1415-109 bde-icon\">\n\n    \n                    \n            \n            \n\n    \n    \n    \n    \n    \n    <a class=\"breakdance-link bde-icon-icon breakdance-icon-atom\" href=\"https:\/\/ensude.com\/wp-content\/uploads\/2024\/07\/SUTO_S110_POWER-METER-CATALOG.pdf\" target=\"_blank\" data-type=\"url\"  >\n\n    \n                    <svg xmlns=\"http:\/\/www.w3.org\/2000\/svg\" viewBox=\"0 0 512 512\"><!--! Font Awesome Free 6.5.1 by @fontawesome - https:\/\/fontawesome.com License - https:\/\/fontawesome.com\/license\/free (Icons: CC BY 4.0, Fonts: SIL OFL 1.1, Code: MIT License) Copyright 2023 Fonticons, Inc. --><path d=\"M64 464l48 0 0 48-48 0c-35.3 0-64-28.7-64-64L0 64C0 28.7 28.7 0 64 0L229.5 0c17 0 33.3 6.7 45.3 18.7l90.5 90.5c12 12 18.7 28.3 18.7 45.3L384 304l-48 0 0-144-80 0c-17.7 0-32-14.3-32-32l0-80L64 48c-8.8 0-16 7.2-16 16l0 384c0 8.8 7.2 16 16 16zM176 352l32 0c30.9 0 56 25.1 56 56s-25.1 56-56 56l-16 0 0 32c0 8.8-7.2 16-16 16s-16-7.2-16-16l0-48 0-80c0-8.8 7.2-16 16-16zm32 80c13.3 0 24-10.7 24-24s-10.7-24-24-24l-16 0 0 48 16 0zm96-80l32 0c26.5 0 48 21.5 48 48l0 64c0 26.5-21.5 48-48 48l-32 0c-8.8 0-16-7.2-16-16l0-128c0-8.8 7.2-16 16-16zm32 128c8.8 0 16-7.2 16-16l0-64c0-8.8-7.2-16-16-16l-16 0 0 96 16 0zm80-112c0-8.8 7.2-16 16-16l48 0c8.8 0 16 7.2 16 16s-7.2 16-16 16l-32 0 0 32 32 0c8.8 0 16 7.2 16 16s-7.2 16-16 16l-32 0 0 48c0 8.8-7.2 16-16 16s-16-7.2-16-16l0-64 0-64z\"\/><\/svg>\n        \n        \n        \n                <\/a>\n\n    \n\n\n<\/div><a class=\"bde-text-link-1415-110 bde-text-link breakdance-link\" href=\"https:\/\/ensude.com\/wp-content\/uploads\/2024\/07\/SUTO_S110_POWER-METER-CATALOG.pdf\" target=\"_blank\" data-type=\"url\">\n  S110 Bro\u015f\u00fcr\n\n<\/a>\n<\/div><div class=\"bde-column-1415-111 bde-column\">\n  \n\t\n\n\n\n<div class=\"bde-icon-1415-112 bde-icon\">\n\n    \n                    \n            \n            \n\n    \n    \n    \n    \n    \n    <a class=\"breakdance-link bde-icon-icon breakdance-icon-atom\" href=\"https:\/\/ensude.com\/wp-content\/uploads\/2024\/07\/S110-P-V2_MANUAL.pdf\" target=\"_blank\" data-type=\"url\"  >\n\n    \n                    <svg xmlns=\"http:\/\/www.w3.org\/2000\/svg\" viewBox=\"0 0 512 512\"><!--! Font Awesome Free 6.5.1 by @fontawesome - https:\/\/fontawesome.com License - https:\/\/fontawesome.com\/license\/free (Icons: CC BY 4.0, Fonts: SIL OFL 1.1, Code: MIT License) Copyright 2023 Fonticons, Inc. --><path d=\"M64 464l48 0 0 48-48 0c-35.3 0-64-28.7-64-64L0 64C0 28.7 28.7 0 64 0L229.5 0c17 0 33.3 6.7 45.3 18.7l90.5 90.5c12 12 18.7 28.3 18.7 45.3L384 304l-48 0 0-144-80 0c-17.7 0-32-14.3-32-32l0-80L64 48c-8.8 0-16 7.2-16 16l0 384c0 8.8 7.2 16 16 16zM176 352l32 0c30.9 0 56 25.1 56 56s-25.1 56-56 56l-16 0 0 32c0 8.8-7.2 16-16 16s-16-7.2-16-16l0-48 0-80c0-8.8 7.2-16 16-16zm32 80c13.3 0 24-10.7 24-24s-10.7-24-24-24l-16 0 0 48 16 0zm96-80l32 0c26.5 0 48 21.5 48 48l0 64c0 26.5-21.5 48-48 48l-32 0c-8.8 0-16-7.2-16-16l0-128c0-8.8 7.2-16 16-16zm32 128c8.8 0 16-7.2 16-16l0-64c0-8.8-7.2-16-16-16l-16 0 0 96 16 0zm80-112c0-8.8 7.2-16 16-16l48 0c8.8 0 16 7.2 16 16s-7.2 16-16 16l-32 0 0 32 32 0c8.8 0 16 7.2 16 16s-7.2 16-16 16l-32 0 0 48c0 8.8-7.2 16-16 16s-16-7.2-16-16l0-64 0-64z\"\/><\/svg>\n        \n        \n        \n                <\/a>\n\n    \n\n\n<\/div><a class=\"bde-text-link-1415-113 bde-text-link breakdance-link\" href=\"https:\/\/ensude.com\/wp-content\/uploads\/2024\/07\/S110-P-V2_MANUAL.pdf\" target=\"_blank\" data-type=\"url\">\n  S110 User Manual (Eng)\n\n<\/a>\n<\/div><\/div><div class=\"bde-columns-1415-115 bde-columns\"><div class=\"bde-column-1415-116 bde-column\">\n  \n\t\n\n\n\n<div class=\"bde-image-1415-114 bde-image\">\n<figure class=\"breakdance-image breakdance-image--1422\">\n\t<div class=\"breakdance-image-container\">\n\t\t<div class=\"breakdance-image-clip\"><img loading=\"lazy\" decoding=\"async\" class=\"breakdance-image-object\" src=\"https:\/\/ensude.com\/wp-content\/uploads\/2024\/08\/s110-2.png\" width=\"808\" height=\"442\" srcset=\"https:\/\/ensude.com\/wp-content\/uploads\/2024\/08\/s110-2.png 808w, https:\/\/ensude.com\/wp-content\/uploads\/2024\/08\/s110-2-640x350.png 640w, https:\/\/ensude.com\/wp-content\/uploads\/2024\/08\/s110-2-768x420.png 768w, https:\/\/ensude.com\/wp-content\/uploads\/2024\/08\/s110-2-600x328.png 600w\" sizes=\"auto, (max-width: 808px) 100vw, 808px\"><\/div>\n\t<\/div><\/figure>\n\n<\/div>\n<\/div><\/div><h1 class=\"bde-heading-1415-118 bde-heading\">\nS 030 Halka Tip Ak\u0131m Sens\u00f6r\u00fc\n<\/h1><div class=\"bde-columns-1415-119 bde-columns\"><div class=\"bde-column-1415-120 bde-column\">\n  \n\t\n\n\n\n<div class=\"bde-rich-text-1415-123 bde-rich-text breakdance-rich-text-styles\">\n<p class=\"font_8 wixui-rich-text__text\"><span class=\"wixui-rich-text__text\">\u00d6zellikler:<img loading=\"lazy\" decoding=\"async\" class=\"alignright size-full wp-image-1424\" src=\"https:\/\/ensude.com\/wp-content\/uploads\/2024\/07\/S030-1.png\" alt=\"\" width=\"159\" height=\"130\" \/><\/span><\/p>\n<ul>\n<li class=\"font_8 wixui-rich-text__text\"><span class=\"wixui-rich-text__text\">Kolay kurulum<\/span><\/li>\n<li class=\"font_8 wixui-rich-text__text\"><span class=\"wixui-rich-text__text\">Geni\u015f \u00f6l\u00e7\u00fcm aral\u0131\u011f\u0131<\/span><\/li>\n<li class=\"font_8 wixui-rich-text__text\"><span class=\"wixui-rich-text__text\">Do\u011fru ak\u0131m alg\u0131lama<\/span><\/li>\n<li class=\"font_8 wixui-rich-text__text\"><span class=\"wixui-rich-text__text\">4-20 mA \u00e7\u0131k\u0131\u015f sinyali<\/span><\/li>\n<li class=\"font_8 wixui-rich-text__text\"><span class=\"wixui-rich-text__text\">Y\u00fck \/ bo\u015faltma analizleri i\u00e7in kompres\u00f6rlerde ak\u0131m alg\u0131lama<\/span><\/li>\n<li class=\"font_8 wixui-rich-text__text\"><span class=\"wixui-rich-text__text\">G\u00fc\u00e7 \/ enerji \u00f6l\u00e7\u00fcm\u00fc i\u00e7in ak\u0131m alg\u0131lama<\/span><\/li>\n<li class=\"font_8 wixui-rich-text__text\"><span class=\"wixui-rich-text__text\">Makine \u00e7al\u0131\u015fma saatlerinin de\u011ferlendirilmesi<\/span><\/li>\n<\/ul>\n<p class=\"font_8 wixui-rich-text__text\"><span class=\"wixui-rich-text__text\">SUTO ak\u0131m k\u0131ska\u00e7 sens\u00f6r\u00fc, olu\u015fan bir AC ak\u0131m sens\u00f6r\u00fcd\u00fcr.<br class=\"wixui-rich-text__text\" \/>Ta\u015f\u0131nan ak\u0131m\u0131 \u00f6l\u00e7ebilen kompakt dijital d\u00f6n\u00fc\u015ft\u00fcr\u00fcc\u00fc<br class=\"wixui-rich-text__text\" \/>3000 A AC de\u011ferine kadar bir g\u00fc\u00e7 iletkeninde \u00f6l\u00e7\u00fcm yapabilir ve DC \u00e7\u0131k\u0131\u015f s\u011flar.<\/span><\/p>\n<\/div>\n<\/div><div class=\"bde-column-1415-122 bde-column\">\n  \n\t\n\n\n\n<div class=\"bde-image-1415-121 bde-image\">\n<figure class=\"breakdance-image breakdance-image--1423 breakdance-image--caption-below\">\n\t<div class=\"breakdance-image-container\">\n\t\t<div class=\"breakdance-image-clip\"><img loading=\"lazy\" decoding=\"async\" class=\"breakdance-image-object\" src=\"https:\/\/ensude.com\/wp-content\/uploads\/2024\/08\/S030-2.png\" width=\"614\" height=\"358\" srcset=\"https:\/\/ensude.com\/wp-content\/uploads\/2024\/08\/S030-2.png 614w, https:\/\/ensude.com\/wp-content\/uploads\/2024\/08\/S030-2-600x350.png 600w\" sizes=\"auto, (max-width: 614px) 100vw, 614px\"><\/div>\n\t<\/div><\/figure>\n\n<\/div>\n<\/div><\/div><div class=\"bde-columns-1415-124 bde-columns\"><div class=\"bde-column-1415-125 bde-column\">\n  \n\t\n\n\n\n<div class=\"bde-icon-1415-126 bde-icon\">\n\n    \n                    \n            \n            \n\n    \n    \n    \n    \n    \n    <a class=\"breakdance-link bde-icon-icon breakdance-icon-atom\" href=\"https:\/\/ensude.com\/wp-content\/uploads\/2024\/07\/SUTO_S030_CURRENT-TRANSMITTER-CATALOG.pdf\" target=\"_blank\" data-type=\"url\"  >\n\n    \n                    <svg xmlns=\"http:\/\/www.w3.org\/2000\/svg\" viewBox=\"0 0 512 512\"><!--! Font Awesome Free 6.5.1 by @fontawesome - https:\/\/fontawesome.com License - https:\/\/fontawesome.com\/license\/free (Icons: CC BY 4.0, Fonts: SIL OFL 1.1, Code: MIT License) Copyright 2023 Fonticons, Inc. --><path d=\"M64 464l48 0 0 48-48 0c-35.3 0-64-28.7-64-64L0 64C0 28.7 28.7 0 64 0L229.5 0c17 0 33.3 6.7 45.3 18.7l90.5 90.5c12 12 18.7 28.3 18.7 45.3L384 304l-48 0 0-144-80 0c-17.7 0-32-14.3-32-32l0-80L64 48c-8.8 0-16 7.2-16 16l0 384c0 8.8 7.2 16 16 16zM176 352l32 0c30.9 0 56 25.1 56 56s-25.1 56-56 56l-16 0 0 32c0 8.8-7.2 16-16 16s-16-7.2-16-16l0-48 0-80c0-8.8 7.2-16 16-16zm32 80c13.3 0 24-10.7 24-24s-10.7-24-24-24l-16 0 0 48 16 0zm96-80l32 0c26.5 0 48 21.5 48 48l0 64c0 26.5-21.5 48-48 48l-32 0c-8.8 0-16-7.2-16-16l0-128c0-8.8 7.2-16 16-16zm32 128c8.8 0 16-7.2 16-16l0-64c0-8.8-7.2-16-16-16l-16 0 0 96 16 0zm80-112c0-8.8 7.2-16 16-16l48 0c8.8 0 16 7.2 16 16s-7.2 16-16 16l-32 0 0 32 32 0c8.8 0 16 7.2 16 16s-7.2 16-16 16l-32 0 0 48c0 8.8-7.2 16-16 16s-16-7.2-16-16l0-64 0-64z\"\/><\/svg>\n        \n        \n        \n                <\/a>\n\n    \n\n\n<\/div><a class=\"bde-text-link-1415-127 bde-text-link breakdance-link\" href=\"https:\/\/ensude.com\/wp-content\/uploads\/2024\/07\/SUTO_S030_CURRENT-TRANSMITTER-CATALOG.pdf\" target=\"_blank\" data-type=\"url\">\n  Ak\u0131m Sens\u00f6r\u00fc Bro\u015f\u00fcr\n\n<\/a>\n<\/div><div class=\"bde-column-1415-128 bde-column\">\n  \n\t\n\n\n\n<div class=\"bde-icon-1415-129 bde-icon\">\n\n    \n                    \n            \n            \n\n    \n    \n    \n    \n    \n    <a class=\"breakdance-link bde-icon-icon breakdance-icon-atom\" href=\"https:\/\/ensude.com\/wp-content\/uploads\/2024\/07\/S030_MANUAL.pdf\" target=\"_blank\" data-type=\"url\"  >\n\n    \n                    <svg xmlns=\"http:\/\/www.w3.org\/2000\/svg\" viewBox=\"0 0 512 512\"><!--! Font Awesome Free 6.5.1 by @fontawesome - https:\/\/fontawesome.com License - https:\/\/fontawesome.com\/license\/free (Icons: CC BY 4.0, Fonts: SIL OFL 1.1, Code: MIT License) Copyright 2023 Fonticons, Inc. --><path d=\"M64 464l48 0 0 48-48 0c-35.3 0-64-28.7-64-64L0 64C0 28.7 28.7 0 64 0L229.5 0c17 0 33.3 6.7 45.3 18.7l90.5 90.5c12 12 18.7 28.3 18.7 45.3L384 304l-48 0 0-144-80 0c-17.7 0-32-14.3-32-32l0-80L64 48c-8.8 0-16 7.2-16 16l0 384c0 8.8 7.2 16 16 16zM176 352l32 0c30.9 0 56 25.1 56 56s-25.1 56-56 56l-16 0 0 32c0 8.8-7.2 16-16 16s-16-7.2-16-16l0-48 0-80c0-8.8 7.2-16 16-16zm32 80c13.3 0 24-10.7 24-24s-10.7-24-24-24l-16 0 0 48 16 0zm96-80l32 0c26.5 0 48 21.5 48 48l0 64c0 26.5-21.5 48-48 48l-32 0c-8.8 0-16-7.2-16-16l0-128c0-8.8 7.2-16 16-16zm32 128c8.8 0 16-7.2 16-16l0-64c0-8.8-7.2-16-16-16l-16 0 0 96 16 0zm80-112c0-8.8 7.2-16 16-16l48 0c8.8 0 16 7.2 16 16s-7.2 16-16 16l-32 0 0 32 32 0c8.8 0 16 7.2 16 16s-7.2 16-16 16l-32 0 0 48c0 8.8-7.2 16-16 16s-16-7.2-16-16l0-64 0-64z\"\/><\/svg>\n        \n        \n        \n                <\/a>\n\n    \n\n\n<\/div><a class=\"bde-text-link-1415-130 bde-text-link breakdance-link\" href=\"https:\/\/ensude.com\/wp-content\/uploads\/2024\/07\/S030_MANUAL.pdf\" target=\"_blank\" data-type=\"url\">\n  Ak\u0131m Sens\u00f6r\u00fc Kullan\u0131m Klavuzu\n\n<\/a>\n<\/div><\/div><\/div>\n<\/section><\/div>","protected":false},"excerpt":{"rendered":"<p>S110P G\u00fc\u00e7 \u00d6l\u00e7er S110 G\u00fc\u00e7 \u00d6l\u00e7erler kolay kurulum ve y\u00fcksek do\u011fruluk\u00a0i\u00e7in tasarlanm\u0131\u015ft\u0131r.\u00a0A\u015fa\u011f\u0131daki uygulama resminde de anla\u015f\u0131ld\u0131\u011f\u0131 \u00fczere kompres\u00f6r\u00fcn t\u00fcketti\u011fi\u00a0 ger\u00e7ek g\u00fc\u00e7 t\u00fcketiminin anl\u0131k volt ve amper bilgisini kW cinsinden \u00f6l\u00e7er ve di\u011fer birimlerden ald\u0131\u011f\u0131 verilerde kar\u015f\u0131la\u015ft\u0131rma yaparak\u00a0verimlilik \u00e7al\u0131\u015fmas\u0131 y\u00fcr\u00fct\u00fcr. B\u00f6ylelikle ger\u00e7ek t\u00fcketimleri g\u00f6zlemleyerek kompres\u00f6rlerin ar\u0131za veya bak\u0131m zamanlar\u0131n\u0131 izleyebilir\u00a0ve ayn\u0131 zamanda anl\u0131k ger\u00e7ek de\u011ferleri g\u00f6zlemleyebilirsiniz. [&hellip;]<\/p>\n","protected":false},"author":1,"featured_media":0,"parent":0,"menu_order":0,"comment_status":"closed","ping_status":"closed","template":"","meta":{"_acf_changed":false,"_breakdance_hide_in_design_set":false,"_breakdance_tags":"","footnotes":""},"class_list":["post-1415","page","type-page","status-publish","hentry"],"acf":[],"_links":{"self":[{"href":"https:\/\/ensude.com\/index.php\/wp-json\/wp\/v2\/pages\/1415","targetHints":{"allow":["GET"]}}],"collection":[{"href":"https:\/\/ensude.com\/index.php\/wp-json\/wp\/v2\/pages"}],"about":[{"href":"https:\/\/ensude.com\/index.php\/wp-json\/wp\/v2\/types\/page"}],"author":[{"embeddable":true,"href":"https:\/\/ensude.com\/index.php\/wp-json\/wp\/v2\/users\/1"}],"replies":[{"embeddable":true,"href":"https:\/\/ensude.com\/index.php\/wp-json\/wp\/v2\/comments?post=1415"}],"version-history":[{"count":4,"href":"https:\/\/ensude.com\/index.php\/wp-json\/wp\/v2\/pages\/1415\/revisions"}],"predecessor-version":[{"id":3207,"href":"https:\/\/ensude.com\/index.php\/wp-json\/wp\/v2\/pages\/1415\/revisions\/3207"}],"wp:attachment":[{"href":"https:\/\/ensude.com\/index.php\/wp-json\/wp\/v2\/media?parent=1415"}],"curies":[{"name":"wp","href":"https:\/\/api.w.org\/{rel}","templated":true}]}}