{"id":1375,"date":"2024-09-15T13:22:52","date_gmt":"2024-09-15T13:22:52","guid":{"rendered":"https:\/\/ensude.com\/?page_id=1375"},"modified":"2025-03-23T19:51:13","modified_gmt":"2025-03-23T19:51:13","slug":"tasinabilir-olcum-cantalari","status":"publish","type":"page","link":"https:\/\/ensude.com\/index.php\/tasinabilir-olcum-cantalari\/","title":{"rendered":"Ta\u015f\u0131nabilir \u00d6l\u00e7\u00fcm \u00c7antalar\u0131"},"content":{"rendered":"<div class='breakdance'><section class=\"bde-section-1375-100 bde-section\">\n  \n\t\n\n\n\n<div class=\"section-container\"><h1 class=\"bde-heading-1375-101 bde-heading\">\nS520 Ta\u015f\u0131nabilir Dew Point Sensor (-100\u00baC ... +20\u00baC)\n<\/h1><div class=\"bde-columns-1375-102 bde-columns\"><div class=\"bde-column-1375-103 bde-column\">\n  \n\t\n\n\n\n<div class=\"bde-image-1375-104 bde-image\">\n<figure class=\"breakdance-image breakdance-image--1327 breakdance-image--caption-below\">\n\t<div class=\"breakdance-image-container\">\n\t\t<div class=\"breakdance-image-clip\"><img loading=\"lazy\" decoding=\"async\" class=\"breakdance-image-object\" src=\"https:\/\/ensude.com\/wp-content\/uploads\/2024\/08\/S520.png\" width=\"146\" height=\"346\" sizes=\"auto, (max-width: 146px) 100vw, 146px\"><\/div>\n\t<\/div><\/figure>\n\n<\/div>\n<\/div><div class=\"bde-column-1375-106 bde-column\">\n  \n\t\n\n\n\n<div class=\"bde-rich-text-1375-107 bde-rich-text breakdance-rich-text-styles\">\n<p class=\"font_7 wixui-rich-text__text\"><span class=\"wixui-rich-text__text\">\u00d6zellikler:<\/span><\/p>\n<p class=\"font_7 wixui-rich-text__text\"><span class=\"wixui-rich-text__text\">S520 Portatif \u00c7i\u011flenme Sens\u00f6r\u00fc \u015funlar\u0131 i\u00e7erir:<\/span><\/p>\n<ul>\n<li class=\"font_7 wixui-rich-text__text\"><span class=\"wixui-rich-text__text\">Modern, son teknoloji grafikleme, kullan\u0131c\u0131 aray\u00fcz\u00fc ve operasyon kolayl\u0131\u011f\u0131 i\u00e7in ekran fonksiyonlar\u0131<\/span><\/li>\n<li class=\"font_7 wixui-rich-text__text\"><span class=\"wixui-rich-text__text\">Veri kaydedici 100 milyon de\u011fere kadar kay\u0131t yapabilirbir flash kartta saklan\u0131r. <\/span><\/li>\n<li class=\"font_7 wixui-rich-text__text\"><span class=\"wixui-rich-text__text\">Yerinde ta\u015f\u0131nabilir bir yaz\u0131c\u0131 kullanarak \u00e7\u0131kt\u0131lar olu\u015fturulabilir.<\/span><\/li>\n<li class=\"font_7 wixui-rich-text__text\"><span class=\"wixui-rich-text__text\">S 520, sa\u011flam bir ta\u015f\u0131ma muhafazas\u0131na sahiptir.<\/span><\/li>\n<li class=\"font_7 wixui-rich-text__text\"><span class=\"wixui-rich-text__text\">\u00c7i\u011flenme noktas\u0131, s\u0131cakl\u0131k ve bas\u0131nc\u0131 \u00f6l\u00e7er (hepsi tek bir cihazda)<\/span><\/li>\n<li class=\"font_7 wixui-rich-text__text\"><span class=\"wixui-rich-text__text\">2 \u00f6l\u00e7\u00fcm aral\u0131\u011f\u0131 mevcut:<br class=\"wixui-rich-text__text\" \/>\u00a0 \u00a0Bunlar;\u00a0 -100 ... 20 \u00b0Ctd \u00f6l\u00e7\u00fcm aral\u0131\u011f\u0131nda kullan\u0131lan sens\u00f6r<br class=\"wixui-rich-text__text\" \/>\u00a0 \u00a0 \u00a0 \u00a0 \u00a0 \u00a0 \u00a0 \u00a0 \u00a0 \u00a0-50 ... +50 \u00b0Ctd \u00f6l\u00e7\u00fcm aral\u0131\u011f\u0131na sahip eco sens\u00f6r<\/span><\/li>\n<li class=\"font_7 wixui-rich-text__text\"><span class=\"wixui-rich-text__text\">Veri kaydedici, USB arabirimi, ta\u015f\u0131nabilir yaz\u0131c\u0131ya kablosuz ba\u011flant\u0131<\/span><\/li>\n<li class=\"font_7 wixui-rich-text__text\"><span class=\"wixui-rich-text__text\">H\u0131zl\u0131 sens\u00f6r tepkisi i\u00e7in \u00f6l\u00e7\u00fcm odas\u0131 (chamber)<\/span><\/li>\n<li class=\"font_7 wixui-rich-text__text\"><span class=\"wixui-rich-text__text\">Uygulama yaz\u0131l\u0131m\u0131 sens\u00f6re dahildir.<\/span><\/li>\n<\/ul>\n<p class=\"font_7 wixui-rich-text__text\"><span class=\"wixui-rich-text__text\">Detayl\u0131 teknik bilgi ve teklif almak i\u00e7in bizlere ula\u015fabilirsiniz.<\/span><\/p>\n<\/div>\n<\/div><\/div><div class=\"bde-columns-1375-108 bde-columns\"><div class=\"bde-column-1375-109 bde-column\">\n  \n\t\n\n\n\n<div class=\"bde-icon-1375-110 bde-icon\">\n\n    \n                    \n            \n            \n\n    \n    \n    \n    \n    \n    <a class=\"breakdance-link bde-icon-icon breakdance-icon-atom\" href=\"https:\/\/ensude.com\/wp-content\/uploads\/2024\/07\/SUTO_S520_PORTABLE-DEW-POINT-METER-CATALOG.pdf\" target=\"_blank\" data-type=\"url\"  >\n\n    \n                    <svg xmlns=\"http:\/\/www.w3.org\/2000\/svg\" viewBox=\"0 0 512 512\"><!--! Font Awesome Free 6.5.1 by @fontawesome - https:\/\/fontawesome.com License - https:\/\/fontawesome.com\/license\/free (Icons: CC BY 4.0, Fonts: SIL OFL 1.1, Code: MIT License) Copyright 2023 Fonticons, Inc. --><path d=\"M64 464l48 0 0 48-48 0c-35.3 0-64-28.7-64-64L0 64C0 28.7 28.7 0 64 0L229.5 0c17 0 33.3 6.7 45.3 18.7l90.5 90.5c12 12 18.7 28.3 18.7 45.3L384 304l-48 0 0-144-80 0c-17.7 0-32-14.3-32-32l0-80L64 48c-8.8 0-16 7.2-16 16l0 384c0 8.8 7.2 16 16 16zM176 352l32 0c30.9 0 56 25.1 56 56s-25.1 56-56 56l-16 0 0 32c0 8.8-7.2 16-16 16s-16-7.2-16-16l0-48 0-80c0-8.8 7.2-16 16-16zm32 80c13.3 0 24-10.7 24-24s-10.7-24-24-24l-16 0 0 48 16 0zm96-80l32 0c26.5 0 48 21.5 48 48l0 64c0 26.5-21.5 48-48 48l-32 0c-8.8 0-16-7.2-16-16l0-128c0-8.8 7.2-16 16-16zm32 128c8.8 0 16-7.2 16-16l0-64c0-8.8-7.2-16-16-16l-16 0 0 96 16 0zm80-112c0-8.8 7.2-16 16-16l48 0c8.8 0 16 7.2 16 16s-7.2 16-16 16l-32 0 0 32 32 0c8.8 0 16 7.2 16 16s-7.2 16-16 16l-32 0 0 48c0 8.8-7.2 16-16 16s-16-7.2-16-16l0-64 0-64z\"\/><\/svg>\n        \n        \n        \n                <\/a>\n\n    \n\n\n<\/div><a class=\"bde-text-link-1375-111 bde-text-link breakdance-link\" href=\"https:\/\/ensude.com\/wp-content\/uploads\/2024\/07\/SUTO_S520_PORTABLE-DEW-POINT-METER-CATALOG.pdf\" target=\"_blank\" data-type=\"url\">\n  S520 Bro\u015f\u00fcr\n\n<\/a>\n<\/div><div class=\"bde-column-1375-112 bde-column\">\n  \n\t\n\n\n\n<div class=\"bde-icon-1375-113 bde-icon\">\n\n    \n                    \n            \n            \n\n    \n    \n    \n    \n    \n    <a class=\"breakdance-link bde-icon-icon breakdance-icon-atom\" href=\"https:\/\/ensude.com\/wp-content\/uploads\/2024\/07\/S520_MANUAL.pdf\" target=\"_blank\" data-type=\"url\"  >\n\n    \n                    <svg xmlns=\"http:\/\/www.w3.org\/2000\/svg\" viewBox=\"0 0 512 512\"><!--! Font Awesome Free 6.5.1 by @fontawesome - https:\/\/fontawesome.com License - https:\/\/fontawesome.com\/license\/free (Icons: CC BY 4.0, Fonts: SIL OFL 1.1, Code: MIT License) Copyright 2023 Fonticons, Inc. --><path d=\"M64 464l48 0 0 48-48 0c-35.3 0-64-28.7-64-64L0 64C0 28.7 28.7 0 64 0L229.5 0c17 0 33.3 6.7 45.3 18.7l90.5 90.5c12 12 18.7 28.3 18.7 45.3L384 304l-48 0 0-144-80 0c-17.7 0-32-14.3-32-32l0-80L64 48c-8.8 0-16 7.2-16 16l0 384c0 8.8 7.2 16 16 16zM176 352l32 0c30.9 0 56 25.1 56 56s-25.1 56-56 56l-16 0 0 32c0 8.8-7.2 16-16 16s-16-7.2-16-16l0-48 0-80c0-8.8 7.2-16 16-16zm32 80c13.3 0 24-10.7 24-24s-10.7-24-24-24l-16 0 0 48 16 0zm96-80l32 0c26.5 0 48 21.5 48 48l0 64c0 26.5-21.5 48-48 48l-32 0c-8.8 0-16-7.2-16-16l0-128c0-8.8 7.2-16 16-16zm32 128c8.8 0 16-7.2 16-16l0-64c0-8.8-7.2-16-16-16l-16 0 0 96 16 0zm80-112c0-8.8 7.2-16 16-16l48 0c8.8 0 16 7.2 16 16s-7.2 16-16 16l-32 0 0 32 32 0c8.8 0 16 7.2 16 16s-7.2 16-16 16l-32 0 0 48c0 8.8-7.2 16-16 16s-16-7.2-16-16l0-64 0-64z\"\/><\/svg>\n        \n        \n        \n                <\/a>\n\n    \n\n\n<\/div><a class=\"bde-text-link-1375-114 bde-text-link breakdance-link\" href=\"https:\/\/ensude.com\/wp-content\/uploads\/2024\/07\/S520_MANUAL.pdf\" target=\"_blank\" data-type=\"url\">\n  S520 User Manual (Eng)\n\n<\/a>\n<\/div><div class=\"bde-column-1375-115 bde-column\">\n  \n\t\n\n\n\n<div class=\"bde-icon-1375-116 bde-icon\">\n\n    \n                    \n            \n            \n\n    \n    \n    \n    \n    \n    <a class=\"breakdance-link bde-icon-icon breakdance-icon-atom\" href=\"https:\/\/ensude.com\/?page_id=1307\" target=\"_blank\" data-type=\"url\"  >\n\n    \n                    <svg xmlns=\"http:\/\/www.w3.org\/2000\/svg\" viewBox=\"0 0 512 512\"><!--! Font Awesome Free 6.5.1 by @fontawesome - https:\/\/fontawesome.com License - https:\/\/fontawesome.com\/license\/free (Icons: CC BY 4.0, Fonts: SIL OFL 1.1, Code: MIT License) Copyright 2023 Fonticons, Inc. --><path d=\"M470.6 278.6c12.5-12.5 12.5-32.8 0-45.3l-160-160c-12.5-12.5-32.8-12.5-45.3 0s-12.5 32.8 0 45.3L402.7 256 265.4 393.4c-12.5 12.5-12.5 32.8 0 45.3s32.8 12.5 45.3 0l160-160zm-352 160l160-160c12.5-12.5 12.5-32.8 0-45.3l-160-160c-12.5-12.5-32.8-12.5-45.3 0s-12.5 32.8 0 45.3L210.7 256 73.4 393.4c-12.5 12.5-12.5 32.8 0 45.3s32.8 12.5 45.3 0z\"\/><\/svg>\n        \n        \n        \n                <\/a>\n\n    \n\n\n<\/div><a class=\"bde-text-link-1375-117 bde-text-link breakdance-link\" href=\"https:\/\/ensude.com\/?page_id=1307\" target=\"_blank\" data-type=\"url\">\n  Di\u011fer \u00c7i\u011flenme (Nem) Sens\u00f6rleri\n\n<\/a>\n<\/div><\/div><h1 class=\"bde-heading-1375-118 bde-heading\">\nS 551 Ekranl\u0131 Ta\u015f\u0131nabilir Hava ve Gaz Analiz\u00f6r\u00fc\n<\/h1><div class=\"bde-columns-1375-119 bde-columns\"><div class=\"bde-column-1375-120 bde-column\">\n  \n\t\n\n\n\n<div class=\"bde-image-1375-121 bde-image\">\n<figure class=\"breakdance-image breakdance-image--1379 breakdance-image--caption-below\">\n\t<div class=\"breakdance-image-container\">\n\t\t<div class=\"breakdance-image-clip\"><img loading=\"lazy\" decoding=\"async\" class=\"breakdance-image-object\" src=\"https:\/\/ensude.com\/wp-content\/uploads\/2024\/08\/S551.png\" width=\"284\" height=\"374\" sizes=\"auto, (max-width: 284px) 100vw, 284px\"><\/div>\n\t<\/div><\/figure>\n\n<\/div>\n<\/div><div class=\"bde-column-1375-122 bde-column\">\n  \n\t\n\n\n\n<div class=\"bde-rich-text-1375-123 bde-rich-text breakdance-rich-text-styles\">\n<p class=\"font_8 wixui-rich-text__text\"><span class=\"wixui-rich-text__text\">\u00d6zellikler:<\/span><\/p>\n<ul>\n<li class=\"font_8 wixui-rich-text__text\"><span class=\"wixui-rich-text__text\">S 551, ilgili t\u00fcm bas\u0131n\u00e7l\u0131 hava ve gaz parametrelerinin g\u00f6r\u00fcnt\u00fclenmesi i\u00e7in tasarlanm\u0131\u015f bas\u0131n\u00e7l\u0131 hava analiz\u00f6r\u00fcd\u00fcr.<\/span><\/li>\n<li class=\"font_8 wixui-rich-text__text\"><span class=\"wixui-rich-text__text\">S 551 ak\u0131\u015f, \u00e7i\u011flenme noktas\u0131, bas\u0131n\u00e7, s\u0131cakl\u0131k, g\u00fc\u00e7 t\u00fcketimi ve daha fazlas\u0131 g\u00f6zlemlenebilir.<br class=\"wixui-rich-text__text\" \/>S 551 bas\u0131n\u00e7l\u0131 hava analiz\u00f6r\u00fc end\u00fcstriyel ortamdaki sistemler ve \u00e7o\u011funlukla bas\u0131n\u00e7l\u0131 havada kullan\u0131l\u0131r<\/span><\/li>\n<li class=\"font_8 wixui-rich-text__text\"><span class=\"wixui-rich-text__text\">\u0130ste\u011fe ba\u011fl\u0131 ATEX sertifikal\u0131 \u00fcr\u00fcn deste\u011fi,<\/span><\/li>\n<li class=\"font_8 wixui-rich-text__text\"><span class=\"wixui-rich-text__text\">Gerekli t\u00fcm \u00f6l\u00e7\u00fcmler i\u00e7in \u00e7e\u015fitli sens\u00f6r tiplerini destekler.<\/span><\/li>\n<li class=\"font_8 wixui-rich-text__text\"><span class=\"wixui-rich-text__text\">Uzatma mod\u00fclleri ve Modbus arac\u0131l\u0131\u011f\u0131yla 24 giri\u015fe kadar destekler.<\/span><\/li>\n<li class=\"font_8 wixui-rich-text__text\"><span class=\"wixui-rich-text__text\">IP65 \u00f6zelli\u011fi zorlu end\u00fcstriyel alanlarda sa\u011flam koruma sa\u011flar.<\/span><\/li>\n<li class=\"font_8 wixui-rich-text__text\"><span class=\"wixui-rich-text__text\">Y\u00fcksek \u00e7\u00f6z\u00fcn\u00fcrl\u00fckl\u00fc 5 \u201drenkli dokunmatik ekran aray\u00fcz\u00fc.<\/span><\/li>\n<li class=\"font_8 wixui-rich-text__text\"><span class=\"wixui-rich-text__text\">Batarya destekli g\u00fc\u00e7 ile, g\u00fc\u00e7 aksakl\u0131klar\u0131ndan etkilenmez.<\/span><\/li>\n<li class=\"font_8 wixui-rich-text__text\"><span class=\"wixui-rich-text__text\">Tam yaz\u0131l\u0131m paketleri dahil edilmi\u015ftir:<\/span><\/li>\n<\/ul>\n<p class=\"font_8 wixui-rich-text__text\"><span class=\"wixui-rich-text__text\">Analysis Temel analiz i\u00e7in S4A<br class=\"wixui-rich-text__text\" \/>Comp Bas\u0131n\u00e7l\u0131 hava denetim analizi i\u00e7in CAA<\/span><\/p>\n<p class=\"font_8 wixui-rich-text__text\"><span class=\"wixui-rich-text__text\">Detayl\u0131 teknik veriler i\u00e7in l\u00fctfen bize ula\u015f\u0131n\u0131z veye a\u015fa\u011f\u0131daki d\u00f6k\u00fcmanlar\u0131 inceleyiniz.<\/span><\/p>\n<\/div>\n<\/div><\/div><div class=\"bde-columns-1375-124 bde-columns\"><div class=\"bde-column-1375-125 bde-column\">\n  \n\t\n\n\n\n<div class=\"bde-icon-1375-126 bde-icon\">\n\n    \n                    \n            \n            \n\n    \n    \n    \n    \n    \n    <a class=\"breakdance-link bde-icon-icon breakdance-icon-atom\" href=\"https:\/\/ensude.com\/wp-content\/uploads\/2024\/07\/SUTO_S551_PORTABLE-DISPLAY-AND-DATA-LOGGER-CATALOG.pdf\" target=\"_blank\" data-type=\"url\"  >\n\n    \n                    <svg xmlns=\"http:\/\/www.w3.org\/2000\/svg\" viewBox=\"0 0 512 512\"><!--! Font Awesome Free 6.5.1 by @fontawesome - https:\/\/fontawesome.com License - https:\/\/fontawesome.com\/license\/free (Icons: CC BY 4.0, Fonts: SIL OFL 1.1, Code: MIT License) Copyright 2023 Fonticons, Inc. --><path d=\"M64 464l48 0 0 48-48 0c-35.3 0-64-28.7-64-64L0 64C0 28.7 28.7 0 64 0L229.5 0c17 0 33.3 6.7 45.3 18.7l90.5 90.5c12 12 18.7 28.3 18.7 45.3L384 304l-48 0 0-144-80 0c-17.7 0-32-14.3-32-32l0-80L64 48c-8.8 0-16 7.2-16 16l0 384c0 8.8 7.2 16 16 16zM176 352l32 0c30.9 0 56 25.1 56 56s-25.1 56-56 56l-16 0 0 32c0 8.8-7.2 16-16 16s-16-7.2-16-16l0-48 0-80c0-8.8 7.2-16 16-16zm32 80c13.3 0 24-10.7 24-24s-10.7-24-24-24l-16 0 0 48 16 0zm96-80l32 0c26.5 0 48 21.5 48 48l0 64c0 26.5-21.5 48-48 48l-32 0c-8.8 0-16-7.2-16-16l0-128c0-8.8 7.2-16 16-16zm32 128c8.8 0 16-7.2 16-16l0-64c0-8.8-7.2-16-16-16l-16 0 0 96 16 0zm80-112c0-8.8 7.2-16 16-16l48 0c8.8 0 16 7.2 16 16s-7.2 16-16 16l-32 0 0 32 32 0c8.8 0 16 7.2 16 16s-7.2 16-16 16l-32 0 0 48c0 8.8-7.2 16-16 16s-16-7.2-16-16l0-64 0-64z\"\/><\/svg>\n        \n        \n        \n                <\/a>\n\n    \n\n\n<\/div><a class=\"bde-text-link-1375-127 bde-text-link breakdance-link\" href=\"https:\/\/ensude.com\/wp-content\/uploads\/2024\/07\/SUTO_S551_PORTABLE-DISPLAY-AND-DATA-LOGGER-CATALOG.pdf\" target=\"_blank\" data-type=\"url\">\n  S551 Bro\u015f\u00fcr\n\n<\/a>\n<\/div><div class=\"bde-column-1375-128 bde-column\">\n  \n\t\n\n\n\n<div class=\"bde-icon-1375-129 bde-icon\">\n\n    \n                    \n            \n            \n\n    \n    \n    \n    \n    \n    <a class=\"breakdance-link bde-icon-icon breakdance-icon-atom\" href=\"https:\/\/ensude.com\/wp-content\/uploads\/2024\/07\/S551_MANUAL.pdf\" target=\"_blank\" data-type=\"url\"  >\n\n    \n                    <svg xmlns=\"http:\/\/www.w3.org\/2000\/svg\" viewBox=\"0 0 512 512\"><!--! Font Awesome Free 6.5.1 by @fontawesome - https:\/\/fontawesome.com License - https:\/\/fontawesome.com\/license\/free (Icons: CC BY 4.0, Fonts: SIL OFL 1.1, Code: MIT License) Copyright 2023 Fonticons, Inc. --><path d=\"M64 464l48 0 0 48-48 0c-35.3 0-64-28.7-64-64L0 64C0 28.7 28.7 0 64 0L229.5 0c17 0 33.3 6.7 45.3 18.7l90.5 90.5c12 12 18.7 28.3 18.7 45.3L384 304l-48 0 0-144-80 0c-17.7 0-32-14.3-32-32l0-80L64 48c-8.8 0-16 7.2-16 16l0 384c0 8.8 7.2 16 16 16zM176 352l32 0c30.9 0 56 25.1 56 56s-25.1 56-56 56l-16 0 0 32c0 8.8-7.2 16-16 16s-16-7.2-16-16l0-48 0-80c0-8.8 7.2-16 16-16zm32 80c13.3 0 24-10.7 24-24s-10.7-24-24-24l-16 0 0 48 16 0zm96-80l32 0c26.5 0 48 21.5 48 48l0 64c0 26.5-21.5 48-48 48l-32 0c-8.8 0-16-7.2-16-16l0-128c0-8.8 7.2-16 16-16zm32 128c8.8 0 16-7.2 16-16l0-64c0-8.8-7.2-16-16-16l-16 0 0 96 16 0zm80-112c0-8.8 7.2-16 16-16l48 0c8.8 0 16 7.2 16 16s-7.2 16-16 16l-32 0 0 32 32 0c8.8 0 16 7.2 16 16s-7.2 16-16 16l-32 0 0 48c0 8.8-7.2 16-16 16s-16-7.2-16-16l0-64 0-64z\"\/><\/svg>\n        \n        \n        \n                <\/a>\n\n    \n\n\n<\/div><a class=\"bde-text-link-1375-130 bde-text-link breakdance-link\" href=\"https:\/\/ensude.com\/wp-content\/uploads\/2024\/07\/S551_MANUAL.pdf\" target=\"_blank\" data-type=\"url\">\n  S551 User Manual (Eng)\n\n<\/a>\n<\/div><\/div><h1 class=\"bde-heading-1375-134 bde-heading\">\nS 600 Ta\u015f\u0131nabilir Hava Kalitesi Analiz\u00f6r\u00fc\n<\/h1><div class=\"bde-columns-1375-135 bde-columns\"><div class=\"bde-column-1375-136 bde-column\">\n  \n\t\n\n\n\n<div class=\"bde-image-1375-137 bde-image\">\n<figure class=\"breakdance-image breakdance-image--1381 breakdance-image--caption-below\">\n\t<div class=\"breakdance-image-container\">\n\t\t<div class=\"breakdance-image-clip\"><img loading=\"lazy\" decoding=\"async\" class=\"breakdance-image-object\" src=\"https:\/\/ensude.com\/wp-content\/uploads\/2024\/08\/S600-1.png\" width=\"279\" height=\"237\" sizes=\"auto, (max-width: 279px) 100vw, 279px\"><\/div>\n\t<\/div><\/figure>\n\n<\/div><div class=\"bde-image-1375-147 bde-image\">\n<figure class=\"breakdance-image breakdance-image--1382 breakdance-image--caption-below\">\n\t<div class=\"breakdance-image-container\">\n\t\t<div class=\"breakdance-image-clip\"><img loading=\"lazy\" decoding=\"async\" class=\"breakdance-image-object\" src=\"https:\/\/ensude.com\/wp-content\/uploads\/2024\/08\/S600-2.png\" width=\"138\" height=\"219\" sizes=\"auto, (max-width: 138px) 100vw, 138px\"><\/div>\n\t<\/div><\/figure>\n\n<\/div>\n<\/div><div class=\"bde-column-1375-138 bde-column\">\n  \n\t\n\n\n\n<div class=\"bde-rich-text-1375-139 bde-rich-text breakdance-rich-text-styles\">\n<p class=\"font_8 wixui-rich-text__text\"><span class=\"wixui-rich-text__text\">\u00d6zellikler:<\/span><\/p>\n<ul>\n<li class=\"font_8 wixui-rich-text__text\"><span class=\"wixui-rich-text__text\">S 600 rakiplerine benzemiyor.Tek bir cihazda be\u015f parametre \u00f6l\u00e7ebilir. Bunlar; Partik\u00fcl sayac\u0131, \u00e7i\u011flenme noktas\u0131 \/ nem, ya\u011f buhar\u0131, s\u0131cakl\u0131k ve bas\u0131n\u00e7 (se\u00e7enek olarak + ak\u0131\u015f \u00f6l\u00e7\u00fcm\u00fc).<\/span><\/li>\n<li class=\"font_8 wixui-rich-text__text\"><span class=\"wixui-rich-text__text\">ISO 8573 standartlar\u0131na g\u00f6re \u00f6l\u00e7\u00fcm y\u00f6ntemleri<\/span><\/li>\n<li class=\"font_8 wixui-rich-text__text\"><span class=\"wixui-rich-text__text\">Son lazer alg\u0131lama teknolojisi<\/span><\/li>\n<li class=\"font_8 wixui-rich-text__text\"><span class=\"wixui-rich-text__text\">JIS ba\u015f\u0131na en k\u00fc\u00e7\u00fck partik\u00fcl boyutu % 50, JIS ba\u015f\u0131na % 100 daha b\u00fcy\u00fck boyutlar<\/span><\/li>\n<li class=\"font_8 wixui-rich-text__text\"><span class=\"wixui-rich-text__text\">\u00c7i\u011flenme Noktas\u0131 \u00d6l\u00e7\u00fcm\u00fc<br class=\"wixui-rich-text__text\" \/>+ E\u015fsiz \u00e7oklu sens\u00f6r teknolojisi sayesinde geni\u015f \u00fcr\u00fcn yelpazesi<br class=\"wixui-rich-text__text\" \/>+ Uzun vadeli istikrarl\u0131 ve kan\u0131tlanm\u0131\u015f \u00f6l\u00e7\u00fcm y\u00f6ntemleri<br class=\"wixui-rich-text__text\" \/>+ \u00b1 2 \u00b0 C hassasiyetle y\u00fcksek hassasiyet<\/span><\/li>\n<li class=\"font_8 wixui-rich-text__text\"><span class=\"wixui-rich-text__text\">Ya\u011f Buhar\u0131 &amp; Partik\u00fcl \u00d6l\u00e7\u00fcm\u00fc<br class=\"wixui-rich-text__text\" \/>+ Kendi kendine kalibrasyonlu en son fotoyonizasyon dedekt\u00f6r\u00fc (PID)<br class=\"wixui-rich-text__text\" \/>+ \u00c7ok \u00e7e\u015fitli ya\u011f buhar\u0131 konsantrasyonlar\u0131<br class=\"wixui-rich-text__text\" \/>+% 5 \u00b1 0,003 mg \/ m3 do\u011frulukta okuma ile y\u00fcksek hassasiyet<br \/><\/span><span class=\"wixui-rich-text__text\">+ Bas\u0131n\u00e7l\u0131 hava sistemi hakk\u0131nda ek kalite verileri<\/span><\/li>\n<li class=\"font_8 wixui-rich-text__text\"><span class=\"wixui-rich-text__text\">S\u0131cakl\u0131k &amp; Bas\u0131n\u00e7 \u00d6l\u00e7\u00fcm\u00fc<br class=\"wixui-rich-text__text\" \/>+ Son teknoloji sens\u00f6r teknolojisi<br class=\"wixui-rich-text__text\" \/>+ Entegre veri kay\u0131t cihaz\u0131 t\u00fcm kanallar\u0131 paralel olarak kaydeder.<br class=\"wixui-rich-text__text\" \/>+ Daha sonra analiz ve PDF raporlar\u0131 olu\u015fturur.<\/span><\/li>\n<li class=\"font_8 wixui-rich-text__text\"><span class=\"wixui-rich-text__text\">Y\u00fcksek \u00e7\u00f6z\u00fcn\u00fcrl\u00fckl\u00fc 5 \u201drenkli dokunmatik ekran ve aray\u00fcz.<\/span><\/li>\n<li class=\"font_8 wixui-rich-text__text\"><span class=\"wixui-rich-text__text\">Verileri bir belle\u011fe aktarmak i\u00e7in USB portu.<\/span><\/li>\n<li class=\"font_8 wixui-rich-text__text\"><span class=\"wixui-rich-text__text\">SCADA sistemlerine veri aktarma i\u00e7in Ethernet (Modbus \/ TCP ve SUTO-Bus) aray\u00fcz\u00fc<\/span><\/li>\n<li class=\"font_8 wixui-rich-text__text\"><span class=\"wixui-rich-text__text\">100 milyon de\u011fer kapasiteli veri kay\u0131t cihaz\u0131.<\/span><\/li>\n<li class=\"font_8 wixui-rich-text__text\"><span class=\"wixui-rich-text__text\">Bas\u0131n\u00e7l\u0131 hava denetimleri i\u00e7in entegre rapor \u00fcreteci,<\/span><\/li>\n<li class=\"font_8 wixui-rich-text__text\"><span class=\"wixui-rich-text__text\">T\u00dcV onayl\u0131 \u00f6l\u00e7\u00fcm teknolojisi ve kalite g\u00fcvencesi.<\/span>\u00a0<\/li>\n<\/ul>\n<p class=\"font_8 wixui-rich-text__text\"><span class=\"wixui-rich-text__text\">Detayl\u0131 teknik veriler i\u00e7in l\u00fctfen bize ula\u015f\u0131n\u0131z veya\u00a0a\u015fa\u011f\u0131daki d\u00f6k\u00fcmanlar\u0131 inceleyiniz.<\/span><\/p>\n<\/div>\n<\/div><\/div><div class=\"bde-columns-1375-140 bde-columns\"><div class=\"bde-column-1375-141 bde-column\">\n  \n\t\n\n\n\n<div class=\"bde-icon-1375-142 bde-icon\">\n\n    \n                    \n            \n            \n\n    \n    \n    \n    \n    \n    <a class=\"breakdance-link bde-icon-icon breakdance-icon-atom\" href=\"https:\/\/ensude.com\/wp-content\/uploads\/2024\/07\/SUTO_S600_PORTABLE-COMPRESSED-AIR-PURITY-MONITOR-CATALOG.pdf\" target=\"_blank\" data-type=\"url\"  >\n\n    \n                    <svg xmlns=\"http:\/\/www.w3.org\/2000\/svg\" viewBox=\"0 0 512 512\"><!--! Font Awesome Free 6.5.1 by @fontawesome - https:\/\/fontawesome.com License - https:\/\/fontawesome.com\/license\/free (Icons: CC BY 4.0, Fonts: SIL OFL 1.1, Code: MIT License) Copyright 2023 Fonticons, Inc. --><path d=\"M64 464l48 0 0 48-48 0c-35.3 0-64-28.7-64-64L0 64C0 28.7 28.7 0 64 0L229.5 0c17 0 33.3 6.7 45.3 18.7l90.5 90.5c12 12 18.7 28.3 18.7 45.3L384 304l-48 0 0-144-80 0c-17.7 0-32-14.3-32-32l0-80L64 48c-8.8 0-16 7.2-16 16l0 384c0 8.8 7.2 16 16 16zM176 352l32 0c30.9 0 56 25.1 56 56s-25.1 56-56 56l-16 0 0 32c0 8.8-7.2 16-16 16s-16-7.2-16-16l0-48 0-80c0-8.8 7.2-16 16-16zm32 80c13.3 0 24-10.7 24-24s-10.7-24-24-24l-16 0 0 48 16 0zm96-80l32 0c26.5 0 48 21.5 48 48l0 64c0 26.5-21.5 48-48 48l-32 0c-8.8 0-16-7.2-16-16l0-128c0-8.8 7.2-16 16-16zm32 128c8.8 0 16-7.2 16-16l0-64c0-8.8-7.2-16-16-16l-16 0 0 96 16 0zm80-112c0-8.8 7.2-16 16-16l48 0c8.8 0 16 7.2 16 16s-7.2 16-16 16l-32 0 0 32 32 0c8.8 0 16 7.2 16 16s-7.2 16-16 16l-32 0 0 48c0 8.8-7.2 16-16 16s-16-7.2-16-16l0-64 0-64z\"\/><\/svg>\n        \n        \n        \n                <\/a>\n\n    \n\n\n<\/div><a class=\"bde-text-link-1375-143 bde-text-link breakdance-link\" href=\"https:\/\/ensude.com\/wp-content\/uploads\/2024\/07\/SUTO_S600_PORTABLE-COMPRESSED-AIR-PURITY-MONITOR-CATALOG.pdf\" target=\"_blank\" data-type=\"url\">\n  S600 Bro\u015f\u00fcr\n\n<\/a>\n<\/div><div class=\"bde-column-1375-144 bde-column\">\n  \n\t\n\n\n\n<div class=\"bde-icon-1375-145 bde-icon\">\n\n    \n                    \n            \n            \n\n    \n    \n    \n    \n    \n    <a class=\"breakdance-link bde-icon-icon breakdance-icon-atom\" href=\"https:\/\/ensude.com\/wp-content\/uploads\/2024\/07\/S600_MANUAL.pdf\" target=\"_blank\" data-type=\"url\"  >\n\n    \n                    <svg xmlns=\"http:\/\/www.w3.org\/2000\/svg\" viewBox=\"0 0 512 512\"><!--! Font Awesome Free 6.5.1 by @fontawesome - https:\/\/fontawesome.com License - https:\/\/fontawesome.com\/license\/free (Icons: CC BY 4.0, Fonts: SIL OFL 1.1, Code: MIT License) Copyright 2023 Fonticons, Inc. --><path d=\"M64 464l48 0 0 48-48 0c-35.3 0-64-28.7-64-64L0 64C0 28.7 28.7 0 64 0L229.5 0c17 0 33.3 6.7 45.3 18.7l90.5 90.5c12 12 18.7 28.3 18.7 45.3L384 304l-48 0 0-144-80 0c-17.7 0-32-14.3-32-32l0-80L64 48c-8.8 0-16 7.2-16 16l0 384c0 8.8 7.2 16 16 16zM176 352l32 0c30.9 0 56 25.1 56 56s-25.1 56-56 56l-16 0 0 32c0 8.8-7.2 16-16 16s-16-7.2-16-16l0-48 0-80c0-8.8 7.2-16 16-16zm32 80c13.3 0 24-10.7 24-24s-10.7-24-24-24l-16 0 0 48 16 0zm96-80l32 0c26.5 0 48 21.5 48 48l0 64c0 26.5-21.5 48-48 48l-32 0c-8.8 0-16-7.2-16-16l0-128c0-8.8 7.2-16 16-16zm32 128c8.8 0 16-7.2 16-16l0-64c0-8.8-7.2-16-16-16l-16 0 0 96 16 0zm80-112c0-8.8 7.2-16 16-16l48 0c8.8 0 16 7.2 16 16s-7.2 16-16 16l-32 0 0 32 32 0c8.8 0 16 7.2 16 16s-7.2 16-16 16l-32 0 0 48c0 8.8-7.2 16-16 16s-16-7.2-16-16l0-64 0-64z\"\/><\/svg>\n        \n        \n        \n                <\/a>\n\n    \n\n\n<\/div><a class=\"bde-text-link-1375-146 bde-text-link breakdance-link\" href=\"https:\/\/ensude.com\/wp-content\/uploads\/2024\/07\/S600_MANUAL.pdf\" target=\"_blank\" data-type=\"url\">\n  S600 User Manual (Eng)\n\n<\/a>\n<\/div><\/div><\/div>\n<\/section><\/div>","protected":false},"excerpt":{"rendered":"<p>S520 Ta\u015f\u0131nabilir Dew Point Sensor (-100\u00baC &#8230; +20\u00baC) \u00d6zellikler: S520 Portatif \u00c7i\u011flenme Sens\u00f6r\u00fc \u015funlar\u0131 i\u00e7erir: Modern, son teknoloji grafikleme, kullan\u0131c\u0131 aray\u00fcz\u00fc ve operasyon kolayl\u0131\u011f\u0131 i\u00e7in ekran fonksiyonlar\u0131 Veri kaydedici 100 milyon de\u011fere kadar kay\u0131t yapabilirbir flash kartta saklan\u0131r. Yerinde ta\u015f\u0131nabilir bir yaz\u0131c\u0131 kullanarak \u00e7\u0131kt\u0131lar olu\u015fturulabilir. S 520, sa\u011flam bir ta\u015f\u0131ma muhafazas\u0131na sahiptir. \u00c7i\u011flenme noktas\u0131, s\u0131cakl\u0131k [&hellip;]<\/p>\n","protected":false},"author":1,"featured_media":0,"parent":0,"menu_order":0,"comment_status":"closed","ping_status":"closed","template":"","meta":{"_acf_changed":false,"_breakdance_hide_in_design_set":false,"_breakdance_tags":"","footnotes":""},"class_list":["post-1375","page","type-page","status-publish","hentry"],"acf":[],"_links":{"self":[{"href":"https:\/\/ensude.com\/index.php\/wp-json\/wp\/v2\/pages\/1375","targetHints":{"allow":["GET"]}}],"collection":[{"href":"https:\/\/ensude.com\/index.php\/wp-json\/wp\/v2\/pages"}],"about":[{"href":"https:\/\/ensude.com\/index.php\/wp-json\/wp\/v2\/types\/page"}],"author":[{"embeddable":true,"href":"https:\/\/ensude.com\/index.php\/wp-json\/wp\/v2\/users\/1"}],"replies":[{"embeddable":true,"href":"https:\/\/ensude.com\/index.php\/wp-json\/wp\/v2\/comments?post=1375"}],"version-history":[{"count":6,"href":"https:\/\/ensude.com\/index.php\/wp-json\/wp\/v2\/pages\/1375\/revisions"}],"predecessor-version":[{"id":3205,"href":"https:\/\/ensude.com\/index.php\/wp-json\/wp\/v2\/pages\/1375\/revisions\/3205"}],"wp:attachment":[{"href":"https:\/\/ensude.com\/index.php\/wp-json\/wp\/v2\/media?parent=1375"}],"curies":[{"name":"wp","href":"https:\/\/api.w.org\/{rel}","templated":true}]}}