{"id":1274,"date":"2024-09-15T13:22:23","date_gmt":"2024-09-15T13:22:23","guid":{"rendered":"https:\/\/ensude.com\/?page_id=1274"},"modified":"2025-03-23T19:39:54","modified_gmt":"2025-03-23T19:39:54","slug":"s435-doygun-buharda-akis-tuketim-olcumu-icin-vorteks-debimetre","status":"publish","type":"page","link":"https:\/\/ensude.com\/index.php\/s435-doygun-buharda-akis-tuketim-olcumu-icin-vorteks-debimetre\/","title":{"rendered":"S435 Doygun Buharda Ak\u0131\u015f T\u00fcketim \u00d6l\u00e7\u00fcm\u00fc i\u00e7in Vorteks Debimetre"},"content":{"rendered":"<div class='breakdance'><section class=\"bde-section-1274-100 bde-section\">\n  \n\t\n\n\n\n<div class=\"section-container\"><h1 class=\"bde-heading-1274-101 bde-heading\">\nS435 Doygun Buharda Ak\u0131\u015f T\u00fcketim \u00d6l\u00e7\u00fcm\u00fc i\u00e7in Vorteks Debimetre\n<\/h1><div class=\"bde-columns-1274-102 bde-columns\"><div class=\"bde-column-1274-103 bde-column\">\n  \n\t\n\n\n\n<div class=\"bde-image-1274-104 bde-image\">\n<figure class=\"breakdance-image breakdance-image--1277 breakdance-image--caption-below\">\n\t<div class=\"breakdance-image-container\">\n\t\t<div class=\"breakdance-image-clip\"><img loading=\"lazy\" decoding=\"async\" class=\"breakdance-image-object\" src=\"https:\/\/ensude.com\/wp-content\/uploads\/2024\/08\/435-1.png\" width=\"219\" height=\"286\" sizes=\"auto, (max-width: 219px) 100vw, 219px\"><\/div>\n\t<\/div><\/figure>\n\n<\/div>\n<\/div><div class=\"bde-column-1274-107 bde-column\">\n  \n\t\n\n\n\n<div class=\"bde-rich-text-1274-108 bde-rich-text breakdance-rich-text-styles\">\n<section id=\"comp-lppxh60g\" class=\"Oqnisf comp-lppxh60g wixui-section\" tabindex=\"-1\" data-block-level-container=\"ClassicSection\">\n<div class=\"\" data-mesh-id=\"comp-lppxh60ginlineContent\" data-testid=\"inline-content\">\n<div data-mesh-id=\"comp-lppxh60ginlineContent-gridContainer\" data-testid=\"mesh-container-content\">\n<div id=\"comp-jww3soxx\" class=\"HcOXKn c9GqVL QxJLC3 comp-jww3soxx wixui-rich-text\" data-testid=\"richTextElement\">\n<p class=\"font_8 wixui-rich-text__text\"><span class=\"wixui-rich-text__text\">S435 vorteks ak\u0131\u015f \u00f6l\u00e7er, sa\u011flam tasar\u0131m\u0131, hareketli par\u00e7a i\u00e7ermemesi ve y\u00fcksek s\u0131cakl\u0131k\/bas\u0131n\u00e7 direnci sayesinde buhar \u00f6l\u00e7\u00fcm\u00fc i\u00e7in ideal bir se\u00e7imdir.<\/span><\/p>\n<p class=\"font_8 wixui-rich-text__text\"><span class=\"wixui-rich-text__text\">S435 vorteks ak\u0131\u015f \u00f6l\u00e7er, otomatik yo\u011funluk kompanzasyonu ile doymu\u015f buhardaki ak\u0131\u015f\u0131 ve t\u00fcketimi \u00f6l\u00e7er. Bu, s\u00fcrekli olarak do\u011fru sonu\u00e7lar\u0131 garanti eder. Parametre ayarlar\u0131, kullan\u0131c\u0131 aray\u00fcz\u00fc (tu\u015flar ve ekran) arac\u0131l\u0131\u011f\u0131yla do\u011frudan ak\u0131\u015f \u00f6l\u00e7er \u00fczerinde yap\u0131labilir. Modbus\/RTU aray\u00fcz\u00fc veya analog \u00e7\u0131k\u0131\u015f, S435\u2019in bir SCADA sistemine kolayl\u0131kla ba\u011flanmas\u0131n\u0131 sa\u011flar.<\/span><\/p>\n<\/div>\n<\/div>\n<\/div>\n<\/section>\n<section id=\"comp-lppxh60h\" class=\"Oqnisf comp-lppxh60h wixui-section\" tabindex=\"-1\" data-block-level-container=\"ClassicSection\">\n<div class=\"\" data-mesh-id=\"comp-lppxh60hinlineContent\" data-testid=\"inline-content\">\n<div data-mesh-id=\"comp-lppxh60hinlineContent-gridContainer\" data-testid=\"mesh-container-content\">\n<div id=\"comp-jww3wt0s\" class=\"HcOXKn c9GqVL QxJLC3 comp-jww3wt0s wixui-rich-text\" data-testid=\"richTextElement\">\n<p><span class=\"wixui-rich-text__text\">\u00d6zellikler<\/span><\/p>\n<ul>\n<li><span class=\"wixui-rich-text__text\">Doygun buharda ak\u0131\u015f ve t\u00fcketim \u00f6l\u00e7\u00fcm\u00fc<\/span><\/li>\n<li><span class=\"wixui-rich-text__text\">Entegre s\u0131cakl\u0131k sens\u00f6r\u00fc ve d\u00fc\u015f\u00fck bas\u0131n\u00e7 kayb\u0131<\/span><\/li>\n<li><span class=\"wixui-rich-text__text\">Sa\u011flam end\u00fcstriyel yap\u0131s\u0131 sayesinde y\u00fcksek koruma <\/span><\/li>\n<li><span class=\"wixui-rich-text__text\">Kompakt tasar\u0131m ve hareketli par\u00e7as\u0131 bulunmaz.<\/span><\/li>\n<li><span class=\"wixui-rich-text__text\">Analog ve Modbus \u00e7\u0131k\u0131\u015f\u0131na sahiptir.<\/span><\/li>\n<li><span class=\"wixui-rich-text__text\">Gofret tipi kurulumu kolayla\u015ft\u0131r\u0131r<\/span><\/li>\n<\/ul>\n<\/div>\n<\/div>\n<\/div>\n<\/section>\n<\/div>\n<\/div><\/div><div class=\"bde-columns-1274-109 bde-columns\"><div class=\"bde-column-1274-110 bde-column\">\n  \n\t\n\n\n\n<div class=\"bde-icon-1274-111 bde-icon\">\n\n    \n                    \n            \n            \n\n    \n    \n    \n    \n    \n    <a class=\"breakdance-link bde-icon-icon breakdance-icon-atom\" href=\"https:\/\/ensude.com\/wp-content\/uploads\/2024\/07\/SUTO_S435_VORTEX-FLOW-METER-CATALOG.pdf\" target=\"_blank\" data-type=\"url\"  >\n\n    \n                    <svg xmlns=\"http:\/\/www.w3.org\/2000\/svg\" viewBox=\"0 0 512 512\"><!--! Font Awesome Free 6.5.1 by @fontawesome - https:\/\/fontawesome.com License - https:\/\/fontawesome.com\/license\/free (Icons: CC BY 4.0, Fonts: SIL OFL 1.1, Code: MIT License) Copyright 2023 Fonticons, Inc. --><path d=\"M64 464l48 0 0 48-48 0c-35.3 0-64-28.7-64-64L0 64C0 28.7 28.7 0 64 0L229.5 0c17 0 33.3 6.7 45.3 18.7l90.5 90.5c12 12 18.7 28.3 18.7 45.3L384 304l-48 0 0-144-80 0c-17.7 0-32-14.3-32-32l0-80L64 48c-8.8 0-16 7.2-16 16l0 384c0 8.8 7.2 16 16 16zM176 352l32 0c30.9 0 56 25.1 56 56s-25.1 56-56 56l-16 0 0 32c0 8.8-7.2 16-16 16s-16-7.2-16-16l0-48 0-80c0-8.8 7.2-16 16-16zm32 80c13.3 0 24-10.7 24-24s-10.7-24-24-24l-16 0 0 48 16 0zm96-80l32 0c26.5 0 48 21.5 48 48l0 64c0 26.5-21.5 48-48 48l-32 0c-8.8 0-16-7.2-16-16l0-128c0-8.8 7.2-16 16-16zm32 128c8.8 0 16-7.2 16-16l0-64c0-8.8-7.2-16-16-16l-16 0 0 96 16 0zm80-112c0-8.8 7.2-16 16-16l48 0c8.8 0 16 7.2 16 16s-7.2 16-16 16l-32 0 0 32 32 0c8.8 0 16 7.2 16 16s-7.2 16-16 16l-32 0 0 48c0 8.8-7.2 16-16 16s-16-7.2-16-16l0-64 0-64z\"\/><\/svg>\n        \n        \n        \n                <\/a>\n\n    \n\n\n<\/div><a class=\"bde-text-link-1274-112 bde-text-link breakdance-link\" href=\"https:\/\/ensude.com\/wp-content\/uploads\/2024\/07\/SUTO_S435_VORTEX-FLOW-METER-CATALOG.pdf\" target=\"_blank\" data-type=\"url\">\n  S435 Bro\u015f\u00fcr\u00fc\n\n<\/a>\n<\/div><div class=\"bde-column-1274-113 bde-column\">\n  \n\t\n\n\n\n<div class=\"bde-icon-1274-114 bde-icon\">\n\n    \n                    \n            \n            \n\n    \n    \n    \n    \n    \n    <a class=\"breakdance-link bde-icon-icon breakdance-icon-atom\" href=\"https:\/\/ensude.com\/wp-content\/uploads\/2024\/07\/S435_MANUAL.pdf\" target=\"_blank\" data-type=\"url\"  >\n\n    \n                    <svg xmlns=\"http:\/\/www.w3.org\/2000\/svg\" viewBox=\"0 0 512 512\"><!--! Font Awesome Free 6.5.1 by @fontawesome - https:\/\/fontawesome.com License - https:\/\/fontawesome.com\/license\/free (Icons: CC BY 4.0, Fonts: SIL OFL 1.1, Code: MIT License) Copyright 2023 Fonticons, Inc. --><path d=\"M64 464l48 0 0 48-48 0c-35.3 0-64-28.7-64-64L0 64C0 28.7 28.7 0 64 0L229.5 0c17 0 33.3 6.7 45.3 18.7l90.5 90.5c12 12 18.7 28.3 18.7 45.3L384 304l-48 0 0-144-80 0c-17.7 0-32-14.3-32-32l0-80L64 48c-8.8 0-16 7.2-16 16l0 384c0 8.8 7.2 16 16 16zM176 352l32 0c30.9 0 56 25.1 56 56s-25.1 56-56 56l-16 0 0 32c0 8.8-7.2 16-16 16s-16-7.2-16-16l0-48 0-80c0-8.8 7.2-16 16-16zm32 80c13.3 0 24-10.7 24-24s-10.7-24-24-24l-16 0 0 48 16 0zm96-80l32 0c26.5 0 48 21.5 48 48l0 64c0 26.5-21.5 48-48 48l-32 0c-8.8 0-16-7.2-16-16l0-128c0-8.8 7.2-16 16-16zm32 128c8.8 0 16-7.2 16-16l0-64c0-8.8-7.2-16-16-16l-16 0 0 96 16 0zm80-112c0-8.8 7.2-16 16-16l48 0c8.8 0 16 7.2 16 16s-7.2 16-16 16l-32 0 0 32 32 0c8.8 0 16 7.2 16 16s-7.2 16-16 16l-32 0 0 48c0 8.8-7.2 16-16 16s-16-7.2-16-16l0-64 0-64z\"\/><\/svg>\n        \n        \n        \n                <\/a>\n\n    \n\n\n<\/div><a class=\"bde-text-link-1274-115 bde-text-link breakdance-link\" href=\"https:\/\/ensude.com\/wp-content\/uploads\/2024\/07\/S435_MANUAL.pdf\" target=\"_blank\" data-type=\"url\">\n  S435 Manual (Eng)\n\n<\/a>\n<\/div><\/div><div class=\"bde-columns-1274-116 bde-columns\"><div class=\"bde-column-1274-117 bde-column\">\n  \n\t\n\n\n\n<div class=\"bde-image-1274-118 bde-image\">\n<figure class=\"breakdance-image breakdance-image--1278\">\n\t<div class=\"breakdance-image-container\">\n\t\t<div class=\"breakdance-image-clip\"><img loading=\"lazy\" decoding=\"async\" class=\"breakdance-image-object\" src=\"https:\/\/ensude.com\/wp-content\/uploads\/2024\/08\/435-2.png\" width=\"308\" height=\"286\" sizes=\"auto, (max-width: 308px) 100vw, 308px\"><\/div>\n\t<\/div><\/figure>\n\n<\/div>\n<\/div><div class=\"bde-column-1274-119 bde-column\">\n  \n\t\n\n\n\n<div class=\"bde-image-1274-120 bde-image\">\n<figure class=\"breakdance-image breakdance-image--1279\">\n\t<div class=\"breakdance-image-container\">\n\t\t<div class=\"breakdance-image-clip\"><img loading=\"lazy\" decoding=\"async\" class=\"breakdance-image-object\" src=\"https:\/\/ensude.com\/wp-content\/uploads\/2024\/08\/435-3.png\" width=\"793\" height=\"376\" srcset=\"https:\/\/ensude.com\/wp-content\/uploads\/2024\/08\/435-3.png 793w, https:\/\/ensude.com\/wp-content\/uploads\/2024\/08\/435-3-640x303.png 640w, https:\/\/ensude.com\/wp-content\/uploads\/2024\/08\/435-3-768x364.png 768w, https:\/\/ensude.com\/wp-content\/uploads\/2024\/08\/435-3-600x284.png 600w\" sizes=\"auto, (max-width: 793px) 100vw, 793px\"><\/div>\n\t<\/div><\/figure>\n\n<\/div>\n<\/div><\/div><\/div>\n<\/section><\/div>","protected":false},"excerpt":{"rendered":"<p>S435 Doygun Buharda Ak\u0131\u015f T\u00fcketim \u00d6l\u00e7\u00fcm\u00fc i\u00e7in Vorteks Debimetre S435 vorteks ak\u0131\u015f \u00f6l\u00e7er, sa\u011flam tasar\u0131m\u0131, hareketli par\u00e7a i\u00e7ermemesi ve y\u00fcksek s\u0131cakl\u0131k\/bas\u0131n\u00e7 direnci sayesinde buhar \u00f6l\u00e7\u00fcm\u00fc i\u00e7in ideal bir se\u00e7imdir. S435 vorteks ak\u0131\u015f \u00f6l\u00e7er, otomatik yo\u011funluk kompanzasyonu ile doymu\u015f buhardaki ak\u0131\u015f\u0131 ve t\u00fcketimi \u00f6l\u00e7er. Bu, s\u00fcrekli olarak do\u011fru sonu\u00e7lar\u0131 garanti eder. Parametre ayarlar\u0131, kullan\u0131c\u0131 aray\u00fcz\u00fc (tu\u015flar [&hellip;]<\/p>\n","protected":false},"author":1,"featured_media":0,"parent":0,"menu_order":0,"comment_status":"closed","ping_status":"closed","template":"","meta":{"_acf_changed":false,"_breakdance_hide_in_design_set":false,"_breakdance_tags":"","footnotes":""},"class_list":["post-1274","page","type-page","status-publish","hentry"],"acf":[],"_links":{"self":[{"href":"https:\/\/ensude.com\/index.php\/wp-json\/wp\/v2\/pages\/1274","targetHints":{"allow":["GET"]}}],"collection":[{"href":"https:\/\/ensude.com\/index.php\/wp-json\/wp\/v2\/pages"}],"about":[{"href":"https:\/\/ensude.com\/index.php\/wp-json\/wp\/v2\/types\/page"}],"author":[{"embeddable":true,"href":"https:\/\/ensude.com\/index.php\/wp-json\/wp\/v2\/users\/1"}],"replies":[{"embeddable":true,"href":"https:\/\/ensude.com\/index.php\/wp-json\/wp\/v2\/comments?post=1274"}],"version-history":[{"count":7,"href":"https:\/\/ensude.com\/index.php\/wp-json\/wp\/v2\/pages\/1274\/revisions"}],"predecessor-version":[{"id":3200,"href":"https:\/\/ensude.com\/index.php\/wp-json\/wp\/v2\/pages\/1274\/revisions\/3200"}],"wp:attachment":[{"href":"https:\/\/ensude.com\/index.php\/wp-json\/wp\/v2\/media?parent=1274"}],"curies":[{"name":"wp","href":"https:\/\/api.w.org\/{rel}","templated":true}]}}