{"id":1185,"date":"2024-09-15T13:17:19","date_gmt":"2024-09-15T13:17:19","guid":{"rendered":"https:\/\/ensude.com\/?page_id=1185"},"modified":"2024-09-15T13:17:19","modified_gmt":"2024-09-15T13:17:19","slug":"imtc-ozel-uretim-elektrikli-silindirler","status":"publish","type":"page","link":"https:\/\/ensude.com\/index.php\/imtc-ozel-uretim-elektrikli-silindirler\/","title":{"rendered":"IMTC \u00d6zel \u00dcretim Elektrikli Silindirler"},"content":{"rendered":"<div class='breakdance'><section class=\"bde-section-1185-100 bde-section\">\n              \n  \n\t\n\n  <div class=\"section-background-overlay\"><\/div>\n\n\n<div class=\"section-container\"><div class=\"bde-columns-1185-101 bde-columns\"><div class=\"bde-column-1185-102 bde-column\">\n  \n\t\n\n\n\n<div class=\"bde-image-1185-103 bde-image\">\n<figure class=\"breakdance-image breakdance-image--1178\">\n\t<div class=\"breakdance-image-container\">\n\t\t<div class=\"breakdance-image-clip\"><img loading=\"lazy\" decoding=\"async\" class=\"breakdance-image-object\" src=\"https:\/\/ensude.com\/wp-content\/uploads\/2024\/08\/IMTL63.png\" width=\"760\" height=\"760\" srcset=\"https:\/\/ensude.com\/wp-content\/uploads\/2024\/08\/IMTL63.png 760w, https:\/\/ensude.com\/wp-content\/uploads\/2024\/08\/IMTL63-640x640.png 640w, https:\/\/ensude.com\/wp-content\/uploads\/2024\/08\/IMTL63-160x160.png 160w, https:\/\/ensude.com\/wp-content\/uploads\/2024\/08\/IMTL63-300x300.png 300w, https:\/\/ensude.com\/wp-content\/uploads\/2024\/08\/IMTL63-600x600.png 600w\" sizes=\"auto, (max-width: 760px) 100vw, 760px\"><\/div>\n\t<\/div><\/figure>\n\n<\/div>\n<\/div><div class=\"bde-column-1185-104 bde-column\">\n  \n\t\n\n\n\n<h1 class=\"bde-heading-1185-105 bde-heading\">\nIMTC \u00d6zel \u00dcretim Elektrikli Silindirler\n<\/h1><div class=\"bde-blockquote-1185-107 bde-blockquote\">\n      <p class=\"above-text_blockquote-icon\"><span class=\"blockquote-icon\"><svg xmlns=\"http:\/\/www.w3.org\/2000\/svg\" id=\"icon-quotes-left\" viewBox=\"0 0 32 32\">\r\n<path d=\"M7.031 14c3.866 0 7 3.134 7 7s-3.134 7-7 7-7-3.134-7-7l-0.031-1c0-7.732 6.268-14 14-14v4c-2.671 0-5.182 1.040-7.071 2.929-0.364 0.364-0.695 0.751-0.995 1.157 0.357-0.056 0.724-0.086 1.097-0.086zM25.031 14c3.866 0 7 3.134 7 7s-3.134 7-7 7-7-3.134-7-7l-0.031-1c0-7.732 6.268-14 14-14v4c-2.671 0-5.182 1.040-7.071 2.929-0.364 0.364-0.695 0.751-0.995 1.157 0.358-0.056 0.724-0.086 1.097-0.086z\"\/>\r\n<\/svg><\/span><\/p>\n    <p >Sizin i\u00e7in \u00f6zel olan \u00e7\u00f6z\u00fcmler bizim i\u00e7in Standart<\/p>\n  \n<\/div><div class=\"bde-rich-text-1185-106 bde-rich-text breakdance-rich-text-styles\">\n<div class=\"elementor-element elementor-element-8fca7f0 e-con-full e-flex e-con e-child\" data-id=\"8fca7f0\" data-element_type=\"container\">\n<div class=\"elementor-element elementor-element-3435ca5 elementor-widget-tablet__width-initial elementor-widget elementor-widget-text-editor\" data-id=\"3435ca5\" data-element_type=\"widget\" data-widget_type=\"text-editor.default\">\n<div class=\"elementor-widget-container\">\n<p>Standart olarak ISO1552 pn\u00f6matik Silindir \u00f6l\u00e7\u00fclerinde \u00fcretilmekte birlikte projenizde ihtiyac\u0131n\u0131z olan t\u00fcm \u00f6zel modifikasyonlar kolayca yap\u0131labilmektedir. Bu da size tasar\u0131m kolayl\u0131\u011f\u0131 sa\u011flar.<br \/>Elektrikli Silindirde, pn\u00f6matik silindirlerde kullan\u0131lan ba\u011flant\u0131 elemanlar\u0131 kullan\u0131labilir.<\/p>\n<p>Standart kanal tipi sens\u00f6rler kullan\u0131labilir.<br \/>Uygulaman\u0131za \u00f6zel farkl\u0131 hatvelerde de \u00fcr\u00fcn \u00fcretilebilir.<br \/>bunlarla birlikte;<\/p>\n<\/div>\n<\/div>\n<\/div>\n<div class=\"elementor-element elementor-element-9c5c61b e-flex e-con-boxed e-con e-child\" data-id=\"9c5c61b\" data-element_type=\"container\">\n<div class=\"e-con-inner\">\n<div class=\"elementor-element elementor-element-fdba73a elementor-widget__width-initial elementor-widget elementor-widget-ld_list\" data-id=\"fdba73a\" data-element_type=\"widget\" data-widget_type=\"ld_list.default\">\n<div class=\"elementor-widget-container\">\n<div class=\"lqd-bullet-list\">\n<ul class=\"bullet-list-ul reset-ul \">\n<li class=\"d-flex align-items-center\">Uzat\u0131lm\u0131\u015f piston Mili<\/li>\n<li class=\"d-flex align-items-center\">IP65 Koruuma S\u0131n\u0131f\u0131<\/li>\n<li class=\"d-flex align-items-center\">Paslanmaz \u00c7elik Mil<\/li>\n<li class=\"d-flex align-items-center\">SSI Geri bildirimli, Dahili Linear Encoder,<\/li>\n<li class=\"d-flex align-items-center\">\u00d6zel ba\u011flant\u0131 Flan\u015flar\u0131<\/li>\n<\/ul>\n<\/div>\n<\/div>\n<\/div>\n<\/div>\n<\/div>\n<\/div>\n<\/div><\/div><div class=\"bde-columns-1185-108 bde-columns\"><div class=\"bde-column-1185-109 bde-column\">\n  \n\t\n\n\n\n<div class=\"bde-image-1185-113 bde-image\">\n<figure class=\"breakdance-image breakdance-image--1189\">\n\t<div class=\"breakdance-image-container\">\n\t\t<div class=\"breakdance-image-clip\"><img loading=\"lazy\" decoding=\"async\" class=\"breakdance-image-object\" src=\"https:\/\/ensude.com\/wp-content\/uploads\/2024\/08\/IMTC1.png\" width=\"107\" height=\"300\" sizes=\"auto, (max-width: 107px) 100vw, 107px\"><\/div>\n\t<\/div><\/figure>\n\n<\/div>\n<\/div><div class=\"bde-column-1185-110 bde-column\">\n  \n\t\n\n\n\n<div class=\"bde-image-1185-114 bde-image\">\n<figure class=\"breakdance-image breakdance-image--1190\">\n\t<div class=\"breakdance-image-container\">\n\t\t<div class=\"breakdance-image-clip\"><img loading=\"lazy\" decoding=\"async\" class=\"breakdance-image-object\" src=\"https:\/\/ensude.com\/wp-content\/uploads\/2024\/08\/IMTC2.png\" width=\"157\" height=\"300\" sizes=\"auto, (max-width: 157px) 100vw, 157px\"><\/div>\n\t<\/div><\/figure>\n\n<\/div>\n<\/div><div class=\"bde-column-1185-111 bde-column\">\n  \n\t\n\n\n\n<div class=\"bde-image-1185-115 bde-image\">\n<figure class=\"breakdance-image breakdance-image--1191\">\n\t<div class=\"breakdance-image-container\">\n\t\t<div class=\"breakdance-image-clip\"><img loading=\"lazy\" decoding=\"async\" class=\"breakdance-image-object\" src=\"https:\/\/ensude.com\/wp-content\/uploads\/2024\/08\/IMTC3.png\" width=\"159\" height=\"300\" sizes=\"auto, (max-width: 159px) 100vw, 159px\"><\/div>\n\t<\/div><\/figure>\n\n<\/div>\n<\/div><div class=\"bde-column-1185-112 bde-column\">\n  \n\t\n\n\n\n<div class=\"bde-image-1185-116 bde-image\">\n<figure class=\"breakdance-image breakdance-image--1192\">\n\t<div class=\"breakdance-image-container\">\n\t\t<div class=\"breakdance-image-clip\"><img loading=\"lazy\" decoding=\"async\" class=\"breakdance-image-object\" src=\"https:\/\/ensude.com\/wp-content\/uploads\/2024\/08\/IMTC4.png\" width=\"169\" height=\"300\" sizes=\"auto, (max-width: 169px) 100vw, 169px\"><\/div>\n\t<\/div><\/figure>\n\n<\/div>\n<\/div><\/div><\/div>\n<\/section><\/div>","protected":false},"excerpt":{"rendered":"<p>IMTC \u00d6zel \u00dcretim Elektrikli Silindirler Sizin i\u00e7in \u00f6zel olan \u00e7\u00f6z\u00fcmler bizim i\u00e7in Standart Standart olarak ISO1552 pn\u00f6matik Silindir \u00f6l\u00e7\u00fclerinde \u00fcretilmekte birlikte projenizde ihtiyac\u0131n\u0131z olan t\u00fcm \u00f6zel modifikasyonlar kolayca yap\u0131labilmektedir. Bu da size tasar\u0131m kolayl\u0131\u011f\u0131 sa\u011flar.Elektrikli Silindirde, pn\u00f6matik silindirlerde kullan\u0131lan ba\u011flant\u0131 elemanlar\u0131 kullan\u0131labilir. Standart kanal tipi sens\u00f6rler kullan\u0131labilir.Uygulaman\u0131za \u00f6zel farkl\u0131 hatvelerde de \u00fcr\u00fcn \u00fcretilebilir.bunlarla birlikte; Uzat\u0131lm\u0131\u015f [&hellip;]<\/p>\n","protected":false},"author":1,"featured_media":0,"parent":0,"menu_order":0,"comment_status":"closed","ping_status":"closed","template":"","meta":{"_acf_changed":false,"_breakdance_hide_in_design_set":false,"_breakdance_tags":"","footnotes":""},"class_list":["post-1185","page","type-page","status-publish","hentry"],"acf":[],"_links":{"self":[{"href":"https:\/\/ensude.com\/index.php\/wp-json\/wp\/v2\/pages\/1185","targetHints":{"allow":["GET"]}}],"collection":[{"href":"https:\/\/ensude.com\/index.php\/wp-json\/wp\/v2\/pages"}],"about":[{"href":"https:\/\/ensude.com\/index.php\/wp-json\/wp\/v2\/types\/page"}],"author":[{"embeddable":true,"href":"https:\/\/ensude.com\/index.php\/wp-json\/wp\/v2\/users\/1"}],"replies":[{"embeddable":true,"href":"https:\/\/ensude.com\/index.php\/wp-json\/wp\/v2\/comments?post=1185"}],"version-history":[{"count":3,"href":"https:\/\/ensude.com\/index.php\/wp-json\/wp\/v2\/pages\/1185\/revisions"}],"predecessor-version":[{"id":1193,"href":"https:\/\/ensude.com\/index.php\/wp-json\/wp\/v2\/pages\/1185\/revisions\/1193"}],"wp:attachment":[{"href":"https:\/\/ensude.com\/index.php\/wp-json\/wp\/v2\/media?parent=1185"}],"curies":[{"name":"wp","href":"https:\/\/api.w.org\/{rel}","templated":true}]}}