{"id":1175,"date":"2024-09-15T13:17:25","date_gmt":"2024-09-15T13:17:25","guid":{"rendered":"https:\/\/ensude.com\/?page_id=1175"},"modified":"2025-03-23T21:26:12","modified_gmt":"2025-03-23T21:26:12","slug":"imtl-63-kompakt-elektrikli-silindir","status":"publish","type":"page","link":"https:\/\/ensude.com\/index.php\/imtl-63-kompakt-elektrikli-silindir\/","title":{"rendered":"IMTL 63 Kompakt Elektrikli Silindir"},"content":{"rendered":"<div class='breakdance'><section class=\"bde-section-1175-100 bde-section\">\n  \n\t\n\n\n\n<div class=\"section-container\"><div class=\"bde-columns-1175-101 bde-columns\"><div class=\"bde-column-1175-102 bde-column\">\n  \n\t\n\n\n\n<div class=\"bde-image-1175-103 bde-image\">\n<figure class=\"breakdance-image breakdance-image--1178\">\n\t<div class=\"breakdance-image-container\">\n\t\t<div class=\"breakdance-image-clip\"><img loading=\"lazy\" decoding=\"async\" class=\"breakdance-image-object\" src=\"https:\/\/ensude.com\/wp-content\/uploads\/2024\/08\/IMTL63.png\" width=\"760\" height=\"760\" srcset=\"https:\/\/ensude.com\/wp-content\/uploads\/2024\/08\/IMTL63.png 760w, https:\/\/ensude.com\/wp-content\/uploads\/2024\/08\/IMTL63-640x640.png 640w, https:\/\/ensude.com\/wp-content\/uploads\/2024\/08\/IMTL63-160x160.png 160w, https:\/\/ensude.com\/wp-content\/uploads\/2024\/08\/IMTL63-300x300.png 300w, https:\/\/ensude.com\/wp-content\/uploads\/2024\/08\/IMTL63-600x600.png 600w\" sizes=\"auto, (max-width: 760px) 100vw, 760px\"><\/div>\n\t<\/div><\/figure>\n\n<\/div>\n<\/div><div class=\"bde-column-1175-104 bde-column\">\n  \n\t\n\n\n\n<h1 class=\"bde-heading-1175-105 bde-heading\">\nIMTL 63 Kompakt Elektrikli Silindir\n<\/h1><div class=\"bde-rich-text-1175-106 bde-rich-text breakdance-rich-text-styles\">\n<p>Makinelerinizi bir \u00fcst seviyeye ta\u015f\u0131mak i\u00e7in tasarlanan IMTL Serisi Kompakt Elektrikli Silindirlerimiz ile tan\u0131\u015f\u0131n.\u00a0<\/p>\n<p>Pn\u00f6matik Silindirlerden Elektrikli Silindirlere D\u00f6n\u00fc\u015f\u00fcm\u00fc ekonomik fiyatlarla yapabilmeniz ve end\u00fcstriyel otomasyonun gereksinimlerini kar\u015f\u0131lamak i\u00e7in \u00f6zel olarak geli\u015ftirildi.<\/p>\n<p>Standart olarak ISO1552 pn\u00f6matik Silindir \u00f6l\u00e7\u00fclerinde \u00fcretilmekte olup, istenen h\u0131z ve kuvvete g\u00f6re, \u00e7ok say\u0131da farkl\u0131 step veya Servo motor ba\u011flanabilir.<\/p>\n<p>Bu seri ile, Y\u00fcksek performans \/ maliyet oran\u0131 ile bir \u00e7ok uygulamalar\u0131n\u0131z\u0131 pn\u00f6matik silindirden\u00a0 Elektrikli Silindire \u00e7ok daha uygun maliyetler ile de\u011fi\u015ftirebileceksiniz<\/p>\n<p>Elektrikli Silindirde, pn\u00f6matik silindirlerde kullan\u0131lan ba\u011flant\u0131 elemanlar\u0131 kullan\u0131labilir.<\/p>\n<p>Standart kanal tipi sens\u00f6rler kullan\u0131labilir.<\/p>\n<p>Uygulaman\u0131za \u00f6zel farkl\u0131 hatvelerde de \u00fcr\u00fcn \u00fcretilebilir.<\/p>\n<\/div>\n<\/div><\/div><div class=\"bde-tabs-1175-107 bde-tabs\">\n\n  \n        \n  \n  \n  <div class=\"bde-tabs__tabslist-container bde-tabs__tabslist-container--scrollable is-horizontal js-tabs-container\">\n    <div class=\"bde-tabs__tabslist bde-tabs__tabslist--bar js-tablist\" role=\"tablist\" aria-label=\"Content tabs\" aria-orientation=\"horizontal\" data-tabs-id=\"bde-tabs-1175-107\">\n      \n              <button role=\"tab\" aria-selected=\"false\" class=\"bde-tabs__tab js-tab\" aria-controls=\"tab-panel-bde-tabs-1175-107-1\" id=\"tab-bde-tabs-1175-107-1\" data-value=\"1\">\n                    <span class=\"bde-tabs__tab-title\">Teknik Veriler<\/span>\n        <\/button>\n              <button role=\"tab\" aria-selected=\"false\" class=\"bde-tabs__tab js-tab\" aria-controls=\"tab-panel-bde-tabs-1175-107-2\" id=\"tab-bde-tabs-1175-107-2\" data-value=\"2\">\n                    <span class=\"bde-tabs__tab-title\">\u00d6l\u00e7\u00fcler<\/span>\n        <\/button>\n              <button role=\"tab\" aria-selected=\"false\" class=\"bde-tabs__tab js-tab\" aria-controls=\"tab-panel-bde-tabs-1175-107-3\" id=\"tab-bde-tabs-1175-107-3\" data-value=\"3\">\n                    <span class=\"bde-tabs__tab-title\">3D \u00c7izim<\/span>\n        <\/button>\n              <button role=\"tab\" aria-selected=\"false\" class=\"bde-tabs__tab js-tab\" aria-controls=\"tab-panel-bde-tabs-1175-107-4\" id=\"tab-bde-tabs-1175-107-4\" data-value=\"4\">\n                    <span class=\"bde-tabs__tab-title\">Montaj<\/span>\n        <\/button>\n          <\/div>\n  <\/div>\n\n  <div class=\"bde-tabs-content-container\">\n        <div tabindex=\"0\" role=\"tabpanel\" class=\"bde-tabs__panel js-panel\" id=\"tab-panel-bde-tabs-1175-107-1\" hidden=\"\" aria-labelledby=\"tab-bde-tabs-1175-107-1\">\n      <div class=\"bde-tabs__panel-content breakdance-rich-text-styles\"><p><img loading=\"lazy\" decoding=\"async\" class=\"aligncenter size-full wp-image-1180\" src=\"https:\/\/ensude.com\/wp-content\/uploads\/2024\/07\/IMTL63-olculer.png\" alt=\"\" width=\"949\" height=\"360\" srcset=\"https:\/\/ensude.com\/wp-content\/uploads\/2024\/07\/IMTL63-olculer.png 949w, https:\/\/ensude.com\/wp-content\/uploads\/2024\/07\/IMTL63-olculer-640x243.png 640w, https:\/\/ensude.com\/wp-content\/uploads\/2024\/07\/IMTL63-olculer-768x291.png 768w, https:\/\/ensude.com\/wp-content\/uploads\/2024\/07\/IMTL63-olculer-600x228.png 600w\" sizes=\"auto, (max-width: 949px) 100vw, 949px\" \/><\/p><\/div>\n    <\/div>\n        <div tabindex=\"0\" role=\"tabpanel\" class=\"bde-tabs__panel js-panel\" id=\"tab-panel-bde-tabs-1175-107-2\" hidden=\"\" aria-labelledby=\"tab-bde-tabs-1175-107-2\">\n      <div class=\"bde-tabs__panel-content breakdance-rich-text-styles\"><p><img loading=\"lazy\" decoding=\"async\" class=\"aligncenter size-full wp-image-1181\" src=\"https:\/\/ensude.com\/wp-content\/uploads\/2024\/07\/IMTL63-veriler.png\" alt=\"\" width=\"949\" height=\"1159\" srcset=\"https:\/\/ensude.com\/wp-content\/uploads\/2024\/07\/IMTL63-veriler.png 949w, https:\/\/ensude.com\/wp-content\/uploads\/2024\/07\/IMTL63-veriler-640x782.png 640w, https:\/\/ensude.com\/wp-content\/uploads\/2024\/07\/IMTL63-veriler-768x938.png 768w, https:\/\/ensude.com\/wp-content\/uploads\/2024\/07\/IMTL63-veriler-600x733.png 600w\" sizes=\"auto, (max-width: 949px) 100vw, 949px\" \/><\/p><\/div>\n    <\/div>\n        <div tabindex=\"0\" role=\"tabpanel\" class=\"bde-tabs__panel js-panel\" id=\"tab-panel-bde-tabs-1175-107-3\" hidden=\"\" aria-labelledby=\"tab-bde-tabs-1175-107-3\">\n      <div class=\"bde-tabs__panel-content breakdance-rich-text-styles\"><p>3D(stp) dosyalar\u0131n\u0131 a\u015fa\u011f\u0131daki linkten indirebilirsiniz\u2026<\/p>\n<table width=\"324\">\n<tbody>\n<tr>\n<td width=\"130\">Inline<\/td>\n<td width=\"64\">\u00a0<\/td>\n<td width=\"130\">Paralel<\/td>\n<\/tr>\n<tr>\n<td><a href=\"https:\/\/drive.google.com\/open?id=1uaMAEEU5CuM3dxCdOSqwweHmgSkh3_-i&amp;usp=drive_fs\" target=\"_blank\" rel=\"noopener\">IMTL.63.50.16.5.L<\/a><\/td>\n<td>\u00a0<\/td>\n<td><a href=\"https:\/\/drive.google.com\/open?id=1yyBwgtCB9VIWALmQ12zF5rHaImvWiU-S&amp;usp=drive_fs\" target=\"_blank\" rel=\"noopener\">IMTL.63.50.16.5.G<\/a><\/td>\n<\/tr>\n<tr>\n<td><a href=\"https:\/\/drive.google.com\/open?id=1uO_MLTbziDbBNBS9kXANe_RJaC_j7n6B&amp;usp=drive_fs\" target=\"_blank\" rel=\"noopener\">IMTL.63.100.16.5.L<\/a><\/td>\n<td>\u00a0<\/td>\n<td><a href=\"https:\/\/drive.google.com\/open?id=1wcPQkX5TCrquLHinn68d1QEgQsrBYJAJ&amp;usp=drive_fs\" target=\"_blank\" rel=\"noopener\">IMTL.63.90.16.5.G<\/a><\/td>\n<\/tr>\n<tr>\n<td><a href=\"https:\/\/drive.google.com\/open?id=1u_GpN98IiJDVMRVQXbBd-Ovcm61fx82H&amp;usp=drive_fs\" target=\"_blank\" rel=\"noopener\">IMTL.63.200.16.5.L<\/a><\/td>\n<td>\u00a0<\/td>\n<td><a href=\"https:\/\/drive.google.com\/open?id=1yvU_7H2VMcpVns6DJhB2g9CI7soIGpmp&amp;usp=drive_fs\" target=\"_blank\" rel=\"noopener\">IMTL.63.100.16.5.G<\/a><\/td>\n<\/tr>\n<tr>\n<td><a href=\"https:\/\/drive.google.com\/open?id=1ueXcn8hT6UsysLcAGvRj36Tn15pD8PB0&amp;usp=drive_fs\" target=\"_blank\" rel=\"noopener\">IMTL.63.250.16.5.L<\/a><\/td>\n<td>\u00a0<\/td>\n<td><a href=\"https:\/\/drive.google.com\/open?id=1whQAWr6p29tvb0bt9OZvAm8xrM9kvUI7&amp;usp=drive_fs\" target=\"_blank\" rel=\"noopener\">IMTL.63.190.16.5.G<\/a><\/td>\n<\/tr>\n<tr>\n<td><a href=\"https:\/\/drive.google.com\/open?id=1uWj1QRHjgINV77ArB8uMDzb9d_0hmVZj&amp;usp=drive_fs\" target=\"_blank\" rel=\"noopener\">IMTL.63.300.16.5.L<\/a><\/td>\n<td>\u00a0<\/td>\n<td><a href=\"https:\/\/drive.google.com\/open?id=1yvkRjHa4C0aKldOrG-B4n1IAb1aEr8Ck&amp;usp=drive_fs\" target=\"_blank\" rel=\"noopener\">IMTL.63.300.16.5.G<\/a><\/td>\n<\/tr>\n<tr>\n<td><a href=\"https:\/\/drive.google.com\/open?id=1ufQzQfs4Uwb0A6TvJ9Z8Yl-kXYvHFnxw&amp;usp=drive_fs\" target=\"_blank\" rel=\"noopener\">IMTL.63.400.16.5.L<\/a><\/td>\n<td>\u00a0<\/td>\n<td>\u00a0<\/td>\n<\/tr>\n<tr>\n<td><a href=\"https:\/\/drive.google.com\/open?id=1uOz_FdNxh7SPPfdk4T-YVngIWgilQ4QV&amp;usp=drive_fs\" target=\"_blank\" rel=\"noopener\">IMTL.63.500.16.5.L<\/a><\/td>\n<\/tr>\n<\/tbody>\n<\/table><\/div>\n    <\/div>\n        <div tabindex=\"0\" role=\"tabpanel\" class=\"bde-tabs__panel js-panel\" id=\"tab-panel-bde-tabs-1175-107-4\" hidden=\"\" aria-labelledby=\"tab-bde-tabs-1175-107-4\">\n      <div class=\"bde-tabs__panel-content breakdance-rich-text-styles\"><p><img loading=\"lazy\" decoding=\"async\" class=\"aligncenter size-full wp-image-1182\" src=\"https:\/\/ensude.com\/wp-content\/uploads\/2024\/07\/IMTL63-montaj.png\" alt=\"\" width=\"946\" height=\"785\" srcset=\"https:\/\/ensude.com\/wp-content\/uploads\/2024\/07\/IMTL63-montaj.png 946w, https:\/\/ensude.com\/wp-content\/uploads\/2024\/07\/IMTL63-montaj-640x531.png 640w, https:\/\/ensude.com\/wp-content\/uploads\/2024\/07\/IMTL63-montaj-768x637.png 768w, https:\/\/ensude.com\/wp-content\/uploads\/2024\/07\/IMTL63-montaj-600x498.png 600w\" sizes=\"auto, (max-width: 946px) 100vw, 946px\" \/><\/p><\/div>\n    <\/div>\n      <\/div>\n\n<\/div><\/div>\n<\/section><\/div>","protected":false},"excerpt":{"rendered":"<p>IMTL 63 Kompakt Elektrikli Silindir Makinelerinizi bir \u00fcst seviyeye ta\u015f\u0131mak i\u00e7in tasarlanan IMTL Serisi Kompakt Elektrikli Silindirlerimiz ile tan\u0131\u015f\u0131n.\u00a0 Pn\u00f6matik Silindirlerden Elektrikli Silindirlere D\u00f6n\u00fc\u015f\u00fcm\u00fc ekonomik fiyatlarla yapabilmeniz ve end\u00fcstriyel otomasyonun gereksinimlerini kar\u015f\u0131lamak i\u00e7in \u00f6zel olarak geli\u015ftirildi. Standart olarak ISO1552 pn\u00f6matik Silindir \u00f6l\u00e7\u00fclerinde \u00fcretilmekte olup, istenen h\u0131z ve kuvvete g\u00f6re, \u00e7ok say\u0131da farkl\u0131 step veya Servo [&hellip;]<\/p>\n","protected":false},"author":1,"featured_media":0,"parent":0,"menu_order":0,"comment_status":"closed","ping_status":"closed","template":"","meta":{"_acf_changed":false,"_breakdance_hide_in_design_set":false,"_breakdance_tags":"","footnotes":""},"class_list":["post-1175","page","type-page","status-publish","hentry"],"acf":[],"_links":{"self":[{"href":"https:\/\/ensude.com\/index.php\/wp-json\/wp\/v2\/pages\/1175","targetHints":{"allow":["GET"]}}],"collection":[{"href":"https:\/\/ensude.com\/index.php\/wp-json\/wp\/v2\/pages"}],"about":[{"href":"https:\/\/ensude.com\/index.php\/wp-json\/wp\/v2\/types\/page"}],"author":[{"embeddable":true,"href":"https:\/\/ensude.com\/index.php\/wp-json\/wp\/v2\/users\/1"}],"replies":[{"embeddable":true,"href":"https:\/\/ensude.com\/index.php\/wp-json\/wp\/v2\/comments?post=1175"}],"version-history":[{"count":5,"href":"https:\/\/ensude.com\/index.php\/wp-json\/wp\/v2\/pages\/1175\/revisions"}],"predecessor-version":[{"id":3248,"href":"https:\/\/ensude.com\/index.php\/wp-json\/wp\/v2\/pages\/1175\/revisions\/3248"}],"wp:attachment":[{"href":"https:\/\/ensude.com\/index.php\/wp-json\/wp\/v2\/media?parent=1175"}],"curies":[{"name":"wp","href":"https:\/\/api.w.org\/{rel}","templated":true}]}}