{"id":1131,"date":"2024-09-15T13:15:00","date_gmt":"2024-09-15T13:15:00","guid":{"rendered":"https:\/\/ensude.com\/?page_id=1131"},"modified":"2025-03-23T21:22:14","modified_gmt":"2025-03-23T21:22:14","slug":"imt-80-elektrikli-silindir","status":"publish","type":"page","link":"https:\/\/ensude.com\/index.php\/imt-80-elektrikli-silindir\/","title":{"rendered":"IMT 80 Elektrikli Silindir"},"content":{"rendered":"<div class='breakdance'><section class=\"bde-section-1131-100 bde-section\">\n  \n\t\n\n\n\n<div class=\"section-container\"><div class=\"bde-columns-1131-102 bde-columns\"><div class=\"bde-column-1131-103 bde-column\">\n  \n\t\n\n\n\n<div class=\"bde-image-1131-104 bde-image\">\n<figure class=\"breakdance-image breakdance-image--1134\">\n\t<div class=\"breakdance-image-container\">\n\t\t<div class=\"breakdance-image-clip\"><img loading=\"lazy\" decoding=\"async\" class=\"breakdance-image-object\" src=\"https:\/\/ensude.com\/wp-content\/uploads\/2024\/08\/IMT80.webp\" width=\"1024\" height=\"1024\" srcset=\"https:\/\/ensude.com\/wp-content\/uploads\/2024\/08\/IMT80.webp 1024w, https:\/\/ensude.com\/wp-content\/uploads\/2024\/08\/IMT80-640x640.webp 640w, https:\/\/ensude.com\/wp-content\/uploads\/2024\/08\/IMT80-160x160.webp 160w, https:\/\/ensude.com\/wp-content\/uploads\/2024\/08\/IMT80-768x768.webp 768w, https:\/\/ensude.com\/wp-content\/uploads\/2024\/08\/IMT80-300x300.webp 300w, https:\/\/ensude.com\/wp-content\/uploads\/2024\/08\/IMT80-600x600.webp 600w\" sizes=\"auto, (max-width: 1024px) 100vw, 1024px\"><\/div>\n\t<\/div><\/figure>\n\n<\/div>\n<\/div><div class=\"bde-column-1131-105 bde-column\">\n  \n\t\n\n\n\n<h1 class=\"bde-heading-1131-106 bde-heading\">\nIMT 80 Elektrikli Silindir\n<\/h1><div class=\"bde-rich-text-1131-107 bde-rich-text breakdance-rich-text-styles\">\n<p>Standart olarak ISO1552 pn\u00f6matik Silindir \u00f6l\u00e7\u00fclerinde \u00fcretilmekte olup, istenen h\u0131z ve kuvvete g\u00f6re, \u00e7ok say\u0131da farkl\u0131 step veya Servo motor ba\u011flanabilir.<\/p>\n<p>Elektrikli Silindirde, pn\u00f6matik silindirlerde kullan\u0131lan ba\u011flant\u0131 elemanlar\u0131 kullan\u0131labilir.<\/p>\n<p>Standart kanal tipi sens\u00f6rler kullan\u0131labilir.<\/p>\n<p>Uygulaman\u0131za \u00f6zel farkl\u0131 hatvelerde de \u00fcr\u00fcn \u00fcretilebilir.<\/p>\n<\/div>\n<\/div><\/div><div class=\"bde-tabs-1131-108 bde-tabs\">\n\n  \n        \n  \n  \n  <div class=\"bde-tabs__tabslist-container bde-tabs__tabslist-container--scrollable is-horizontal js-tabs-container\">\n    <div class=\"bde-tabs__tabslist bde-tabs__tabslist--bar js-tablist\" role=\"tablist\" aria-label=\"Content tabs\" aria-orientation=\"horizontal\" data-tabs-id=\"bde-tabs-1131-108\">\n      \n              <button role=\"tab\" aria-selected=\"false\" class=\"bde-tabs__tab js-tab\" aria-controls=\"tab-panel-bde-tabs-1131-108-1\" id=\"tab-bde-tabs-1131-108-1\" data-value=\"1\">\n                    <span class=\"bde-tabs__tab-title\">Teknik Veriler<\/span>\n        <\/button>\n              <button role=\"tab\" aria-selected=\"false\" class=\"bde-tabs__tab js-tab\" aria-controls=\"tab-panel-bde-tabs-1131-108-2\" id=\"tab-bde-tabs-1131-108-2\" data-value=\"2\">\n                    <span class=\"bde-tabs__tab-title\">\u00d6l\u00e7\u00fcler<\/span>\n        <\/button>\n              <button role=\"tab\" aria-selected=\"false\" class=\"bde-tabs__tab js-tab\" aria-controls=\"tab-panel-bde-tabs-1131-108-3\" id=\"tab-bde-tabs-1131-108-3\" data-value=\"3\">\n                    <span class=\"bde-tabs__tab-title\">3D \u00c7izim<\/span>\n        <\/button>\n              <button role=\"tab\" aria-selected=\"false\" class=\"bde-tabs__tab js-tab\" aria-controls=\"tab-panel-bde-tabs-1131-108-4\" id=\"tab-bde-tabs-1131-108-4\" data-value=\"4\">\n                    <span class=\"bde-tabs__tab-title\">Montaj<\/span>\n        <\/button>\n          <\/div>\n  <\/div>\n\n  <div class=\"bde-tabs-content-container\">\n        <div tabindex=\"0\" role=\"tabpanel\" class=\"bde-tabs__panel js-panel\" id=\"tab-panel-bde-tabs-1131-108-1\" hidden=\"\" aria-labelledby=\"tab-bde-tabs-1131-108-1\">\n      <div class=\"bde-tabs__panel-content breakdance-rich-text-styles\"><p><img loading=\"lazy\" decoding=\"async\" class=\"aligncenter size-full wp-image-1135\" src=\"https:\/\/ensude.com\/wp-content\/uploads\/2024\/07\/IMT80_Veriler.png\" alt=\"\" width=\"1191\" height=\"411\" srcset=\"https:\/\/ensude.com\/wp-content\/uploads\/2024\/07\/IMT80_Veriler.png 1191w, https:\/\/ensude.com\/wp-content\/uploads\/2024\/07\/IMT80_Veriler-640x221.png 640w, https:\/\/ensude.com\/wp-content\/uploads\/2024\/07\/IMT80_Veriler-768x265.png 768w, https:\/\/ensude.com\/wp-content\/uploads\/2024\/07\/IMT80_Veriler-600x207.png 600w\" sizes=\"auto, (max-width: 1191px) 100vw, 1191px\" \/><\/p><\/div>\n    <\/div>\n        <div tabindex=\"0\" role=\"tabpanel\" class=\"bde-tabs__panel js-panel\" id=\"tab-panel-bde-tabs-1131-108-2\" hidden=\"\" aria-labelledby=\"tab-bde-tabs-1131-108-2\">\n      <div class=\"bde-tabs__panel-content breakdance-rich-text-styles\"><p><img loading=\"lazy\" decoding=\"async\" class=\"aligncenter size-full wp-image-1137\" src=\"https:\/\/ensude.com\/wp-content\/uploads\/2024\/07\/IMT80-olculer.png\" alt=\"\" width=\"1191\" height=\"743\" srcset=\"https:\/\/ensude.com\/wp-content\/uploads\/2024\/07\/IMT80-olculer.png 1191w, https:\/\/ensude.com\/wp-content\/uploads\/2024\/07\/IMT80-olculer-640x399.png 640w, https:\/\/ensude.com\/wp-content\/uploads\/2024\/07\/IMT80-olculer-768x479.png 768w, https:\/\/ensude.com\/wp-content\/uploads\/2024\/07\/IMT80-olculer-600x374.png 600w\" sizes=\"auto, (max-width: 1191px) 100vw, 1191px\" \/><\/p><\/div>\n    <\/div>\n        <div tabindex=\"0\" role=\"tabpanel\" class=\"bde-tabs__panel js-panel\" id=\"tab-panel-bde-tabs-1131-108-3\" hidden=\"\" aria-labelledby=\"tab-bde-tabs-1131-108-3\">\n      <div class=\"bde-tabs__panel-content breakdance-rich-text-styles\"><p>Yap\u0131lan \u00d6rnek Uygulamar\u0131n 3D (stp) dosyalar\u0131n\u0131 a\u015fa\u011f\u0131daki linkten indirebilirsiniz\u2026<\/p>\n<ul>\n<li><a href=\"https:\/\/drive.google.com\/file\/d\/1kJyXTVu23zNjpLh6Fs5XRjZGcYUQdHmy\/view?usp=sharing\" target=\"_blank\" rel=\"noopener\">IMT80.0300-P-FL6052-2AF21-2MA1<\/a><\/li>\n<li><a href=\"https:\/\/drive.google.com\/file\/d\/1DDURS-FAcAcYZNS1hQFPmV6EHVXaD9hm\/view?usp=sharing\" target=\"_blank\" rel=\"noopener\">IMT80.0500.L.1PL-1FL6066<\/a><\/li>\n<li><a href=\"https:\/\/drive.google.com\/file\/d\/1bdof2CmpofC9O7uLGJPFu6SFKk9AjIJF\/view?usp=sharing\" target=\"_blank\" rel=\"noopener\">IMT80.0400.BMH1002.PRL<\/a><\/li>\n<\/ul><\/div>\n    <\/div>\n        <div tabindex=\"0\" role=\"tabpanel\" class=\"bde-tabs__panel js-panel\" id=\"tab-panel-bde-tabs-1131-108-4\" hidden=\"\" aria-labelledby=\"tab-bde-tabs-1131-108-4\">\n      <div class=\"bde-tabs__panel-content breakdance-rich-text-styles\"><p><img loading=\"lazy\" decoding=\"async\" class=\"aligncenter size-full wp-image-1138\" src=\"https:\/\/ensude.com\/wp-content\/uploads\/2024\/07\/IMT80-Montaj.png\" alt=\"\" width=\"946\" height=\"785\" srcset=\"https:\/\/ensude.com\/wp-content\/uploads\/2024\/07\/IMT80-Montaj.png 946w, https:\/\/ensude.com\/wp-content\/uploads\/2024\/07\/IMT80-Montaj-640x531.png 640w, https:\/\/ensude.com\/wp-content\/uploads\/2024\/07\/IMT80-Montaj-768x637.png 768w, https:\/\/ensude.com\/wp-content\/uploads\/2024\/07\/IMT80-Montaj-600x498.png 600w\" sizes=\"auto, (max-width: 946px) 100vw, 946px\" \/><\/p><\/div>\n    <\/div>\n      <\/div>\n\n<\/div><\/div>\n<\/section><\/div>","protected":false},"excerpt":{"rendered":"<p>IMT 80 Elektrikli Silindir Standart olarak ISO1552 pn\u00f6matik Silindir \u00f6l\u00e7\u00fclerinde \u00fcretilmekte olup, istenen h\u0131z ve kuvvete g\u00f6re, \u00e7ok say\u0131da farkl\u0131 step veya Servo motor ba\u011flanabilir. Elektrikli Silindirde, pn\u00f6matik silindirlerde kullan\u0131lan ba\u011flant\u0131 elemanlar\u0131 kullan\u0131labilir. Standart kanal tipi sens\u00f6rler kullan\u0131labilir. Uygulaman\u0131za \u00f6zel farkl\u0131 hatvelerde de \u00fcr\u00fcn \u00fcretilebilir. Teknik Veriler \u00d6l\u00e7\u00fcler 3D \u00c7izim Montaj Yap\u0131lan \u00d6rnek Uygulamar\u0131n 3D [&hellip;]<\/p>\n","protected":false},"author":1,"featured_media":0,"parent":0,"menu_order":0,"comment_status":"closed","ping_status":"closed","template":"","meta":{"_acf_changed":false,"_breakdance_hide_in_design_set":false,"_breakdance_tags":"","footnotes":""},"class_list":["post-1131","page","type-page","status-publish","hentry"],"acf":[],"_links":{"self":[{"href":"https:\/\/ensude.com\/index.php\/wp-json\/wp\/v2\/pages\/1131","targetHints":{"allow":["GET"]}}],"collection":[{"href":"https:\/\/ensude.com\/index.php\/wp-json\/wp\/v2\/pages"}],"about":[{"href":"https:\/\/ensude.com\/index.php\/wp-json\/wp\/v2\/types\/page"}],"author":[{"embeddable":true,"href":"https:\/\/ensude.com\/index.php\/wp-json\/wp\/v2\/users\/1"}],"replies":[{"embeddable":true,"href":"https:\/\/ensude.com\/index.php\/wp-json\/wp\/v2\/comments?post=1131"}],"version-history":[{"count":4,"href":"https:\/\/ensude.com\/index.php\/wp-json\/wp\/v2\/pages\/1131\/revisions"}],"predecessor-version":[{"id":3244,"href":"https:\/\/ensude.com\/index.php\/wp-json\/wp\/v2\/pages\/1131\/revisions\/3244"}],"wp:attachment":[{"href":"https:\/\/ensude.com\/index.php\/wp-json\/wp\/v2\/media?parent=1131"}],"curies":[{"name":"wp","href":"https:\/\/api.w.org\/{rel}","templated":true}]}}