{"id":1025,"date":"2024-09-15T13:17:17","date_gmt":"2024-09-15T13:17:17","guid":{"rendered":"https:\/\/ensude.com\/?page_id=1025"},"modified":"2025-03-23T21:16:34","modified_gmt":"2025-03-23T21:16:34","slug":"imt32-elektrikli-silindirler","status":"publish","type":"page","link":"https:\/\/ensude.com\/index.php\/imt32-elektrikli-silindirler\/","title":{"rendered":"IMT32 Elektrikli Silindirler"},"content":{"rendered":"<div class='breakdance'><section class=\"bde-section-1025-100 bde-section\">\n  \n\t\n\n\n\n<div class=\"section-container\"><div class=\"bde-columns-1025-102 bde-columns\"><div class=\"bde-column-1025-103 bde-column\">\n  \n\t\n\n\n\n<div class=\"bde-image-1025-105 bde-image\">\n<figure class=\"breakdance-image breakdance-image--1032\">\n\t<div class=\"breakdance-image-container\">\n\t\t<div class=\"breakdance-image-clip\"><img loading=\"lazy\" decoding=\"async\" class=\"breakdance-image-object\" src=\"https:\/\/ensude.com\/wp-content\/uploads\/2024\/08\/IMT-32.webp\" width=\"500\" height=\"500\" srcset=\"https:\/\/ensude.com\/wp-content\/uploads\/2024\/08\/IMT-32.webp 500w, https:\/\/ensude.com\/wp-content\/uploads\/2024\/08\/IMT-32-160x160.webp 160w, https:\/\/ensude.com\/wp-content\/uploads\/2024\/08\/IMT-32-300x300.webp 300w\" sizes=\"auto, (max-width: 500px) 100vw, 500px\"><\/div>\n\t<\/div><\/figure>\n\n<\/div>\n<\/div><div class=\"bde-column-1025-104 bde-column\">\n  \n\t\n\n\n\n<h1 class=\"bde-heading-1025-101 bde-heading\">\nIMT 32 Elektrikli Silindir\n<\/h1><div class=\"bde-rich-text-1025-106 bde-rich-text breakdance-rich-text-styles\">\n<p>Standart olarak ISO1552 pn\u00f6matik Silindir \u00f6l\u00e7\u00fclerinde \u00fcretilmekte olup, istenen h\u0131z ve kuvvete g\u00f6re, \u00e7ok say\u0131da farkl\u0131 step veya Servo motor ba\u011flanabilir.<\/p>\n<p>Elektrikli Silindirde, pn\u00f6matik silindirlerde kullan\u0131lan ba\u011flant\u0131 elemanlar\u0131 kullan\u0131labilir.<\/p>\n<p>Standart kanal tipi sens\u00f6rler kullan\u0131labilir.<\/p>\n<p>Uygulaman\u0131za \u00f6zel farkl\u0131 hatvelerde de \u00fcr\u00fcn \u00fcretilebilir.<\/p>\n<\/div>\n<\/div><\/div><div class=\"bde-tabs-1025-107 bde-tabs\">\n\n  \n        \n  \n  \n  <div class=\"bde-tabs__tabslist-container bde-tabs__tabslist-container--scrollable is-horizontal js-tabs-container\">\n    <div class=\"bde-tabs__tabslist bde-tabs__tabslist--bar js-tablist\" role=\"tablist\" aria-label=\"Content tabs\" aria-orientation=\"horizontal\" data-tabs-id=\"bde-tabs-1025-107\">\n      \n              <button role=\"tab\" aria-selected=\"false\" class=\"bde-tabs__tab js-tab\" aria-controls=\"tab-panel-bde-tabs-1025-107-1\" id=\"tab-bde-tabs-1025-107-1\" data-value=\"1\">\n                    <span class=\"bde-tabs__tab-title\">Teknik Veriler<\/span>\n        <\/button>\n              <button role=\"tab\" aria-selected=\"false\" class=\"bde-tabs__tab js-tab\" aria-controls=\"tab-panel-bde-tabs-1025-107-2\" id=\"tab-bde-tabs-1025-107-2\" data-value=\"2\">\n                    <span class=\"bde-tabs__tab-title\">\u00d6l\u00e7\u00fcler<\/span>\n        <\/button>\n              <button role=\"tab\" aria-selected=\"false\" class=\"bde-tabs__tab js-tab\" aria-controls=\"tab-panel-bde-tabs-1025-107-3\" id=\"tab-bde-tabs-1025-107-3\" data-value=\"3\">\n                    <span class=\"bde-tabs__tab-title\">3D \u00c7izim<\/span>\n        <\/button>\n              <button role=\"tab\" aria-selected=\"false\" class=\"bde-tabs__tab js-tab\" aria-controls=\"tab-panel-bde-tabs-1025-107-4\" id=\"tab-bde-tabs-1025-107-4\" data-value=\"4\">\n                    <span class=\"bde-tabs__tab-title\">Montaj<\/span>\n        <\/button>\n          <\/div>\n  <\/div>\n\n  <div class=\"bde-tabs-content-container\">\n        <div tabindex=\"0\" role=\"tabpanel\" class=\"bde-tabs__panel js-panel\" id=\"tab-panel-bde-tabs-1025-107-1\" hidden=\"\" aria-labelledby=\"tab-bde-tabs-1025-107-1\">\n      <div class=\"bde-tabs__panel-content breakdance-rich-text-styles\"><p><img loading=\"lazy\" decoding=\"async\" class=\"aligncenter size-full wp-image-1035\" src=\"https:\/\/ensude.com\/wp-content\/uploads\/2024\/07\/IMT32-Veriler.png\" alt=\"\" width=\"1191\" height=\"437\" srcset=\"https:\/\/ensude.com\/wp-content\/uploads\/2024\/07\/IMT32-Veriler.png 1191w, https:\/\/ensude.com\/wp-content\/uploads\/2024\/07\/IMT32-Veriler-640x235.png 640w, https:\/\/ensude.com\/wp-content\/uploads\/2024\/07\/IMT32-Veriler-768x282.png 768w, https:\/\/ensude.com\/wp-content\/uploads\/2024\/07\/IMT32-Veriler-600x220.png 600w\" sizes=\"auto, (max-width: 1191px) 100vw, 1191px\" \/><\/p><\/div>\n    <\/div>\n        <div tabindex=\"0\" role=\"tabpanel\" class=\"bde-tabs__panel js-panel\" id=\"tab-panel-bde-tabs-1025-107-2\" hidden=\"\" aria-labelledby=\"tab-bde-tabs-1025-107-2\">\n      <div class=\"bde-tabs__panel-content breakdance-rich-text-styles\"><p><img loading=\"lazy\" decoding=\"async\" class=\"aligncenter size-full wp-image-1033\" src=\"https:\/\/ensude.com\/wp-content\/uploads\/2024\/07\/IMT32-olculer.png\" alt=\"\" width=\"1182\" height=\"681\" srcset=\"https:\/\/ensude.com\/wp-content\/uploads\/2024\/07\/IMT32-olculer.png 1182w, https:\/\/ensude.com\/wp-content\/uploads\/2024\/07\/IMT32-olculer-640x369.png 640w, https:\/\/ensude.com\/wp-content\/uploads\/2024\/07\/IMT32-olculer-768x442.png 768w, https:\/\/ensude.com\/wp-content\/uploads\/2024\/07\/IMT32-olculer-600x346.png 600w\" sizes=\"auto, (max-width: 1182px) 100vw, 1182px\" \/><\/p><\/div>\n    <\/div>\n        <div tabindex=\"0\" role=\"tabpanel\" class=\"bde-tabs__panel js-panel\" id=\"tab-panel-bde-tabs-1025-107-3\" hidden=\"\" aria-labelledby=\"tab-bde-tabs-1025-107-3\">\n      <div class=\"bde-tabs__panel-content breakdance-rich-text-styles\"><p>Yap\u0131lan \u00d6rnek Uygulamar\u0131n 3D(stp) dosyalar\u0131n\u0131 a\u015fa\u011f\u0131daki linkten indirebilirsiniz\u2026<\/p>\n<ul>\n<li><a href=\"https:\/\/drive.google.com\/file\/d\/1A7YzB8g2ihI6tSgFY2KSfuORK0V9o_mX\/view\" target=\"_blank\" rel=\"noopener\">IMT032.075.P.PD4<\/a><\/li>\n<li><a href=\"https:\/\/drive.google.com\/file\/d\/1OrgDl_EoWAftO3xCGJMrDAUlrZlJnSJs\/view\" target=\"_blank\" rel=\"noopener\">IMT32.0100.P-1FL6024-2AF21-1MA1.<\/a><\/li>\n<li><a href=\"https:\/\/drive.google.com\/file\/d\/17lnGtmt4ktpxhdY9NVtBFz4pda2uwy4x\/view\" target=\"_blank\" rel=\"noopener\">IMT32.100 S_G<\/a><\/li>\n<li><a href=\"https:\/\/drive.google.com\/file\/d\/1yVdDDXZ11BjvQ9Gn9uQBGcuc2gYJlbIv\/view\" target=\"_blank\" rel=\"noopener\">IMT32.200 S_G<\/a><\/li>\n<\/ul><\/div>\n    <\/div>\n        <div tabindex=\"0\" role=\"tabpanel\" class=\"bde-tabs__panel js-panel\" id=\"tab-panel-bde-tabs-1025-107-4\" hidden=\"\" aria-labelledby=\"tab-bde-tabs-1025-107-4\">\n      <div class=\"bde-tabs__panel-content breakdance-rich-text-styles\"><p><img loading=\"lazy\" decoding=\"async\" class=\"aligncenter wp-image-1029 size-full\" src=\"https:\/\/ensude.com\/wp-content\/uploads\/2024\/07\/IMT32-Montaj.png\" alt=\"\" width=\"946\" height=\"785\" srcset=\"https:\/\/ensude.com\/wp-content\/uploads\/2024\/07\/IMT32-Montaj.png 946w, https:\/\/ensude.com\/wp-content\/uploads\/2024\/07\/IMT32-Montaj-640x531.png 640w, https:\/\/ensude.com\/wp-content\/uploads\/2024\/07\/IMT32-Montaj-768x637.png 768w, https:\/\/ensude.com\/wp-content\/uploads\/2024\/07\/IMT32-Montaj-600x498.png 600w\" sizes=\"auto, (max-width: 946px) 100vw, 946px\" \/><\/p><\/div>\n    <\/div>\n      <\/div>\n\n<\/div><\/div>\n<\/section><\/div>","protected":false},"excerpt":{"rendered":"<p>IMT 32 Elektrikli Silindir Standart olarak ISO1552 pn\u00f6matik Silindir \u00f6l\u00e7\u00fclerinde \u00fcretilmekte olup, istenen h\u0131z ve kuvvete g\u00f6re, \u00e7ok say\u0131da farkl\u0131 step veya Servo motor ba\u011flanabilir. Elektrikli Silindirde, pn\u00f6matik silindirlerde kullan\u0131lan ba\u011flant\u0131 elemanlar\u0131 kullan\u0131labilir. Standart kanal tipi sens\u00f6rler kullan\u0131labilir. Uygulaman\u0131za \u00f6zel farkl\u0131 hatvelerde de \u00fcr\u00fcn \u00fcretilebilir. Teknik Veriler \u00d6l\u00e7\u00fcler 3D \u00c7izim Montaj Yap\u0131lan \u00d6rnek Uygulamar\u0131n 3D(stp) [&hellip;]<\/p>\n","protected":false},"author":1,"featured_media":0,"parent":0,"menu_order":0,"comment_status":"closed","ping_status":"closed","template":"","meta":{"_acf_changed":false,"_breakdance_hide_in_design_set":false,"_breakdance_tags":"","footnotes":""},"class_list":["post-1025","page","type-page","status-publish","hentry"],"acf":[],"_links":{"self":[{"href":"https:\/\/ensude.com\/index.php\/wp-json\/wp\/v2\/pages\/1025","targetHints":{"allow":["GET"]}}],"collection":[{"href":"https:\/\/ensude.com\/index.php\/wp-json\/wp\/v2\/pages"}],"about":[{"href":"https:\/\/ensude.com\/index.php\/wp-json\/wp\/v2\/types\/page"}],"author":[{"embeddable":true,"href":"https:\/\/ensude.com\/index.php\/wp-json\/wp\/v2\/users\/1"}],"replies":[{"embeddable":true,"href":"https:\/\/ensude.com\/index.php\/wp-json\/wp\/v2\/comments?post=1025"}],"version-history":[{"count":13,"href":"https:\/\/ensude.com\/index.php\/wp-json\/wp\/v2\/pages\/1025\/revisions"}],"predecessor-version":[{"id":3240,"href":"https:\/\/ensude.com\/index.php\/wp-json\/wp\/v2\/pages\/1025\/revisions\/3240"}],"wp:attachment":[{"href":"https:\/\/ensude.com\/index.php\/wp-json\/wp\/v2\/media?parent=1025"}],"curies":[{"name":"wp","href":"https:\/\/api.w.org\/{rel}","templated":true}]}}